{"id":2349,"date":"2012-08-13T17:54:26","date_gmt":"2012-08-13T14:54:26","guid":{"rendered":"http:\/\/www.eurokolikonmaailma.fi\/blogi\/?page_id=2349"},"modified":"2012-08-13T17:54:26","modified_gmt":"2012-08-13T14:54:26","slug":"weapons-rack","status":"publish","type":"page","link":"https:\/\/www.eurokolikonmaailma.fi\/?page_id=2349","title":{"rendered":"Weapons Rack"},"content":{"rendered":"<p><img loading=\"lazy\" decoding=\"async\" style=\"color: #000000; font-family: 'Times New Roman'; font-size: medium; line-height: normal;\" src=\"http:\/\/motu.eurokolikonmaailma.fi\/kuvat\/Weapons_rak\/motuc.1.jpg\" alt=\"\" width=\"123\" height=\"47\" border=\"0\" \/><br style=\"color: #000000; font-family: 'Times New Roman'; font-size: medium; line-height: normal;\" \/><span style=\"color: #000000; font-family: 'Times New Roman'; font-size: medium; line-height: normal; background-color: #ffffff;\">Tuotekoodi: T5814<\/span><\/p>\n<h1>Weapons Rack<\/h1>\n<p><img loading=\"lazy\" decoding=\"async\" src=\"http:\/\/motu.eurokolikonmaailma.fi\/kuvat\/Weapons_rak\/weapons_rak3.jpg\" alt=\"\" width=\"250\" height=\"238\" border=\"0\" \/>\u00a0 \u00a0 \u00a0<img loading=\"lazy\" decoding=\"async\" src=\"http:\/\/motu.eurokolikonmaailma.fi\/kuvat\/Weapons_rak\/weapons_rak4.jpg\" alt=\"\" width=\"241\" height=\"238\" border=\"0\" \/><\/p>\n<p>Pakkaus sis\u00e4lt\u00e4\u00e4 asetelineen ja 9 kpl aseita MOTUC hahmoille ($12 \/ pkt)<\/p>\n<ul>\n<li>kaksi erilaista isoa metallinv\u00e4rist\u00e4 kirvest\u00e4<\/li>\n<li>metallinv\u00e4rinen keih\u00e4s<\/li>\n<li>metallinv\u00e4rinen s\u00e4depistooli<\/li>\n<li>punainen kilpi<\/li>\n<li>punainen nuija<\/li>\n<li>punainen lyhyt miekka<\/li>\n<li>punainen pieni kirves<\/li>\n<li>punainen s\u00e4depistooli<\/li>\n<\/ul>\n<p><strong>Loppuunmyynti aika:<\/strong>\u00a0n. 11 p\u00e4iv\u00e4\u00e4 12 tuntia<\/p>\n","protected":false},"excerpt":{"rendered":"<p>Tuotekoodi: T5814 Weapons Rack \u00a0 \u00a0 \u00a0 Pakkaus sis\u00e4lt\u00e4\u00e4 asetelineen ja 9 kpl aseita MOTUC hahmoille ($12 \/ pkt) kaksi erilaista isoa metallinv\u00e4rist\u00e4 kirvest\u00e4 metallinv\u00e4rinen keih\u00e4s metallinv\u00e4rinen s\u00e4depistooli punainen kilpi punainen nuija punainen lyhyt miekka punainen pieni kirves punainen s\u00e4depistooli &hellip; <a href=\"https:\/\/www.eurokolikonmaailma.fi\/?page_id=2349\">Lue loppuun <span class=\"meta-nav\">&rarr;<\/span><\/a><\/p>\n","protected":false},"author":1,"featured_media":0,"parent":294,"menu_order":0,"comment_status":"open","ping_status":"open","template":"","meta":{"footnotes":""},"class_list":["post-2349","page","type-page","status-publish","hentry"],"_links":{"self":[{"href":"https:\/\/www.eurokolikonmaailma.fi\/index.php?rest_route=\/wp\/v2\/pages\/2349","targetHints":{"allow":["GET"]}}],"collection":[{"href":"https:\/\/www.eurokolikonmaailma.fi\/index.php?rest_route=\/wp\/v2\/pages"}],"about":[{"href":"https:\/\/www.eurokolikonmaailma.fi\/index.php?rest_route=\/wp\/v2\/types\/page"}],"author":[{"embeddable":true,"href":"https:\/\/www.eurokolikonmaailma.fi\/index.php?rest_route=\/wp\/v2\/users\/1"}],"replies":[{"embeddable":true,"href":"https:\/\/www.eurokolikonmaailma.fi\/index.php?rest_route=%2Fwp%2Fv2%2Fcomments&post=2349"}],"version-history":[{"count":2,"href":"https:\/\/www.eurokolikonmaailma.fi\/index.php?rest_route=\/wp\/v2\/pages\/2349\/revisions"}],"predecessor-version":[{"id":2352,"href":"https:\/\/www.eurokolikonmaailma.fi\/index.php?rest_route=\/wp\/v2\/pages\/2349\/revisions\/2352"}],"up":[{"embeddable":true,"href":"https:\/\/www.eurokolikonmaailma.fi\/index.php?rest_route=\/wp\/v2\/pages\/294"}],"wp:attachment":[{"href":"https:\/\/www.eurokolikonmaailma.fi\/index.php?rest_route=%2Fwp%2Fv2%2Fmedia&parent=2349"}],"curies":[{"name":"wp","href":"https:\/\/api.w.org\/{rel}","templated":true}]}}