{"id":2346,"date":"2012-08-13T17:48:53","date_gmt":"2012-08-13T14:48:53","guid":{"rendered":"http:\/\/www.eurokolikonmaailma.fi\/blogi\/?page_id=2346"},"modified":"2012-08-13T17:48:53","modified_gmt":"2012-08-13T14:48:53","slug":"etheria-karttajuliste","status":"publish","type":"page","link":"https:\/\/www.eurokolikonmaailma.fi\/?page_id=2346","title":{"rendered":"Etheria -karttajuliste"},"content":{"rendered":"<p><img loading=\"lazy\" decoding=\"async\" style=\"color: #000000; font-family: 'Times New Roman'; font-size: medium; line-height: normal;\" src=\"http:\/\/motu.eurokolikonmaailma.fi\/kuvat\/maps\/motuc.1.jpg\" alt=\"\" width=\"118\" height=\"47\" border=\"0\" \/><img loading=\"lazy\" decoding=\"async\" src=\"http:\/\/motu.eurokolikonmaailma.fi\/kuvat\/maps\/clubeternia_burst.gif\" alt=\"\" width=\"47\" height=\"48\" \/><\/p>\n<h1>Etheria during the Horde Occupation<\/h1>\n<p><img loading=\"lazy\" decoding=\"async\" src=\"http:\/\/motu.eurokolikonmaailma.fi\/kuvat\/maps\/etheria_map.jpg\" alt=\"\" width=\"326\" height=\"223\" border=\"0\" \/><\/p>\n<p>T\u00e4m\u00e4 kartta on Club Eternia 2011 j\u00e4senille helmikuussa automaattisesti Preternia Disguise He-Man hahmon mukana toimitetettava extratuote. Kartan koko on 20&#8243; x 30&#8243; ja se on taiteltu 10&#8243; x 10&#8243; kokoiseksi. T\u00e4m\u00e4 kartta on osa $20,00 tilauspalvelun liittymismaksua.<\/p>\n<p><strong>Etheria &#8211; Beautiful Planet of Despondos<\/strong><\/p>\n<p>After the Overlords of Trolla harnessed the aura of the Gods, they used this &#8221;Power of the Universe&#8221; to become immortal and vowed to maintain neutrality in all Five Dimensions. Sensing how dark the Dimension of Despondos was, they used the Power to create a being of formless light and sent him to Despondos to bring hope to those trapped there. It settled on the Planet Etheria, turning the small planet into a lush paradise, standing out in on otherwise dark dimension. Protected by magic, Etheria remained a home for free beings until Hordak discovered it during his banishment. Overthrowing the local monarchs, he declared Eheria his new homeworld and ruled for years as its tyrannical dictator.<\/p>\n<p><em>Kun Trollan Ylilordit olivat valjastaneet Jumalten auran k\u00e4ytt\u00f6\u00f6ns\u00e4, he k\u00e4yttiv\u00e4t t\u00e4t\u00e4 &#8221;Universumin Voimaa&#8221; tullakseen kuolemattomiksi ja vannoivat yll\u00e4pit\u00e4v\u00e4ns\u00e4 neutraaliutta Viiden Ulottuvuuden alueella. Vaistoten kuinka synkk\u00e4 Despondosin Ulottuvuus oli, he k\u00e4yttiv\u00e4t Voimaansa luodakseen muodottoman valosta koostuvan olion ja l\u00e4hettiv\u00e4t h\u00e4net Despondosiin tuomaan toivoa niille jotka olivat siell\u00e4 ansassa. Se asettui Etheria-planeetalle, muuttaen pienen planeetan kukoistavaksi paratiisiksi, erottuen muutoin synk\u00e4ss\u00e4 ulottuvuudessa. Taikuuden suojelemana, Etheria pysyi vapaiden olentojen kotina, kunnes Hordak l\u00f6ysi sen karkoituksensa aikana. Sy\u00f6sten paikalliset monarkit vallasta, h\u00e4n julisti Etherian uudeksi kotimaailmakseen ja hallitsi vuosia sen tyrannimaisena diktaattorina.<\/em><\/p>\n<p><strong>Oman kartan saapumiseen kulunut aika:\u00a0<\/strong>15 p\u00e4iv\u00e4\u00e4 (11 arkip\u00e4iv\u00e4\u00e4)<\/p>\n","protected":false},"excerpt":{"rendered":"<p>Etheria during the Horde Occupation T\u00e4m\u00e4 kartta on Club Eternia 2011 j\u00e4senille helmikuussa automaattisesti Preternia Disguise He-Man hahmon mukana toimitetettava extratuote. Kartan koko on 20&#8243; x 30&#8243; ja se on taiteltu 10&#8243; x 10&#8243; kokoiseksi. T\u00e4m\u00e4 kartta on osa $20,00 &hellip; <a href=\"https:\/\/www.eurokolikonmaailma.fi\/?page_id=2346\">Lue loppuun <span class=\"meta-nav\">&rarr;<\/span><\/a><\/p>\n","protected":false},"author":1,"featured_media":0,"parent":294,"menu_order":0,"comment_status":"open","ping_status":"open","template":"","meta":{"footnotes":""},"class_list":["post-2346","page","type-page","status-publish","hentry"],"_links":{"self":[{"href":"https:\/\/www.eurokolikonmaailma.fi\/index.php?rest_route=\/wp\/v2\/pages\/2346","targetHints":{"allow":["GET"]}}],"collection":[{"href":"https:\/\/www.eurokolikonmaailma.fi\/index.php?rest_route=\/wp\/v2\/pages"}],"about":[{"href":"https:\/\/www.eurokolikonmaailma.fi\/index.php?rest_route=\/wp\/v2\/types\/page"}],"author":[{"embeddable":true,"href":"https:\/\/www.eurokolikonmaailma.fi\/index.php?rest_route=\/wp\/v2\/users\/1"}],"replies":[{"embeddable":true,"href":"https:\/\/www.eurokolikonmaailma.fi\/index.php?rest_route=%2Fwp%2Fv2%2Fcomments&post=2346"}],"version-history":[{"count":1,"href":"https:\/\/www.eurokolikonmaailma.fi\/index.php?rest_route=\/wp\/v2\/pages\/2346\/revisions"}],"predecessor-version":[{"id":2347,"href":"https:\/\/www.eurokolikonmaailma.fi\/index.php?rest_route=\/wp\/v2\/pages\/2346\/revisions\/2347"}],"up":[{"embeddable":true,"href":"https:\/\/www.eurokolikonmaailma.fi\/index.php?rest_route=\/wp\/v2\/pages\/294"}],"wp:attachment":[{"href":"https:\/\/www.eurokolikonmaailma.fi\/index.php?rest_route=%2Fwp%2Fv2%2Fmedia&parent=2346"}],"curies":[{"name":"wp","href":"https:\/\/api.w.org\/{rel}","templated":true}]}}