{"id":2340,"date":"2012-08-13T17:32:10","date_gmt":"2012-08-13T14:32:10","guid":{"rendered":"http:\/\/www.eurokolikonmaailma.fi\/blogi\/?page_id=2340"},"modified":"2025-05-30T14:56:28","modified_gmt":"2025-05-30T11:56:28","slug":"battleground-evil-lyn","status":"publish","type":"page","link":"https:\/\/www.eurokolikonmaailma.fi\/?page_id=2340","title":{"rendered":"Battleground Evil-Lyn"},"content":{"rendered":"<p><img decoding=\"async\" style=\"color: #000000; font-family: 'Times New Roman'; font-size: medium; font-weight: bold; line-height: normal; width: 118px; height: 47px;\" src=\"http:\/\/motu.eurokolikonmaailma.fi\/kuvat\/battle_evillyn\/motuc.1.jpg\" alt=\"\" \/><img decoding=\"async\" style=\"color: #000000; font-family: 'Times New Roman'; font-size: medium; font-weight: bold; line-height: normal; width: 46px; height: 47px;\" src=\"http:\/\/motu.eurokolikonmaailma.fi\/kuvat\/battle_evillyn\/clubeternia_burst.gif\" alt=\"\" \/><br \/>\nTuotekoodi:\u00a0T5833<\/p>\n<h1>Battleground Evil-Lyn<br \/>\n&#8211; Evil Witch of Eternia<\/h1>\n<p><img decoding=\"async\" style=\"width: 214px; height: 316px;\" src=\"http:\/\/motu.eurokolikonmaailma.fi\/kuvat\/battle_evillyn\/EvilLynn_fullsizeimage04.jpg\" alt=\"\" \/>\u00a0 \u00a0 \u00a0<img decoding=\"async\" src=\"http:\/\/motu.eurokolikonmaailma.fi\/kuvat\/battle_evillyn\/EvilLynn_fullsizeimage05.jpg\" alt=\"\" \/><\/p>\n<p><strong>Oikea nimi:<\/strong>\u00a0Evelyn Morgan Powers\u2122<\/p>\n<p>Cast aside by her secret husband after his transformation, Evil-Lyn\u00ae sent their infant son into the future and plotted to overthrow Skeletor\u00ae by releasing his enemies from their dimensional prisons. In a series of miscalculations, she helped free the Snake Men\u2122, Hordak\u00ae and Gygor\u2122 \u2014 increasing her adversaries threefold! After Randor and Miro returned from Despondos\u2122, the Three Towers rose and Evil-Lyn\u00ae found herself again allied with Skeletor\u00ae during the Second Ultimate Battleground. At the end, defeated and stripped of her powers by the new Sorceress\u00ae of Grayskull\u2122, Evil-Lyn\u00ae used the Cosmic Key\u2122 and the Power of Central Tower to return to the future to find a new life with her long lost child \u2014 The Son of\u00a0<em>Skeletor<\/em>\u00ae!<\/p>\n<p><em>Salaisen aviomiehens\u00e4 muuttumisensa j\u00e4lkeen syrj\u00e4\u00e4n sys\u00e4\u00e4m\u00e4n\u00e4, Evil-Lyn l\u00e4hetti heid\u00e4n vastasyntyneen vauvansa tulevaisuuteen ja suunnitteli riist\u00e4v\u00e4ns\u00e4 vallan Skeletorilta vapauttamalla h\u00e4nen vihollisensa heid\u00e4n ulottuvuuksellisista vankiloistaan. Useiden virhelaskelmien\u00a0tuloksena, h\u00e4n auttoi vapauttamaan K\u00e4\u00e4rmemiehet, Hordakin ja Gygorin, kolminkerstaistaen vastustajiensa m\u00e4\u00e4r\u00e4n! Kun Randor ja Miro olivat palanneet Despondosista, Kolme Tornia nousivat ja Evil-Lyn l\u00f6ysi itsens\u00e4 j\u00e4lleen kerran Skeletorin riveist\u00e4 Toisen Ultimaalisen Taistelukent\u00e4n -taistelun aikana. Lopulta, h\u00e4vinneen\u00e4 ja voimansa P\u00e4\u00e4kallolinnan Velhottaren toimesta menett\u00e4neen\u00e4, Evil-Lyn k\u00e4ytti Kosmista Avainta ja Keskimm\u00e4isen Tornin voimaa palatakseen tulevaisuuteen ja l\u00f6yt\u00e4\u00e4kseen uuden el\u00e4m\u00e4n kauan sitten kadonneen lapsensa, Skeletorin pojan kanssa!<\/em><\/p>\n<p><strong><span style=\"text-decoration: underline;\">Mukana tulevat varusteet:<\/span><\/strong><br \/>\n*\u00a0extra p\u00e4\u00e4<br \/>\n* tikari<br \/>\n*\u00a0viitta<br \/>\n* taikasauva, vaihdettavalla p\u00e4\u00e4kappaleella<\/p>\n<h2>Videoesittelyni hahmosta:<\/h2>\n<p><strong>Suomi<\/strong><\/p>\n<p><iframe loading=\"lazy\" title=\"Masters of the Universe Classics Battleground Evil-Lyn (Finnish)\" width=\"640\" height=\"360\" src=\"https:\/\/www.youtube.com\/embed\/zDbHNPlM4YY?feature=oembed\" frameborder=\"0\" allow=\"accelerometer; autoplay; clipboard-write; encrypted-media; gyroscope; picture-in-picture; web-share\" referrerpolicy=\"strict-origin-when-cross-origin\" allowfullscreen><\/iframe><\/p>\n<p><strong>In English<\/strong><\/p>\n<p><iframe loading=\"lazy\" title=\"Masters of the Universe Classics Battleground Evil-Lyn (English)\" width=\"640\" height=\"360\" src=\"https:\/\/www.youtube.com\/embed\/Qolj_K92Jdo?feature=oembed\" frameborder=\"0\" allow=\"accelerometer; autoplay; clipboard-write; encrypted-media; gyroscope; picture-in-picture; web-share\" referrerpolicy=\"strict-origin-when-cross-origin\" allowfullscreen><\/iframe><\/p>\n","protected":false},"excerpt":{"rendered":"<p>Tuotekoodi:\u00a0T5833 Battleground Evil-Lyn &#8211; Evil Witch of Eternia \u00a0 \u00a0 \u00a0 Oikea nimi:\u00a0Evelyn Morgan Powers\u2122 Cast aside by her secret husband after his transformation, Evil-Lyn\u00ae sent their infant son into the future and plotted to overthrow Skeletor\u00ae by releasing his &hellip; <a href=\"https:\/\/www.eurokolikonmaailma.fi\/?page_id=2340\">Lue loppuun <span class=\"meta-nav\">&rarr;<\/span><\/a><\/p>\n","protected":false},"author":1,"featured_media":0,"parent":294,"menu_order":0,"comment_status":"open","ping_status":"open","template":"","meta":{"footnotes":""},"class_list":["post-2340","page","type-page","status-publish","hentry"],"_links":{"self":[{"href":"https:\/\/www.eurokolikonmaailma.fi\/index.php?rest_route=\/wp\/v2\/pages\/2340","targetHints":{"allow":["GET"]}}],"collection":[{"href":"https:\/\/www.eurokolikonmaailma.fi\/index.php?rest_route=\/wp\/v2\/pages"}],"about":[{"href":"https:\/\/www.eurokolikonmaailma.fi\/index.php?rest_route=\/wp\/v2\/types\/page"}],"author":[{"embeddable":true,"href":"https:\/\/www.eurokolikonmaailma.fi\/index.php?rest_route=\/wp\/v2\/users\/1"}],"replies":[{"embeddable":true,"href":"https:\/\/www.eurokolikonmaailma.fi\/index.php?rest_route=%2Fwp%2Fv2%2Fcomments&post=2340"}],"version-history":[{"count":5,"href":"https:\/\/www.eurokolikonmaailma.fi\/index.php?rest_route=\/wp\/v2\/pages\/2340\/revisions"}],"predecessor-version":[{"id":5669,"href":"https:\/\/www.eurokolikonmaailma.fi\/index.php?rest_route=\/wp\/v2\/pages\/2340\/revisions\/5669"}],"up":[{"embeddable":true,"href":"https:\/\/www.eurokolikonmaailma.fi\/index.php?rest_route=\/wp\/v2\/pages\/294"}],"wp:attachment":[{"href":"https:\/\/www.eurokolikonmaailma.fi\/index.php?rest_route=%2Fwp%2Fv2%2Fmedia&parent=2340"}],"curies":[{"name":"wp","href":"https:\/\/api.w.org\/{rel}","templated":true}]}}