{"id":2335,"date":"2012-08-13T17:23:19","date_gmt":"2012-08-13T14:23:19","guid":{"rendered":"http:\/\/www.eurokolikonmaailma.fi\/blogi\/?page_id=2335"},"modified":"2025-05-30T15:21:20","modified_gmt":"2025-05-30T12:21:20","slug":"swiftwind","status":"publish","type":"page","link":"https:\/\/www.eurokolikonmaailma.fi\/?page_id=2335","title":{"rendered":"Swiftwind"},"content":{"rendered":"<p><img decoding=\"async\" style=\"color: #000000; font-family: 'Times New Roman'; font-size: medium; font-weight: bold; line-height: normal; width: 118px; height: 47px;\" src=\"http:\/\/motu.eurokolikonmaailma.fi\/kuvat\/swiftwind\/motuc.1.jpg\" alt=\"\" \/><img decoding=\"async\" style=\"color: #000000; font-family: 'Times New Roman'; font-size: medium; font-weight: bold; line-height: normal; width: 96px; height: 47px;\" src=\"http:\/\/motu.eurokolikonmaailma.fi\/kuvat\/swiftwind\/POP_logo.jpg\" alt=\"\" \/><img decoding=\"async\" style=\"color: #000000; font-family: 'Times New Roman'; font-size: medium; font-weight: bold; line-height: normal; width: 46px; height: 47px;\" src=\"http:\/\/motu.eurokolikonmaailma.fi\/kuvat\/swiftwind\/clubeternia_burst.gif\" alt=\"\" \/><br \/>\nTuotekoodi:\u00a0T5810<\/p>\n<h1>Swiftwind<br \/>\n&#8211; Beautiful Horse Spirit, Becomes Magical Flying Unicorn!<\/h1>\n<p><img decoding=\"async\" src=\"http:\/\/motu.eurokolikonmaailma.fi\/kuvat\/swiftwind\/T5810_fullsizeimage01.jpg\" alt=\"\" \/>\u00a0 \u00a0 \u00a0<img decoding=\"async\" src=\"http:\/\/motu.eurokolikonmaailma.fi\/kuvat\/swiftwind\/T5810_fullsizeimage02.jpg\" alt=\"\" \/><\/p>\n<p><strong>Oikea nimi:<\/strong>\u00a0Spirit<\/p>\n<p>A magical steed from Etheria, Spirit served Adora during her time as Force Captain of the Horde Army. Loyal to Adora, not the Horde, Spirit stayed with her after Adora learned of her true heritage and joined the Great Rebellion. Enhanced by Adora\u2019s newly acquired Sword of Protection, Spirit was transformed into She-Ra\u2019s flying mount Swiftwind\u2122, heroically carrying the Princess of Power\u00ae into battle. Swiftwind remained with She-Ra\u00ae, traveling with her from Etheria to Eternia\u00ae to join with the renegade Masters of the Universe\u00ae in the continued fight against Hordak\u00ae and his armies.<\/p>\n<p><em>Maaginen ratsu Etherialta, Spirit palveli Adoraa h\u00e4nen toimiessaan Hordi Armeijan kapteenina. Lojaali Adoralle, ei Hordeille, Spirit pysyi Adoran rinnalla senkin j\u00e4lkeen kun Adora sai selville totuuden alkuper\u00e4st\u00e4\u00e4n ja liittyi Suureen Kapinaan. Adoran uuden Suojeluksen Miekan voimasta, Spirit muuttui She-Ran lent\u00e4v\u00e4ksi ratsuksi Myrskytuuleksi (Swiftwind), joka sankarillisesti kantaa Mahdin Prinsessaa taisteluun. Myrskytuuli\u00a0pysytteli She-Ran rinnalla, matkaten h\u00e4nen kanssaan Etherialta Eternialle liitty\u00e4kseen lainsuojattomaan Masters of the Universe -ryhm\u00e4\u00e4nheid\u00e4n jatkuvassa taistelussaan Hordakia ja h\u00e4nen joukkojaan vastaan.\u00a0<\/em><\/p>\n<p><strong><span style=\"text-decoration: underline;\">Mukana tulevat varusteet:<\/span><\/strong><br \/>\n*\u00a0irrotettava satula ja kyp\u00e4r\u00e4<br \/>\n* irrotettavat siivet<\/p>\n<p><strong>Hinta:<\/strong>\u00a0$30<\/p>\n<p><strong>Loppuunmyynti aika:<\/strong>\u00a0n. 3,5\u00a0p\u00e4iv\u00e4\u00e4 (ilmoitus MC-sivull n. 6 p\u00e4iv\u00e4\u00e4)<\/p>\n","protected":false},"excerpt":{"rendered":"<p>Tuotekoodi:\u00a0T5810 Swiftwind &#8211; Beautiful Horse Spirit, Becomes Magical Flying Unicorn! \u00a0 \u00a0 \u00a0 Oikea nimi:\u00a0Spirit A magical steed from Etheria, Spirit served Adora during her time as Force Captain of the Horde Army. Loyal to Adora, not the Horde, Spirit &hellip; <a href=\"https:\/\/www.eurokolikonmaailma.fi\/?page_id=2335\">Lue loppuun <span class=\"meta-nav\">&rarr;<\/span><\/a><\/p>\n","protected":false},"author":1,"featured_media":0,"parent":294,"menu_order":0,"comment_status":"open","ping_status":"open","template":"","meta":{"footnotes":""},"class_list":["post-2335","page","type-page","status-publish","hentry"],"_links":{"self":[{"href":"https:\/\/www.eurokolikonmaailma.fi\/index.php?rest_route=\/wp\/v2\/pages\/2335","targetHints":{"allow":["GET"]}}],"collection":[{"href":"https:\/\/www.eurokolikonmaailma.fi\/index.php?rest_route=\/wp\/v2\/pages"}],"about":[{"href":"https:\/\/www.eurokolikonmaailma.fi\/index.php?rest_route=\/wp\/v2\/types\/page"}],"author":[{"embeddable":true,"href":"https:\/\/www.eurokolikonmaailma.fi\/index.php?rest_route=\/wp\/v2\/users\/1"}],"replies":[{"embeddable":true,"href":"https:\/\/www.eurokolikonmaailma.fi\/index.php?rest_route=%2Fwp%2Fv2%2Fcomments&post=2335"}],"version-history":[{"count":4,"href":"https:\/\/www.eurokolikonmaailma.fi\/index.php?rest_route=\/wp\/v2\/pages\/2335\/revisions"}],"predecessor-version":[{"id":5705,"href":"https:\/\/www.eurokolikonmaailma.fi\/index.php?rest_route=\/wp\/v2\/pages\/2335\/revisions\/5705"}],"up":[{"embeddable":true,"href":"https:\/\/www.eurokolikonmaailma.fi\/index.php?rest_route=\/wp\/v2\/pages\/294"}],"wp:attachment":[{"href":"https:\/\/www.eurokolikonmaailma.fi\/index.php?rest_route=%2Fwp%2Fv2%2Fmedia&parent=2335"}],"curies":[{"name":"wp","href":"https:\/\/api.w.org\/{rel}","templated":true}]}}