{"id":2330,"date":"2012-08-13T17:16:52","date_gmt":"2012-08-13T14:16:52","guid":{"rendered":"http:\/\/www.eurokolikonmaailma.fi\/blogi\/?page_id=2330"},"modified":"2025-05-30T15:00:41","modified_gmt":"2025-05-30T12:00:41","slug":"bubble-power-she-ra","status":"publish","type":"page","link":"https:\/\/www.eurokolikonmaailma.fi\/?page_id=2330","title":{"rendered":"Bubble Power She-Ra"},"content":{"rendered":"<p><img decoding=\"async\" style=\"color: #000000; font-family: 'Times New Roman'; font-size: medium; font-weight: bold; line-height: normal; width: 118px; height: 47px;\" src=\"http:\/\/motu.eurokolikonmaailma.fi\/kuvat\/bp_shera\/motuc.1.jpg\" alt=\"\" \/><img decoding=\"async\" style=\"color: #000000; font-family: 'Times New Roman'; font-size: medium; font-weight: bold; line-height: normal; width: 96px; height: 47px;\" src=\"http:\/\/motu.eurokolikonmaailma.fi\/kuvat\/bp_shera\/POP_logo.jpg\" alt=\"\" \/><br \/>\nTuotekoodi:\u00a0V0686<\/p>\n<h1>Bubble Power She-Ra<br \/>\n&#8211; \u00a0Most Powerful Woman in the Universe<\/h1>\n<p><img decoding=\"async\" src=\"http:\/\/motu.eurokolikonmaailma.fi\/kuvat\/bp_shera\/V0686_fullsizeimage05.jpg\" alt=\"\" \/>\u00a0 \u00a0 \u00a0<img decoding=\"async\" src=\"http:\/\/motu.eurokolikonmaailma.fi\/kuvat\/bp_shera\/V0686_fullsizeimage06.jpg\" alt=\"\" \/><\/p>\n<p><strong>Oikea nimi:<\/strong>\u00a0Adora of the House of Randor<\/p>\n<p>After crossing over from Etheria to Eternia\u00ae with the help of Light Hope, She-Ra\u00ae joined forces with her brother and the Masters of the Universe\u00ae who were caught in a four-way war with the Snake Men\u2122, Skeletor\u00ae and Hordak\u00ae. She used her cloned sword to harmonize with and channel the Powers of Grayskull\u2122 to form new arms and armor in the midst of battle. Her Bubble Power\u2122 armor greatly enhances She-Ra&#8217;s stamina and allows her to funnel great fumes of energy at her foes. She remained on Eternia\u00ae to fight off evil until both she and He-Man\u00ae were called to the stars to fulfill their destiny, traveling to the Tri-Solar System to end the oppression of the Horde Empire.<\/p>\n<p><em>Saavuttuaan Etherialta Eternialle Valotoivon avustuksella, She-Ra l\u00f6ytt\u00e4ytyi yhteen veljens\u00e4 ja Masters of the Universe -ryhm\u00e4n kanssa, jotka olivat joutuneet neliosapuoliseen sotaan K\u00e4\u00e4rmemiehi\u00e4, Skeletoria ja Hordakia vastaan. H\u00e4n k\u00e4ytti kloonattua miekkaansa harminisoituakseen ja kanavoidakseen Grayskullin Voimia muodostaakseen uusia aseita ja varusteita keskell\u00e4 taistelua. H\u00e4nen Kuplavoima Haarniskansa tehostaa suuresti She-Ran kest\u00e4vyytt\u00e4 ja mahdollistaa h\u00e4nen k\u00e4ytt\u00e4\u00e4 mahtavia energiah\u00f6yryj\u00e4 vastustajiaan vastaan. H\u00e4n pysytteli Eternialla taistellakseen pahuutta vastaan, kunnes molemmat h\u00e4net ja He-Man kutsuttiin ulkoavaruuteen t\u00e4ytt\u00e4m\u00e4\u00e4n kohtalonsa,matkustamalla Kolmen Auringon j\u00e4rjestelm\u00e4\u00e4n ja lopettamalla Hordi-Imperiumin sorto.\u00a0<\/em><\/p>\n<p><strong><span style=\"text-decoration: underline;\">Mukana tulevat varusteet:<\/span><\/strong><br \/>\n*\u00a0irrotettava tiara<br \/>\n* irrotettava Bubble Power haarniska<br \/>\n*\u00a0miekka<br \/>\n* kilpi<br \/>\n* irrotettava viitta<br \/>\n* kampakirves<br \/>\n* Bubble Power sauva\/nuija<\/p>\n<p><strong>Loppuunmyynti aika:<\/strong>\u00a06 p\u00e4iv\u00e4\u00e4 2 tuntia<\/p>\n","protected":false},"excerpt":{"rendered":"<p>Tuotekoodi:\u00a0V0686 Bubble Power She-Ra &#8211; \u00a0Most Powerful Woman in the Universe \u00a0 \u00a0 \u00a0 Oikea nimi:\u00a0Adora of the House of Randor After crossing over from Etheria to Eternia\u00ae with the help of Light Hope, She-Ra\u00ae joined forces with her brother &hellip; <a href=\"https:\/\/www.eurokolikonmaailma.fi\/?page_id=2330\">Lue loppuun <span class=\"meta-nav\">&rarr;<\/span><\/a><\/p>\n","protected":false},"author":1,"featured_media":0,"parent":294,"menu_order":0,"comment_status":"open","ping_status":"open","template":"","meta":{"footnotes":""},"class_list":["post-2330","page","type-page","status-publish","hentry"],"_links":{"self":[{"href":"https:\/\/www.eurokolikonmaailma.fi\/index.php?rest_route=\/wp\/v2\/pages\/2330","targetHints":{"allow":["GET"]}}],"collection":[{"href":"https:\/\/www.eurokolikonmaailma.fi\/index.php?rest_route=\/wp\/v2\/pages"}],"about":[{"href":"https:\/\/www.eurokolikonmaailma.fi\/index.php?rest_route=\/wp\/v2\/types\/page"}],"author":[{"embeddable":true,"href":"https:\/\/www.eurokolikonmaailma.fi\/index.php?rest_route=\/wp\/v2\/users\/1"}],"replies":[{"embeddable":true,"href":"https:\/\/www.eurokolikonmaailma.fi\/index.php?rest_route=%2Fwp%2Fv2%2Fcomments&post=2330"}],"version-history":[{"count":4,"href":"https:\/\/www.eurokolikonmaailma.fi\/index.php?rest_route=\/wp\/v2\/pages\/2330\/revisions"}],"predecessor-version":[{"id":5675,"href":"https:\/\/www.eurokolikonmaailma.fi\/index.php?rest_route=\/wp\/v2\/pages\/2330\/revisions\/5675"}],"up":[{"embeddable":true,"href":"https:\/\/www.eurokolikonmaailma.fi\/index.php?rest_route=\/wp\/v2\/pages\/294"}],"wp:attachment":[{"href":"https:\/\/www.eurokolikonmaailma.fi\/index.php?rest_route=%2Fwp%2Fv2%2Fmedia&parent=2330"}],"curies":[{"name":"wp","href":"https:\/\/api.w.org\/{rel}","templated":true}]}}