{"id":2322,"date":"2012-08-12T15:40:43","date_gmt":"2012-08-12T12:40:43","guid":{"rendered":"http:\/\/www.eurokolikonmaailma.fi\/blogi\/?page_id=2322"},"modified":"2025-05-30T15:18:06","modified_gmt":"2025-05-30T12:18:06","slug":"preternia-disguise-he-man","status":"publish","type":"page","link":"https:\/\/www.eurokolikonmaailma.fi\/?page_id=2322","title":{"rendered":"Preternia Disguise He-Man"},"content":{"rendered":"<p><img loading=\"lazy\" decoding=\"async\" style=\"color: #000000; font-family: 'Times New Roman'; font-size: medium; line-height: normal;\" src=\"http:\/\/motu.eurokolikonmaailma.fi\/kuvat\/Pre_heman\/motuc.1.jpg\" alt=\"\" width=\"118\" height=\"47\" border=\"0\" \/><img loading=\"lazy\" decoding=\"async\" style=\"color: #000000; font-family: 'Times New Roman'; font-size: medium; line-height: normal;\" src=\"http:\/\/motu.eurokolikonmaailma.fi\/kuvat\/Pre_heman\/pog_logo.png\" alt=\"\" width=\"111\" height=\"47\" border=\"0\" \/><img loading=\"lazy\" decoding=\"async\" style=\"color: #000000; font-family: 'Times New Roman'; font-size: medium; line-height: normal;\" src=\"http:\/\/motu.eurokolikonmaailma.fi\/kuvat\/Pre_heman\/clubeternia_burst.gif\" alt=\"\" width=\"46\" height=\"47\" border=\"0\" \/><br style=\"color: #000000; font-family: 'Times New Roman'; font-size: medium; line-height: normal;\" \/><span style=\"color: #000000; font-family: 'Times New Roman'; font-size: medium; line-height: normal; background-color: #ffffff;\">Tuotekoodi: T5813<\/span><\/p>\n<h1>Preternia Disguise He-Man<br \/>\n&#8211; The Most Powerful Man in the Universe<\/h1>\n<p><a href=\"http:\/\/motu.eurokolikonmaailma.fi\/kuvat\/Pre_heman\/pdh_package_front_alternate2.jpg\" target=\"_blank\" rel=\"noopener\"><img loading=\"lazy\" decoding=\"async\" style=\"border: 0px;\" title=\"Preternia He-Man pakkaus edest\u00e4\" src=\"http:\/\/motu.eurokolikonmaailma.fi\/kuvat\/Pre_heman\/pdh_package_front_alternate2.jpg\" alt=\"\" width=\"234\" height=\"350\" border=\"0\" \/><\/a>\u00a0 \u00a0 \u00a0<a href=\"http:\/\/motu.eurokolikonmaailma.fi\/kuvat\/Pre_heman\/pdh_cardback.jpg\" target=\"_blank\" rel=\"noopener\"><img loading=\"lazy\" decoding=\"async\" style=\"border: 0px;\" title=\"Preternian He-Man pakkaus takaa\" src=\"http:\/\/motu.eurokolikonmaailma.fi\/kuvat\/Pre_heman\/pdh_cardback.jpg\" alt=\"\" width=\"248\" height=\"350\" border=\"0\" \/><\/a>\u00a0 \u00a0\u00a0<a href=\"http:\/\/motu.eurokolikonmaailma.fi\/kuvat\/Pre_heman\/pdh_pog_sticker.jpg\" target=\"_blank\" rel=\"noopener\"><img loading=\"lazy\" decoding=\"async\" style=\"border: 0px;\" title=\"Powers of Grayskull -tarra\" src=\"http:\/\/motu.eurokolikonmaailma.fi\/kuvat\/Pre_heman\/pdh_pog_sticker.jpg\" alt=\"\" width=\"150\" height=\"74\" border=\"0\" \/><\/a><\/p>\n<p>T\u00e4m\u00e4 hahmo on extrahahmo, joka postitettiin automaattisesti Club Eternia 2011j\u00e4senille helmikuun 2011 p\u00e4\u00e4hahmon (Bow) ja bonushahmon (Shadow Beast) kanssa. T\u00e4t\u00e4 hahmoa ei myyd\u00e4 koskaan erikseen \/ sit\u00e4 ei voi ostaa Mattycollector.com:sta (eik\u00e4 sit\u00e4 uudelleen julkaista). Yhdess\u00e4 Preternia Disguise He-Manin kanssa toimitettiin lis\u00e4ksi 20&#8243; x 30&#8243; kokoinen Etherian kartta. Preternia Disguise He-Manin ja kartan vuoksi vuoden 2011 tilauspalveluun liittyminen maksoi $20. Hahmon mukana toimitettiin my\u00f6s erillinen &#8221;The Powers of Grayskull&#8221; -tarra, koska tehdas Kiinassa unohti sen pakkauksiin liimata.<\/p>\n<p><strong>Oikea nimi:<\/strong>\u00a0Adam of the house of Randor\u2122<\/p>\n<p>Using the combined power of the Central Tower with the newly invented Cosmic Key\u2122, the Sorceress\u00ae disguised He-Man\u00ae and sent him back to Preternia\u2122 \u2212 a time when his ancestor King Grayskull\u2122 fought for freedom against the Horde invaders and Snake Men\u2122 from the Nameless Dimension. Quickly allying himself with Grayskull\u2122 and the wizard-warrior He-Ro\u2122, He-Man\u00ae aided them in many battles, even turning the tide at the First Ultimate Battleground. During this battle he learned the secret to defeating the Snake Men\u2122 and with this knowledge returned to his own time to finally defeat King Hssss\u2122 once and for all. Disguised in a cloak and mask, He-Man\u00ae cannot reveal his true identity to his own ancestor!<\/p>\n<p><em>K\u00e4ytt\u00e4en Keskimm\u00e4isen Tornin ja juuri keksityn Kosmisen Avaimen yhdistetty\u00e4 voimaa, Velhotar naamioi He-Manin ja l\u00e4hetti h\u00e4net Preterniaan &#8211; aikaan jolloin h\u00e4nen esi-is\u00e4ns\u00e4 kuningas Grayskull taisteli vapaudesta Hordihy\u00f6kk\u00e4\u00e4ji\u00e4 ja Nimett\u00f6m\u00e4st\u00e4 ulottuvuudesta per\u00e4isin olevia K\u00e4\u00e4rmemiehi\u00e4 vastaan. Pian liittoutuen Grayskullin ja velho-soturi He-Ron kanssa, He-Man auttoi heit\u00e4 useissa taisteluissa, jopa k\u00e4\u00e4nt\u00e4en taistelun voiton puolelle\u00a0Ensimm\u00e4isen Ultimaalisen Taistelukent\u00e4n aikana. T\u00e4m\u00e4n taistelun aikana h\u00e4n oppi salaisuuden K\u00e4\u00e4rmemiesten kukistamiseksi ja t\u00e4m\u00e4 tieto mukanaan h\u00e4n palasi omaan aikaansa lopulta pys\u00e4ytt\u00e4en King Hssss:n lopullisesti. Naamioituneena viittaan ja naamioon, He-Man ei voi paljastaa todellista henkil\u00f6llisyytt\u00e4\u00e4n omalle esi-is\u00e4lleen!<\/em><\/p>\n<p><span style=\"text-decoration: underline;\"><strong>Mukana tulevat varusteet:<\/strong><\/span><br \/>\n* voimamiekka<br \/>\n* s\u00e4dekiv\u00e4\u00e4ri<br \/>\n*\u00a0kosminen avain<\/p>\n<p><strong>Loppuunmyynti aika:<\/strong>\u00a0hahmo ei ole ollut koskaan myynniss\u00e4<\/p>\n<p><strong>Oman hahmon saapumiseen kulunut aika:\u00a0<\/strong>15 p\u00e4iv\u00e4\u00e4 (11 arkip\u00e4iv\u00e4\u00e4)<\/p>\n<h2>L\u00e4hikuva<\/h2>\n<p><a href=\"http:\/\/motu.eurokolikonmaailma.fi\/kuvat\/Pre_heman\/pdh_closeup.jpg\" target=\"_blank\" rel=\"noopener\"><img loading=\"lazy\" decoding=\"async\" style=\"border: 0px;\" title=\"Preternia He-Man l\u00e4hikuva\" src=\"http:\/\/motu.eurokolikonmaailma.fi\/kuvat\/Pre_heman\/pdh_closeup.jpg\" alt=\"\" width=\"314\" height=\"315\" border=\"0\" \/><\/a><a href=\"http:\/\/motu.eurokolikonmaailma.fi\/kuvat\/Pre_heman\/pdh_hood_head.jpg\" target=\"_blank\" rel=\"noopener\"><img loading=\"lazy\" decoding=\"async\" style=\"border: 0px;\" title=\"Preternia He-Man p\u00e4\u00e4\" src=\"http:\/\/motu.eurokolikonmaailma.fi\/kuvat\/Pre_heman\/pdh_hood_head.jpg\" alt=\"\" width=\"315\" height=\"249\" border=\"0\" \/><\/a><\/p>\n<h2>Kokovartalokuvat<\/h2>\n<p><a href=\"http:\/\/motu.eurokolikonmaailma.fi\/kuvat\/Pre_heman\/pdh_main.jpg\" target=\"_blank\" rel=\"noopener\"><img loading=\"lazy\" decoding=\"async\" style=\"border: 0px;\" title=\"Preternia He-Man aseistettuna\" src=\"http:\/\/motu.eurokolikonmaailma.fi\/kuvat\/Pre_heman\/pdh_main.jpg\" alt=\"\" width=\"333\" height=\"500\" border=\"0\" \/><\/a><\/p>\n<p><a href=\"http:\/\/motu.eurokolikonmaailma.fi\/kuvat\/Pre_heman\/pdh_front.jpg\" target=\"_blank\" rel=\"noopener\"><img loading=\"lazy\" decoding=\"async\" style=\"border: 0px;\" title=\"Preternia He-Man edest\u00e4\" src=\"http:\/\/motu.eurokolikonmaailma.fi\/kuvat\/Pre_heman\/pdh_front.jpg\" alt=\"\" width=\"340\" height=\"500\" border=\"0\" \/><\/a><img loading=\"lazy\" decoding=\"async\" title=\"Preternia He-Man etuviistosta 2\" src=\"http:\/\/motu.eurokolikonmaailma.fi\/kuvat\/Pre_heman\/pdh_angled2.jpg\" alt=\"\" width=\"275\" height=\"500\" border=\"0\" \/><a href=\"http:\/\/motu.eurokolikonmaailma.fi\/kuvat\/Pre_heman\/pdh_angled3.jpg\" target=\"_blank\" rel=\"noopener\"><img loading=\"lazy\" decoding=\"async\" style=\"border: 0px;\" title=\"Preternia He-Man takaviistosta\" src=\"http:\/\/motu.eurokolikonmaailma.fi\/kuvat\/Pre_heman\/pdh_angled3.jpg\" alt=\"\" width=\"264\" height=\"500\" border=\"0\" \/><\/a><a href=\"http:\/\/motu.eurokolikonmaailma.fi\/kuvat\/Pre_heman\/pdh_back.jpg\" target=\"_blank\" rel=\"noopener\"><img loading=\"lazy\" decoding=\"async\" style=\"border: 0px;\" title=\"Preternia He-man takaa\" src=\"http:\/\/motu.eurokolikonmaailma.fi\/kuvat\/Pre_heman\/pdh_back.jpg\" alt=\"\" width=\"320\" height=\"500\" border=\"0\" \/><\/a><a href=\"http:\/\/motu.eurokolikonmaailma.fi\/kuvat\/Pre_heman\/pdh_angled1.jpg\" target=\"_blank\" rel=\"noopener\"><img loading=\"lazy\" decoding=\"async\" title=\"Preternia He-Man etuviistosta 1\" src=\"http:\/\/motu.eurokolikonmaailma.fi\/kuvat\/Pre_heman\/pdh_angled1.jpg\" alt=\"\" width=\"205\" height=\"500\" border=\"0\" \/><\/a><\/p>\n<p><a href=\"http:\/\/motu.eurokolikonmaailma.fi\/kuvat\/Pre_heman\/pdh_no_shirt_front.jpg\" target=\"_blank\" rel=\"noopener\"><img loading=\"lazy\" decoding=\"async\" style=\"border: 0px;\" title=\"Preternia He-Man edest\u00e4 ilman &quot;paitaa&quot;\" src=\"http:\/\/motu.eurokolikonmaailma.fi\/kuvat\/Pre_heman\/pdh_no_shirt_front.jpg\" alt=\"\" width=\"289\" height=\"500\" border=\"0\" \/><\/a><img loading=\"lazy\" decoding=\"async\" title=\"Preternia He-Man etuviistosta 2 ilman &quot;paitaa&quot;\" src=\"http:\/\/motu.eurokolikonmaailma.fi\/kuvat\/Pre_heman\/pdh_no_shirt_angled2.jpg\" alt=\"\" width=\"189\" height=\"500\" border=\"0\" \/><a href=\"http:\/\/motu.eurokolikonmaailma.fi\/kuvat\/Pre_heman\/pdh_no_shirt_angled3.jpg\" target=\"_blank\" rel=\"noopener\"><img loading=\"lazy\" decoding=\"async\" title=\"Preternia He-Man takaviistosta ilman &quot;paitaa&quot;\" src=\"http:\/\/motu.eurokolikonmaailma.fi\/kuvat\/Pre_heman\/pdh_no_shirt_angled3.jpg\" alt=\"\" width=\"230\" height=\"500\" border=\"0\" \/><\/a><a href=\"http:\/\/motu.eurokolikonmaailma.fi\/kuvat\/Pre_heman\/pdh_no_shirt_back.jpg\" target=\"_blank\" rel=\"noopener\"><img loading=\"lazy\" decoding=\"async\" title=\"Preternia He-Man takaa &quot;ilman&quot; paitaa\" src=\"http:\/\/motu.eurokolikonmaailma.fi\/kuvat\/Pre_heman\/pdh_no_shirt_back.jpg\" alt=\"\" width=\"271\" height=\"500\" border=\"0\" \/><\/a><a style=\"color: #ff4b33; line-height: 24px;\" href=\"http:\/\/motu.eurokolikonmaailma.fi\/kuvat\/Pre_heman\/pdh_no_shirt_angled1.jpg\" target=\"_blank\" rel=\"noopener\"><img loading=\"lazy\" decoding=\"async\" title=\"Preternia He-Man etuviistosta 1 ilman &quot;paitaa&quot;\" src=\"http:\/\/motu.eurokolikonmaailma.fi\/kuvat\/Pre_heman\/pdh_no_shirt_angled1.jpg\" alt=\"\" width=\"210\" height=\"500\" border=\"0\" \/><\/a><\/p>\n<p><a href=\"http:\/\/motu.eurokolikonmaailma.fi\/kuvat\/Pre_heman\/pdh_pose1.jpg\" target=\"_blank\" rel=\"noopener\"><img loading=\"lazy\" decoding=\"async\" style=\"border: 0px;\" title=\"Preternia He-Man poseeraus 1\" src=\"http:\/\/motu.eurokolikonmaailma.fi\/kuvat\/Pre_heman\/pdh_pose1.jpg\" alt=\"\" width=\"228\" height=\"500\" border=\"0\" \/><\/a><a href=\"http:\/\/motu.eurokolikonmaailma.fi\/kuvat\/Pre_heman\/pdh_pose2.jpg\" target=\"_blank\" rel=\"noopener\"><img loading=\"lazy\" decoding=\"async\" style=\"border: 0px;\" title=\"Preternia He-Man poseeraus 2\" src=\"http:\/\/motu.eurokolikonmaailma.fi\/kuvat\/Pre_heman\/pdh_pose2.jpg\" alt=\"\" width=\"307\" height=\"500\" border=\"0\" \/><\/a><\/p>\n<h2>Varusteet<\/h2>\n<p><a href=\"http:\/\/motu.eurokolikonmaailma.fi\/kuvat\/Pre_heman\/pdh_bionatopsblaster.jpg\" target=\"_blank\" rel=\"noopener\"><img loading=\"lazy\" decoding=\"async\" style=\"border: 0px;\" title=\"Preternia He-Man laserkiv\u00e4\u00e4ri\" src=\"http:\/\/motu.eurokolikonmaailma.fi\/kuvat\/Pre_heman\/pdh_bionatopsblaster.jpg\" alt=\"\" width=\"400\" height=\"138\" border=\"0\" \/><\/a><a href=\"http:\/\/motu.eurokolikonmaailma.fi\/kuvat\/Pre_heman\/pdh_cosmickey.jpg\" target=\"_blank\" rel=\"noopener\"><img loading=\"lazy\" decoding=\"async\" style=\"border: 0px;\" title=\"Preternia He-Man kosminen avain\" src=\"http:\/\/motu.eurokolikonmaailma.fi\/kuvat\/Pre_heman\/pdh_cosmickey.jpg\" alt=\"\" width=\"350\" height=\"129\" border=\"0\" \/><\/a><a href=\"http:\/\/motu.eurokolikonmaailma.fi\/kuvat\/Pre_heman\/pdh_powersword.jpg\" target=\"_blank\" rel=\"noopener\"><img loading=\"lazy\" decoding=\"async\" style=\"border: 0px;\" title=\"preternia He-Man voimamiekka\" src=\"http:\/\/motu.eurokolikonmaailma.fi\/kuvat\/Pre_heman\/pdh_powersword.jpg\" alt=\"\" width=\"350\" height=\"92\" border=\"0\" \/><\/a><\/p>\n<h2>Videoesittelyni hahmosta:<\/h2>\n<p><strong>Suomi<\/strong><\/p>\n<p><iframe loading=\"lazy\" title=\"Masters of the Universe Classics Preternia Disguise He-Man (Finnish)\" width=\"640\" height=\"360\" src=\"https:\/\/www.youtube.com\/embed\/H3els9KX88k?feature=oembed\" frameborder=\"0\" allow=\"accelerometer; autoplay; clipboard-write; encrypted-media; gyroscope; picture-in-picture; web-share\" referrerpolicy=\"strict-origin-when-cross-origin\" allowfullscreen><\/iframe><\/p>\n<p><strong>In English<\/strong><\/p>\n<p><iframe loading=\"lazy\" title=\"Masters of the Universe Classics Preternia Disguise He-Man (English)\" width=\"640\" height=\"360\" src=\"https:\/\/www.youtube.com\/embed\/uf1T38tQlOQ?feature=oembed\" frameborder=\"0\" allow=\"accelerometer; autoplay; clipboard-write; encrypted-media; gyroscope; picture-in-picture; web-share\" referrerpolicy=\"strict-origin-when-cross-origin\" allowfullscreen><\/iframe><\/p>\n","protected":false},"excerpt":{"rendered":"<p>Tuotekoodi: T5813 Preternia Disguise He-Man &#8211; The Most Powerful Man in the Universe \u00a0 \u00a0 \u00a0\u00a0 \u00a0\u00a0 T\u00e4m\u00e4 hahmo on extrahahmo, joka postitettiin automaattisesti Club Eternia 2011j\u00e4senille helmikuun 2011 p\u00e4\u00e4hahmon (Bow) ja bonushahmon (Shadow Beast) kanssa. T\u00e4t\u00e4 hahmoa ei myyd\u00e4 &hellip; <a href=\"https:\/\/www.eurokolikonmaailma.fi\/?page_id=2322\">Lue loppuun <span class=\"meta-nav\">&rarr;<\/span><\/a><\/p>\n","protected":false},"author":1,"featured_media":0,"parent":294,"menu_order":0,"comment_status":"open","ping_status":"open","template":"","meta":{"footnotes":""},"class_list":["post-2322","page","type-page","status-publish","hentry"],"_links":{"self":[{"href":"https:\/\/www.eurokolikonmaailma.fi\/index.php?rest_route=\/wp\/v2\/pages\/2322","targetHints":{"allow":["GET"]}}],"collection":[{"href":"https:\/\/www.eurokolikonmaailma.fi\/index.php?rest_route=\/wp\/v2\/pages"}],"about":[{"href":"https:\/\/www.eurokolikonmaailma.fi\/index.php?rest_route=\/wp\/v2\/types\/page"}],"author":[{"embeddable":true,"href":"https:\/\/www.eurokolikonmaailma.fi\/index.php?rest_route=\/wp\/v2\/users\/1"}],"replies":[{"embeddable":true,"href":"https:\/\/www.eurokolikonmaailma.fi\/index.php?rest_route=%2Fwp%2Fv2%2Fcomments&post=2322"}],"version-history":[{"count":4,"href":"https:\/\/www.eurokolikonmaailma.fi\/index.php?rest_route=\/wp\/v2\/pages\/2322\/revisions"}],"predecessor-version":[{"id":5699,"href":"https:\/\/www.eurokolikonmaailma.fi\/index.php?rest_route=\/wp\/v2\/pages\/2322\/revisions\/5699"}],"up":[{"embeddable":true,"href":"https:\/\/www.eurokolikonmaailma.fi\/index.php?rest_route=\/wp\/v2\/pages\/294"}],"wp:attachment":[{"href":"https:\/\/www.eurokolikonmaailma.fi\/index.php?rest_route=%2Fwp%2Fv2%2Fmedia&parent=2322"}],"curies":[{"name":"wp","href":"https:\/\/api.w.org\/{rel}","templated":true}]}}