{"id":2319,"date":"2012-08-12T15:20:49","date_gmt":"2012-08-12T12:20:49","guid":{"rendered":"http:\/\/www.eurokolikonmaailma.fi\/blogi\/?page_id=2319"},"modified":"2025-05-30T15:19:10","modified_gmt":"2025-05-30T12:19:10","slug":"shadow-beast","status":"publish","type":"page","link":"https:\/\/www.eurokolikonmaailma.fi\/?page_id=2319","title":{"rendered":"Shadow Beast"},"content":{"rendered":"<p><img loading=\"lazy\" decoding=\"async\" style=\"color: #000000; font-family: 'Times New Roman'; font-size: medium; line-height: normal;\" src=\"http:\/\/motu.eurokolikonmaailma.fi\/kuvat\/Shadow_Beast\/motuc.1.jpg\" alt=\"\" width=\"118\" height=\"47\" border=\"0\" \/><img loading=\"lazy\" decoding=\"async\" style=\"color: #000000; font-family: 'Times New Roman'; font-size: medium; line-height: normal;\" src=\"http:\/\/motu.eurokolikonmaailma.fi\/kuvat\/Shadow_Beast\/clubeternia_burst.gif\" alt=\"\" width=\"46\" height=\"47\" border=\"0\" \/><br style=\"color: #000000; font-family: 'Times New Roman'; font-size: medium; line-height: normal;\" \/><span style=\"color: #000000; font-family: 'Times New Roman'; font-size: medium; line-height: normal; background-color: #ffffff;\">Tuotekoodi: T5808<\/span><\/p>\n<h1>Shadow Beast<br \/>\n&#8211; Evil Creature of Darkness<\/h1>\n<p><img loading=\"lazy\" decoding=\"async\" src=\"http:\/\/motu.eurokolikonmaailma.fi\/kuvat\/Shadow_Beast\/twi5.jpg\" alt=\"\" width=\"274\" height=\"350\" border=\"0\" \/>\u00a0 \u00a0 \u00a0<img loading=\"lazy\" decoding=\"async\" src=\"http:\/\/motu.eurokolikonmaailma.fi\/kuvat\/Shadow_Beast\/twi6.jpg\" alt=\"\" width=\"282\" height=\"350\" border=\"0\" \/><\/p>\n<p><strong>Oikea nimi:<\/strong>\u00a0Varies (vaihtelee)<\/p>\n<p>Great ape-like beasts who live in tribes throughout the dark hemisphere, Shadow Beasts can only come out in the absence of light. Originally created by Count Marzo\u00ae as a weapon to use against his enemies, the beasts were driven back by Princes Keldor\u2122 and Randor and forced to reside in the shadows of Mount Barathrum\u2122. There they developed a long standing hatred of both the Human and Gar race. Easily manipulated, the ever growing colony of Beasts was later controlled by Beast Man\u00ae in the service of Skeletor\u00ae to take down Eternos Palace\u2122. With their great strength and stealth-like appearance, Shadow Beasts are more than a match for most heroic warriors!<\/p>\n<p><em>Mahtavia apinamaisia petoja, jotka asuvat heimoina ymp\u00e4ri pime\u00e4\u00e4 planeetanpuolta. Varjopedot voivat tulla ulos vain valottomuuden aikaan. Luonut alunperin Count Marzo aseeksi vihollisiaan vastaan, pedot joutuivat asettumaan asumaan Barathrum-vuoren varjoihin Prinssi Keldorin ja Randorin ajamina. Siell\u00e4 heid\u00e4n vihansa ihmis- ja Gar-rotuja vastaan kasvoi. My\u00f6hemin Beast Man kontrolloi t\u00e4t\u00e4 helposti manipuloitavissa olevaa, kokoajan kasvussa oleva Petojen siirtokuntaa Skeletorin yritt\u00e4ess\u00e4 nujertaa Eternos Palatsia. Mahtavien voimiensa ja l\u00e4hes n\u00e4kym\u00e4tt\u00f6m\u00e4n ulkomuotonsa vuoksi Varjopedoista ovat enemm\u00e4n kuin vastusta useimmille sankarillisille sotureille!<\/em><\/p>\n<p><span style=\"text-decoration: underline;\"><strong>Mukana tulevat varusteet:<br \/>\n<\/strong><\/span>* nuija<\/p>\n<p><strong>Loppuunmyynti aika:<\/strong>\u00a01 p\u00e4iv\u00e4 23 tuntia 15 min<\/p>\n<p><strong>Oman hahmon saapumiseen kulunut aika:\u00a0<\/strong>15 p\u00e4iv\u00e4\u00e4 (11 arkip\u00e4iv\u00e4\u00e4)<\/p>\n<h2>Videoesittelyni hahmosta:<\/h2>\n<p><strong>Suomi<\/strong><\/p>\n<p><iframe loading=\"lazy\" title=\"Masters of the Universe Classics Shadow Beast (Finnish)\" width=\"640\" height=\"360\" src=\"https:\/\/www.youtube.com\/embed\/MIC2o7VixlY?feature=oembed\" frameborder=\"0\" allow=\"accelerometer; autoplay; clipboard-write; encrypted-media; gyroscope; picture-in-picture; web-share\" referrerpolicy=\"strict-origin-when-cross-origin\" allowfullscreen><\/iframe><\/p>\n<p><strong>In English<\/strong><\/p>\n<p><iframe loading=\"lazy\" title=\"Masters of the Universe Classics Shadow Beast (English)\" width=\"640\" height=\"360\" src=\"https:\/\/www.youtube.com\/embed\/4bcwx2tlZEk?feature=oembed\" frameborder=\"0\" allow=\"accelerometer; autoplay; clipboard-write; encrypted-media; gyroscope; picture-in-picture; web-share\" referrerpolicy=\"strict-origin-when-cross-origin\" allowfullscreen><\/iframe><\/p>\n","protected":false},"excerpt":{"rendered":"<p>Tuotekoodi: T5808 Shadow Beast &#8211; Evil Creature of Darkness \u00a0 \u00a0 \u00a0 Oikea nimi:\u00a0Varies (vaihtelee) Great ape-like beasts who live in tribes throughout the dark hemisphere, Shadow Beasts can only come out in the absence of light. Originally created by &hellip; <a href=\"https:\/\/www.eurokolikonmaailma.fi\/?page_id=2319\">Lue loppuun <span class=\"meta-nav\">&rarr;<\/span><\/a><\/p>\n","protected":false},"author":1,"featured_media":0,"parent":294,"menu_order":0,"comment_status":"open","ping_status":"open","template":"","meta":{"footnotes":""},"class_list":["post-2319","page","type-page","status-publish","hentry"],"_links":{"self":[{"href":"https:\/\/www.eurokolikonmaailma.fi\/index.php?rest_route=\/wp\/v2\/pages\/2319","targetHints":{"allow":["GET"]}}],"collection":[{"href":"https:\/\/www.eurokolikonmaailma.fi\/index.php?rest_route=\/wp\/v2\/pages"}],"about":[{"href":"https:\/\/www.eurokolikonmaailma.fi\/index.php?rest_route=\/wp\/v2\/types\/page"}],"author":[{"embeddable":true,"href":"https:\/\/www.eurokolikonmaailma.fi\/index.php?rest_route=\/wp\/v2\/users\/1"}],"replies":[{"embeddable":true,"href":"https:\/\/www.eurokolikonmaailma.fi\/index.php?rest_route=%2Fwp%2Fv2%2Fcomments&post=2319"}],"version-history":[{"count":3,"href":"https:\/\/www.eurokolikonmaailma.fi\/index.php?rest_route=\/wp\/v2\/pages\/2319\/revisions"}],"predecessor-version":[{"id":5701,"href":"https:\/\/www.eurokolikonmaailma.fi\/index.php?rest_route=\/wp\/v2\/pages\/2319\/revisions\/5701"}],"up":[{"embeddable":true,"href":"https:\/\/www.eurokolikonmaailma.fi\/index.php?rest_route=\/wp\/v2\/pages\/294"}],"wp:attachment":[{"href":"https:\/\/www.eurokolikonmaailma.fi\/index.php?rest_route=%2Fwp%2Fv2%2Fmedia&parent=2319"}],"curies":[{"name":"wp","href":"https:\/\/api.w.org\/{rel}","templated":true}]}}