{"id":2307,"date":"2012-08-12T14:56:30","date_gmt":"2012-08-12T11:56:30","guid":{"rendered":"http:\/\/www.eurokolikonmaailma.fi\/blogi\/?page_id=2307"},"modified":"2025-05-30T15:20:49","modified_gmt":"2025-05-30T12:20:49","slug":"snout-spout","status":"publish","type":"page","link":"https:\/\/www.eurokolikonmaailma.fi\/?page_id=2307","title":{"rendered":"Snout Spout"},"content":{"rendered":"<p><img decoding=\"async\" style=\"color: #000000; font-family: 'Times New Roman'; font-size: medium; font-weight: bold; line-height: normal; width: 118px; height: 47px;\" src=\"http:\/\/motu.eurokolikonmaailma.fi\/kuvat\/snout_spout\/motuc.1.jpg\" alt=\"\" \/><img decoding=\"async\" style=\"color: #000000; font-family: 'Times New Roman'; font-size: medium; font-weight: bold; line-height: normal; width: 46px; height: 47px;\" src=\"http:\/\/motu.eurokolikonmaailma.fi\/kuvat\/snout_spout\/clubeternia_burst.gif\" alt=\"\" \/><br style=\"color: #000000; font-family: 'Times New Roman'; font-size: medium; font-weight: bold; line-height: normal;\" \/><span style=\"color: #000000; font-family: 'Times New Roman'; font-size: medium; line-height: normal;\">Tuotekoodi: T5802<\/span><\/p>\n<h1>Snout Spout<br \/>\n&#8211; Heroic Water Blasting Firefighter<\/h1>\n<p><img decoding=\"async\" src=\"http:\/\/motu.eurokolikonmaailma.fi\/kuvat\/snout_spout\/SnoutSpout_fullsizeimage01.jpg\" alt=\"\" \/>\u00a0 \u00a0\u00a0<img decoding=\"async\" src=\"http:\/\/motu.eurokolikonmaailma.fi\/kuvat\/snout_spout\/SnoutSpout_fullsizeimage02.jpg\" alt=\"\" \/><\/p>\n<p><strong>Oikea nimi:<\/strong>\u00a0Jaxton<\/p>\n<p>A peasant from Etheria, Jaxton was one of three athletes abducted by Hordak\u00ae and cast into his experimentation matrix. There, like the others, Jaxton was grafted with cybernetic parts giving him both amazing powers and a bizarre form. After crossing through a Laser Gate to Eternia\u00ae with The Evil Horde\u2122, Snout Spout\u2122 escaped and joined with the renegade Masters of the Universe\u00ae. Self-conscious about his appearance and called &#8221;Snout Spout\u2122&#8221; for his abilities to blast water from his cybernetic trunk, Jaxton often feels that everyone is always laughing at him. But when the Snake Men\u2122 slither out and enemies attack, Snout Spout\u2122 blasts them back with a super jetspray!<\/p>\n<p><em>Talonpoika Etherialta, Jaxton oli yksi kolmesta atleetista, jotka Hordak kaappasi ja viskasi kokeilujenteko matriisiinsa. Siell\u00e4, kuten muillekin, Jaxtonille asennettiin kyberneettisi\u00e4 osia, jotka antoivat h\u00e4nelle uskomattomia voimia ja oudon ulkomuodon. Kuljettuaan Laserportin l\u00e4pi Eternialle Hordien kanssa, Suihkuk\u00e4rs\u00e4 (Snout Spout) pakeni ja liittyi lainsuojattomaan Masters of the Universe -ryhm\u00e4\u00e4n. Kyberneettisest\u00e4 ulkomuodostaan itsetietoinen ja nimettyn\u00e4 Suihkuk\u00e4rs\u00e4ksi, koska h\u00e4n voi ampua voimakkaita vesisuihkuja kyberneettisest\u00e4 k\u00e4rs\u00e4st\u00e4\u00e4n, Jaxton usein tuntee, ett\u00e4 kaikki aina nauravat h\u00e4nelle. Mutta, kun K\u00e4\u00e4rmemiehet luikertelevat ulos piiloistaan ja vihollisethy\u00f6kk\u00e4\u00e4v\u00e4t, Suihkuk\u00e4rs\u00e4 ampuu heid\u00e4t takaisin supervesisuihkullaan!\u00a0<\/em><\/p>\n<p><strong><span style=\"text-decoration: underline;\">Mukana tulevat varusteet:<\/span><\/strong><br \/>\n* jaws of life<br \/>\n* kirves<\/p>\n<p><strong>Loppuunmyynti aika:<\/strong>\u00a0n. 22 tuntia<\/p>\n<h2>Videoesittelyni hahmosta:<\/h2>\n<p><strong>Suomi<\/strong><\/p>\n<p><iframe loading=\"lazy\" title=\"MOTUC Snout Spout esittely\" width=\"640\" height=\"360\" src=\"https:\/\/www.youtube.com\/embed\/vwvqPeBfJMI?feature=oembed\" frameborder=\"0\" allow=\"accelerometer; autoplay; clipboard-write; encrypted-media; gyroscope; picture-in-picture; web-share\" referrerpolicy=\"strict-origin-when-cross-origin\" allowfullscreen><\/iframe><\/p>\n<p><strong>In English<\/strong><\/p>\n<p><iframe loading=\"lazy\" title=\"MOTUC Snout Spout Review (English)\" width=\"640\" height=\"360\" src=\"https:\/\/www.youtube.com\/embed\/3uxu_DqEDmE?feature=oembed\" frameborder=\"0\" allow=\"accelerometer; autoplay; clipboard-write; encrypted-media; gyroscope; picture-in-picture; web-share\" referrerpolicy=\"strict-origin-when-cross-origin\" allowfullscreen><\/iframe><\/p>\n","protected":false},"excerpt":{"rendered":"<p>Tuotekoodi: T5802 Snout Spout &#8211; Heroic Water Blasting Firefighter \u00a0 \u00a0\u00a0 Oikea nimi:\u00a0Jaxton A peasant from Etheria, Jaxton was one of three athletes abducted by Hordak\u00ae and cast into his experimentation matrix. There, like the others, Jaxton was grafted with &hellip; <a href=\"https:\/\/www.eurokolikonmaailma.fi\/?page_id=2307\">Lue loppuun <span class=\"meta-nav\">&rarr;<\/span><\/a><\/p>\n","protected":false},"author":1,"featured_media":0,"parent":294,"menu_order":0,"comment_status":"open","ping_status":"open","template":"","meta":{"footnotes":""},"class_list":["post-2307","page","type-page","status-publish","hentry"],"_links":{"self":[{"href":"https:\/\/www.eurokolikonmaailma.fi\/index.php?rest_route=\/wp\/v2\/pages\/2307","targetHints":{"allow":["GET"]}}],"collection":[{"href":"https:\/\/www.eurokolikonmaailma.fi\/index.php?rest_route=\/wp\/v2\/pages"}],"about":[{"href":"https:\/\/www.eurokolikonmaailma.fi\/index.php?rest_route=\/wp\/v2\/types\/page"}],"author":[{"embeddable":true,"href":"https:\/\/www.eurokolikonmaailma.fi\/index.php?rest_route=\/wp\/v2\/users\/1"}],"replies":[{"embeddable":true,"href":"https:\/\/www.eurokolikonmaailma.fi\/index.php?rest_route=%2Fwp%2Fv2%2Fcomments&post=2307"}],"version-history":[{"count":5,"href":"https:\/\/www.eurokolikonmaailma.fi\/index.php?rest_route=\/wp\/v2\/pages\/2307\/revisions"}],"predecessor-version":[{"id":5703,"href":"https:\/\/www.eurokolikonmaailma.fi\/index.php?rest_route=\/wp\/v2\/pages\/2307\/revisions\/5703"}],"up":[{"embeddable":true,"href":"https:\/\/www.eurokolikonmaailma.fi\/index.php?rest_route=\/wp\/v2\/pages\/294"}],"wp:attachment":[{"href":"https:\/\/www.eurokolikonmaailma.fi\/index.php?rest_route=%2Fwp%2Fv2%2Fmedia&parent=2307"}],"curies":[{"name":"wp","href":"https:\/\/api.w.org\/{rel}","templated":true}]}}