{"id":2299,"date":"2012-08-12T14:44:50","date_gmt":"2012-08-12T11:44:50","guid":{"rendered":"http:\/\/www.eurokolikonmaailma.fi\/blogi\/?page_id=2299"},"modified":"2025-05-30T15:24:53","modified_gmt":"2025-05-30T12:24:53","slug":"the-faceless-one","status":"publish","type":"page","link":"https:\/\/www.eurokolikonmaailma.fi\/?page_id=2299","title":{"rendered":"The Faceless One"},"content":{"rendered":"<p><img decoding=\"async\" style=\"color: #000000; font-family: 'Times New Roman'; font-size: medium; font-weight: bold; line-height: normal; width: 118px; height: 47px;\" src=\"http:\/\/motu.eurokolikonmaailma.fi\/kuvat\/faceless_one\/motuc.1.jpg\" alt=\"\" \/><img decoding=\"async\" style=\"color: #000000; font-family: 'Times New Roman'; font-size: medium; font-weight: bold; line-height: normal; width: 46px; height: 47px;\" src=\"http:\/\/motu.eurokolikonmaailma.fi\/kuvat\/faceless_one\/clubeternia_burst.gif\" alt=\"\" \/><br style=\"color: #000000; font-family: 'Times New Roman'; font-size: medium; font-weight: bold; line-height: normal;\" \/><span style=\"color: #000000; font-family: 'Times New Roman'; font-size: medium; line-height: normal;\">Tuotekoodi:\u00a0T5796<\/span><\/p>\n<h1>The Faceless One<br \/>\n&#8211; Ancient Lord of Zalesia<\/h1>\n<p><img decoding=\"async\" style=\"width: 241px; height: 350px;\" src=\"http:\/\/motu.eurokolikonmaailma.fi\/kuvat\/faceless_one\/207061_10150166752509844_57309659843_6624418_270352_n.jpg\" alt=\"\" \/>\u00a0 \u00a0 \u00a0<img decoding=\"async\" style=\"width: 254px; height: 350px;\" src=\"http:\/\/motu.eurokolikonmaailma.fi\/kuvat\/faceless_one\/206261_10150166752659844_57309659843_6624422_3496159_n.jpg\" alt=\"\" \/><\/p>\n<p><strong>Oikea nimi:<\/strong>\u00a0Nikolas Powers\u2122<\/p>\n<p>As the ruler of Zalesia\u2122, Nikolas Powers\u2122 was entrusted by King Grayskull\u2122 to guard the city\u2019s great magical objects &#8211; the Havoc Staff and the mystical Ram Stone. Powers was a core member of Grayskull\u2019s Council Of Elders, great mages from across Eternia\u00ae who had the wisdom to tap into the planet\u2019s hidden magical secrets. But by marrying and having a daughter, he broke the Elder\u2019s treaty with King Hssss\u2122 to not produce any heirs. Powers was stripped of his humanity, condemned to never leave Zalesia\u2122 and forced to watch his beloved city destroyed by Serpos. Now called \u201cThe Faceless One\u2122,\u201d he asked the wizard-warrior He-Ro\u2122 to use the power of Central Tower to send his daughter Evelyn into the future. There, with his immortality, he hoped to raise her away from the terror of the Great Wars.<\/p>\n<p><em>Zalesian hallitsijana, King Grayskull ohjeisti Nikolas Powersia vartijoimaan kaupungin mahtavia maagisia esineit\u00e4 &#8211; Tuhosauvaa ja mystist\u00e4 Oinaskive\u00e4. Powers oli keskeisimpi\u00e4 j\u00e4seni\u00e4 Grayskullin Vanhimpien Neuvostossa, joka koostui mahtavista maageista ymp\u00e4ri Eterniaa, ja jotka pystyiv\u00e4t viisautensa ansiosta p\u00e4\u00e4sem\u00e4\u00e4n k\u00e4siksi planeetan piilossa oleviin maagisiin salaisuuksiin. Mutta menem\u00e4ll\u00e4 naimisiin ja saamalla tytt\u00e4ren, h\u00e4n rikkoi Vanhimpien King Hssss:n kanssa tekem\u00e4\u00e4 sopimusta, olla lis\u00e4\u00e4ntym\u00e4tt\u00e4 ja hankkimatta perillisi\u00e4. Powersin inhimillisyys vietiin, h\u00e4net tuomittiin olemaan koskaan poistumatta Zalesiasta ja h\u00e4net pakotettiin katsomaan, kun h\u00e4nen rakastettu kaupunkinsa tuhottiin Serpoksen toimesta. Nyt nimell\u00e4 &#8221;The Faceless One&#8221; tunnettu Powers, pyysi velho-soturi He-Roa k\u00e4ytt\u00e4m\u00e4\u00e4n Keskitornin voimaa ja l\u00e4hett\u00e4m\u00e4\u00e4n h\u00e4nen tytt\u00e4rens\u00e4 Evelyn tulevaisuuteen. Siell\u00e4 kuolemattomuutensa ansiosta, h\u00e4n toivoi kasvattavansa tytt\u00e4rens\u00e4 kaukana Suurten Sotien kauhuista.\u00a0<\/em><\/p>\n<p><strong><span style=\"text-decoration: underline;\">Mukana tulevat varusteet:<\/span><\/strong><br \/>\n* Tuhosauva<br \/>\n* Oinaskivi<\/p>\n<p><strong>Loppuunmyynti aika:<\/strong>\u00a04 p\u00e4iv\u00e4\u00e4 9 tuntia<\/p>\n<p><strong>Oman hahmon saapumiseen kulunut aika:\u00a0<\/strong>15 p\u00e4iv\u00e4\u00e4 (11 arkip\u00e4iv\u00e4\u00e4)<\/p>\n<h2>Videoesittelyni hahmosta:<\/h2>\n<p><strong>Suomi<\/strong><\/p>\n<p><iframe loading=\"lazy\" title=\"Masters of the Universe Classics The Faceless One (Finnish)\" width=\"640\" height=\"360\" src=\"https:\/\/www.youtube.com\/embed\/FKGfpFcpAzU?feature=oembed\" frameborder=\"0\" allow=\"accelerometer; autoplay; clipboard-write; encrypted-media; gyroscope; picture-in-picture; web-share\" referrerpolicy=\"strict-origin-when-cross-origin\" allowfullscreen><\/iframe><\/p>\n<p><strong>In English<\/strong><\/p>\n<p><iframe loading=\"lazy\" title=\"Masters of the Universe Classics The Faceless One (English)\" width=\"640\" height=\"360\" src=\"https:\/\/www.youtube.com\/embed\/iQ5BSOmF93E?feature=oembed\" frameborder=\"0\" allow=\"accelerometer; autoplay; clipboard-write; encrypted-media; gyroscope; picture-in-picture; web-share\" referrerpolicy=\"strict-origin-when-cross-origin\" allowfullscreen><\/iframe><\/p>\n","protected":false},"excerpt":{"rendered":"<p>Tuotekoodi:\u00a0T5796 The Faceless One &#8211; Ancient Lord of Zalesia \u00a0 \u00a0 \u00a0 Oikea nimi:\u00a0Nikolas Powers\u2122 As the ruler of Zalesia\u2122, Nikolas Powers\u2122 was entrusted by King Grayskull\u2122 to guard the city\u2019s great magical objects &#8211; the Havoc Staff and the &hellip; <a href=\"https:\/\/www.eurokolikonmaailma.fi\/?page_id=2299\">Lue loppuun <span class=\"meta-nav\">&rarr;<\/span><\/a><\/p>\n","protected":false},"author":1,"featured_media":0,"parent":294,"menu_order":0,"comment_status":"open","ping_status":"open","template":"","meta":{"footnotes":""},"class_list":["post-2299","page","type-page","status-publish","hentry"],"_links":{"self":[{"href":"https:\/\/www.eurokolikonmaailma.fi\/index.php?rest_route=\/wp\/v2\/pages\/2299","targetHints":{"allow":["GET"]}}],"collection":[{"href":"https:\/\/www.eurokolikonmaailma.fi\/index.php?rest_route=\/wp\/v2\/pages"}],"about":[{"href":"https:\/\/www.eurokolikonmaailma.fi\/index.php?rest_route=\/wp\/v2\/types\/page"}],"author":[{"embeddable":true,"href":"https:\/\/www.eurokolikonmaailma.fi\/index.php?rest_route=\/wp\/v2\/users\/1"}],"replies":[{"embeddable":true,"href":"https:\/\/www.eurokolikonmaailma.fi\/index.php?rest_route=%2Fwp%2Fv2%2Fcomments&post=2299"}],"version-history":[{"count":3,"href":"https:\/\/www.eurokolikonmaailma.fi\/index.php?rest_route=\/wp\/v2\/pages\/2299\/revisions"}],"predecessor-version":[{"id":5709,"href":"https:\/\/www.eurokolikonmaailma.fi\/index.php?rest_route=\/wp\/v2\/pages\/2299\/revisions\/5709"}],"up":[{"embeddable":true,"href":"https:\/\/www.eurokolikonmaailma.fi\/index.php?rest_route=\/wp\/v2\/pages\/294"}],"wp:attachment":[{"href":"https:\/\/www.eurokolikonmaailma.fi\/index.php?rest_route=%2Fwp%2Fv2%2Fmedia&parent=2299"}],"curies":[{"name":"wp","href":"https:\/\/api.w.org\/{rel}","templated":true}]}}