{"id":2297,"date":"2012-08-12T14:49:13","date_gmt":"2012-08-12T11:49:13","guid":{"rendered":"http:\/\/www.eurokolikonmaailma.fi\/blogi\/?page_id=2297"},"modified":"2025-05-30T15:03:42","modified_gmt":"2025-05-30T12:03:42","slug":"clawful","status":"publish","type":"page","link":"https:\/\/www.eurokolikonmaailma.fi\/?page_id=2297","title":{"rendered":"Clawful"},"content":{"rendered":"<p><img decoding=\"async\" style=\"color: #000000; font-family: 'Times New Roman'; font-size: medium; line-height: normal; width: 118px; height: 47px;\" src=\"http:\/\/motu.eurokolikonmaailma.fi\/kuvat\/clawful\/motuc.1.jpg\" alt=\"\" \/><img decoding=\"async\" style=\"color: #000000; font-family: 'Times New Roman'; font-size: medium; line-height: normal; width: 46px; height: 47px;\" src=\"http:\/\/motu.eurokolikonmaailma.fi\/kuvat\/clawful\/clubeternia_burst.gif\" alt=\"\" \/><br style=\"color: #000000; font-family: 'Times New Roman'; font-size: medium; line-height: normal;\" \/><span style=\"color: #000000; font-family: 'Times New Roman'; font-size: medium; line-height: normal; background-color: #ffffff;\">Tuotekoodi: \u00a0T5798<\/span><\/p>\n<h1>Clawful<br \/>\n&#8211; Warrior with the Grip of Evil<\/h1>\n<p><img decoding=\"async\" style=\"width: 241px; height: 350px;\" src=\"http:\/\/motu.eurokolikonmaailma.fi\/kuvat\/clawful\/216897_10150163421299844_57309659843_6592271_6855577_n.jpg\" alt=\"\" \/>\u00a0 \u00a0 \u00a0<img decoding=\"async\" style=\"width: 253px; height: 350px;\" src=\"http:\/\/motu.eurokolikonmaailma.fi\/kuvat\/clawful\/217268_10150163421509844_57309659843_6592274_8256269_n.jpg\" alt=\"\" \/><\/p>\n<p><strong>Oikea nimi:<\/strong>\u00a0Prononced through a series of claw clicks<\/p>\n<p>A member of the Karikoni, an Eternian race of crustacean warriors, \u201cClawful\u201d as he was known outside of Orkas Island, became a core member of Skeletor\u2019s Evil Warriors after he saved Beast Man\u2019s life from a Seclapoid attack. Clawful\u2019s hard shell protects him from both extreme heat and cold. Under a spell cast by Evil Lyn\u00ae, Clawful\u2019s dull wits were enhanced, turning him into a keen warrior and strategist. He fought alongside Skeletor\u00ae, leading a battalion of Skeleton Warriors during the Second Ultimate Battle Ground. Clawful uses his dreadful claw to work his evil will!<\/p>\n<p><em>Eternialaisen \u00e4yri\u00e4istaitelijoiden rodun Karikonin j\u00e4senest\u00e4 &#8221;Clawful&#8221;:sta, kuten h\u00e4net tunnettiin Orkan saarten ulkopuolella, tuli yksi keskeisimmist\u00e4 Skeletorin Pahuuden Taistelijoista, sen j\u00e4lkeen kun h\u00e4n pelasti Petomiehen (Beast Man) seclapoidin hy\u00f6kk\u00e4ykselt\u00e4. Clawfulin kova kuori suojelee h\u00e4nt\u00e4, niin \u00e4\u00e4rimm\u00e4iselt\u00e4 kylmyydelt\u00e4 kuin kuumuudeltakin. Evil-Lynin lumouksen alaisena, Clawfulin hidas j\u00e4rki tehostui, muuntaen h\u00e4net innokkaaksi taistelijaksi ja strategistiksi. H\u00e4n taisteli Skeletorin rinnalla, johtaen pataljoonaa Luuranko Sotureja toisen Ultimaalisen Taistelukent\u00e4n -taistelun aikana. Clawful k\u00e4ytt\u00e4\u00e4 hirmuisia saksiaan tehd\u00e4kseen pahoja t\u00f6it\u00e4\u00e4n!<\/em><\/p>\n<p><strong>Loppuunmyynti aika:<\/strong>\u00a0n. 24 tuntia<\/p>\n<p><strong>Oman hahmon saapumiseen kulunut aika:<\/strong>\u00a063 p\u00e4iv\u00e4\u00e4 (45 arkip\u00e4iv\u00e4\u00e4)<br \/>\n<strong>Hahmon saapumiseen kulunut aika (ei oma):<\/strong>\u00a019 p\u00e4iv\u00e4\u00e4 (13 arkip\u00e4iv\u00e4\u00e4)<\/p>\n<h2>Videoesittelyni hahmosta:<\/h2>\n<p><strong>Suomi<\/strong><\/p>\n<p><iframe loading=\"lazy\" title=\"Masters of the Universe Classics Clawful (Finnish)\" width=\"640\" height=\"360\" src=\"https:\/\/www.youtube.com\/embed\/0C6prhEV8Gc?feature=oembed\" frameborder=\"0\" allow=\"accelerometer; autoplay; clipboard-write; encrypted-media; gyroscope; picture-in-picture; web-share\" referrerpolicy=\"strict-origin-when-cross-origin\" allowfullscreen><\/iframe><\/p>\n<p><strong>In English<\/strong><\/p>\n<p><iframe loading=\"lazy\" title=\"Masters of the Universe Classics Clawful (English)\" width=\"640\" height=\"360\" src=\"https:\/\/www.youtube.com\/embed\/d0om3diBRhw?feature=oembed\" frameborder=\"0\" allow=\"accelerometer; autoplay; clipboard-write; encrypted-media; gyroscope; picture-in-picture; web-share\" referrerpolicy=\"strict-origin-when-cross-origin\" allowfullscreen><\/iframe><\/p>\n","protected":false},"excerpt":{"rendered":"<p>Tuotekoodi: \u00a0T5798 Clawful &#8211; Warrior with the Grip of Evil \u00a0 \u00a0 \u00a0 Oikea nimi:\u00a0Prononced through a series of claw clicks A member of the Karikoni, an Eternian race of crustacean warriors, \u201cClawful\u201d as he was known outside of Orkas &hellip; <a href=\"https:\/\/www.eurokolikonmaailma.fi\/?page_id=2297\">Lue loppuun <span class=\"meta-nav\">&rarr;<\/span><\/a><\/p>\n","protected":false},"author":1,"featured_media":0,"parent":294,"menu_order":0,"comment_status":"open","ping_status":"open","template":"","meta":{"footnotes":""},"class_list":["post-2297","page","type-page","status-publish","hentry"],"_links":{"self":[{"href":"https:\/\/www.eurokolikonmaailma.fi\/index.php?rest_route=\/wp\/v2\/pages\/2297","targetHints":{"allow":["GET"]}}],"collection":[{"href":"https:\/\/www.eurokolikonmaailma.fi\/index.php?rest_route=\/wp\/v2\/pages"}],"about":[{"href":"https:\/\/www.eurokolikonmaailma.fi\/index.php?rest_route=\/wp\/v2\/types\/page"}],"author":[{"embeddable":true,"href":"https:\/\/www.eurokolikonmaailma.fi\/index.php?rest_route=\/wp\/v2\/users\/1"}],"replies":[{"embeddable":true,"href":"https:\/\/www.eurokolikonmaailma.fi\/index.php?rest_route=%2Fwp%2Fv2%2Fcomments&post=2297"}],"version-history":[{"count":4,"href":"https:\/\/www.eurokolikonmaailma.fi\/index.php?rest_route=\/wp\/v2\/pages\/2297\/revisions"}],"predecessor-version":[{"id":5680,"href":"https:\/\/www.eurokolikonmaailma.fi\/index.php?rest_route=\/wp\/v2\/pages\/2297\/revisions\/5680"}],"up":[{"embeddable":true,"href":"https:\/\/www.eurokolikonmaailma.fi\/index.php?rest_route=\/wp\/v2\/pages\/294"}],"wp:attachment":[{"href":"https:\/\/www.eurokolikonmaailma.fi\/index.php?rest_route=%2Fwp%2Fv2%2Fmedia&parent=2297"}],"curies":[{"name":"wp","href":"https:\/\/api.w.org\/{rel}","templated":true}]}}