{"id":2292,"date":"2012-08-12T14:36:19","date_gmt":"2012-08-12T11:36:19","guid":{"rendered":"http:\/\/www.eurokolikonmaailma.fi\/blogi\/?page_id=2292"},"modified":"2025-05-30T15:27:59","modified_gmt":"2025-05-30T12:27:59","slug":"vikor","status":"publish","type":"page","link":"https:\/\/www.eurokolikonmaailma.fi\/?page_id=2292","title":{"rendered":"Vikor"},"content":{"rendered":"<p><img loading=\"lazy\" decoding=\"async\" src=\"http:\/\/motu.eurokolikonmaailma.fi\/kuvat\/Vikor\/motuc.1.jpg\" alt=\"\" width=\"118\" height=\"47\" border=\"0\" \/><img loading=\"lazy\" decoding=\"async\" class=\"alignnone size-full\" src=\"http:\/\/motu.eurokolikonmaailma.fi\/kuvat\/Vikor\/pog_logo.png\" width=\"112\" height=\"47\" \/><img loading=\"lazy\" decoding=\"async\" src=\"http:\/\/motu.eurokolikonmaailma.fi\/kuvat\/Vikor\/clubeternia_burst.gif\" alt=\"\" width=\"46\" height=\"47\" border=\"0\" \/><br \/>\nTuotekoodi: T5793<\/p>\n<h1>Vikor<br \/>\n&#8211; He-Man of the North<\/h1>\n<p><a href=\"http:\/\/motu.eurokolikonmaailma.fi\/kuvat\/Vikor\/vikor_package_front_alternate.jpg\" target=\"_blank\" rel=\"noopener\"><img loading=\"lazy\" decoding=\"async\" style=\"border: 0px;\" title=\"Vikor pakkaus edest\u00e4\" src=\"http:\/\/motu.eurokolikonmaailma.fi\/kuvat\/Vikor\/vikor_package_front_alternate.jpg\" alt=\"\" width=\"237\" height=\"350\" border=\"0\" \/><\/a>\u00a0 \u00a0 \u00a0<a href=\"http:\/\/motu.eurokolikonmaailma.fi\/kuvat\/Vikor\/Vikor_cardback.jpg\" target=\"_blank\" rel=\"noopener\"><img loading=\"lazy\" decoding=\"async\" style=\"border: 0px;\" title=\"Vikor pakkaus takaa\" src=\"http:\/\/motu.eurokolikonmaailma.fi\/kuvat\/Vikor\/Vikor_cardback.jpg\" alt=\"\" width=\"249\" height=\"350\" border=\"0\" \/><\/a><\/p>\n<p><strong>Oikea nimi:<\/strong>\u00a0Vikor<\/p>\n<p>Shortly after King Grayskull\u2019s death, Vikor\u2122, a great warrior from the north was chosen by the Goddess to help protect the Sword of He while all of Eternia\u00ae waited for a true heir to be born. Already a master of the battleaxe, Vikor\u2019s legend soon spread across Eternia\u00ae as he quested to vanquish evil &#8211; battling the remaining renegade Snake Men\u2122 and defending the Valley of Gnarl\u2122 from the Fighting Foe Men\u2122. Although his time as a He-Man\u00ae was relatively short, his contribution to the legend will never be forgotten in the great archives of Eternia\u00ae.<\/p>\n<p><em>Pian Kuningas Grayskullin kuoleman j\u00e4lkeen, Vikor, mahtava soturi pohjoisesta valittiin Jumalattaren toimesta auttamaan He-miekan suojelemisessa, Eternialaisten odottaessa todellisen perillisen syntym\u00e4\u00e4. Valmiiksi mestari taistelukirveen k\u00e4yt\u00f6ss\u00e4, Vikorin legenda pian levisi ymp\u00e4ri Eterniaa h\u00e4nen tehdess\u00e4\u00e4n pahuuden karkotusty\u00f6t\u00e4\u00e4n &#8211; taistellen j\u00e4ljell\u00e4 olevia K\u00e4\u00e4rmemiehi\u00e4 vastaan ja puolustaen Gnarlin laaksoa Fighting Foe Men -ryhmittym\u00e4lt\u00e4. Vaikka h\u00e4nen aikansa He-Manina oli verrattain lyhyt, h\u00e4nen panoksensa legendan synnytt\u00e4misess\u00e4 ei tule koskaan unohtumaan Eternia mahtavien arkistojen ansiosta.<\/em><\/p>\n<p><span style=\"text-decoration: underline;\"><strong>Mukana tulevat varusteet:<\/strong><\/span><br \/>\n* irrotettava viitta<br \/>\n* kirves, miekka ja kilpi<\/p>\n<p><strong>Loppuunmyynti aika (1. myyntier\u00e4):<\/strong>\u00a03 min<br \/>\n<strong>Loppuunmyynti aika (2. myyntier\u00e4):<\/strong>\u00a01 p\u00e4iv\u00e4 4 tuntia 50 min<\/p>\n<p><strong>Oman hahmon saapumiseen kulunut aika:\u00a0<\/strong>11 p\u00e4iv\u00e4\u00e4 (8 arkip\u00e4iv\u00e4\u00e4)<\/p>\n<h2>L\u00e4hikuva<\/h2>\n<p><a href=\"http:\/\/motu.eurokolikonmaailma.fi\/kuvat\/Vikor\/vikor_closeup.jpg\" target=\"_blank\" rel=\"noopener\"><img loading=\"lazy\" decoding=\"async\" style=\"border: 0px;\" title=\"Vikor l\u00e4hikuva\" src=\"http:\/\/motu.eurokolikonmaailma.fi\/kuvat\/Vikor\/vikor_closeup.jpg\" alt=\"\" width=\"316\" height=\"350\" border=\"0\" \/><\/a><\/p>\n<h2>Kokovartalokuvat<\/h2>\n<p><a href=\"http:\/\/motu.eurokolikonmaailma.fi\/kuvat\/Vikor\/vikor_main.jpg\" target=\"_blank\" rel=\"noopener\"><img loading=\"lazy\" decoding=\"async\" style=\"border: 0px;\" title=\"Vikor aseistettuna\" src=\"http:\/\/motu.eurokolikonmaailma.fi\/kuvat\/Vikor\/vikor_main.jpg\" alt=\"\" width=\"348\" height=\"500\" border=\"0\" \/><\/a><\/p>\n<p><a href=\"http:\/\/motu.eurokolikonmaailma.fi\/kuvat\/Vikor\/vikor_front_with_cape.jpg\" target=\"_blank\" rel=\"noopener\"><img loading=\"lazy\" decoding=\"async\" style=\"border: 0px;\" title=\"Vikor edest\u00e4\" src=\"http:\/\/motu.eurokolikonmaailma.fi\/kuvat\/Vikor\/vikor_front_with_cape.jpg\" alt=\"\" width=\"281\" height=\"500\" border=\"0\" \/><\/a><a href=\"http:\/\/motu.eurokolikonmaailma.fi\/kuvat\/Vikor\/vikor_front_no_cape.jpg\" target=\"_blank\" rel=\"noopener\"><img loading=\"lazy\" decoding=\"async\" style=\"border: 0px;\" title=\"Vikor edest\u00e4 ilman viittaa\" src=\"http:\/\/motu.eurokolikonmaailma.fi\/kuvat\/Vikor\/vikor_front_no_cape.jpg\" alt=\"\" width=\"270\" height=\"500\" border=\"0\" \/><\/a><\/p>\n<p><a href=\"http:\/\/motu.eurokolikonmaailma.fi\/kuvat\/Vikor\/vikor_angle1_with_cape.jpg\" target=\"_blank\" rel=\"noopener\"><img loading=\"lazy\" decoding=\"async\" style=\"border: 0px;\" title=\"Vikor etuviistosta\" src=\"http:\/\/motu.eurokolikonmaailma.fi\/kuvat\/Vikor\/vikor_angle1_with_cape.jpg\" alt=\"\" width=\"229\" height=\"500\" border=\"0\" \/><\/a><a href=\"http:\/\/motu.eurokolikonmaailma.fi\/kuvat\/Vikor\/vikor_angle1_no_cape.jpg\" target=\"_blank\" rel=\"noopener\"><img loading=\"lazy\" decoding=\"async\" style=\"border: 0px;\" title=\"Vikor etuviistosta ilman viittaa\" src=\"http:\/\/motu.eurokolikonmaailma.fi\/kuvat\/Vikor\/vikor_angle1_no_cape.jpg\" alt=\"\" width=\"210\" height=\"500\" border=\"0\" \/><\/a><\/p>\n<p><a href=\"http:\/\/motu.eurokolikonmaailma.fi\/kuvat\/Vikor\/vikor_back_with_cape.jpg\" target=\"_blank\" rel=\"noopener\"><img loading=\"lazy\" decoding=\"async\" style=\"border: 0px;\" title=\"Vikor takaa\" src=\"http:\/\/motu.eurokolikonmaailma.fi\/kuvat\/Vikor\/vikor_back_with_cape.jpg\" alt=\"\" width=\"350\" height=\"500\" border=\"0\" \/><\/a><a href=\"http:\/\/motu.eurokolikonmaailma.fi\/kuvat\/Vikor\/vikor_back_no_cape.jpg\" target=\"_blank\" rel=\"noopener\"><img loading=\"lazy\" decoding=\"async\" style=\"border: 0px;\" title=\"Vikor takaa ilman viittaa\" src=\"http:\/\/motu.eurokolikonmaailma.fi\/kuvat\/Vikor\/vikor_back_no_cape.jpg\" alt=\"\" width=\"245\" height=\"500\" border=\"0\" \/><\/a><\/p>\n<p><a href=\"http:\/\/motu.eurokolikonmaailma.fi\/kuvat\/Vikor\/vikor_angle2_with_cape.jpg\" target=\"_blank\" rel=\"noopener\"><img loading=\"lazy\" decoding=\"async\" style=\"border: 0px;\" title=\"Vikor takaviistosta\" src=\"http:\/\/motu.eurokolikonmaailma.fi\/kuvat\/Vikor\/vikor_angle2_with_cape.jpg\" alt=\"\" width=\"196\" height=\"500\" border=\"0\" \/><\/a><a href=\"http:\/\/motu.eurokolikonmaailma.fi\/kuvat\/Vikor\/vikor_angle2_no_cape.jpg\" target=\"_blank\" rel=\"noopener\"><img loading=\"lazy\" decoding=\"async\" style=\"border: 0px;\" title=\"Vikor takaviistosta ilman viittaa\" src=\"http:\/\/motu.eurokolikonmaailma.fi\/kuvat\/Vikor\/vikor_angle2_no_cape.jpg\" alt=\"\" width=\"186\" height=\"500\" border=\"0\" \/><\/a><\/p>\n<h2>Varusteet<\/h2>\n<p><a href=\"http:\/\/motu.eurokolikonmaailma.fi\/kuvat\/Vikor\/vikor_cape_back.jpg\" target=\"_blank\" rel=\"noopener\"><img loading=\"lazy\" decoding=\"async\" style=\"border: 0px;\" title=\"Vikor viitta takaa\" src=\"http:\/\/motu.eurokolikonmaailma.fi\/kuvat\/Vikor\/vikor_cape_back.jpg\" alt=\"\" width=\"350\" height=\"304\" border=\"0\" \/><\/a><a href=\"http:\/\/motu.eurokolikonmaailma.fi\/kuvat\/Vikor\/vikor_cape_front.jpg\" target=\"_blank\" rel=\"noopener\"><img loading=\"lazy\" decoding=\"async\" style=\"border: 0px;\" title=\"Vikor viitta edest\u00e4\" src=\"http:\/\/motu.eurokolikonmaailma.fi\/kuvat\/Vikor\/vikor_cape_front.jpg\" alt=\"\" width=\"350\" height=\"306\" border=\"0\" \/><\/a><a href=\"http:\/\/motu.eurokolikonmaailma.fi\/kuvat\/Vikor\/vikor_weapons.jpg\" target=\"_blank\" rel=\"noopener\"><img loading=\"lazy\" decoding=\"async\" style=\"border: 0px;\" title=\"Vikor aseet\" src=\"http:\/\/motu.eurokolikonmaailma.fi\/kuvat\/Vikor\/vikor_weapons.jpg\" alt=\"\" width=\"518\" height=\"500\" border=\"0\" \/><\/a><\/p>\n<h2>Videoesittelyni hahmosta:<\/h2>\n<p><strong>Suomi<\/strong><\/p>\n<p><iframe loading=\"lazy\" title=\"Masters of the Universe Classics Vikor (Finnish)\" width=\"640\" height=\"360\" src=\"https:\/\/www.youtube.com\/embed\/EXbzvEWha10?feature=oembed\" frameborder=\"0\" allow=\"accelerometer; autoplay; clipboard-write; encrypted-media; gyroscope; picture-in-picture; web-share\" referrerpolicy=\"strict-origin-when-cross-origin\" allowfullscreen><\/iframe><\/p>\n<p><strong>In English<\/strong><\/p>\n<p><iframe loading=\"lazy\" title=\"Masters of the Universe Classics Vikor (English)\" width=\"640\" height=\"360\" src=\"https:\/\/www.youtube.com\/embed\/hDPpGmlHAzk?feature=oembed\" frameborder=\"0\" allow=\"accelerometer; autoplay; clipboard-write; encrypted-media; gyroscope; picture-in-picture; web-share\" referrerpolicy=\"strict-origin-when-cross-origin\" allowfullscreen><\/iframe><\/p>\n","protected":false},"excerpt":{"rendered":"<p>Tuotekoodi: T5793 Vikor &#8211; He-Man of the North \u00a0 \u00a0 \u00a0 Oikea nimi:\u00a0Vikor Shortly after King Grayskull\u2019s death, Vikor\u2122, a great warrior from the north was chosen by the Goddess to help protect the Sword of He while all of &hellip; <a href=\"https:\/\/www.eurokolikonmaailma.fi\/?page_id=2292\">Lue loppuun <span class=\"meta-nav\">&rarr;<\/span><\/a><\/p>\n","protected":false},"author":1,"featured_media":0,"parent":294,"menu_order":0,"comment_status":"open","ping_status":"open","template":"","meta":{"footnotes":""},"class_list":["post-2292","page","type-page","status-publish","hentry"],"_links":{"self":[{"href":"https:\/\/www.eurokolikonmaailma.fi\/index.php?rest_route=\/wp\/v2\/pages\/2292","targetHints":{"allow":["GET"]}}],"collection":[{"href":"https:\/\/www.eurokolikonmaailma.fi\/index.php?rest_route=\/wp\/v2\/pages"}],"about":[{"href":"https:\/\/www.eurokolikonmaailma.fi\/index.php?rest_route=\/wp\/v2\/types\/page"}],"author":[{"embeddable":true,"href":"https:\/\/www.eurokolikonmaailma.fi\/index.php?rest_route=\/wp\/v2\/users\/1"}],"replies":[{"embeddable":true,"href":"https:\/\/www.eurokolikonmaailma.fi\/index.php?rest_route=%2Fwp%2Fv2%2Fcomments&post=2292"}],"version-history":[{"count":4,"href":"https:\/\/www.eurokolikonmaailma.fi\/index.php?rest_route=\/wp\/v2\/pages\/2292\/revisions"}],"predecessor-version":[{"id":5711,"href":"https:\/\/www.eurokolikonmaailma.fi\/index.php?rest_route=\/wp\/v2\/pages\/2292\/revisions\/5711"}],"up":[{"embeddable":true,"href":"https:\/\/www.eurokolikonmaailma.fi\/index.php?rest_route=\/wp\/v2\/pages\/294"}],"wp:attachment":[{"href":"https:\/\/www.eurokolikonmaailma.fi\/index.php?rest_route=%2Fwp%2Fv2%2Fmedia&parent=2292"}],"curies":[{"name":"wp","href":"https:\/\/api.w.org\/{rel}","templated":true}]}}