{"id":2288,"date":"2012-08-12T14:20:42","date_gmt":"2012-08-12T11:20:42","guid":{"rendered":"http:\/\/www.eurokolikonmaailma.fi\/blogi\/?page_id=2288"},"modified":"2019-06-17T17:48:53","modified_gmt":"2019-06-17T14:48:53","slug":"thunder-punch-he-man","status":"publish","type":"page","link":"https:\/\/www.eurokolikonmaailma.fi\/?page_id=2288","title":{"rendered":"Thunder Punch He-Man"},"content":{"rendered":"<p><img decoding=\"async\" style=\"color: #000000; font-family: 'Times New Roman'; font-size: medium; font-weight: bold; line-height: normal; width: 123px; height: 47px;\" src=\"http:\/\/motu.eurokolikonmaailma.fi\/kuvat\/ThunderPunch_hm\/motuc.1.jpg\" alt=\"\" \/><img decoding=\"async\" style=\"color: #000000; font-family: 'Times New Roman'; font-size: medium; font-weight: bold; line-height: normal; width: 46px; height: 47px;\" src=\"http:\/\/motu.eurokolikonmaailma.fi\/kuvat\/ThunderPunch_hm\/clubeternia_burst.gif\" alt=\"\" \/><img decoding=\"async\" style=\"color: #000000; font-family: 'Times New Roman'; font-size: medium; font-weight: bold; line-height: normal; width: 57px; height: 47px;\" src=\"http:\/\/motu.eurokolikonmaailma.fi\/kuvat\/ThunderPunch_hm\/30th_MOTUClogo.jpg\" alt=\"\" \/><br style=\"color: #000000; font-family: 'Times New Roman'; font-size: medium; font-weight: bold; line-height: normal;\" \/><span style=\"color: #000000; font-family: 'Times New Roman'; font-size: medium; line-height: normal;\">Tuotekoodi: W8922<\/span><\/p>\n<h1>Thunder Punch He-Man<br \/>\n&#8211; Heroic Leader with a Power Punch<\/h1>\n<p><img decoding=\"async\" style=\"width: 246px; height: 350px;\" src=\"http:\/\/motu.eurokolikonmaailma.fi\/kuvat\/ThunderPunch_hm\/429579_10150642061564844_1895422961_n.jpg\" alt=\"\" \/>\u00a0 \u00a0 \u00a0<img decoding=\"async\" style=\"width: 254px; height: 350px;\" src=\"http:\/\/motu.eurokolikonmaailma.fi\/kuvat\/ThunderPunch_hm\/432297_10150642063284844_57309659843_9060352_15595546_n.jpg\" alt=\"\" \/><\/p>\n<p>T\u00e4m\u00e4n hahmon mukana tuli 1. kolmesta vuonna 2012 julkaistusta minisarjiksesta.<\/p>\n<p><strong>Oikea nimi:<\/strong>\u00a0Adam of the House of Randor<\/p>\n<p>When Skeletor\u00ae banished Randor to Despondos\u2122, he used Faker\u00ae to convince the royal court that He-Man\u00ae was not only a Gar but also responsible for the King\u2019s \u201cdeath\u201d. This ruse turned the people of Eternia\u00ae against He-Man\u00ae and he and the Masters soon became renegades in their own land. Driven to the underground City of Tundaria\u2122, the Masters reformed as an elite attack squad. They retuned to the surface, and found not only Skeletor\u00ae ruling Eternia\u00ae, but King Hssss\u2122 and a newly returned Hordak\u00ae also challenging for control. To enhance his strength for these new battles ahead, He-Man\u00ae used the Powers of Grayskull\u2122 to energize his weapons, giving them a new Thunder Punch\u2122 to combat evil!<\/p>\n<p><em>Skeletorin karkoitettua Randorin Despondosiin, h\u00e4n k\u00e4ytti Fakeri\u00e4 uskotellakseen kuninkaalliselle hoville, ettei He-Man ainoastaan kuuluu Gar-rotuun, mutta ett\u00e4 h\u00e4n my\u00f6s vastuussa kuninkaan &#8221;kuolemasta&#8221;. T\u00e4m\u00e4 juoni k\u00e4\u00e4nsi Eternialaiset He-Mani\u00e4 vastaan ja h\u00e4nest\u00e4 sek\u00e4 Masters of the Universe -ryhm\u00e4st\u00e4 tuli pian lainsuojattomia omalla maallaan. Ajettuna Tundarian maanalaisiin luoliin, Masters of the Universe -ryhm\u00e4 uudelleen ryhmitt\u00e4ytyi eliitti hy\u00f6kk\u00e4ysjoukkioksi. He palasivat maanpinnalle ja huomasivat, sen liS\u00e4ksi ett\u00e4 keletor hallitsi nyt Eterniaa, my\u00f6s King Hssss ja takaisin Eternialle palannut Hordak kamppailivat Eternian hallinnasta. Kasvattakseen voimiaan tulevia taisteluja varten, He-Man kaytti Gryskullin mahtia energisoidakseen aseensa, antaen niille uutta potkua taisteluun pahuutta vastaan!<\/em><\/p>\n<p><strong>Lue hahmon mukana tullut minisarjis:<\/strong><br \/>\n<div class=\"_3d-flip-book  fb3d-fullscreen-mode full-size\" data-id=\"4401\" data-mode=\"fullscreen\" data-title=\"false\" data-template=\"short-white-book-view\" data-lightbox=\"dark-shadow\" data-urlparam=\"fb3d-page\" data-page-n=\"0\" data-pdf=\"\" data-tax=\"null\" data-thumbnail=\"\" data-cols=\"3\" data-book-template=\"default\" data-trigger=\"\"><\/div><script type=\"text\/javascript\">window.FB3D_CLIENT_DATA = window.FB3D_CLIENT_DATA || [];FB3D_CLIENT_DATA.push('eyJwb3N0cyI6eyI0NDAxIjp7IklEIjo0NDAxLCJ0aXRsZSI6Ik1PVFVDIE1pbmljb21pYyAxIiwidHlwZSI6InBkZiIsInJlYWR5X2Z1bmN0aW9uIjoiIiwiYm9va19zdHlsZSI6ImF1dG8iLCJib29rX3RlbXBsYXRlIjoibm9uZSIsIm91dGxpbmUiOltdLCJkYXRhIjp7InBvc3RfSUQiOiI1NDI3IiwiZ3VpZCI6Imh0dHBzOlwvXC93d3cuZXVyb2tvbGlrb25tYWFpbG1hLmZpXC9ibG9naVwvd3AtY29udGVudFwvdXBsb2Fkc1wvMjAxOVwvMDZcL1Bvd2Vyc19vZl9HcmF5c2t1bGxfdGhlX0xlZ2VuZF9CZWdpbnMucGRmIiwicGRmX3BhZ2VzIjoiMTIiLCJwYWdlc19jdXN0b21pemF0aW9uIjoibm9uZSJ9LCJ0aHVtYm5haWwiOnsiZGF0YSI6eyJwb3N0X0lEIjoiMCJ9LCJ0eXBlIjoiYXV0byJ9LCJwcm9wcyI6eyJiYWNrZ3JvdW5kQ29sb3IiOiJhdXRvIiwiYmFja2dyb3VuZEltYWdlIjoiYXV0byIsImJhY2tncm91bmRTdHlsZSI6ImF1dG8iLCJoaWdobGlnaHRMaW5rcyI6ImF1dG8iLCJsaWdodGluZyI6ImF1dG8iLCJzaW5nbGVQYWdlTW9kZSI6ImF1dG8iLCJjYWNoZWRQYWdlcyI6ImF1dG8iLCJyZW5kZXJJbmFjdGl2ZVBhZ2VzIjoiYXV0byIsInJlbmRlckluYWN0aXZlUGFnZXNPbk1vYmlsZSI6ImF1dG8iLCJyZW5kZXJXaGlsZUZsaXBwaW5nIjoiYXV0byIsInByZWxvYWRQYWdlcyI6ImF1dG8iLCJhdXRvUGxheUR1cmF0aW9uIjoiYXV0byIsInJ0bCI6ImF1dG8iLCJpbnRlcmFjdGl2ZUNvcm5lcnMiOiJhdXRvIiwibWF4RGVwdGgiOiJhdXRvIiwic2hlZXQiOnsic3RhcnRWZWxvY2l0eSI6ImF1dG8iLCJ3YXZlIjoiYXV0byIsInNoYXBlIjoiYXV0byIsIndpZHRoVGV4ZWxzIjoiYXV0byIsImNvbG9yIjoiYXV0byIsInNpZGUiOiJhdXRvIiwic3RyZXRjaEltYWdlcyI6ImF1dG8iLCJjb3JuZXJEZXZpYXRpb24iOiJhdXRvIiwiZmxleGliaWxpdHkiOiJhdXRvIiwiZmxleGlibGVDb3JuZXIiOiJhdXRvIiwiYmVuZGluZyI6ImF1dG8iLCJoZWlnaHRUZXhlbHMiOiJhdXRvIn0sImNvdmVyIjp7IndhdmUiOiJhdXRvIiwiY29sb3IiOiJhdXRvIiwic2lkZSI6ImF1dG8iLCJzdHJldGNoSW1hZ2VzIjoiYXV0byIsImJpbmRlclRleHR1cmUiOiJhdXRvIiwiZGVwdGgiOiJhdXRvIiwicGFkZGluZyI6ImF1dG8iLCJzdGFydFZlbG9jaXR5IjoiYXV0byIsImZsZXhpYmlsaXR5IjoiYXV0byIsImZsZXhpYmxlQ29ybmVyIjoiYXV0byIsImJlbmRpbmciOiJhdXRvIiwid2lkdGhUZXhlbHMiOiJhdXRvIiwiaGVpZ2h0VGV4ZWxzIjoiYXV0byIsIm1hc3MiOiJhdXRvIiwic2hhcGUiOiJhdXRvIn0sInBhZ2UiOnsid2F2ZSI6ImF1dG8iLCJjb2xvciI6ImF1dG8iLCJzaWRlIjoiYXV0byIsInN0cmV0Y2hJbWFnZXMiOiJhdXRvIiwiZGVwdGgiOiJhdXRvIiwic3RhcnRWZWxvY2l0eSI6ImF1dG8iLCJmbGV4aWJpbGl0eSI6ImF1dG8iLCJmbGV4aWJsZUNvcm5lciI6ImF1dG8iLCJiZW5kaW5nIjoiYXV0byIsIndpZHRoVGV4ZWxzIjoiYXV0byIsImhlaWdodFRleGVscyI6ImF1dG8iLCJtYXNzIjoiYXV0byIsInNoYXBlIjoiYXV0byJ9LCJoZWlnaHQiOiJhdXRvIiwid2lkdGgiOiJhdXRvIiwiZ3Jhdml0eSI6ImF1dG8iLCJwYWdlc0ZvclByZWRpY3RpbmciOiJhdXRvIn0sImNvbnRyb2xQcm9wcyI6eyJhY3Rpb25zIjp7ImNtZFRvYyI6eyJlbmFibGVkIjoiYXV0byIsImVuYWJsZWRJbk5hcnJvdyI6ImF1dG8iLCJhY3RpdmUiOiJhdXRvIiwiZGVmYXVsdFRhYiI6ImF1dG8ifSwiY21kQXV0b1BsYXkiOnsiZW5hYmxlZCI6ImF1dG8iLCJlbmFibGVkSW5OYXJyb3ciOiJhdXRvIiwiYWN0aXZlIjoiYXV0byJ9LCJjbWRTYXZlIjp7ImVuYWJsZWQiOiIwIiwiZW5hYmxlZEluTmFycm93IjoiYXV0byJ9LCJjbWRQcmludCI6eyJlbmFibGVkIjoiMCIsImVuYWJsZWRJbk5hcnJvdyI6ImF1dG8ifSwiY21kU2luZ2xlUGFnZSI6eyJlbmFibGVkIjoiYXV0byIsImVuYWJsZWRJbk5hcnJvdyI6ImF1dG8iLCJhY3RpdmUiOiJhdXRvIiwiYWN0aXZlRm9yTW9iaWxlIjoiYXV0byJ9LCJ3aWRUb29sYmFyIjp7ImVuYWJsZWQiOiJhdXRvIiwiZW5hYmxlZEluTmFycm93IjoiYXV0byJ9fX0sImF1dG9UaHVtYm5haWwiOiJodHRwczpcL1wvd3d3LmV1cm9rb2xpa29ubWFhaWxtYS5maVwvYmxvZ2lcL3dwLWNvbnRlbnRcL3VwbG9hZHNcLzNkLWZsaXAtYm9va1wvYXV0by10aHVtYm5haWxzXC80NDAxLnBuZyIsInBvc3RfbmFtZSI6Im1vdHVjLW1pbmljb21pYy0xIiwicG9zdF90eXBlIjoiM2QtZmxpcC1ib29rIn19LCJwYWdlcyI6W10sImZpcnN0UGFnZXMiOltdfQ==');window.FB3D_CLIENT_LOCALE && FB3D_CLIENT_LOCALE.render && FB3D_CLIENT_LOCALE.render();<\/script><\/p>\n","protected":false},"excerpt":{"rendered":"<p>Tuotekoodi: W8922 Thunder Punch He-Man &#8211; Heroic Leader with a Power Punch \u00a0 \u00a0 \u00a0 T\u00e4m\u00e4n hahmon mukana tuli 1. kolmesta vuonna 2012 julkaistusta minisarjiksesta. Oikea nimi:\u00a0Adam of the House of Randor When Skeletor\u00ae banished Randor to Despondos\u2122, he used &hellip; <a href=\"https:\/\/www.eurokolikonmaailma.fi\/?page_id=2288\">Lue loppuun <span class=\"meta-nav\">&rarr;<\/span><\/a><\/p>\n","protected":false},"author":1,"featured_media":0,"parent":1478,"menu_order":0,"comment_status":"open","ping_status":"open","template":"","meta":{"footnotes":""},"class_list":["post-2288","page","type-page","status-publish","hentry"],"_links":{"self":[{"href":"https:\/\/www.eurokolikonmaailma.fi\/index.php?rest_route=\/wp\/v2\/pages\/2288","targetHints":{"allow":["GET"]}}],"collection":[{"href":"https:\/\/www.eurokolikonmaailma.fi\/index.php?rest_route=\/wp\/v2\/pages"}],"about":[{"href":"https:\/\/www.eurokolikonmaailma.fi\/index.php?rest_route=\/wp\/v2\/types\/page"}],"author":[{"embeddable":true,"href":"https:\/\/www.eurokolikonmaailma.fi\/index.php?rest_route=\/wp\/v2\/users\/1"}],"replies":[{"embeddable":true,"href":"https:\/\/www.eurokolikonmaailma.fi\/index.php?rest_route=%2Fwp%2Fv2%2Fcomments&post=2288"}],"version-history":[{"count":4,"href":"https:\/\/www.eurokolikonmaailma.fi\/index.php?rest_route=\/wp\/v2\/pages\/2288\/revisions"}],"predecessor-version":[{"id":5745,"href":"https:\/\/www.eurokolikonmaailma.fi\/index.php?rest_route=\/wp\/v2\/pages\/2288\/revisions\/5745"}],"up":[{"embeddable":true,"href":"https:\/\/www.eurokolikonmaailma.fi\/index.php?rest_route=\/wp\/v2\/pages\/1478"}],"wp:attachment":[{"href":"https:\/\/www.eurokolikonmaailma.fi\/index.php?rest_route=%2Fwp%2Fv2%2Fmedia&parent=2288"}],"curies":[{"name":"wp","href":"https:\/\/api.w.org\/{rel}","templated":true}]}}