{"id":2285,"date":"2012-08-12T14:16:29","date_gmt":"2012-08-12T11:16:29","guid":{"rendered":"http:\/\/www.eurokolikonmaailma.fi\/blogi\/?page_id=2285"},"modified":"2012-09-26T19:04:23","modified_gmt":"2012-09-26T16:04:23","slug":"draego-man","status":"publish","type":"page","link":"https:\/\/www.eurokolikonmaailma.fi\/?page_id=2285","title":{"rendered":"Draego-Man"},"content":{"rendered":"<p><img decoding=\"async\" style=\"color: #000000; font-family: 'Times New Roman'; font-size: medium; font-weight: bold; line-height: normal; width: 123px; height: 47px;\" src=\"http:\/\/motu.eurokolikonmaailma.fi\/kuvat\/Draego_Man\/motuc.1.jpg\" alt=\"\" \/><img decoding=\"async\" style=\"color: #000000; font-family: 'Times New Roman'; font-size: medium; font-weight: bold; line-height: normal; width: 43px; height: 47px;\" src=\"http:\/\/motu.eurokolikonmaailma.fi\/kuvat\/Draego_Man\/clubMOTU30th_fullsizeimage.jpg\" alt=\"\" \/><img decoding=\"async\" style=\"color: #000000; font-family: 'Times New Roman'; font-size: medium; font-weight: bold; line-height: normal; width: 57px; height: 47px;\" src=\"http:\/\/motu.eurokolikonmaailma.fi\/kuvat\/Draego_Man\/30th_MOTUClogo.jpg\" alt=\"\" \/><br style=\"color: #000000; font-family: 'Times New Roman'; font-size: medium; font-weight: bold; line-height: normal;\" \/><span style=\"color: #000000; font-family: 'Times New Roman'; font-size: medium; line-height: normal;\">Tuotekoodi: W8898<\/span><\/p>\n<h1>Draego-Man<br \/>\n&#8211; Evil Fire-Breathing Menace<\/h1>\n<p><a href=\"http:\/\/motu.eurokolikonmaailma.fi\/kuvat\/Draego_Man\/dm_package_front-2.jpg\" target=\"_blank\"><img loading=\"lazy\" decoding=\"async\" title=\"Draego-Man pakkaus edest\u00e4\" src=\"http:\/\/motu.eurokolikonmaailma.fi\/kuvat\/Draego_Man\/dm_package_front-2.jpg\" alt=\"\" width=\"231\" height=\"336\" \/><\/a><a href=\"http:\/\/motu.eurokolikonmaailma.fi\/kuvat\/Draego_Man\/dm_cardback.jpg\" target=\"_blank\"><img loading=\"lazy\" decoding=\"async\" title=\"Draego-Man pakkaus takaa\" src=\"http:\/\/motu.eurokolikonmaailma.fi\/kuvat\/Draego_Man\/dm_cardback.jpg\" alt=\"\" width=\"239\" height=\"336\" \/><\/a>\u00a0<a href=\"http:\/\/motu.eurokolikonmaailma.fi\/kuvat\/Draego_Man\/dm_burst.jpg\" target=\"_blank\"><img loading=\"lazy\" decoding=\"async\" title=\"Draego-Man starburst\" src=\"http:\/\/motu.eurokolikonmaailma.fi\/kuvat\/Draego_Man\/dm_burst.jpg\" alt=\"\" width=\"151\" height=\"77\" \/><\/a><\/p>\n<p><em>\u00a0Masters of The Universe 30-vuotta juhlahahmo 2\/6, jonka on luonut Four Horsemen -ryhm\u00e4, joka yleens\u00e4kin vastaa Masters of the Universe Classics hahmosarjan hahmojen suunnittelusta.<\/em><\/p>\n<p><strong>Oikea nimi:<\/strong>\u00a0(Renounced his given Dragonian name)<\/p>\n<p>During the Great Wars, the Dragons of Darksmoke fought in many epic battles against King Grayskull\u00ae and the Snake Men\u2122. A magical half human half dragon creation of the Great Black Wizard, Draego-Man\u2122 was shunned by Granamyr and allied himself instead with the Free People of Eternia\u00ae. After the Truce of the Three Towers, Draego-Man\u2122 became so disgusted with the humans that he isolated himself from all civilization, living as an outcast in the Caverns of Rakash. After several millennia of bitter retreat, Draego-Man\u2122 discovered Skeletor\u2019s plans to enslave his dragon kin and use them as weapons against the Royal Palace. He returned from hiding to join Skeletor\u2019s Evil Warriors seeking revenge against all who betrayed him. Draego-Man\u2122 uses his flame breath and ability to manipulate fire to battle for the side of evil!<\/p>\n<p><em>Suurten Sotien aikana, Darksmoken lohik\u00e4\u00e4rmeet taistelivat monissa eeppisiss\u00e4 taisteluissa King Grayskullia ja K\u00e4\u00e4rmemiehi\u00e4 vastaan. Mahtavan Mustan Velhon luoma maaginen\u00a0ihmis-lohik\u00e4\u00e4rme-hybridi oli Granamyrin karsastama ja siksi h\u00e4n liittyikin Eternian vapaiden ihmisten joukkoihin. Kolmen Tornin Rauhan j\u00e4lkeen Draego-Man tymp\u00e4\u00e4ntyi ihmisiin niin paljon, ett\u00e4 h\u00e4n erist\u00e4ytyi kaikesta sivilisaatiosta, el\u00e4en syrj\u00e4ytyneen\u00e4 Rakashin luolissa. Useiden katkerien vuosituhansien piilottelun j\u00e4lkeen, Draego-Man sai selville Skeletorin aikeet orjuuttaa lohik\u00e4\u00e4rmeveljens\u00e4 ja k\u00e4ytt\u00e4\u00e4 heit\u00e4 aseina kuninkaallista palatsia vastaan. H\u00e4n palasi piilostaan liitty\u00e4kseen Skeletorin joukkoihin janoten kostoa kaikkia niit\u00e4 kohtaan, jotka pettiv\u00e4t h\u00e4net. Draego-Man k\u00e4ytt\u00e4\u00e4 liekkihenk\u00e4yst\u00e4\u00e4n ja kyky\u00e4\u00e4n manipuloida tulta taistellessaan pahuuden puolella!<\/em><\/p>\n<p><strong><span style=\"text-decoration: underline;\">Mukana tulevat varusteet:<\/span><\/strong><br \/>\n* liekkimiekka<\/p>\n<h2>L\u00e4hikuva<\/h2>\n<p><a href=\"http:\/\/motu.eurokolikonmaailma.fi\/kuvat\/Draego_Man\/dm_closeup.jpg\" target=\"_blank\"><img loading=\"lazy\" decoding=\"async\" title=\"Draego-Man l\u00e4hikuva\" src=\"http:\/\/motu.eurokolikonmaailma.fi\/kuvat\/Draego_Man\/dm_closeup.jpg\" alt=\"\" width=\"420\" height=\"304\" \/><\/a><\/p>\n<h2>Kokovartalokuvat<\/h2>\n<p><a href=\"http:\/\/motu.eurokolikonmaailma.fi\/kuvat\/Draego_Man\/dm_main.jpg\" target=\"_blank\"><img loading=\"lazy\" decoding=\"async\" title=\"Draego-Man aseistettuna\" src=\"http:\/\/motu.eurokolikonmaailma.fi\/kuvat\/Draego_Man\/dm_main.jpg\" alt=\"\" width=\"352\" height=\"497\" \/><\/a><a href=\"http:\/\/motu.eurokolikonmaailma.fi\/kuvat\/Draego_Man\/dm_front.jpg\" target=\"_blank\"><img loading=\"lazy\" decoding=\"async\" title=\"Draego-Man edest\u00e4\" src=\"http:\/\/motu.eurokolikonmaailma.fi\/kuvat\/Draego_Man\/dm_front.jpg\" alt=\"\" width=\"342\" height=\"497\" \/><\/a><a href=\"http:\/\/motu.eurokolikonmaailma.fi\/kuvat\/Draego_Man\/dm_angle1.jpg\" target=\"_blank\"><img loading=\"lazy\" decoding=\"async\" title=\"Draego-Man etuviistosta 1\" src=\"http:\/\/motu.eurokolikonmaailma.fi\/kuvat\/Draego_Man\/dm_angle1.jpg\" alt=\"\" width=\"353\" height=\"497\" \/><\/a><a href=\"http:\/\/motu.eurokolikonmaailma.fi\/kuvat\/Draego_Man\/dm_side1.jpg\" target=\"_blank\"><img loading=\"lazy\" decoding=\"async\" title=\"Draego-Man sivukuva 1\" src=\"http:\/\/motu.eurokolikonmaailma.fi\/kuvat\/Draego_Man\/dm_side1.jpg\" alt=\"\" width=\"264\" height=\"497\" \/><\/a><a href=\"http:\/\/motu.eurokolikonmaailma.fi\/kuvat\/Draego_Man\/dm_angle2.jpg\" target=\"_blank\"><img loading=\"lazy\" decoding=\"async\" title=\"Draego-Man takaviistosta 1\" src=\"http:\/\/motu.eurokolikonmaailma.fi\/kuvat\/Draego_Man\/dm_angle2.jpg\" alt=\"\" width=\"333\" height=\"497\" \/><\/a><a href=\"http:\/\/motu.eurokolikonmaailma.fi\/kuvat\/Draego_Man\/dm_back.jpg\" target=\"_blank\"><img loading=\"lazy\" decoding=\"async\" title=\"Draego-Man takaa\" src=\"http:\/\/motu.eurokolikonmaailma.fi\/kuvat\/Draego_Man\/dm_back.jpg\" alt=\"\" width=\"375\" height=\"497\" \/><\/a><a href=\"http:\/\/motu.eurokolikonmaailma.fi\/kuvat\/Draego_Man\/dm_angle3.jpg\" target=\"_blank\"><img loading=\"lazy\" decoding=\"async\" title=\"Draego-Man takaviistosta 2\" src=\"http:\/\/motu.eurokolikonmaailma.fi\/kuvat\/Draego_Man\/dm_angle3.jpg\" alt=\"\" width=\"337\" height=\"497\" \/><\/a><a href=\"http:\/\/motu.eurokolikonmaailma.fi\/kuvat\/Draego_Man\/dm_side2.jpg\" target=\"_blank\"><img loading=\"lazy\" decoding=\"async\" title=\"Draego-Man sivukuva 2\" src=\"http:\/\/motu.eurokolikonmaailma.fi\/kuvat\/Draego_Man\/dm_side2.jpg\" alt=\"\" width=\"259\" height=\"497\" \/><\/a><a href=\"http:\/\/motu.eurokolikonmaailma.fi\/kuvat\/Draego_Man\/dm_angle4.jpg\" target=\"_blank\"><img loading=\"lazy\" decoding=\"async\" title=\"Draego-Man etuviistosta 2\" src=\"http:\/\/motu.eurokolikonmaailma.fi\/kuvat\/Draego_Man\/dm_angle4.jpg\" alt=\"\" width=\"333\" height=\"497\" \/><\/a><\/p>\n<h2>Varusteet<\/h2>\n<p><a href=\"http:\/\/motu.eurokolikonmaailma.fi\/kuvat\/Draego_Man\/dm_sword.jpg\" target=\"_blank\"><img loading=\"lazy\" decoding=\"async\" title=\"Draego-Man miekka\" src=\"http:\/\/motu.eurokolikonmaailma.fi\/kuvat\/Draego_Man\/dm_sword.jpg\" alt=\"\" width=\"343\" height=\"122\" \/><\/a><\/p>\n","protected":false},"excerpt":{"rendered":"<p>Tuotekoodi: W8898 Draego-Man &#8211; Evil Fire-Breathing Menace \u00a0 \u00a0Masters of The Universe 30-vuotta juhlahahmo 2\/6, jonka on luonut Four Horsemen -ryhm\u00e4, joka yleens\u00e4kin vastaa Masters of the Universe Classics hahmosarjan hahmojen suunnittelusta. Oikea nimi:\u00a0(Renounced his given Dragonian name) During the &hellip; <a href=\"https:\/\/www.eurokolikonmaailma.fi\/?page_id=2285\">Lue loppuun <span class=\"meta-nav\">&rarr;<\/span><\/a><\/p>\n","protected":false},"author":1,"featured_media":0,"parent":1478,"menu_order":0,"comment_status":"open","ping_status":"open","template":"","meta":{"footnotes":""},"class_list":["post-2285","page","type-page","status-publish","hentry"],"_links":{"self":[{"href":"https:\/\/www.eurokolikonmaailma.fi\/index.php?rest_route=\/wp\/v2\/pages\/2285","targetHints":{"allow":["GET"]}}],"collection":[{"href":"https:\/\/www.eurokolikonmaailma.fi\/index.php?rest_route=\/wp\/v2\/pages"}],"about":[{"href":"https:\/\/www.eurokolikonmaailma.fi\/index.php?rest_route=\/wp\/v2\/types\/page"}],"author":[{"embeddable":true,"href":"https:\/\/www.eurokolikonmaailma.fi\/index.php?rest_route=\/wp\/v2\/users\/1"}],"replies":[{"embeddable":true,"href":"https:\/\/www.eurokolikonmaailma.fi\/index.php?rest_route=%2Fwp%2Fv2%2Fcomments&post=2285"}],"version-history":[{"count":6,"href":"https:\/\/www.eurokolikonmaailma.fi\/index.php?rest_route=\/wp\/v2\/pages\/2285\/revisions"}],"predecessor-version":[{"id":5715,"href":"https:\/\/www.eurokolikonmaailma.fi\/index.php?rest_route=\/wp\/v2\/pages\/2285\/revisions\/5715"}],"up":[{"embeddable":true,"href":"https:\/\/www.eurokolikonmaailma.fi\/index.php?rest_route=\/wp\/v2\/pages\/1478"}],"wp:attachment":[{"href":"https:\/\/www.eurokolikonmaailma.fi\/index.php?rest_route=%2Fwp%2Fv2%2Fmedia&parent=2285"}],"curies":[{"name":"wp","href":"https:\/\/api.w.org\/{rel}","templated":true}]}}