{"id":2279,"date":"2012-08-12T14:10:23","date_gmt":"2012-08-12T11:10:23","guid":{"rendered":"http:\/\/www.eurokolikonmaailma.fi\/blogi\/?page_id=2279"},"modified":"2025-05-30T16:41:19","modified_gmt":"2025-05-30T13:41:19","slug":"star-sister","status":"publish","type":"page","link":"https:\/\/www.eurokolikonmaailma.fi\/?page_id=2279","title":{"rendered":"Star Sister"},"content":{"rendered":"<p><img decoding=\"async\" style=\"color: #000000; font-family: 'Times New Roman'; font-size: medium; font-weight: bold; line-height: normal; width: 123px; height: 47px;\" src=\"http:\/\/motu.eurokolikonmaailma.fi\/kuvat\/Star_sisters\/motuc.1.jpg\" alt=\"\" \/><img decoding=\"async\" style=\"color: #000000; font-family: 'Times New Roman'; font-size: medium; font-weight: bold; line-height: normal; width: 96px; height: 47px;\" src=\"http:\/\/motu.eurokolikonmaailma.fi\/kuvat\/Star_sisters\/POP_logo.jpg\" alt=\"\" \/><img decoding=\"async\" style=\"color: #000000; font-family: 'Times New Roman'; font-size: medium; font-weight: bold; line-height: normal; width: 46px; height: 47px;\" src=\"http:\/\/motu.eurokolikonmaailma.fi\/kuvat\/Star_sisters\/clubeternia_burst.gif\" alt=\"\" \/><img decoding=\"async\" style=\"color: #000000; font-family: 'Times New Roman'; font-size: medium; font-weight: bold; line-height: normal; width: 57px; height: 47px;\" src=\"http:\/\/motu.eurokolikonmaailma.fi\/kuvat\/Star_sisters\/30th_MOTUClogo.jpg\" alt=\"\" \/><br style=\"color: #000000; font-family: 'Times New Roman'; font-size: medium; font-weight: bold; line-height: normal;\" \/><span style=\"color: #000000; font-family: 'Times New Roman'; font-size: medium; line-height: normal;\">Tuotekoodi: W8894<\/span><\/p>\n<h1>Star Sisters<\/h1>\n<h1>Tallstar &#8211; Lovely Lookout<br \/>\nJewelstar &#8211; Hidden Beauty<br \/>\nStarla &#8211; Bright and Beautiful Leader<\/h1>\n<p><img decoding=\"async\" src=\"http:\/\/motu.eurokolikonmaailma.fi\/kuvat\/Star_sisters\/W8894_fullsizeimage07.jpg\" alt=\"\" \/>\u00a0 \u00a0 \u00a0<img decoding=\"async\" style=\"width: 237px; height: 226px;\" src=\"http:\/\/motu.eurokolikonmaailma.fi\/kuvat\/Star_sisters\/W8894_fullsizeimage08.jpg\" alt=\"\" \/><\/p>\n<p><strong>Oikeat nimet:<\/strong><br \/>\n*\u00a0Tallstar &#8211; Cassandra<br \/>\n*\u00a0Jewelstar &#8211; Devena<br \/>\n*\u00a0Starla &#8211; Gemma<\/p>\n<p>In ancient times, an evil sorceress became jealous of the Star Sisters\u2019 youth and beauty and trapped them in a shooting star. It was sent hurling through the cosmos until the three women crash-landed on Etheria. There, they remained magically confined in the side of a mountain until the day Swiftwind\u2019s hooves accidently loosened the stone that concealed their prison. She-Ra\u00ae quickly used her powers to melt away the star that held them captive. In gratitude, the sisters pledged their everlasting friendship. Jewelstar\u2122 magically conjures gem armor to protect herself and others. Tallstar\u2122 uses her magic to stretch to unbelievable lengths. Starla\u2122, with her pet Glorybird, can sense danger and project spells of light against her foes. Together, they stand side-by-side with She-Ra\u00ae in the battle for freedom.<\/p>\n<p><em>Muinaisina aikoina, paha velhotar tuli kateelliseksi T\u00e4htisisarten (Star\u00a0 Sisters) nuoruudesta ja kauneudesta, ja vangitsi heid\u00e4t tahdenlentoon. Se\u00a0 l\u00e4hetettiin lentelem\u00e4\u00e4n ymp\u00e4ri kosmosta, kunnes kolme naista rys\u00e4htiv\u00e4t\u00a0 Etherialle. Siell\u00e4 he pysyiv\u00e4t maagisesti vangittuina vuorensein\u00e4m\u00e4\u00e4n, kunnes\u00a0 er\u00e4\u00e4n\u00e4 p\u00e4iv\u00e4n\u00e4 Myrskytuulen (Swift Wind) kaviot vahingossa l\u00f6ysytti kive\u00e4 joka\u00a0 k\u00e4tki heid\u00e4n vankilansa. She-Ra nopeasti k\u00e4ytti voimiaan sulattaakseen t\u00e4hden,\u00a0 joka piti heid\u00e4t vankeina. Osoittaakseen kiitollisuutensa, sisaret vannoivat\u00a0 ikuista yst\u00e4vyytt\u00e4. Jewelstar maagisesti loihtii itselleen jalokivi haarniskan\u00a0 suojellaakseen itse\u00e4\u00e4n ja muita. Tallstar k\u00e4ytt\u00e4\u00e4 taikaansa veny\u00e4kseen\u00a0 uskomattomiin korkeuksiin. Starla yhdess\u00e4 lemmikkins\u00e4 Glorybirdin kanssa, voi\u00a0 vaistota vaaran ja singota valoloitsuja vihollisiaan vastaan. Yhdess\u00e4, he\u00a0 seisovat She-Ran vierell\u00e4 taistelussa vapauden puolesta.<\/em><\/p>\n<p><strong><span style=\"text-decoration: underline;\">Mukana tulevat varusteet:<\/span><\/strong><br \/>\n* kolme sauvaa<br \/>\n* Glorybird -lintu + orsi<br \/>\n* pidennyspalikoita Tallstar -hahmolle<\/p>\n<h2>Videoesittelyni hahmoista:<\/h2>\n<p><strong>Suomi<\/strong><\/p>\n<p><iframe loading=\"lazy\" title=\"Masters of the Universe Classics Star Sisters (Finnish)\" width=\"640\" height=\"360\" src=\"https:\/\/www.youtube.com\/embed\/7IEv7fwkTBI?feature=oembed\" frameborder=\"0\" allow=\"accelerometer; autoplay; clipboard-write; encrypted-media; gyroscope; picture-in-picture; web-share\" referrerpolicy=\"strict-origin-when-cross-origin\" allowfullscreen><\/iframe><\/p>\n<p><strong>In English<\/strong><\/p>\n<p><iframe loading=\"lazy\" title=\"Masters of the Universe Classics Star Sisters (English)\" width=\"640\" height=\"360\" src=\"https:\/\/www.youtube.com\/embed\/74Tq-ecWpGY?feature=oembed\" frameborder=\"0\" allow=\"accelerometer; autoplay; clipboard-write; encrypted-media; gyroscope; picture-in-picture; web-share\" referrerpolicy=\"strict-origin-when-cross-origin\" allowfullscreen><\/iframe><\/p>\n","protected":false},"excerpt":{"rendered":"<p>Tuotekoodi: W8894 Star Sisters Tallstar &#8211; Lovely Lookout Jewelstar &#8211; Hidden Beauty Starla &#8211; Bright and Beautiful Leader \u00a0 \u00a0 \u00a0 Oikeat nimet: *\u00a0Tallstar &#8211; Cassandra *\u00a0Jewelstar &#8211; Devena *\u00a0Starla &#8211; Gemma In ancient times, an evil sorceress became jealous &hellip; <a href=\"https:\/\/www.eurokolikonmaailma.fi\/?page_id=2279\">Lue loppuun <span class=\"meta-nav\">&rarr;<\/span><\/a><\/p>\n","protected":false},"author":1,"featured_media":0,"parent":1478,"menu_order":0,"comment_status":"open","ping_status":"open","template":"","meta":{"footnotes":""},"class_list":["post-2279","page","type-page","status-publish","hentry"],"_links":{"self":[{"href":"https:\/\/www.eurokolikonmaailma.fi\/index.php?rest_route=\/wp\/v2\/pages\/2279","targetHints":{"allow":["GET"]}}],"collection":[{"href":"https:\/\/www.eurokolikonmaailma.fi\/index.php?rest_route=\/wp\/v2\/pages"}],"about":[{"href":"https:\/\/www.eurokolikonmaailma.fi\/index.php?rest_route=\/wp\/v2\/types\/page"}],"author":[{"embeddable":true,"href":"https:\/\/www.eurokolikonmaailma.fi\/index.php?rest_route=\/wp\/v2\/users\/1"}],"replies":[{"embeddable":true,"href":"https:\/\/www.eurokolikonmaailma.fi\/index.php?rest_route=%2Fwp%2Fv2%2Fcomments&post=2279"}],"version-history":[{"count":5,"href":"https:\/\/www.eurokolikonmaailma.fi\/index.php?rest_route=\/wp\/v2\/pages\/2279\/revisions"}],"predecessor-version":[{"id":5741,"href":"https:\/\/www.eurokolikonmaailma.fi\/index.php?rest_route=\/wp\/v2\/pages\/2279\/revisions\/5741"}],"up":[{"embeddable":true,"href":"https:\/\/www.eurokolikonmaailma.fi\/index.php?rest_route=\/wp\/v2\/pages\/1478"}],"wp:attachment":[{"href":"https:\/\/www.eurokolikonmaailma.fi\/index.php?rest_route=%2Fwp%2Fv2%2Fmedia&parent=2279"}],"curies":[{"name":"wp","href":"https:\/\/api.w.org\/{rel}","templated":true}]}}