{"id":2269,"date":"2012-08-12T13:56:48","date_gmt":"2012-08-12T10:56:48","guid":{"rendered":"http:\/\/www.eurokolikonmaailma.fi\/blogi\/?page_id=2269"},"modified":"2012-08-12T13:56:48","modified_gmt":"2012-08-12T10:56:48","slug":"fisto","status":"publish","type":"page","link":"https:\/\/www.eurokolikonmaailma.fi\/?page_id=2269","title":{"rendered":"Fisto"},"content":{"rendered":"<p><img decoding=\"async\" style=\"color: #000000; font-family: 'Times New Roman'; font-size: medium; font-weight: bold; line-height: normal; width: 123px; height: 47px;\" src=\"http:\/\/motu.eurokolikonmaailma.fi\/kuvat\/fisto\/motuc.1.jpg\" alt=\"\" \/><img decoding=\"async\" style=\"color: #000000; font-family: 'Times New Roman'; font-size: medium; font-weight: bold; line-height: normal; width: 46px; height: 47px;\" src=\"http:\/\/motu.eurokolikonmaailma.fi\/kuvat\/fisto\/clubeternia_burst.gif\" alt=\"\" \/><img decoding=\"async\" style=\"color: #000000; font-family: 'Times New Roman'; font-size: medium; font-weight: bold; line-height: normal; width: 57px; height: 47px;\" src=\"http:\/\/motu.eurokolikonmaailma.fi\/kuvat\/fisto\/30th_MOTUClogo.jpg\" alt=\"\" \/><br style=\"color: #000000; font-family: 'Times New Roman'; font-size: medium; font-weight: bold; line-height: normal;\" \/><span style=\"color: #000000; font-family: 'Times New Roman'; font-size: medium; line-height: normal;\">Tuotekoodi: W8902<\/span><\/p>\n<h1>Fisto<br \/>\n&#8211; Heroic Hand-to-Hand Fighter<\/h1>\n<p><img decoding=\"async\" style=\"width: 217px; height: 309px;\" src=\"http:\/\/motu.eurokolikonmaailma.fi\/kuvat\/fisto\/W8902_fullsizeimage05.jpg\" alt=\"\" \/>\u00a0 \u00a0 \u00a0<img decoding=\"async\" src=\"http:\/\/motu.eurokolikonmaailma.fi\/kuvat\/fisto\/W8902_fullsizeimage04.jpg\" alt=\"\" \/><\/p>\n<p><strong>Oikea nimi:<\/strong>\u00a0Malcom<\/p>\n<p>The older brother of Duncan\u2122, Randor\u2019s first Man-At-Arms\u00ae, Malcom served under King Miro\u2122 during the Great Unrest but was wounded in battle and stricken with magical amnesia. Wandering through Eternia\u00ae, he settled in the Mystic Mountains in a mining settlement, unable to piece together how he lost his battalion. His life changed when the Snake Men\u2122 attacked his town and he helped save the Masters of the Universe\u00ae from their trap. But in doing so, Malcom shattered his right hand. In gratitude, Duncan\u2122 replaced it with a robotic strong arm. Now known as Fisto\u2122, he has made up with his brother and fights as a heroic member of the Masters of the Universe\u00ae smashing evil with his giant knuckles!<\/p>\n<p><em>Duncanin, Randorin ensimm\u00e4isen Asemiehen, isoveli, Malcom palveli King Miroa Suuren Levottomuuden aikana, haavoittuen taistelussa ja saaden maagisen muistin menetyksen. Eternian l\u00e4pi vaeltaen, h\u00e4n asettui Mystisille Vuorille kaivoskyl\u00e4\u00e4n pystym\u00e4tt\u00e4 muistamaan kuinka h\u00e4n menetti pataljoonansa. H\u00e4nen el\u00e4m\u00e4ns\u00e4 muuttui, kun K\u00e4\u00e4rmemiehet hy\u00f6kk\u00e4siv\u00e4t h\u00e4nen kyl\u00e4\u00e4ns\u00e4 ja h\u00e4n auttoi pelastamaan Masters of the Universe -ryhm\u00e4n K\u00e4\u00e4rmiemiesten asettamasta ansasta. Mutta tehdess\u00e4\u00e4n sen, Malcom mursi oikean k\u00e4tens\u00e4. Kiitollisena avusta, Duncan korvasi Malcomin murtuneen k\u00e4den voimakkaalla robottik\u00e4dell\u00e4. Nyt k\u00e4ytt\u00e4en nime\u00e4 Fisto, h\u00e4n on sopimus riitansa veljens\u00e4 kanssa ja taistelee Masters of the Universe -ryhm\u00e4n j\u00e4senen\u00e4,\u00a0 m\u00e4iskien pahuuden taistelijoita j\u00e4ttim\u00e4isill\u00e4 rystysill\u00e4\u00e4n!<\/em><\/p>\n<p><strong><span style=\"text-decoration: underline;\">Mukana tulevat varusteet:<\/span><\/strong><br \/>\n* kaksi miekkaa<br \/>\n* Extra p\u00e4\u00e4<br \/>\n* vy\u00f6<\/p>\n","protected":false},"excerpt":{"rendered":"<p>Tuotekoodi: W8902 Fisto &#8211; Heroic Hand-to-Hand Fighter \u00a0 \u00a0 \u00a0 Oikea nimi:\u00a0Malcom The older brother of Duncan\u2122, Randor\u2019s first Man-At-Arms\u00ae, Malcom served under King Miro\u2122 during the Great Unrest but was wounded in battle and stricken with magical amnesia. Wandering &hellip; <a href=\"https:\/\/www.eurokolikonmaailma.fi\/?page_id=2269\">Lue loppuun <span class=\"meta-nav\">&rarr;<\/span><\/a><\/p>\n","protected":false},"author":1,"featured_media":0,"parent":1478,"menu_order":0,"comment_status":"open","ping_status":"open","template":"","meta":{"footnotes":""},"class_list":["post-2269","page","type-page","status-publish","hentry"],"_links":{"self":[{"href":"https:\/\/www.eurokolikonmaailma.fi\/index.php?rest_route=\/wp\/v2\/pages\/2269","targetHints":{"allow":["GET"]}}],"collection":[{"href":"https:\/\/www.eurokolikonmaailma.fi\/index.php?rest_route=\/wp\/v2\/pages"}],"about":[{"href":"https:\/\/www.eurokolikonmaailma.fi\/index.php?rest_route=\/wp\/v2\/types\/page"}],"author":[{"embeddable":true,"href":"https:\/\/www.eurokolikonmaailma.fi\/index.php?rest_route=\/wp\/v2\/users\/1"}],"replies":[{"embeddable":true,"href":"https:\/\/www.eurokolikonmaailma.fi\/index.php?rest_route=%2Fwp%2Fv2%2Fcomments&post=2269"}],"version-history":[{"count":2,"href":"https:\/\/www.eurokolikonmaailma.fi\/index.php?rest_route=\/wp\/v2\/pages\/2269\/revisions"}],"predecessor-version":[{"id":2417,"href":"https:\/\/www.eurokolikonmaailma.fi\/index.php?rest_route=\/wp\/v2\/pages\/2269\/revisions\/2417"}],"up":[{"embeddable":true,"href":"https:\/\/www.eurokolikonmaailma.fi\/index.php?rest_route=\/wp\/v2\/pages\/1478"}],"wp:attachment":[{"href":"https:\/\/www.eurokolikonmaailma.fi\/index.php?rest_route=%2Fwp%2Fv2%2Fmedia&parent=2269"}],"curies":[{"name":"wp","href":"https:\/\/api.w.org\/{rel}","templated":true}]}}