{"id":2265,"date":"2012-08-12T13:53:07","date_gmt":"2012-08-12T10:53:07","guid":{"rendered":"http:\/\/www.eurokolikonmaailma.fi\/blogi\/?page_id=2265"},"modified":"2012-08-12T13:53:07","modified_gmt":"2012-08-12T10:53:07","slug":"sorceress","status":"publish","type":"page","link":"https:\/\/www.eurokolikonmaailma.fi\/?page_id=2265","title":{"rendered":"Sorceress"},"content":{"rendered":"<p><img decoding=\"async\" style=\"color: #000000; font-family: 'Times New Roman'; font-size: medium; font-weight: bold; line-height: normal; width: 123px; height: 47px;\" src=\"http:\/\/motu.eurokolikonmaailma.fi\/kuvat\/sorceress\/motuc.1.jpg\" alt=\"\" \/><img decoding=\"async\" style=\"color: #000000; font-family: 'Times New Roman'; font-size: medium; font-weight: bold; line-height: normal; width: 46px; height: 47px;\" src=\"http:\/\/motu.eurokolikonmaailma.fi\/kuvat\/sorceress\/clubeternia_burst.gif\" alt=\"\" \/><img decoding=\"async\" style=\"color: #000000; font-family: 'Times New Roman'; font-size: medium; font-weight: bold; line-height: normal; width: 57px; height: 47px;\" src=\"http:\/\/motu.eurokolikonmaailma.fi\/kuvat\/sorceress\/30th_MOTUClogo.jpg\" alt=\"\" \/><br style=\"color: #000000; font-family: 'Times New Roman'; font-size: medium; font-weight: bold; line-height: normal;\" \/><span style=\"color: #000000; font-family: 'Times New Roman'; font-size: medium; line-height: normal;\">Tuotekoodi: W8915<\/span><\/p>\n<h1>Sorceress<br \/>\n&#8211; \u00a0Heroic Guardian of Castle Grayskull<\/h1>\n<p><img loading=\"lazy\" decoding=\"async\" style=\"width: 214px; height: 311px;\" src=\"http:\/\/motu.eurokolikonmaailma.fi\/kuvat\/sorceress\/Sorceress_fullsizeimage06.jpg\" alt=\"\" width=\"230\" height=\"335\" \/>\u00a0 \u00a0 \u00a0<img decoding=\"async\" src=\"http:\/\/motu.eurokolikonmaailma.fi\/kuvat\/sorceress\/Sorceress_fullsizeimage07.jpg\" alt=\"\" \/><\/p>\n<p><strong>Oikea nimi:<\/strong>\u00a0Teela&#8217;na<\/p>\n<p>Growing up in a small Eternian village, Teela\u2019na helped defend her people from a Horde Scout ship that had discovered her planet on a magic locating mission. Recognized for her loyalty, courage and wisdom, the current aging Sorceress\u00ae chose Teela\u2019na to take up her title and defend Castle Grayskull\u2019s secrets for the next generation. During her reign as Sorceress\u00ae, Teela\u2019na not only cast the spell to clone the Sword of He, she was also cloned herself by Skeletor\u00ae who desired a magic-wielding bride to pass on his legacy. With the help of Man-At-Arms\u00ae, Teela\u2019na saved the cloned child. And it was through her undying love and devotion to this baby girl that Teela&#8217;na gave her up to Man-At-Arms\u00ae, awaiting the day when her daughter would become the new Sorceress\u00ae and Guardian of Castle Grayskull&#8217;s secrets.<\/p>\n<p><em>Pienen eternialaisen kyl\u00e4n kasvatti, Teela&#8217;na auttoi kansaansa puolustautumaan\u00a0 Hordien tiedustelualukselta, joka oli l\u00f6yt\u00e4nyt h\u00e4nen planeettansa taikavoimien\u00a0 etsint\u00e4 matkallaan. Tunnustaen h\u00e4nen lojaaliutensa, rohkeutensa ja viisautensa,\u00a0 nykyinen vanheneva Velhotar valitsi Teela&#8217;nan ottamaan h\u00e4nen roolinsa ja\u00a0 puolustamaan P\u00e4\u00e4kallolinnan salaisuuksia seuraavan sukupolven ajan.\u00a0 Velhottarena, Teela&#8217;na ei vain tehnyt taikaa, joka kloonasi Voimamiekan, mutta\u00a0 h\u00e4n my\u00f6s kloonasi itsens\u00e4 Skeletorin toimesta, koska Skeletor halusi itselleen\u00a0 taikavoimat omaavan morsiamen jatkaakseen perint\u00f6\u00e4\u00e4n. Asemiehen avulla, Teela&#8217;na\u00a0 pelasti kloonatun lapsen ja se oli h\u00e4nen kuolematon rakkautensa, ett\u00e4\u00a0 omistautumisensa t\u00e4lle tytt\u00f6vauvalle, mik\u00e4 johti h\u00e4net antamaan tyt\u00f6n\u00a0 Asemiehelle, odottamaan p\u00e4iv\u00e4\u00e4, jolloin h\u00e4nen tytt\u00e4rest\u00e4\u00e4n tulisi uusi Velhotar\u00a0 ja P\u00e4\u00e4kallolinnan salaisuuksien vartija.<\/em><\/p>\n<p><strong><span style=\"text-decoration: underline;\">Mukana tulevat varusteet:<\/span><\/strong><br \/>\n* taikasauva<br \/>\n* Zoar + orsi ja haarniska<\/p>\n","protected":false},"excerpt":{"rendered":"<p>Tuotekoodi: W8915 Sorceress &#8211; \u00a0Heroic Guardian of Castle Grayskull \u00a0 \u00a0 \u00a0 Oikea nimi:\u00a0Teela&#8217;na Growing up in a small Eternian village, Teela\u2019na helped defend her people from a Horde Scout ship that had discovered her planet on a magic locating &hellip; <a href=\"https:\/\/www.eurokolikonmaailma.fi\/?page_id=2265\">Lue loppuun <span class=\"meta-nav\">&rarr;<\/span><\/a><\/p>\n","protected":false},"author":1,"featured_media":0,"parent":1478,"menu_order":0,"comment_status":"open","ping_status":"open","template":"","meta":{"footnotes":""},"class_list":["post-2265","page","type-page","status-publish","hentry"],"_links":{"self":[{"href":"https:\/\/www.eurokolikonmaailma.fi\/index.php?rest_route=\/wp\/v2\/pages\/2265","targetHints":{"allow":["GET"]}}],"collection":[{"href":"https:\/\/www.eurokolikonmaailma.fi\/index.php?rest_route=\/wp\/v2\/pages"}],"about":[{"href":"https:\/\/www.eurokolikonmaailma.fi\/index.php?rest_route=\/wp\/v2\/types\/page"}],"author":[{"embeddable":true,"href":"https:\/\/www.eurokolikonmaailma.fi\/index.php?rest_route=\/wp\/v2\/users\/1"}],"replies":[{"embeddable":true,"href":"https:\/\/www.eurokolikonmaailma.fi\/index.php?rest_route=%2Fwp%2Fv2%2Fcomments&post=2265"}],"version-history":[{"count":2,"href":"https:\/\/www.eurokolikonmaailma.fi\/index.php?rest_route=\/wp\/v2\/pages\/2265\/revisions"}],"predecessor-version":[{"id":5739,"href":"https:\/\/www.eurokolikonmaailma.fi\/index.php?rest_route=\/wp\/v2\/pages\/2265\/revisions\/5739"}],"up":[{"embeddable":true,"href":"https:\/\/www.eurokolikonmaailma.fi\/index.php?rest_route=\/wp\/v2\/pages\/1478"}],"wp:attachment":[{"href":"https:\/\/www.eurokolikonmaailma.fi\/index.php?rest_route=%2Fwp%2Fv2%2Fmedia&parent=2265"}],"curies":[{"name":"wp","href":"https:\/\/api.w.org\/{rel}","templated":true}]}}