{"id":2228,"date":"2012-08-09T22:36:08","date_gmt":"2012-08-09T19:36:08","guid":{"rendered":"http:\/\/www.eurokolikonmaailma.fi\/blogi\/?page_id=2228"},"modified":"2025-05-30T14:12:25","modified_gmt":"2025-05-30T11:12:25","slug":"castle-grayskull-diorama-stands","status":"publish","type":"page","link":"https:\/\/www.eurokolikonmaailma.fi\/?page_id=2228","title":{"rendered":"Castle Grayskull Diorama Stands"},"content":{"rendered":"<p><img loading=\"lazy\" decoding=\"async\" src=\"http:\/\/motu.eurokolikonmaailma.fi\/kuvat\/Grayskull_stands\/motuc.1.jpg\" alt=\"\" width=\"118\" height=\"47\" border=\"0\" \/><br \/>\nTuotekoodi: R6246<\/p>\n<h1>Castle Grayskull Diorama Stands<\/h1>\n<p><a href=\"http:\/\/motu.eurokolikonmaailma.fi\/kuvat\/Grayskull_stands\/R6246_fullsizeimage04.jpg\" target=\"_blank\" rel=\"noopener\"><img loading=\"lazy\" decoding=\"async\" style=\"border: 0px;\" title=\"hahmojalustat pakkaus\" src=\"http:\/\/motu.eurokolikonmaailma.fi\/kuvat\/Grayskull_stands\/R6246_fullsizeimage04.jpg\" alt=\"\" width=\"238\" height=\"248\" border=\"0\" \/><\/a><\/p>\n<p>1 pakkaus sis\u00e4lt\u00e4\u00e4 5 kpl hahmojalustoja ($12 \/ pkt)<\/p>\n<p><strong>Loppuunmyynti aika (1. julkaisu):<\/strong>\u00a03 tuntia 30 min<\/p>\n<h2>Videoesittelyni tuotteesta:<\/h2>\n<p><strong>Suomi<\/strong><\/p>\n<p><iframe loading=\"lazy\" title=\"Masters of the Universe Classics Grayskull Diorama Stands (Finnish)\" width=\"640\" height=\"360\" src=\"https:\/\/www.youtube.com\/embed\/FlqfxaOF9co?feature=oembed\" frameborder=\"0\" allow=\"accelerometer; autoplay; clipboard-write; encrypted-media; gyroscope; picture-in-picture; web-share\" referrerpolicy=\"strict-origin-when-cross-origin\" allowfullscreen><\/iframe><\/p>\n<p><strong>In English<\/strong><\/p>\n<p><iframe loading=\"lazy\" title=\"Masters of the Universe Grayskull Diorama Stands (English)\" width=\"640\" height=\"360\" src=\"https:\/\/www.youtube.com\/embed\/O5tAJHoXk8U?feature=oembed\" frameborder=\"0\" allow=\"accelerometer; autoplay; clipboard-write; encrypted-media; gyroscope; picture-in-picture; web-share\" referrerpolicy=\"strict-origin-when-cross-origin\" allowfullscreen><\/iframe><\/p>\n","protected":false},"excerpt":{"rendered":"<p>Tuotekoodi: R6246 Castle Grayskull Diorama Stands 1 pakkaus sis\u00e4lt\u00e4\u00e4 5 kpl hahmojalustoja ($12 \/ pkt) Loppuunmyynti aika (1. julkaisu):\u00a03 tuntia 30 min Videoesittelyni tuotteesta: Suomi In English<\/p>\n","protected":false},"author":1,"featured_media":0,"parent":292,"menu_order":0,"comment_status":"open","ping_status":"open","template":"","meta":{"footnotes":""},"class_list":["post-2228","page","type-page","status-publish","hentry"],"_links":{"self":[{"href":"https:\/\/www.eurokolikonmaailma.fi\/index.php?rest_route=\/wp\/v2\/pages\/2228","targetHints":{"allow":["GET"]}}],"collection":[{"href":"https:\/\/www.eurokolikonmaailma.fi\/index.php?rest_route=\/wp\/v2\/pages"}],"about":[{"href":"https:\/\/www.eurokolikonmaailma.fi\/index.php?rest_route=\/wp\/v2\/types\/page"}],"author":[{"embeddable":true,"href":"https:\/\/www.eurokolikonmaailma.fi\/index.php?rest_route=\/wp\/v2\/users\/1"}],"replies":[{"embeddable":true,"href":"https:\/\/www.eurokolikonmaailma.fi\/index.php?rest_route=%2Fwp%2Fv2%2Fcomments&post=2228"}],"version-history":[{"count":6,"href":"https:\/\/www.eurokolikonmaailma.fi\/index.php?rest_route=\/wp\/v2\/pages\/2228\/revisions"}],"predecessor-version":[{"id":5630,"href":"https:\/\/www.eurokolikonmaailma.fi\/index.php?rest_route=\/wp\/v2\/pages\/2228\/revisions\/5630"}],"up":[{"embeddable":true,"href":"https:\/\/www.eurokolikonmaailma.fi\/index.php?rest_route=\/wp\/v2\/pages\/292"}],"wp:attachment":[{"href":"https:\/\/www.eurokolikonmaailma.fi\/index.php?rest_route=%2Fwp%2Fv2%2Fmedia&parent=2228"}],"curies":[{"name":"wp","href":"https:\/\/api.w.org\/{rel}","templated":true}]}}