{"id":2215,"date":"2012-08-09T21:59:48","date_gmt":"2012-08-09T18:59:48","guid":{"rendered":"http:\/\/www.eurokolikonmaailma.fi\/blogi\/?page_id=2215"},"modified":"2012-08-09T22:27:33","modified_gmt":"2012-08-09T19:27:33","slug":"mo-larr-vs-skeletor","status":"publish","type":"page","link":"https:\/\/www.eurokolikonmaailma.fi\/?page_id=2215","title":{"rendered":"Mo-Larr vs. Skeletor"},"content":{"rendered":"<p><img loading=\"lazy\" decoding=\"async\" src=\"http:\/\/motu.eurokolikonmaailma.fi\/kuvat\/molarr\/motuc.1.jpg\" alt=\"\" width=\"118\" height=\"47\" border=\"0\" \/><img loading=\"lazy\" decoding=\"async\" src=\"http:\/\/motu.eurokolikonmaailma.fi\/kuvat\/molarr\/show-title.png\" alt=\"\" width=\"102\" height=\"47\" border=\"0\" \/><img loading=\"lazy\" decoding=\"async\" src=\"http:\/\/motu.eurokolikonmaailma.fi\/kuvat\/molarr\/comic_con_logo.jpg\" alt=\"\" width=\"39\" height=\"47\" border=\"0\" \/><br \/>\nTuotekoodi: T3071<\/p>\n<h1>Mo-Larr\u00a0(Eternian Denstist) vs. Skeletor (Lord of Destruction)<\/h1>\n<p><a href=\"http:\/\/motu.eurokolikonmaailma.fi\/kuvat\/molarr\/mo_larr_package_front.jpg\" target=\"_blank\"><img loading=\"lazy\" decoding=\"async\" style=\"border: 0px;\" title=\"Mo-Larr pakkaus edest\u00e4\" src=\"http:\/\/motu.eurokolikonmaailma.fi\/kuvat\/molarr\/mo_larr_package_front.jpg\" alt=\"\" width=\"415\" height=\"250\" border=\"0\" \/><\/a><a href=\"http:\/\/motu.eurokolikonmaailma.fi\/kuvat\/molarr\/mo_larr_package_back.jpg\" target=\"_blank\"><img loading=\"lazy\" decoding=\"async\" style=\"border: 0px;\" title=\"Mo-Larr pakkaus takaa\" src=\"http:\/\/motu.eurokolikonmaailma.fi\/kuvat\/molarr\/mo_larr_package_back.jpg\" alt=\"\" width=\"432\" height=\"250\" border=\"0\" \/><\/a><\/p>\n<p>Mattelin ja Robot Chicken tuotantoryhm\u00e4n yhteisty\u00f6n tuloksena syntynyt Mo-Larr vs Skeletor 2-pack on toinen kahdesta virallisesta vuoden 2010 MOTUC SDCC spesiaalituotteesta. Mo-Larr pohjautuu Robot Chicken ohjelman 2. tuotantokaudella esitettyyn sketsiin. T\u00e4m\u00e4 2-pack oli saatavissa ainoastaan SDCC-messuilta 21.-25.7.2010, sek\u00e4 2.8.2010 Mattycollector.com -verkkokaupasta. Messuilla ja Mattycollectorissa myyt\u00e4vien versioiden v\u00e4lill\u00e4 ei ollut mink\u00e4\u00e4nlaisia eroavaisuuksia vaan ne olivat identtiset.<\/p>\n<p><strong>Oikea nimi:<\/strong>\u00a0Dr. Moe Larrstein<\/p>\n<p>When an impacted wisdom tooth or an infected molar threatens the oral health of anyone in the Dark or Light Hemispheres, Mo-Larr, Eternian Dentist, is called! Relentlessly dedicated to his craft, Mo-Larr has been known to travel to the gates of Snake Mountain\u2122 itself to insist his clients keep their appointments! Whether hero or villain, it&#8217;s all the same to Mo-Larr \u2014 the sworn enemy of all Eternian cavities!<\/p>\n<p><em>Kun tulehtunut tai reikiintynyt kulmahammas uhkaa kenen tahansa suuhygieniaa Pime\u00e4ll\u00e4 tai Valoisalla Pallonpuoliskolla, Mo-Larr, eternian hammasl\u00e4\u00e4k\u00e4ri kutsutaan apuun! Uupumattomasti ty\u00f6lleen omistautunut, Mo-Larin tiedet\u00e4\u00e4n kulkeneen itsens\u00e4 K\u00e4\u00e4rmevuoren porteille vaatimaan, ett\u00e4 h\u00e4nen asiakkaansa pit\u00e4isiv\u00e4t tapaamisajoistaan kiinni! Olipa kyseess\u00e4 sankari tai pahis, sill\u00e4 ei ole merkityst\u00e4 Mo-Larille &#8211; kaikkien Eternian reikien vannoutuneelle viholliselle!<\/em><\/p>\n<p><strong>Oikea nimi:<\/strong>\u00a0Keldor\u2122<\/p>\n<p>Although lacking any skin, Skeletor&#8217;s bony exterior has left him open to oral decay and poor dental hygiene. When his wails of pain become too much, his servants Grizzlor and Beast Man have been known to call upon the only expert in Eternia who can help &#8211; Mo-Larr, Eternian Dentist! Quick to forget, Skeletor often loses track track of his appointments, distracted by his massage chair and Eternian periodical collection.<\/p>\n<p><em>Vaikkei h\u00e4nell\u00e4 ihoa olekaan, Skeletorin luinen ulkokuori on j\u00e4tt\u00e4nyt h\u00e4net alttiiksi hammasm\u00e4d\u00e4lle ja huonolle suuhygienialle. Kun h\u00e4nen kivusta huutonsa alkavat olla liikaa, h\u00e4nen palvelijoidensa Grizzlorin ja Beast Manin tiedet\u00e4\u00e4n ottaneen yhteytt\u00e4 Eternian ainoaan ammattilaiseen, joka voi auttaa &#8211; Mo-Lariin, Eternian hammasl\u00e4\u00e4k\u00e4riin! Hajamielinen Skeletor, istuskellessaan hieromatuolissaan ja lehti\u00e4\u00e4n lukien,\u00a0 usein menett\u00e4\u00e4 ajantajunsa ja unohtaa hammasl\u00e4\u00e4k\u00e4riaikansa.<\/em><\/p>\n<p><span style=\"text-decoration: underline;\"><strong>Pakkauksessa tulee mukana:<\/strong><\/span><br \/>\n* Skeletor uudenlaisella p\u00e4\u00e4ll\u00e4, josta puuttu yksi hammas<br \/>\n* Skeletorin aseet: kokonainen ja puolikas miekka, sek\u00e4 tuhosauva<br \/>\n* Mo-Larr<br \/>\n* Mo-Larrin varusteet: hammaslanka, pora, pihdit, hammaspeili, hammasraaputin<\/p>\n<p><strong>Pakkauksen hinta:<\/strong>\u00a0$40,00<\/p>\n<p><strong>Loppuunmyynti aika (Mattycollector-myynti):<\/strong>\u00a02 p\u00e4iv\u00e4\u00e4 3 tuntia 25 min<strong><br \/>\nLoppuunmyynti aika (Mattycollector-myynti 2):<\/strong>\u00a0n. 52 p\u00e4iv\u00e4\u00e4<\/p>\n<p><strong>Oman hahmon saapumiseen kulunut aika:\u00a0<\/strong>12 p\u00e4iv\u00e4\u00e4 (8 arkip\u00e4iv\u00e4\u00e4)<\/p>\n<h2>Videoesittelyni hahmosta:<\/h2>\n<p><strong>In English<\/strong><\/p>\n<p><iframe loading=\"lazy\" title=\"Masters of the Universe Classics Mo-Larr (English)\" width=\"640\" height=\"360\" src=\"https:\/\/www.youtube.com\/embed\/NXAVrOIfi3E?feature=oembed\" frameborder=\"0\" allow=\"accelerometer; autoplay; clipboard-write; encrypted-media; gyroscope; picture-in-picture; web-share\" referrerpolicy=\"strict-origin-when-cross-origin\" allowfullscreen><\/iframe><\/p>\n","protected":false},"excerpt":{"rendered":"<p>Tuotekoodi: T3071 Mo-Larr\u00a0(Eternian Denstist) vs. Skeletor (Lord of Destruction) Mattelin ja Robot Chicken tuotantoryhm\u00e4n yhteisty\u00f6n tuloksena syntynyt Mo-Larr vs Skeletor 2-pack on toinen kahdesta virallisesta vuoden 2010 MOTUC SDCC spesiaalituotteesta. Mo-Larr pohjautuu Robot Chicken ohjelman 2. tuotantokaudella esitettyyn sketsiin. T\u00e4m\u00e4 &hellip; <a href=\"https:\/\/www.eurokolikonmaailma.fi\/?page_id=2215\">Lue loppuun <span class=\"meta-nav\">&rarr;<\/span><\/a><\/p>\n","protected":false},"author":1,"featured_media":0,"parent":292,"menu_order":0,"comment_status":"open","ping_status":"open","template":"","meta":{"footnotes":""},"class_list":["post-2215","page","type-page","status-publish","hentry"],"_links":{"self":[{"href":"https:\/\/www.eurokolikonmaailma.fi\/index.php?rest_route=\/wp\/v2\/pages\/2215","targetHints":{"allow":["GET"]}}],"collection":[{"href":"https:\/\/www.eurokolikonmaailma.fi\/index.php?rest_route=\/wp\/v2\/pages"}],"about":[{"href":"https:\/\/www.eurokolikonmaailma.fi\/index.php?rest_route=\/wp\/v2\/types\/page"}],"author":[{"embeddable":true,"href":"https:\/\/www.eurokolikonmaailma.fi\/index.php?rest_route=\/wp\/v2\/users\/1"}],"replies":[{"embeddable":true,"href":"https:\/\/www.eurokolikonmaailma.fi\/index.php?rest_route=%2Fwp%2Fv2%2Fcomments&post=2215"}],"version-history":[{"count":3,"href":"https:\/\/www.eurokolikonmaailma.fi\/index.php?rest_route=\/wp\/v2\/pages\/2215\/revisions"}],"predecessor-version":[{"id":2217,"href":"https:\/\/www.eurokolikonmaailma.fi\/index.php?rest_route=\/wp\/v2\/pages\/2215\/revisions\/2217"}],"up":[{"embeddable":true,"href":"https:\/\/www.eurokolikonmaailma.fi\/index.php?rest_route=\/wp\/v2\/pages\/292"}],"wp:attachment":[{"href":"https:\/\/www.eurokolikonmaailma.fi\/index.php?rest_route=%2Fwp%2Fv2%2Fmedia&parent=2215"}],"curies":[{"name":"wp","href":"https:\/\/api.w.org\/{rel}","templated":true}]}}