{"id":2210,"date":"2012-08-09T21:11:37","date_gmt":"2012-08-09T18:11:37","guid":{"rendered":"http:\/\/www.eurokolikonmaailma.fi\/blogi\/?page_id=2210"},"modified":"2025-05-30T14:21:08","modified_gmt":"2025-05-30T11:21:08","slug":"keldor","status":"publish","type":"page","link":"https:\/\/www.eurokolikonmaailma.fi\/?page_id=2210","title":{"rendered":"Keldor"},"content":{"rendered":"<p><img loading=\"lazy\" decoding=\"async\" src=\"http:\/\/motu.eurokolikonmaailma.fi\/kuvat\/Keldor\/motuc.1.jpg\" alt=\"\" width=\"118\" height=\"47\" border=\"0\" \/><br \/>\nTuotekoodi: R6259<\/p>\n<h1>Keldor<br \/>\n&#8211; Apprentice of Hordak<\/h1>\n<p><a href=\"http:\/\/motu.eurokolikonmaailma.fi\/kuvat\/Keldor\/klr_package_front.jpg\" target=\"_blank\" rel=\"noopener\"><img loading=\"lazy\" decoding=\"async\" style=\"border: 0px;\" title=\"Keldor pakkaus edest\u00e4\" src=\"http:\/\/motu.eurokolikonmaailma.fi\/kuvat\/Keldor\/klr_package_front.jpg\" alt=\"\" width=\"244\" height=\"350\" border=\"0\" \/><\/a>\u00a0 \u00a0 \u00a0<a href=\"http:\/\/motu.eurokolikonmaailma.fi\/kuvat\/Keldor\/klr_cardback.jpg\" target=\"_blank\" rel=\"noopener\"><img loading=\"lazy\" decoding=\"async\" style=\"border: 0px;\" title=\"Keldor pakkaus takaa\" src=\"http:\/\/motu.eurokolikonmaailma.fi\/kuvat\/Keldor\/klr_cardback.jpg\" alt=\"\" width=\"250\" height=\"350\" border=\"0\" \/><\/a><a href=\"http:\/\/motu.eurokolikonmaailma.fi\/kuvat\/Keldor\/klr_white_box.jpg\" target=\"_blank\" rel=\"noopener\"><img loading=\"lazy\" decoding=\"async\" style=\"border: 0px;\" title=\"Keldor postituslaatikko\" src=\"http:\/\/motu.eurokolikonmaailma.fi\/kuvat\/Keldor\/klr_white_box.jpg\" alt=\"\" width=\"249\" height=\"350\" border=\"0\" \/><\/a><\/p>\n<p><strong>Oikea nimi:\u00a0<\/strong>Keldor\u2122 of the House of Miro<\/p>\n<p>Banished from the royal palace, in part due to distrust for the rare blue-skinned Gar race, Prince Keldor\u2122 became an outcast. He traveled Eternia\u00ae seeking knowledge and guidance, eventually discovering the ancient spirit of Hordak\u2122. From him, Keldor\u2122 learned of the dark arts, and came to realize that to truly unite Eternia\u00ae, he would need to take command of the planet himself. He gathered an army of fellow outcasts and led them in battle against his brother, Captain Randor\u2122. Eventually defeated, and near death, Keldor\u2122 once again turned to Hordak\u2122 who, in exchange for his own freedom, agreed to save Keldor\u2019s life by merging him with Demo-Man\u2122, twisting Keldor\u2122 into Skeletor\u00ae \u2014 Lord of Destruction\u2122!<\/p>\n<p><em>Karkotettu kuninkaallisesta palatsista, ihonv\u00e4riins\u00e4 kohdistuvien ennakkoluulojen vuoksi, Prinssi Keldorista tuli hylki\u00f6. H\u00e4n matkusti pitkin Eterniaa etsien tietoa ja johdatusta. Lopulta h\u00e4n l\u00f6ysi muinaisen Hordakin hengen. H\u00e4nelt\u00e4 Keldor oppi pimeyden voimia ja h\u00e4n tajusi, ett\u00e4 jotta Eternia voitaisiin todella yhdist\u00e4\u00e4 yhdeksi, h\u00e4nen t\u00e4ytyisi ottaa se omaan hallintaansa. H\u00e4n kokosi armeijan itsens\u00e4 kaltaisista hylki\u00f6ist\u00e4 ja johti heid\u00e4t taisteluun velje\u00e4\u00e4n, kapteeni Randoria vastaan. Lopulta h\u00e4n k\u00e4rsi tappion, ja kuoleman partaalla h\u00e4n k\u00e4\u00e4ntyi j\u00e4lleen kerran Hordakin puoleen, joka vapauttaan vastaan lupautui pelastamaan Keldorin hengen yhdist\u00e4m\u00e4ll\u00e4 h\u00e4net Demo-Manin kanssa, mik\u00e4 muutti Keldorin Skeletoriksi &#8211; Tuhon herraksi!<\/em><\/p>\n<p><span style=\"text-decoration: underline;\">\u00a0<strong>Mukana tulevat varusteet:<\/strong><\/span><\/p>\n<p>* irrotettava haarniska<br \/>\n* irrotettava viitta<br \/>\n* kaksi toisiinsa yhdistyv\u00e4\u00e4 violettia miekkaa<br \/>\n* happoputkilo<\/p>\n<p><strong>Loppuunmyynti aika (alkuper\u00e4isjulkaisu):<\/strong>\u00a025 min<\/p>\n<p><strong>Loppuunmyynti aika (uudelleen julkaisu):<\/strong>\u00a0n. 10 p\u00e4iv\u00e4\u00e4 5 tuntia<\/p>\n<p><strong>Oman hahmon saapumiseen kulunut aika:\u00a0<\/strong>11 p\u00e4iv\u00e4\u00e4 (8 arkip\u00e4iv\u00e4\u00e4)<\/p>\n<h2>L\u00e4hikuva<\/h2>\n<p><a href=\"http:\/\/motu.eurokolikonmaailma.fi\/kuvat\/Keldor\/klr_closeup.jpg\" target=\"_blank\" rel=\"noopener\"><img loading=\"lazy\" decoding=\"async\" style=\"border: 0px;\" title=\"Keldor l\u00e4hikuva\" src=\"http:\/\/motu.eurokolikonmaailma.fi\/kuvat\/Keldor\/klr_closeup.jpg\" alt=\"\" width=\"392\" height=\"350\" border=\"0\" \/><\/a><\/p>\n<h2>Kokovartalokuvat<\/h2>\n<p><a href=\"http:\/\/motu.eurokolikonmaailma.fi\/kuvat\/Keldor\/klr_main.jpg\" target=\"_blank\" rel=\"noopener\"><img loading=\"lazy\" decoding=\"async\" style=\"border: 0px;\" title=\"Keldor aseistettuna\" src=\"http:\/\/motu.eurokolikonmaailma.fi\/kuvat\/Keldor\/klr_main.jpg\" alt=\"\" width=\"362\" height=\"500\" border=\"0\" \/><\/a><a href=\"http:\/\/motu.eurokolikonmaailma.fi\/kuvat\/Keldor\/klr_front_cape_armor.jpg\" target=\"_blank\" rel=\"noopener\"><img loading=\"lazy\" decoding=\"async\" style=\"border: 0px;\" title=\"Keldor edest\u00e4\" src=\"http:\/\/motu.eurokolikonmaailma.fi\/kuvat\/Keldor\/klr_front_cape_armor.jpg\" alt=\"\" width=\"321\" height=\"500\" border=\"0\" \/><\/a><a href=\"http:\/\/motu.eurokolikonmaailma.fi\/kuvat\/Keldor\/klr_back_cape_armor.jpg\" target=\"_blank\" rel=\"noopener\"><img loading=\"lazy\" decoding=\"async\" style=\"border: 0px;\" title=\"Keldor takaa\" src=\"http:\/\/motu.eurokolikonmaailma.fi\/kuvat\/Keldor\/klr_back_cape_armor.jpg\" alt=\"\" width=\"367\" height=\"500\" border=\"0\" \/><\/a><\/p>\n<p><a href=\"http:\/\/motu.eurokolikonmaailma.fi\/kuvat\/Keldor\/klr_front_armor.jpg\" target=\"_blank\" rel=\"noopener\"><img loading=\"lazy\" decoding=\"async\" style=\"border: 0px;\" title=\"Keldor edest\u00e4 ilman viittaa\" src=\"http:\/\/motu.eurokolikonmaailma.fi\/kuvat\/Keldor\/klr_front_armor.jpg\" alt=\"\" width=\"239\" height=\"500\" border=\"0\" \/><\/a><a href=\"http:\/\/motu.eurokolikonmaailma.fi\/kuvat\/Keldor\/klr_back_armor.jpg\" target=\"_blank\" rel=\"noopener\"><img loading=\"lazy\" decoding=\"async\" style=\"border: 0px;\" title=\"Keldor takaa ilman viittaa\" src=\"http:\/\/motu.eurokolikonmaailma.fi\/kuvat\/Keldor\/klr_back_armor.jpg\" alt=\"\" width=\"255\" height=\"500\" border=\"0\" \/><\/a><\/p>\n<p><a href=\"http:\/\/motu.eurokolikonmaailma.fi\/kuvat\/Keldor\/klr_front.jpg\" target=\"_blank\" rel=\"noopener\"><img loading=\"lazy\" decoding=\"async\" style=\"border: 0px;\" title=\"Keldor edest\u00e4 ilman varusteita\" src=\"http:\/\/motu.eurokolikonmaailma.fi\/kuvat\/Keldor\/klr_front.jpg\" alt=\"\" width=\"239\" height=\"500\" border=\"0\" \/><\/a><a href=\"http:\/\/motu.eurokolikonmaailma.fi\/kuvat\/Keldor\/klr_back.jpg\" target=\"_blank\" rel=\"noopener\"><img loading=\"lazy\" decoding=\"async\" style=\"border: 0px;\" title=\"Keldor takaa ilman varusteita\" src=\"http:\/\/motu.eurokolikonmaailma.fi\/kuvat\/Keldor\/klr_back.jpg\" alt=\"\" width=\"245\" height=\"500\" border=\"0\" \/><\/a><\/p>\n<h2>Varusteet<\/h2>\n<p><a href=\"http:\/\/motu.eurokolikonmaailma.fi\/kuvat\/Keldor\/klr_swords_front.jpg\" target=\"_blank\" rel=\"noopener\"><img loading=\"lazy\" decoding=\"async\" style=\"border: 0px;\" title=\"Keldor miekat yl\u00e4puoli\" src=\"http:\/\/motu.eurokolikonmaailma.fi\/kuvat\/Keldor\/klr_swords_front.jpg\" alt=\"\" width=\"400\" height=\"184\" border=\"0\" \/><\/a><a href=\"http:\/\/motu.eurokolikonmaailma.fi\/kuvat\/Keldor\/klr_swords_back.jpg\" target=\"_blank\" rel=\"noopener\"><img loading=\"lazy\" decoding=\"async\" style=\"border: 0px;\" title=\"Keldor miekat alapuoli\" src=\"http:\/\/motu.eurokolikonmaailma.fi\/kuvat\/Keldor\/klr_swords_back.jpg\" alt=\"\" width=\"400\" height=\"216\" border=\"0\" \/><\/a><\/p>\n<p><a href=\"http:\/\/motu.eurokolikonmaailma.fi\/kuvat\/Keldor\/klr_cape.jpg\" target=\"_blank\" rel=\"noopener\"><img loading=\"lazy\" decoding=\"async\" style=\"border: 0px;\" title=\"Keldor viitta\" src=\"http:\/\/motu.eurokolikonmaailma.fi\/kuvat\/Keldor\/klr_cape.jpg\" alt=\"\" width=\"400\" height=\"500\" border=\"0\" \/><\/a><a href=\"http:\/\/motu.eurokolikonmaailma.fi\/kuvat\/Keldor\/klr_armor.jpg\" target=\"_blank\" rel=\"noopener\"><img loading=\"lazy\" decoding=\"async\" style=\"border: 0px;\" title=\"Keldor haarniska\" src=\"http:\/\/motu.eurokolikonmaailma.fi\/kuvat\/Keldor\/klr_armor.jpg\" alt=\"\" width=\"400\" height=\"256\" border=\"0\" \/><\/a><a href=\"http:\/\/motu.eurokolikonmaailma.fi\/kuvat\/Keldor\/klr_acid_vial.jpg\" target=\"_blank\" rel=\"noopener\"><img loading=\"lazy\" decoding=\"async\" style=\"border: 0px;\" title=\"Keldor happoputkilo\" src=\"http:\/\/motu.eurokolikonmaailma.fi\/kuvat\/Keldor\/klr_acid_vial.jpg\" alt=\"\" width=\"150\" height=\"48\" border=\"0\" \/><\/a><\/p>\n<h2>Videoesittelyni hahmosta:<\/h2>\n<p><strong>Suomi<\/strong><\/p>\n<p><em>Osa 1<\/em><\/p>\n<p><iframe loading=\"lazy\" title=\"Masters of the Universe Classics Keldor 1\/3 (Finnish)\" width=\"640\" height=\"360\" src=\"https:\/\/www.youtube.com\/embed\/fJu1gwHwWR8?feature=oembed\" frameborder=\"0\" allow=\"accelerometer; autoplay; clipboard-write; encrypted-media; gyroscope; picture-in-picture; web-share\" referrerpolicy=\"strict-origin-when-cross-origin\" allowfullscreen><\/iframe><\/p>\n<p><em>Osa 2<\/em><\/p>\n<p><iframe loading=\"lazy\" title=\"Masters of the Universe Classics Keldor 2\/3 (Finnish)\" width=\"640\" height=\"360\" src=\"https:\/\/www.youtube.com\/embed\/FQJGq0rwFCY?feature=oembed\" frameborder=\"0\" allow=\"accelerometer; autoplay; clipboard-write; encrypted-media; gyroscope; picture-in-picture; web-share\" referrerpolicy=\"strict-origin-when-cross-origin\" allowfullscreen><\/iframe><\/p>\n<p><em>Osa 3<\/em><\/p>\n<p><iframe loading=\"lazy\" title=\"Masters of the Universe Classics Keldor 3\/3 (Finnish)\" width=\"640\" height=\"360\" src=\"https:\/\/www.youtube.com\/embed\/xBeS_wuBiRU?feature=oembed\" frameborder=\"0\" allow=\"accelerometer; autoplay; clipboard-write; encrypted-media; gyroscope; picture-in-picture; web-share\" referrerpolicy=\"strict-origin-when-cross-origin\" allowfullscreen><\/iframe><\/p>\n<p><strong>In English<\/strong><\/p>\n<p><em>Part 1<\/em><\/p>\n<p><iframe loading=\"lazy\" title=\"Masters of the Universe Classics Keldor 1\/2 (English)\" width=\"640\" height=\"360\" src=\"https:\/\/www.youtube.com\/embed\/z3mNmiWpHO4?feature=oembed\" frameborder=\"0\" allow=\"accelerometer; autoplay; clipboard-write; encrypted-media; gyroscope; picture-in-picture; web-share\" referrerpolicy=\"strict-origin-when-cross-origin\" allowfullscreen><\/iframe><\/p>\n<p><em>Part 2<\/em><\/p>\n<p><iframe loading=\"lazy\" title=\"Masters of the Universe Classics Keldor 2\/2 (English)\" width=\"640\" height=\"360\" src=\"https:\/\/www.youtube.com\/embed\/wH1ZTP-O6Zg?feature=oembed\" frameborder=\"0\" allow=\"accelerometer; autoplay; clipboard-write; encrypted-media; gyroscope; picture-in-picture; web-share\" referrerpolicy=\"strict-origin-when-cross-origin\" allowfullscreen><\/iframe><\/p>\n","protected":false},"excerpt":{"rendered":"<p>Tuotekoodi: R6259 Keldor &#8211; Apprentice of Hordak \u00a0 \u00a0 \u00a0 Oikea nimi:\u00a0Keldor\u2122 of the House of Miro Banished from the royal palace, in part due to distrust for the rare blue-skinned Gar race, Prince Keldor\u2122 became an outcast. He traveled &hellip; <a href=\"https:\/\/www.eurokolikonmaailma.fi\/?page_id=2210\">Lue loppuun <span class=\"meta-nav\">&rarr;<\/span><\/a><\/p>\n","protected":false},"author":1,"featured_media":0,"parent":292,"menu_order":0,"comment_status":"open","ping_status":"open","template":"","meta":{"footnotes":""},"class_list":["post-2210","page","type-page","status-publish","hentry"],"_links":{"self":[{"href":"https:\/\/www.eurokolikonmaailma.fi\/index.php?rest_route=\/wp\/v2\/pages\/2210","targetHints":{"allow":["GET"]}}],"collection":[{"href":"https:\/\/www.eurokolikonmaailma.fi\/index.php?rest_route=\/wp\/v2\/pages"}],"about":[{"href":"https:\/\/www.eurokolikonmaailma.fi\/index.php?rest_route=\/wp\/v2\/types\/page"}],"author":[{"embeddable":true,"href":"https:\/\/www.eurokolikonmaailma.fi\/index.php?rest_route=\/wp\/v2\/users\/1"}],"replies":[{"embeddable":true,"href":"https:\/\/www.eurokolikonmaailma.fi\/index.php?rest_route=%2Fwp%2Fv2%2Fcomments&post=2210"}],"version-history":[{"count":4,"href":"https:\/\/www.eurokolikonmaailma.fi\/index.php?rest_route=\/wp\/v2\/pages\/2210\/revisions"}],"predecessor-version":[{"id":5644,"href":"https:\/\/www.eurokolikonmaailma.fi\/index.php?rest_route=\/wp\/v2\/pages\/2210\/revisions\/5644"}],"up":[{"embeddable":true,"href":"https:\/\/www.eurokolikonmaailma.fi\/index.php?rest_route=\/wp\/v2\/pages\/292"}],"wp:attachment":[{"href":"https:\/\/www.eurokolikonmaailma.fi\/index.php?rest_route=%2Fwp%2Fv2%2Fmedia&parent=2210"}],"curies":[{"name":"wp","href":"https:\/\/api.w.org\/{rel}","templated":true}]}}