{"id":2205,"date":"2012-08-09T20:50:38","date_gmt":"2012-08-09T17:50:38","guid":{"rendered":"http:\/\/www.eurokolikonmaailma.fi\/blogi\/?page_id=2205"},"modified":"2025-05-30T14:43:22","modified_gmt":"2025-05-30T11:43:22","slug":"tytus","status":"publish","type":"page","link":"https:\/\/www.eurokolikonmaailma.fi\/?page_id=2205","title":{"rendered":"Tytus"},"content":{"rendered":"<p><img loading=\"lazy\" decoding=\"async\" src=\"http:\/\/motu.eurokolikonmaailma.fi\/kuvat\/Tytus\/motuc.1.jpg\" alt=\"\" width=\"118\" height=\"47\" border=\"0\" \/><br \/>\nTuotekoodi: R6254<\/p>\n<h1>Tytus<br \/>\n&#8211; Heroic Giant Warlord<\/h1>\n<p><a href=\"http:\/\/motu.eurokolikonmaailma.fi\/kuvat\/Tytus\/Tytus_front_view.jpg\" target=\"_blank\" rel=\"noopener\"><img loading=\"lazy\" decoding=\"async\" style=\"border: 0px;\" title=\"Tytus pakkaus edest\u00e4\" src=\"http:\/\/motu.eurokolikonmaailma.fi\/kuvat\/Tytus\/Tytus_front_view.jpg\" alt=\"\" width=\"257\" height=\"350\" border=\"0\" \/><\/a><a href=\"http:\/\/motu.eurokolikonmaailma.fi\/kuvat\/Tytus\/Tytus_back_view.jpg\" target=\"_blank\" rel=\"noopener\"><img loading=\"lazy\" decoding=\"async\" style=\"border: 0px;\" title=\"Tytus pakkaus takaa\" src=\"http:\/\/motu.eurokolikonmaailma.fi\/kuvat\/Tytus\/Tytus_back_view.jpg\" alt=\"\" width=\"250\" height=\"350\" border=\"0\" \/><\/a><a href=\"http:\/\/motu.eurokolikonmaailma.fi\/kuvat\/Tytus\/tytus_white_box.jpg\" target=\"_blank\" rel=\"noopener\"><img loading=\"lazy\" decoding=\"async\" style=\"border: 0px;\" title=\"Tytus postituslaatikko\" src=\"http:\/\/motu.eurokolikonmaailma.fi\/kuvat\/Tytus\/tytus_white_box.jpg\" alt=\"\" width=\"266\" height=\"350\" border=\"0\" \/><\/a><\/p>\n<p><strong>Varoitus:<\/strong>\u00a0Hahmon mukana tulevan &#8221;hahmosieppari&#8221;-aseen k\u00e4ytt\u00e4minen muihin hahmoihin aiheuttaa maalipinnan naarmuuntumista aseen kovan muovin takia.<\/p>\n<p>Oikea nimi:\u00a0Tytus<\/p>\n<p>Tytus the giant fought for peace alongside King Grayskull and He-Ro in the Great Wars. Originally from the mountains of Perpetua, he was forced to leave his home after his herd of dinosaurs began developing strange techno parts. He traveled across Eternia to seek help from Grayskull\u2019s village. There he joined the King in battle against the Snake Men and Horde. He helped construct one of the Three Towers during a temporary truce with his enemies. After He-Ro\u2019s death he used his great strength to build King Grayskull a mighty fortress, incorporating the symbol of the Cosmic Warriors into the entrance as a tribute to his fallen comrade. In the end, Tytus fell during the First Ultimate Battle Ground, heroically sacrificing his life to stop the rampaging giant Megator!<\/p>\n<p><em>J\u00e4ttil\u00e4inen Tytus taisteli rauhan puolesta Suurissa Sodissa kuningas Grayskullin ja He-Ron rinnalla. Alunperin kotoisin Perpetuan vuorilta, h\u00e4n oli pakotettu l\u00e4htem\u00e4\u00e4n kotoaan, kun h\u00e4nen dinosauruslaumalleen oli alkoi kehittym\u00e4\u00e4n outoja tekno-osia. H\u00e4n matkusti ymp\u00e4ri Eterniaa etsi\u00e4kseen apua Grayskullin kyl\u00e4st\u00e4. Siell\u00e4 h\u00e4n liittyi kuninkaan seuraksi taistelemaan K\u00e4\u00e4rmemiehi\u00e4 ja Hordeja vastaan. H\u00e4n auttoi rakentamaan yhden Kolmesta Tornista v\u00e4liaikaisen rauhan aikana. He-Ron kuoleman j\u00e4lkeen, h\u00e4n k\u00e4ytti mahtavaa voimaansa rakentaakseen kuningas Grayskullille mahtavan linnoituksen, sis\u00e4llytt\u00e4en sen sis\u00e4\u00e4nk\u00e4yntiin Kosmisten Taistelijoiden\u00a0 symbolin kaatuneen yst\u00e4v\u00e4ns\u00e4 muistoksi. Lopulta Tytus kaatui Ensimm\u00e4isen Ultimaalisen Taistelukent\u00e4n aikana, sankarillisesti uhraten henkens\u00e4 pys\u00e4ytt\u00e4\u00e4kseen riehuvan j\u00e4ttil\u00e4isen Megatorin!<\/em><\/p>\n<p>Mukana tulevat varusteet:<br \/>\n* ihmissieppari<br \/>\n* irrotettava haarniska<\/p>\n<p><strong>Hahmon koko:\u00a0<\/strong>12 &#8221;<br \/>\n<strong>Hahmon hinta:\u00a0<\/strong>$40,00<\/p>\n<p><strong>Loppuunmyynti aika (alkuper\u00e4isjulkaisu):<\/strong>\u00a06 min<br \/>\n<strong>Loppuunmyynti aika (uudelleen julkaisu):<\/strong>\u00a0n. 10 p\u00e4iv\u00e4\u00e4 10 tuntia<\/p>\n<p><strong>Oman hahmon saapumiseen kulunut aika:\u00a0<\/strong>7 p\u00e4iv\u00e4\u00e4 (5 arkip\u00e4iv\u00e4\u00e4)<\/p>\n<p><strong>Hahmon paino (varusteineen ilman pakkausta):<\/strong>\u00a0572 g<\/p>\n<h2>L\u00e4hikuva<\/h2>\n<p><a href=\"http:\/\/motu.eurokolikonmaailma.fi\/kuvat\/Tytus\/tytus_closeup.jpg\" target=\"_blank\" rel=\"noopener\"><img loading=\"lazy\" decoding=\"async\" style=\"border: 0px;\" title=\"Tytus l\u00e4hikuva\" src=\"http:\/\/motu.eurokolikonmaailma.fi\/kuvat\/Tytus\/tytus_closeup.jpg\" alt=\"\" width=\"350\" height=\"327\" border=\"0\" \/><\/a><\/p>\n<h2>Kokovartalokuvat<\/h2>\n<p><a href=\"http:\/\/motu.eurokolikonmaailma.fi\/kuvat\/Tytus\/tytus_main.jpg\" target=\"_blank\" rel=\"noopener\"><img loading=\"lazy\" decoding=\"async\" style=\"border: 0px;\" title=\"Tytus aseistettuna\" src=\"http:\/\/motu.eurokolikonmaailma.fi\/kuvat\/Tytus\/tytus_main.jpg\" alt=\"\" width=\"280\" height=\"500\" border=\"0\" \/><\/a><\/p>\n<p><a href=\"http:\/\/motu.eurokolikonmaailma.fi\/kuvat\/Tytus\/tytus_front_armor.jpg\" target=\"_blank\" rel=\"noopener\"><img loading=\"lazy\" decoding=\"async\" style=\"border: 0px;\" title=\"Tytus edest\u00e4\" src=\"http:\/\/motu.eurokolikonmaailma.fi\/kuvat\/Tytus\/tytus_front_armor.jpg\" alt=\"\" width=\"320\" height=\"500\" border=\"0\" \/><\/a><a href=\"http:\/\/motu.eurokolikonmaailma.fi\/kuvat\/Tytus\/tytus_back_armor.jpg\" target=\"_blank\" rel=\"noopener\"><img loading=\"lazy\" decoding=\"async\" style=\"border: 0px;\" title=\"Tytus takaa\" src=\"http:\/\/motu.eurokolikonmaailma.fi\/kuvat\/Tytus\/tytus_back_armor.jpg\" alt=\"\" width=\"296\" height=\"500\" border=\"0\" \/><\/a><\/p>\n<p><a href=\"http:\/\/motu.eurokolikonmaailma.fi\/kuvat\/Tytus\/tytus_front_no_armor.jpg\" target=\"_blank\" rel=\"noopener\"><img loading=\"lazy\" decoding=\"async\" style=\"border: 0px;\" title=\"Tytus edest\u00e4 ilman haarniskaa\" src=\"http:\/\/motu.eurokolikonmaailma.fi\/kuvat\/Tytus\/tytus_front_no_armor.jpg\" alt=\"\" width=\"300\" height=\"500\" border=\"0\" \/><\/a><a href=\"http:\/\/motu.eurokolikonmaailma.fi\/kuvat\/Tytus\/tytus_back_no_armor.jpg\" target=\"_blank\" rel=\"noopener\"><img loading=\"lazy\" decoding=\"async\" style=\"border: 0px;\" title=\"Tytus takaa ilman haarniskaa\" src=\"http:\/\/motu.eurokolikonmaailma.fi\/kuvat\/Tytus\/tytus_back_no_armor.jpg\" alt=\"\" width=\"301\" height=\"500\" border=\"0\" \/><\/a><a href=\"http:\/\/motu.eurokolikonmaailma.fi\/kuvat\/Tytus\/tytus_comparison.jpg\" target=\"_blank\" rel=\"noopener\"><img loading=\"lazy\" decoding=\"async\" style=\"border: 0px;\" title=\"Tytus kokovertailu\" src=\"http:\/\/motu.eurokolikonmaailma.fi\/kuvat\/Tytus\/tytus_comparison.jpg\" alt=\"\" width=\"394\" height=\"500\" border=\"0\" \/><\/a><\/p>\n<h2>Varusteet<\/h2>\n<p><a href=\"http:\/\/motu.eurokolikonmaailma.fi\/kuvat\/Tytus\/tytus_armor.jpg\" target=\"_blank\" rel=\"noopener\"><img loading=\"lazy\" decoding=\"async\" style=\"border: 0px;\" title=\"Tytus haarniska\" src=\"http:\/\/motu.eurokolikonmaailma.fi\/kuvat\/Tytus\/tytus_armor.jpg\" alt=\"\" width=\"350\" height=\"301\" border=\"0\" \/><\/a><a href=\"http:\/\/motu.eurokolikonmaailma.fi\/kuvat\/Tytus\/tytus_weapon_side.jpg\" target=\"_blank\" rel=\"noopener\"><img loading=\"lazy\" decoding=\"async\" style=\"border: 0px;\" title=\"Tytus ase sivulta\" src=\"http:\/\/motu.eurokolikonmaailma.fi\/kuvat\/Tytus\/tytus_weapon_side.jpg\" alt=\"\" width=\"500\" height=\"339\" border=\"0\" \/><\/a><a href=\"http:\/\/motu.eurokolikonmaailma.fi\/kuvat\/Tytus\/tytus_weapon_top.jpg\" target=\"_blank\" rel=\"noopener\"><img loading=\"lazy\" decoding=\"async\" style=\"border: 0px;\" title=\"Tytus ase ylh\u00e4\u00e4lt\u00e4\" src=\"http:\/\/motu.eurokolikonmaailma.fi\/kuvat\/Tytus\/tytus_weapon_top.jpg\" alt=\"\" width=\"500\" height=\"221\" border=\"0\" \/><\/a><a href=\"http:\/\/motu.eurokolikonmaailma.fi\/kuvat\/Tytus\/tytus_weapon_bottom.jpg\" target=\"_blank\" rel=\"noopener\"><img loading=\"lazy\" decoding=\"async\" style=\"border: 0px;\" title=\"Tytus ase alhaalta\" src=\"http:\/\/motu.eurokolikonmaailma.fi\/kuvat\/Tytus\/tytus_weapon_bottom.jpg\" alt=\"\" width=\"500\" height=\"222\" border=\"0\" \/><\/a><a href=\"http:\/\/motu.eurokolikonmaailma.fi\/kuvat\/Tytus\/tytus_weapon_instructions.jpg\" target=\"_blank\" rel=\"noopener\"><img loading=\"lazy\" decoding=\"async\" style=\"border: 0px;\" title=\"Tytus aseen kokoamisohjeet\" src=\"http:\/\/motu.eurokolikonmaailma.fi\/kuvat\/Tytus\/tytus_weapon_instructions.jpg\" alt=\"\" width=\"350\" height=\"493\" border=\"0\" \/><\/a><\/p>\n<h2>Videoesittelyni hahmosta:<\/h2>\n<p><strong>Suomi<\/strong><\/p>\n<p><em>Osa 1<\/em><\/p>\n<p><iframe loading=\"lazy\" title=\"Masters of the Universe Classics Tytus 1\/4 (Finnish)\" width=\"640\" height=\"480\" src=\"https:\/\/www.youtube.com\/embed\/69yKi_UczCc?feature=oembed\" frameborder=\"0\" allow=\"accelerometer; autoplay; clipboard-write; encrypted-media; gyroscope; picture-in-picture; web-share\" referrerpolicy=\"strict-origin-when-cross-origin\" allowfullscreen><\/iframe><\/p>\n<p><em>Osa 2<\/em><\/p>\n<p><iframe loading=\"lazy\" title=\"Masters of the Universe Classics Tytus 2\/4 (Finnish)\" width=\"640\" height=\"480\" src=\"https:\/\/www.youtube.com\/embed\/GeK1Z-toKi8?feature=oembed\" frameborder=\"0\" allow=\"accelerometer; autoplay; clipboard-write; encrypted-media; gyroscope; picture-in-picture; web-share\" referrerpolicy=\"strict-origin-when-cross-origin\" allowfullscreen><\/iframe><\/p>\n<p><em>Osa 3<\/em><\/p>\n<p><iframe loading=\"lazy\" title=\"Masters of the Universe Classics Tytus 3\/4 (Finnish)\" width=\"640\" height=\"480\" src=\"https:\/\/www.youtube.com\/embed\/hpF8_cHz63w?feature=oembed\" frameborder=\"0\" allow=\"accelerometer; autoplay; clipboard-write; encrypted-media; gyroscope; picture-in-picture; web-share\" referrerpolicy=\"strict-origin-when-cross-origin\" allowfullscreen><\/iframe><\/p>\n<p><em>Osa 4<\/em><\/p>\n<p><iframe loading=\"lazy\" title=\"Masters of the Universe Classics Tytus 4\/4 (Finnish)\" width=\"640\" height=\"480\" src=\"https:\/\/www.youtube.com\/embed\/SXYT0T2L3nQ?feature=oembed\" frameborder=\"0\" allow=\"accelerometer; autoplay; clipboard-write; encrypted-media; gyroscope; picture-in-picture; web-share\" referrerpolicy=\"strict-origin-when-cross-origin\" allowfullscreen><\/iframe><\/p>\n<p><strong>In English<\/strong><\/p>\n<p><iframe loading=\"lazy\" title=\"Masters of the Universe Classics Tytus (English)\" width=\"640\" height=\"360\" src=\"https:\/\/www.youtube.com\/embed\/tInPfiKrQnI?feature=oembed\" frameborder=\"0\" allow=\"accelerometer; autoplay; clipboard-write; encrypted-media; gyroscope; picture-in-picture; web-share\" referrerpolicy=\"strict-origin-when-cross-origin\" allowfullscreen><\/iframe><\/p>\n","protected":false},"excerpt":{"rendered":"<p>Tuotekoodi: R6254 Tytus &#8211; Heroic Giant Warlord Varoitus:\u00a0Hahmon mukana tulevan &#8221;hahmosieppari&#8221;-aseen k\u00e4ytt\u00e4minen muihin hahmoihin aiheuttaa maalipinnan naarmuuntumista aseen kovan muovin takia. Oikea nimi:\u00a0Tytus Tytus the giant fought for peace alongside King Grayskull and He-Ro in the Great Wars. Originally from &hellip; <a href=\"https:\/\/www.eurokolikonmaailma.fi\/?page_id=2205\">Lue loppuun <span class=\"meta-nav\">&rarr;<\/span><\/a><\/p>\n","protected":false},"author":1,"featured_media":0,"parent":292,"menu_order":0,"comment_status":"open","ping_status":"open","template":"","meta":{"footnotes":""},"class_list":["post-2205","page","type-page","status-publish","hentry"],"_links":{"self":[{"href":"https:\/\/www.eurokolikonmaailma.fi\/index.php?rest_route=\/wp\/v2\/pages\/2205","targetHints":{"allow":["GET"]}}],"collection":[{"href":"https:\/\/www.eurokolikonmaailma.fi\/index.php?rest_route=\/wp\/v2\/pages"}],"about":[{"href":"https:\/\/www.eurokolikonmaailma.fi\/index.php?rest_route=\/wp\/v2\/types\/page"}],"author":[{"embeddable":true,"href":"https:\/\/www.eurokolikonmaailma.fi\/index.php?rest_route=\/wp\/v2\/users\/1"}],"replies":[{"embeddable":true,"href":"https:\/\/www.eurokolikonmaailma.fi\/index.php?rest_route=%2Fwp%2Fv2%2Fcomments&post=2205"}],"version-history":[{"count":4,"href":"https:\/\/www.eurokolikonmaailma.fi\/index.php?rest_route=\/wp\/v2\/pages\/2205\/revisions"}],"predecessor-version":[{"id":5660,"href":"https:\/\/www.eurokolikonmaailma.fi\/index.php?rest_route=\/wp\/v2\/pages\/2205\/revisions\/5660"}],"up":[{"embeddable":true,"href":"https:\/\/www.eurokolikonmaailma.fi\/index.php?rest_route=\/wp\/v2\/pages\/292"}],"wp:attachment":[{"href":"https:\/\/www.eurokolikonmaailma.fi\/index.php?rest_route=%2Fwp%2Fv2%2Fmedia&parent=2205"}],"curies":[{"name":"wp","href":"https:\/\/api.w.org\/{rel}","templated":true}]}}