{"id":2193,"date":"2012-08-09T14:08:23","date_gmt":"2012-08-09T11:08:23","guid":{"rendered":"http:\/\/www.eurokolikonmaailma.fi\/blogi\/?page_id=2193"},"modified":"2025-05-30T14:10:09","modified_gmt":"2025-05-30T11:10:09","slug":"battle-cat","status":"publish","type":"page","link":"https:\/\/www.eurokolikonmaailma.fi\/?page_id=2193","title":{"rendered":"Battle Cat"},"content":{"rendered":"<p><img loading=\"lazy\" decoding=\"async\" src=\"http:\/\/motu.eurokolikonmaailma.fi\/kuvat\/BattleCat\/motuc.1.jpg\" alt=\"\" width=\"118\" height=\"47\" border=\"0\" \/><br \/>\nTuotekoodi: R4721<\/p>\n<h1>Battle Cat<br \/>\n&#8211; Fighting Tiger of Eternia<\/h1>\n<p><a href=\"http:\/\/motu.eurokolikonmaailma.fi\/kuvat\/BattleCat\/bc_box_front.jpg\" target=\"_blank\" rel=\"noopener\"><img loading=\"lazy\" decoding=\"async\" style=\"border: 0px;\" title=\"Battle Cat pakkaus edest\u00e4\" src=\"http:\/\/motu.eurokolikonmaailma.fi\/kuvat\/BattleCat\/bc_box_front.jpg\" alt=\"\" width=\"336\" height=\"224\" border=\"0\" \/><\/a><a href=\"http:\/\/motu.eurokolikonmaailma.fi\/kuvat\/BattleCat\/bc_cardback.jpg\" target=\"_blank\" rel=\"noopener\"><img loading=\"lazy\" decoding=\"async\" style=\"border: 0px;\" title=\"Battle Cat pakkaus takaa\" src=\"http:\/\/motu.eurokolikonmaailma.fi\/kuvat\/BattleCat\/bc_cardback.jpg\" alt=\"\" width=\"350\" height=\"224\" border=\"0\" \/><\/a><a href=\"http:\/\/motu.eurokolikonmaailma.fi\/kuvat\/BattleCat\/bc_whitebox.jpg\" target=\"_blank\" rel=\"noopener\"><img loading=\"lazy\" decoding=\"async\" style=\"border: 0px;\" title=\"Battle Cat postituslaatikko\" src=\"http:\/\/motu.eurokolikonmaailma.fi\/kuvat\/BattleCat\/bc_whitebox.jpg\" alt=\"\" width=\"341\" height=\"224\" border=\"0\" \/><\/a><\/p>\n<p><strong>Hinta:\u00a0<\/strong>$30<\/p>\n<p>Kaikki joilla oli Club Eternia -tilauspalvelu vuodelle 2010, saivat $8 alennuskoodin Battlecatin tilaamista varten. T\u00e4m\u00e4n oli oletettavasti tarkoitettu tasaamaan figuurin isommasta painosta johtuvia suurempia toimituskuluja, kun kyseess\u00e4 oli ensimm\u00e4inen MOTUC-suurtuote. Tilausten tai tilattujen Battlecat-figujen m\u00e4\u00e4r\u00e4st\u00e4 riippumatta, alennuskoodeissa oli rajoitus $8 koodi \/ tilaaja.<\/p>\n<p><a href=\"https:\/\/motu.eurokolikonmaailma.fi\/kuvat\/BattleCat\/battlecat_code.jpg\" target=\"_blank\" rel=\"noopener\"><img loading=\"lazy\" decoding=\"async\" class=\"alignnone\" src=\"https:\/\/motu.eurokolikonmaailma.fi\/kuvat\/BattleCat\/battlecat_code.jpg\" alt=\"\" width=\"313\" height=\"270\" \/><\/a><\/p>\n<p>&nbsp;<\/p>\n<p><strong>Oikea nimi:\u00a0<\/strong>Cringer\u2122<\/p>\n<p>A member of the Green Tiger Tribe, Cringer\u2122 was saved from a parek-narr attack by a young Prince Adam\u00ae and afterwards became his devoted companion for life. He assisted Adam during his quest to unite both halves of the Power Sword\u00ae of He and afterwards was enhanced by its power to become Battle Cat\u00ae, the\u00a0Fighting Tiger\u00a0of Eternia\u00ae. Cringer\u2122 is one of only a handful of allies who knows Adam\u2019s secret and fights alongside the other Masters of the Universe\u00ae, carrying He-Man\u00ae into battle against the forces of evil.<\/p>\n<p><em>Nuori Prinssi Adam pelasti Vihre\u00e4n Tiikerin Heimon j\u00e4senen, Cringerin parek-narrin hy\u00f6kk\u00e4ykselt\u00e4, josta my\u00f6hemmin tuli h\u00e4nen uskollinen kumppaninsa. H\u00e4n avusti Adamia matkalla, jonka lopputuloksena Adam sai yhdistetty\u00e4 molemmat Voimamiekan puoliskot ja my\u00f6hemmin Voimamiekan mahdin avulla h\u00e4nest\u00e4 tuli Battle Cat, Eternian Taistelutiikeri. Cringer on yksi harvoista Adamin salaisuuden tiet\u00e4vist\u00e4 liittolaisista ja h\u00e4n taistelee Masters of the Universe -ryhm\u00e4n rinnalla, kantaen He-Manin taisteluun pahuuden voimia vastaan.<\/em><\/p>\n<p><strong><span style=\"text-decoration: underline;\">Mukana tulevat varusteet:<\/span><\/strong><br \/>\n* irrotettava kaksiosainen haarniska<\/p>\n<p><strong>Loppuunmyynti aika:<\/strong>\u00a032 min<br \/>\n<strong>Loppuunmyynti aika (uudelleen julkaisu):<\/strong>\u00a06 tuntia 50 min<\/p>\n<p><strong>Oman hahmon saapumiseen kulunut aika:\u00a0<\/strong>21 p\u00e4iv\u00e4\u00e4 (15 arkip\u00e4iv\u00e4\u00e4)<\/p>\n<p><strong>Battle Catin valkoisen MOTUC-postituskuoren\/-laatikon mitat:<br \/>\n<\/strong>* Korkeus: 21 cm<br \/>\n* Leveys: 34 cm<br \/>\n* Syvyys: \u00a012,7 cm<\/p>\n<p><strong>Battle Catin pakkauksen mitat:<\/strong><br \/>\n* Korkeus: 20,8 cm<br \/>\n* Leveys: 33,3 cm<br \/>\n* Syvyys: 12,2 cm<\/p>\n<p><strong>Hahmon paino (varusteineen ilman pakkausta):<\/strong>\u00a0550 g<\/p>\n<h2>L\u00e4hikuva<\/h2>\n<p><a href=\"http:\/\/motu.eurokolikonmaailma.fi\/kuvat\/BattleCat\/bc_face.jpg\" target=\"_blank\" rel=\"noopener\"><img loading=\"lazy\" decoding=\"async\" style=\"border: 0px;\" title=\"Battle Cat l\u00e4hikuva\" src=\"http:\/\/motu.eurokolikonmaailma.fi\/kuvat\/BattleCat\/bc_face.jpg\" alt=\"\" width=\"344\" height=\"400\" border=\"0\" \/><\/a><\/p>\n<h2>Kokovartalokuvat<\/h2>\n<p><a href=\"http:\/\/motu.eurokolikonmaailma.fi\/kuvat\/BattleCat\/bc_armor_angle.jpg\" target=\"_blank\" rel=\"noopener\"><img loading=\"lazy\" decoding=\"async\" style=\"border: 0px;\" title=\"Battle Cat etuviistosta\" src=\"http:\/\/motu.eurokolikonmaailma.fi\/kuvat\/BattleCat\/bc_armor_angle.jpg\" alt=\"\" width=\"500\" height=\"417\" border=\"0\" \/><\/a><a href=\"http:\/\/motu.eurokolikonmaailma.fi\/kuvat\/BattleCat\/bc_armor.jpg\" target=\"_blank\" rel=\"noopener\"><img loading=\"lazy\" decoding=\"async\" style=\"border: 0px;\" title=\"Battle Cat sivukuva\" src=\"http:\/\/motu.eurokolikonmaailma.fi\/kuvat\/BattleCat\/bc_armor.jpg\" alt=\"\" width=\"700\" height=\"407\" border=\"0\" \/><\/a><a href=\"http:\/\/motu.eurokolikonmaailma.fi\/kuvat\/BattleCat\/bc_no_helmet_angle.jpg\" target=\"_blank\" rel=\"noopener\"><img loading=\"lazy\" decoding=\"async\" style=\"border: 0px;\" title=\"Battle Cat etuviistosta ilman kyp\u00e4r\u00e4\u00e4\" src=\"http:\/\/motu.eurokolikonmaailma.fi\/kuvat\/BattleCat\/bc_no_helmet_angle.jpg\" alt=\"\" width=\"500\" height=\"402\" border=\"0\" \/><\/a><a href=\"http:\/\/motu.eurokolikonmaailma.fi\/kuvat\/BattleCat\/bc_no_helmet.jpg\" target=\"_blank\" rel=\"noopener\"><img loading=\"lazy\" decoding=\"async\" style=\"border: 0px;\" title=\"Battle Cat sivukuva ilman kyp\u00e4r\u00e4\u00e4\" src=\"http:\/\/motu.eurokolikonmaailma.fi\/kuvat\/BattleCat\/bc_no_helmet.jpg\" alt=\"\" width=\"700\" height=\"405\" border=\"0\" \/><\/a><a href=\"http:\/\/motu.eurokolikonmaailma.fi\/kuvat\/BattleCat\/bc_no_armor_angle.jpg\" target=\"_blank\" rel=\"noopener\"><img loading=\"lazy\" decoding=\"async\" style=\"border: 0px;\" title=\"Battle Cat etuviistosta ilman haarniskaa\" src=\"http:\/\/motu.eurokolikonmaailma.fi\/kuvat\/BattleCat\/bc_no_armor_angle.jpg\" alt=\"\" width=\"500\" height=\"363\" border=\"0\" \/><\/a><a href=\"http:\/\/motu.eurokolikonmaailma.fi\/kuvat\/BattleCat\/bc_no_armor.jpg\" target=\"_blank\" rel=\"noopener\"><img loading=\"lazy\" decoding=\"async\" style=\"border: 0px;\" title=\"Battle Cat sivukuva ilman haarniskaa\" src=\"http:\/\/motu.eurokolikonmaailma.fi\/kuvat\/BattleCat\/bc_no_armor.jpg\" alt=\"\" width=\"700\" height=\"301\" border=\"0\" \/><\/a><a href=\"http:\/\/motu.eurokolikonmaailma.fi\/kuvat\/BattleCat\/bc_hm.jpg\" target=\"_blank\" rel=\"noopener\"><img loading=\"lazy\" decoding=\"async\" style=\"border: 0px;\" title=\"Battle Cat poseeraus 1\" src=\"http:\/\/motu.eurokolikonmaailma.fi\/kuvat\/BattleCat\/bc_hm.jpg\" alt=\"\" width=\"500\" height=\"348\" border=\"0\" \/><\/a><a href=\"http:\/\/motu.eurokolikonmaailma.fi\/kuvat\/BattleCat\/bc_hm_4.jpg\" target=\"_blank\" rel=\"noopener\"><img loading=\"lazy\" decoding=\"async\" style=\"border: 0px;\" title=\"Battle Cat poseeraus 2\" src=\"http:\/\/motu.eurokolikonmaailma.fi\/kuvat\/BattleCat\/bc_hm_4.jpg\" alt=\"\" width=\"482\" height=\"500\" border=\"0\" \/><\/a><\/p>\n<h2>Varusteet<\/h2>\n<p><a href=\"http:\/\/motu.eurokolikonmaailma.fi\/kuvat\/BattleCat\/bc_helmet.jpg\" target=\"_blank\" rel=\"noopener\"><img loading=\"lazy\" decoding=\"async\" style=\"border: 0px;\" title=\"Battle Cat kyp\u00e4r\u00e4\" src=\"http:\/\/motu.eurokolikonmaailma.fi\/kuvat\/BattleCat\/bc_helmet.jpg\" alt=\"\" width=\"304\" height=\"400\" border=\"0\" \/><\/a><a href=\"http:\/\/motu.eurokolikonmaailma.fi\/kuvat\/BattleCat\/bc_saddle.jpg\" target=\"_blank\" rel=\"noopener\"><img loading=\"lazy\" decoding=\"async\" style=\"border: 0px;\" title=\"Battle Cat satula\" src=\"http:\/\/motu.eurokolikonmaailma.fi\/kuvat\/BattleCat\/bc_saddle.jpg\" alt=\"\" width=\"700\" height=\"356\" border=\"0\" \/><\/a><\/p>\n<h2>Videoesittelyni hahmosta:<\/h2>\n<p><strong>Suomi<\/strong><\/p>\n<p><em>Osa 1<\/em><\/p>\n<p><iframe loading=\"lazy\" title=\"Masters of the Universe Classics Battle Cat 1\/3 (Finnish)\" width=\"640\" height=\"360\" src=\"https:\/\/www.youtube.com\/embed\/_PMp9m8RgWg?feature=oembed\" frameborder=\"0\" allow=\"accelerometer; autoplay; clipboard-write; encrypted-media; gyroscope; picture-in-picture; web-share\" referrerpolicy=\"strict-origin-when-cross-origin\" allowfullscreen><\/iframe><\/p>\n<p><em>Osa 2<\/em><\/p>\n<p><iframe loading=\"lazy\" title=\"Masters of the Universe Classics Battle Cat 2\/3 (Finnish)\" width=\"640\" height=\"360\" src=\"https:\/\/www.youtube.com\/embed\/MTU1zrdD9uc?feature=oembed\" frameborder=\"0\" allow=\"accelerometer; autoplay; clipboard-write; encrypted-media; gyroscope; picture-in-picture; web-share\" referrerpolicy=\"strict-origin-when-cross-origin\" allowfullscreen><\/iframe><\/p>\n<p><em>Osa 3<\/em><\/p>\n<p><iframe loading=\"lazy\" title=\"Masters of the Universe Classics Battle Cat 3\/3 (Finnish)\" width=\"640\" height=\"360\" src=\"https:\/\/www.youtube.com\/embed\/Qakfn7wC1Gw?feature=oembed\" frameborder=\"0\" allow=\"accelerometer; autoplay; clipboard-write; encrypted-media; gyroscope; picture-in-picture; web-share\" referrerpolicy=\"strict-origin-when-cross-origin\" allowfullscreen><\/iframe><\/p>\n<p><strong>In English<\/strong><\/p>\n<p><iframe loading=\"lazy\" title=\"Masters of the Universe Classics Battle Cat (English)\" width=\"640\" height=\"360\" src=\"https:\/\/www.youtube.com\/embed\/L8xJWVP-Wis?feature=oembed\" frameborder=\"0\" allow=\"accelerometer; autoplay; clipboard-write; encrypted-media; gyroscope; picture-in-picture; web-share\" referrerpolicy=\"strict-origin-when-cross-origin\" allowfullscreen><\/iframe><\/p>\n","protected":false},"excerpt":{"rendered":"<p>Tuotekoodi: R4721 Battle Cat &#8211; Fighting Tiger of Eternia Hinta:\u00a0$30 Kaikki joilla oli Club Eternia -tilauspalvelu vuodelle 2010, saivat $8 alennuskoodin Battlecatin tilaamista varten. T\u00e4m\u00e4n oli oletettavasti tarkoitettu tasaamaan figuurin isommasta painosta johtuvia suurempia toimituskuluja, kun kyseess\u00e4 oli ensimm\u00e4inen MOTUC-suurtuote. &hellip; <a href=\"https:\/\/www.eurokolikonmaailma.fi\/?page_id=2193\">Lue loppuun <span class=\"meta-nav\">&rarr;<\/span><\/a><\/p>\n","protected":false},"author":1,"featured_media":0,"parent":292,"menu_order":0,"comment_status":"open","ping_status":"open","template":"","meta":{"footnotes":""},"class_list":["post-2193","page","type-page","status-publish","hentry"],"_links":{"self":[{"href":"https:\/\/www.eurokolikonmaailma.fi\/index.php?rest_route=\/wp\/v2\/pages\/2193","targetHints":{"allow":["GET"]}}],"collection":[{"href":"https:\/\/www.eurokolikonmaailma.fi\/index.php?rest_route=\/wp\/v2\/pages"}],"about":[{"href":"https:\/\/www.eurokolikonmaailma.fi\/index.php?rest_route=\/wp\/v2\/types\/page"}],"author":[{"embeddable":true,"href":"https:\/\/www.eurokolikonmaailma.fi\/index.php?rest_route=\/wp\/v2\/users\/1"}],"replies":[{"embeddable":true,"href":"https:\/\/www.eurokolikonmaailma.fi\/index.php?rest_route=%2Fwp%2Fv2%2Fcomments&post=2193"}],"version-history":[{"count":5,"href":"https:\/\/www.eurokolikonmaailma.fi\/index.php?rest_route=\/wp\/v2\/pages\/2193\/revisions"}],"predecessor-version":[{"id":5627,"href":"https:\/\/www.eurokolikonmaailma.fi\/index.php?rest_route=\/wp\/v2\/pages\/2193\/revisions\/5627"}],"up":[{"embeddable":true,"href":"https:\/\/www.eurokolikonmaailma.fi\/index.php?rest_route=\/wp\/v2\/pages\/292"}],"wp:attachment":[{"href":"https:\/\/www.eurokolikonmaailma.fi\/index.php?rest_route=%2Fwp%2Fv2%2Fmedia&parent=2193"}],"curies":[{"name":"wp","href":"https:\/\/api.w.org\/{rel}","templated":true}]}}