{"id":2170,"date":"2012-08-04T17:45:46","date_gmt":"2012-08-04T14:45:46","guid":{"rendered":"http:\/\/www.eurokolikonmaailma.fi\/blogi\/?page_id=2170"},"modified":"2025-05-30T14:13:51","modified_gmt":"2025-05-30T11:13:51","slug":"chief-carnivus","status":"publish","type":"page","link":"https:\/\/www.eurokolikonmaailma.fi\/?page_id=2170","title":{"rendered":"Chief Carnivus"},"content":{"rendered":"<p><img loading=\"lazy\" decoding=\"async\" src=\"http:\/\/motu.eurokolikonmaailma.fi\/kuvat\/ChiefCarnivus\/motuc.1.jpg\" alt=\"\" width=\"118\" height=\"47\" border=\"0\" \/><img loading=\"lazy\" decoding=\"async\" src=\"http:\/\/motu.eurokolikonmaailma.fi\/kuvat\/ChiefCarnivus\/clubeternia_burst.gif\" alt=\"\" width=\"46\" height=\"47\" border=\"0\" \/><br \/>\nTuotekoodi: R6285<\/p>\n<h1>Chief Carnivus<br \/>\n&#8211; Heroic Feline Warrior<\/h1>\n<p><a href=\"http:\/\/motu.eurokolikonmaailma.fi\/kuvat\/ChiefCarnivus\/cc_package_front.jpg\" target=\"_blank\" rel=\"noopener\"><img loading=\"lazy\" decoding=\"async\" style=\"border: 0px;\" title=\"Chief Carnivus pakkaus edest\u00e4\" src=\"http:\/\/motu.eurokolikonmaailma.fi\/kuvat\/ChiefCarnivus\/cc_package_front.jpg\" alt=\"\" width=\"239\" height=\"350\" border=\"0\" \/><\/a>\u00a0 \u00a0 \u00a0<a href=\"http:\/\/motu.eurokolikonmaailma.fi\/kuvat\/ChiefCarnivus\/cc_cardback.jpg\" target=\"_blank\" rel=\"noopener\"><img loading=\"lazy\" decoding=\"async\" style=\"border: 0px;\" title=\"Chief Carnivus pakkaus takaa\" src=\"http:\/\/motu.eurokolikonmaailma.fi\/kuvat\/ChiefCarnivus\/cc_cardback.jpg\" alt=\"\" width=\"248\" height=\"350\" border=\"0\" \/><\/a><\/p>\n<p><strong>Oikea nimi:<\/strong>\u00a0Carnivus Fervelius III<\/p>\n<p>Leader of a race of Eternian cat warriors called Qadians, Carnivus keeps his people safe high in the village of Felis Qadi. For many years the Qadians kept neutral stance, preferring not to get involved in the affairs of other tribes. But with the rise of Skeletor and the subsequent release of the Snake Men and the Horde from their inter-dimensional prisons, Carnivus agreed to re-evaluate his core principles and joined the struggle for freedom allying himself and his people with King Randor&#8217;s new Eternian Council. Carnivus uses his feline agility and great courage to fight evil.<\/p>\n<p><em>Eternialaisten Qadianeiksi kutsutun kissasoturi kansan johtaja, Carnivus pit\u00e4\u00e4 kansansa turvassa korkealla Felis Qadi -kyl\u00e4ss\u00e4. Vuosien ajan Quadianit pysytteliv\u00e4t neutraaleina, pysytellen erossa muiden heimojen asiaoista. Mutta Skeletorin vallan kasvu ja sit\u00e4 seurannut K\u00e4\u00e4rmemiesten ja Hordien vapautus ulottuvuuksien v\u00e4lisist\u00e4 vankiloistaan, sai Carnivuksen uudelleen arvioimaan omia arvojaan ja liittym\u00e4\u00e4n tasiteluun vapauden puolesta, liittoutuen kuningas Randorin uuden Eternian neuvoston kanssa. Carnivus k\u00e4ytt\u00e4\u00e4 kissamaista taituruuttaan ja mahtavaa rohkeuttaan tasitelussa pahuutta vastaan.<\/em><\/p>\n<p><span style=\"text-decoration: underline;\"><strong>Mukana tulevat varusteet:<\/strong><\/span><br \/>\n*\u00a0miekka<br \/>\n* kilpi<br \/>\n* irrotettava viitta<br \/>\n* irrotettava rintapanssari<\/p>\n<p><strong>Loppuunmyynti aika:<\/strong>\u00a01 p\u00e4iv\u00e4 3 tuntia 58 min<br \/>\n<strong>Loppuunmyynti aika (uudelleen julkaisu):<\/strong>\u00a0n. 23 p\u00e4iv\u00e4\u00e4<\/p>\n<p><strong>Oman hahmon saapumiseen kulunut aika:\u00a0<\/strong>8 p\u00e4iv\u00e4\u00e4 (6 arkip\u00e4iv\u00e4\u00e4)<\/p>\n<h2>L\u00e4hikuva<\/h2>\n<p><a href=\"http:\/\/motu.eurokolikonmaailma.fi\/kuvat\/ChiefCarnivus\/cc_closeup.jpg\" target=\"_blank\" rel=\"noopener\"><img loading=\"lazy\" decoding=\"async\" style=\"border: 0px;\" title=\"Chief Carnivus l\u00e4hikuva\" src=\"http:\/\/motu.eurokolikonmaailma.fi\/kuvat\/ChiefCarnivus\/cc_closeup.jpg\" alt=\"\" width=\"377\" height=\"350\" border=\"0\" \/><\/a><\/p>\n<h2>Kokovartalokuvat<\/h2>\n<p><a href=\"http:\/\/motu.eurokolikonmaailma.fi\/kuvat\/ChiefCarnivus\/cc_main.JPG\" target=\"_blank\" rel=\"noopener\"><img loading=\"lazy\" decoding=\"async\" style=\"border: 0px;\" title=\"Chief Carnivus aseistettuna\" src=\"http:\/\/motu.eurokolikonmaailma.fi\/kuvat\/ChiefCarnivus\/cc_main.JPG\" alt=\"\" width=\"310\" height=\"500\" border=\"0\" \/><\/a><a href=\"http:\/\/motu.eurokolikonmaailma.fi\/kuvat\/ChiefCarnivus\/cc_front_cape_armor.jpg\" target=\"_blank\" rel=\"noopener\"><img loading=\"lazy\" decoding=\"async\" style=\"border: 0px;\" title=\"Chief Carnivus edest\u00e4\" src=\"http:\/\/motu.eurokolikonmaailma.fi\/kuvat\/ChiefCarnivus\/cc_front_cape_armor.jpg\" alt=\"\" width=\"325\" height=\"500\" border=\"0\" \/><\/a><a href=\"http:\/\/motu.eurokolikonmaailma.fi\/kuvat\/ChiefCarnivus\/cc_angle1_cape_armor.jpg\" target=\"_blank\" rel=\"noopener\"><img loading=\"lazy\" decoding=\"async\" style=\"border: 0px;\" title=\"Chief Carnivus etuviistosta\" src=\"http:\/\/motu.eurokolikonmaailma.fi\/kuvat\/ChiefCarnivus\/cc_angle1_cape_armor.jpg\" alt=\"\" width=\"305\" height=\"500\" border=\"0\" \/><\/a><a href=\"http:\/\/motu.eurokolikonmaailma.fi\/kuvat\/ChiefCarnivus\/cc_back_cape_armor.jpg\" target=\"_blank\" rel=\"noopener\"><img loading=\"lazy\" decoding=\"async\" style=\"border: 0px;\" title=\"Chief Carnivus takaa\" src=\"http:\/\/motu.eurokolikonmaailma.fi\/kuvat\/ChiefCarnivus\/cc_back_cape_armor.jpg\" alt=\"\" width=\"360\" height=\"500\" border=\"0\" \/><\/a><a href=\"http:\/\/motu.eurokolikonmaailma.fi\/kuvat\/ChiefCarnivus\/cc_angle2_cape_armor.jpg\" target=\"_blank\" rel=\"noopener\"><img loading=\"lazy\" decoding=\"async\" style=\"border: 0px;\" title=\"Chief Carnivus sivulta\" src=\"http:\/\/motu.eurokolikonmaailma.fi\/kuvat\/ChiefCarnivus\/cc_angle2_cape_armor.jpg\" alt=\"\" width=\"183\" height=\"500\" border=\"0\" \/><\/a><\/p>\n<p><a href=\"http:\/\/motu.eurokolikonmaailma.fi\/kuvat\/ChiefCarnivus\/cc_front_no_cape_armor.jpg\" target=\"_blank\" rel=\"noopener\"><img loading=\"lazy\" decoding=\"async\" style=\"border: 0px;\" title=\"Chief Carnivus edest\u00e4 ilman viittaa\" src=\"http:\/\/motu.eurokolikonmaailma.fi\/kuvat\/ChiefCarnivus\/cc_front_no_cape_armor.jpg\" alt=\"\" width=\"247\" height=\"500\" border=\"0\" \/><\/a><a href=\"http:\/\/motu.eurokolikonmaailma.fi\/kuvat\/ChiefCarnivus\/cc_angle1_no_cape_armor.jpg\" target=\"_blank\" rel=\"noopener\"><img loading=\"lazy\" decoding=\"async\" style=\"border: 0px;\" title=\"Chief Carnivus etuviistosta ilman viittaa\" src=\"http:\/\/motu.eurokolikonmaailma.fi\/kuvat\/ChiefCarnivus\/cc_angle1_no_cape_armor.jpg\" alt=\"\" width=\"179\" height=\"500\" border=\"0\" \/><\/a><a href=\"http:\/\/motu.eurokolikonmaailma.fi\/kuvat\/ChiefCarnivus\/cc_angle2_no_cape_armor.jpg\" target=\"_blank\" rel=\"noopener\"><img loading=\"lazy\" decoding=\"async\" style=\"border: 0px;\" title=\"Chief Carnivus sivulta ilman viittaa\" src=\"http:\/\/motu.eurokolikonmaailma.fi\/kuvat\/ChiefCarnivus\/cc_angle2_no_cape_armor.jpg\" alt=\"\" width=\"153\" height=\"500\" border=\"0\" \/><\/a><a href=\"http:\/\/motu.eurokolikonmaailma.fi\/kuvat\/ChiefCarnivus\/cc_back_no_cape_armor.jpg\" target=\"_blank\" rel=\"noopener\"><img loading=\"lazy\" decoding=\"async\" style=\"border: 0px;\" title=\"Chief Carnivus takaa ilman viittaa\" src=\"http:\/\/motu.eurokolikonmaailma.fi\/kuvat\/ChiefCarnivus\/cc_back_no_cape_armor.jpg\" alt=\"\" width=\"250\" height=\"500\" border=\"0\" \/><\/a><\/p>\n<p><a href=\"http:\/\/motu.eurokolikonmaailma.fi\/kuvat\/ChiefCarnivus\/cc_front_no_cape_no_armor.jpg\" target=\"_blank\" rel=\"noopener\"><img loading=\"lazy\" decoding=\"async\" style=\"border: 0px;\" title=\"Chief Carnivus edest\u00e4 ilman haarniskaa\" src=\"http:\/\/motu.eurokolikonmaailma.fi\/kuvat\/ChiefCarnivus\/cc_front_no_cape_no_armor.jpg\" alt=\"\" width=\"257\" height=\"500\" border=\"0\" \/><\/a><img loading=\"lazy\" decoding=\"async\" style=\"border: 0px;\" title=\"Chief Carnivus etuviistosta ilman haarniskaa\" src=\"http:\/\/motu.eurokolikonmaailma.fi\/kuvat\/ChiefCarnivus\/cc_angle1_no_cape_no_armor.jpg\" alt=\"\" width=\"174\" height=\"500\" border=\"0\" \/><a href=\"http:\/\/motu.eurokolikonmaailma.fi\/kuvat\/ChiefCarnivus\/cc_angle2_no_cape_no_armor.jpg\" target=\"_blank\" rel=\"noopener\"><img loading=\"lazy\" decoding=\"async\" style=\"border: 0px;\" title=\"Chief Carnivus sivulta ilman haarniskaa\" src=\"http:\/\/motu.eurokolikonmaailma.fi\/kuvat\/ChiefCarnivus\/cc_angle2_no_cape_no_armor.jpg\" alt=\"\" width=\"148\" height=\"500\" border=\"0\" \/><\/a><a href=\"http:\/\/motu.eurokolikonmaailma.fi\/kuvat\/ChiefCarnivus\/cc_back_no_cape_no_armor.jpg\" target=\"_blank\" rel=\"noopener\"><img loading=\"lazy\" decoding=\"async\" style=\"border: 0px;\" title=\"Chief Carnivus takaa ilman haarniskaa\" src=\"http:\/\/motu.eurokolikonmaailma.fi\/kuvat\/ChiefCarnivus\/cc_back_no_cape_no_armor.jpg\" alt=\"\" width=\"252\" height=\"500\" border=\"0\" \/><\/a><\/p>\n<h2>Varusteet<\/h2>\n<p><a href=\"http:\/\/motu.eurokolikonmaailma.fi\/kuvat\/ChiefCarnivus\/cc_cape_front.jpg\" target=\"_blank\" rel=\"noopener\"><img loading=\"lazy\" decoding=\"async\" style=\"border: 0px;\" title=\"Chief Carnivus viitta edest\u00e4\" src=\"http:\/\/motu.eurokolikonmaailma.fi\/kuvat\/ChiefCarnivus\/cc_cape_front.jpg\" alt=\"\" width=\"380\" height=\"500\" border=\"0\" \/><\/a><a href=\"http:\/\/motu.eurokolikonmaailma.fi\/kuvat\/ChiefCarnivus\/cc_cape_back.jpg\" target=\"_blank\" rel=\"noopener\"><img loading=\"lazy\" decoding=\"async\" style=\"border: 0px;\" title=\"Chief Carnivus viitta takaa\" src=\"http:\/\/motu.eurokolikonmaailma.fi\/kuvat\/ChiefCarnivus\/cc_cape_back.jpg\" alt=\"\" width=\"444\" height=\"500\" border=\"0\" \/><\/a><a href=\"http:\/\/motu.eurokolikonmaailma.fi\/kuvat\/ChiefCarnivus\/cc_armor.jpg\" target=\"_blank\" rel=\"noopener\"><img loading=\"lazy\" decoding=\"async\" style=\"border: 0px;\" title=\"Chief Carnivus haarniska\" src=\"http:\/\/motu.eurokolikonmaailma.fi\/kuvat\/ChiefCarnivus\/cc_armor.jpg\" alt=\"\" width=\"350\" height=\"147\" border=\"0\" \/><\/a><a href=\"http:\/\/motu.eurokolikonmaailma.fi\/kuvat\/ChiefCarnivus\/cc_shield.jpg\" target=\"_blank\" rel=\"noopener\"><img loading=\"lazy\" decoding=\"async\" style=\"border: 0px;\" title=\"Chief Carnivus kilpi\" src=\"http:\/\/motu.eurokolikonmaailma.fi\/kuvat\/ChiefCarnivus\/cc_shield.jpg\" alt=\"\" width=\"300\" height=\"248\" border=\"0\" \/><\/a><a href=\"http:\/\/motu.eurokolikonmaailma.fi\/kuvat\/ChiefCarnivus\/cc_sword.jpg\" target=\"_blank\" rel=\"noopener\"><img loading=\"lazy\" decoding=\"async\" style=\"border: 0px;\" title=\"Chief Carnivus miekka\" src=\"http:\/\/motu.eurokolikonmaailma.fi\/kuvat\/ChiefCarnivus\/cc_sword.jpg\" alt=\"\" width=\"500\" height=\"122\" border=\"0\" \/><\/a><\/p>\n<h2>Videoesittelyni hahmosta:<\/h2>\n<p><strong>Suomi<\/strong><\/p>\n<p><em>Osa 1<\/em><\/p>\n<p><iframe loading=\"lazy\" title=\"Masters of the Universe Classics Chief Carnivus 1\/2 (Finnish)\" width=\"640\" height=\"360\" src=\"https:\/\/www.youtube.com\/embed\/sno7IdjXEm8?feature=oembed\" frameborder=\"0\" allow=\"accelerometer; autoplay; clipboard-write; encrypted-media; gyroscope; picture-in-picture; web-share\" referrerpolicy=\"strict-origin-when-cross-origin\" allowfullscreen><\/iframe><\/p>\n<p><em>Osa 2<\/em><\/p>\n<p><iframe loading=\"lazy\" title=\"Masters of the Universe Classics Chief Carnivus 2\/2 (Finnish)\" width=\"640\" height=\"360\" src=\"https:\/\/www.youtube.com\/embed\/VA_aEwgSIz0?feature=oembed\" frameborder=\"0\" allow=\"accelerometer; autoplay; clipboard-write; encrypted-media; gyroscope; picture-in-picture; web-share\" referrerpolicy=\"strict-origin-when-cross-origin\" allowfullscreen><\/iframe><\/p>\n<p><strong>In English<\/strong><\/p>\n<p><em>Part 1<\/em><\/p>\n<p><iframe loading=\"lazy\" title=\"Masters of the Universe Classics Chief Carnivus1\/2 (English)\" width=\"640\" height=\"360\" src=\"https:\/\/www.youtube.com\/embed\/IRJqhbsKpMs?feature=oembed\" frameborder=\"0\" allow=\"accelerometer; autoplay; clipboard-write; encrypted-media; gyroscope; picture-in-picture; web-share\" referrerpolicy=\"strict-origin-when-cross-origin\" allowfullscreen><\/iframe><\/p>\n<p><em>Part 2<\/em><\/p>\n<p><iframe loading=\"lazy\" title=\"Masters of the Universe Classics Chief Carnivus 2\/2 (English)\" width=\"640\" height=\"360\" src=\"https:\/\/www.youtube.com\/embed\/cppgNBdQIGM?feature=oembed\" frameborder=\"0\" allow=\"accelerometer; autoplay; clipboard-write; encrypted-media; gyroscope; picture-in-picture; web-share\" referrerpolicy=\"strict-origin-when-cross-origin\" allowfullscreen><\/iframe><\/p>\n","protected":false},"excerpt":{"rendered":"<p>Tuotekoodi: R6285 Chief Carnivus &#8211; Heroic Feline Warrior \u00a0 \u00a0 \u00a0 Oikea nimi:\u00a0Carnivus Fervelius III Leader of a race of Eternian cat warriors called Qadians, Carnivus keeps his people safe high in the village of Felis Qadi. For many years &hellip; <a href=\"https:\/\/www.eurokolikonmaailma.fi\/?page_id=2170\">Lue loppuun <span class=\"meta-nav\">&rarr;<\/span><\/a><\/p>\n","protected":false},"author":1,"featured_media":0,"parent":292,"menu_order":0,"comment_status":"open","ping_status":"open","template":"","meta":{"footnotes":""},"class_list":["post-2170","page","type-page","status-publish","hentry"],"_links":{"self":[{"href":"https:\/\/www.eurokolikonmaailma.fi\/index.php?rest_route=\/wp\/v2\/pages\/2170","targetHints":{"allow":["GET"]}}],"collection":[{"href":"https:\/\/www.eurokolikonmaailma.fi\/index.php?rest_route=\/wp\/v2\/pages"}],"about":[{"href":"https:\/\/www.eurokolikonmaailma.fi\/index.php?rest_route=\/wp\/v2\/types\/page"}],"author":[{"embeddable":true,"href":"https:\/\/www.eurokolikonmaailma.fi\/index.php?rest_route=\/wp\/v2\/users\/1"}],"replies":[{"embeddable":true,"href":"https:\/\/www.eurokolikonmaailma.fi\/index.php?rest_route=%2Fwp%2Fv2%2Fcomments&post=2170"}],"version-history":[{"count":6,"href":"https:\/\/www.eurokolikonmaailma.fi\/index.php?rest_route=\/wp\/v2\/pages\/2170\/revisions"}],"predecessor-version":[{"id":5632,"href":"https:\/\/www.eurokolikonmaailma.fi\/index.php?rest_route=\/wp\/v2\/pages\/2170\/revisions\/5632"}],"up":[{"embeddable":true,"href":"https:\/\/www.eurokolikonmaailma.fi\/index.php?rest_route=\/wp\/v2\/pages\/292"}],"wp:attachment":[{"href":"https:\/\/www.eurokolikonmaailma.fi\/index.php?rest_route=%2Fwp%2Fv2%2Fmedia&parent=2170"}],"curies":[{"name":"wp","href":"https:\/\/api.w.org\/{rel}","templated":true}]}}