{"id":2131,"date":"2012-07-30T18:06:43","date_gmt":"2012-07-30T15:06:43","guid":{"rendered":"http:\/\/www.eurokolikonmaailma.fi\/blogi\/?page_id=2131"},"modified":"2023-07-29T23:00:42","modified_gmt":"2023-07-29T20:00:42","slug":"masters-of-the-universe-chapter-1","status":"publish","type":"page","link":"https:\/\/www.eurokolikonmaailma.fi\/?page_id=2131","title":{"rendered":"Masters of the Universe, Chapter 1"},"content":{"rendered":"<h1>Masters of the Universe, Chapter 1<br \/>\n&#8211; \u00a0The Lost Knight ($0,99)<\/h1>\n<p><img loading=\"lazy\" decoding=\"async\" title=\"The lost knight digisarjis kansi\" src=\"http:\/\/motu.eurokolikonmaailma.fi\/kuvat\/sarjis\/muds_01_smallcover.jpg\" alt=\"\" width=\"309\" height=\"475\" \/><\/p>\n<p>T\u00e4m\u00e4 on ensimm\u00e4inen osa DC Comics:n vuonna 2012 julkaisemista MOTU digisarjakuvista. T\u00e4m\u00e4 osa on johdanto DC Comics:n He-Man and the Masters of the Universe -sarjakuvasarjaan.<\/p>\n<p>T\u00e4st\u00e4 tarinasta on my\u00f6s olemassa printtiversio, <a href=\"https:\/\/www.eurokolikonmaailma.fi\/blogi\/?page_id=2163\">kyseist\u00e4 sarjakuvalehte\u00e4<\/a>, joka sis\u00e4lt\u00e4\u00e4 my\u00f6s &#8221;He-Man and the Masters of the Universe&#8221; printtisarjan ensimm\u00e4isen numeron, jaettiin ilmaisena kylki\u00e4isen\u00e4 kaikille, jotka ostivat MOTUC Vykron hahmon SDCC 2012 messuilla.<\/p>\n<p>Julkaisuaika: 23. kes\u00e4kuuta 2012<\/p>\n<p><strong>Tekij\u00e4t<\/strong><\/p>\n<p><strong>Tarina:<\/strong>\u00a0Geoff Johns<br \/>\n<strong>Kuvitus:<\/strong>\u00a0Howard Porter<br \/>\n<strong>Tussaus:<\/strong>\u00a0John Livesay<br \/>\n<strong>V\u00e4rit:<\/strong>\u00a0Carrie Strachan<br \/>\n<strong>Tekstitt\u00e4j\u00e4:<\/strong>\u00a0Sal Cipriano<br \/>\n<strong>Toimittaja:<\/strong>\u00a0Kwanza Johnson<br \/>\n<strong>Aputoimittaja:<\/strong>\u00a0Sarah Litt<br \/>\n<strong>Kansi:<\/strong>\u00a0Howard Porter &amp; John Livesay<\/p>\n","protected":false},"excerpt":{"rendered":"<p>Masters of the Universe, Chapter 1 &#8211; \u00a0The Lost Knight ($0,99) T\u00e4m\u00e4 on ensimm\u00e4inen osa DC Comics:n vuonna 2012 julkaisemista MOTU digisarjakuvista. T\u00e4m\u00e4 osa on johdanto DC Comics:n He-Man and the Masters of the Universe -sarjakuvasarjaan. T\u00e4st\u00e4 tarinasta on my\u00f6s &hellip; <a href=\"https:\/\/www.eurokolikonmaailma.fi\/?page_id=2131\">Lue loppuun <span class=\"meta-nav\">&rarr;<\/span><\/a><\/p>\n","protected":false},"author":1,"featured_media":0,"parent":4998,"menu_order":0,"comment_status":"open","ping_status":"closed","template":"","meta":{"footnotes":""},"class_list":["post-2131","page","type-page","status-publish","hentry"],"_links":{"self":[{"href":"https:\/\/www.eurokolikonmaailma.fi\/index.php?rest_route=\/wp\/v2\/pages\/2131","targetHints":{"allow":["GET"]}}],"collection":[{"href":"https:\/\/www.eurokolikonmaailma.fi\/index.php?rest_route=\/wp\/v2\/pages"}],"about":[{"href":"https:\/\/www.eurokolikonmaailma.fi\/index.php?rest_route=\/wp\/v2\/types\/page"}],"author":[{"embeddable":true,"href":"https:\/\/www.eurokolikonmaailma.fi\/index.php?rest_route=\/wp\/v2\/users\/1"}],"replies":[{"embeddable":true,"href":"https:\/\/www.eurokolikonmaailma.fi\/index.php?rest_route=%2Fwp%2Fv2%2Fcomments&post=2131"}],"version-history":[{"count":7,"href":"https:\/\/www.eurokolikonmaailma.fi\/index.php?rest_route=\/wp\/v2\/pages\/2131\/revisions"}],"predecessor-version":[{"id":5107,"href":"https:\/\/www.eurokolikonmaailma.fi\/index.php?rest_route=\/wp\/v2\/pages\/2131\/revisions\/5107"}],"up":[{"embeddable":true,"href":"https:\/\/www.eurokolikonmaailma.fi\/index.php?rest_route=\/wp\/v2\/pages\/4998"}],"wp:attachment":[{"href":"https:\/\/www.eurokolikonmaailma.fi\/index.php?rest_route=%2Fwp%2Fv2%2Fmedia&parent=2131"}],"curies":[{"name":"wp","href":"https:\/\/api.w.org\/{rel}","templated":true}]}}