{"id":2119,"date":"2012-07-22T12:56:41","date_gmt":"2012-07-22T09:56:41","guid":{"rendered":"http:\/\/www.eurokolikonmaailma.fi\/blogi\/?page_id=2119"},"modified":"2025-05-30T03:01:44","modified_gmt":"2025-05-30T00:01:44","slug":"2013-2","status":"publish","type":"page","link":"https:\/\/www.eurokolikonmaailma.fi\/?page_id=2119","title":{"rendered":"2013"},"content":{"rendered":"<h2>Itselt\u00e4ni l\u00f6ytyv\u00e4t vuonna 2013 julkaistut Masters of the universe Classics hahmot\/tuotteet<\/h2>\n<h3><strong>Perushahmot<\/strong><\/h3>\n<table style=\"border: 0px;\">\n<tbody>\n<tr>\n<td style=\"border: 0px;\"><a href=\"https:\/\/www.eurokolikonmaailma.fi\/?page_id=5429\"><img loading=\"lazy\" decoding=\"async\" class=\"aligncenter\" src=\"http:\/\/motu.eurokolikonmaailma.fi\/kuvat\/Jitsu\/Y3186_fullsizeimage01.jpg\" alt=\"\" width=\"60\" height=\"147\" \/><\/a><\/td>\n<td style=\"border: 0px;\"><a href=\"https:\/\/www.eurokolikonmaailma.fi\/?page_id=5438\"><img loading=\"lazy\" decoding=\"async\" class=\"aligncenter\" src=\"http:\/\/motu.eurokolikonmaailma.fi\/kuvat\/FangMan\/Y3187_fullsizeimage01.jpg\" alt=\"\" width=\"105\" height=\"147\" \/><\/a><\/td>\n<td style=\"border: 0px;\"><a href=\"https:\/\/www.eurokolikonmaailma.fi\/?page_id=5442\"><img loading=\"lazy\" decoding=\"async\" class=\"aligncenter\" src=\"http:\/\/motu.eurokolikonmaailma.fi\/kuvat\/SnakeFace\/Y3188_003_600x600.jpg\" alt=\"\" width=\"83\" height=\"148\" \/><\/a><\/td>\n<\/tr>\n<tr>\n<td style=\"border: 0px; text-align: center;\"><strong><span style=\"color: #ff0000;\">* Jitsu<\/span><\/strong><\/td>\n<td style=\"border: 0px; text-align: center;\"><strong><span style=\"color: #ff0000;\">* Fang Man<\/span><\/strong><\/td>\n<td style=\"border: 0px; text-align: center;\"><strong><span style=\"color: #ff0000;\">* Snake Face<\/span><\/strong><\/td>\n<\/tr>\n<tr>\n<td style=\"border: 0px; text-align: center;\"><\/td>\n<td style=\"border: 0px; text-align: center;\"><\/td>\n<td style=\"border: 0px; text-align: center;\"><\/td>\n<\/tr>\n<tr>\n<td style=\"border: 0px;\"><\/td>\n<td style=\"border: 0px;\"><\/td>\n<td style=\"border: 0px;\"><\/td>\n<\/tr>\n<tr>\n<td style=\"border: 0px; text-align: center;\"><a href=\"https:\/\/www.eurokolikonmaailma.fi\/?page_id=5472\"><img loading=\"lazy\" decoding=\"async\" class=\"aligncenter\" src=\"http:\/\/motu.eurokolikonmaailma.fi\/kuvat\/Castaspella\/Castaspella.jpg\" alt=\"\" width=\"105\" height=\"150\" \/><\/a><\/td>\n<td style=\"border: 0px; text-align: center;\"><a href=\"https:\/\/www.eurokolikonmaailma.fi\/?page_id=5476\"><img loading=\"lazy\" decoding=\"async\" src=\"http:\/\/motu.eurokolikonmaailma.fi\/kuvat\/Plundor\/plundor.jpg\" alt=\"\" width=\"78\" height=\"150\" \/><\/a><\/td>\n<td style=\"border: 0px; text-align: center;\"><\/td>\n<\/tr>\n<tr>\n<td style=\"border: 0px; text-align: center;\"><strong><span style=\"color: #008000;\">* Castaspella<\/span><\/strong><\/td>\n<td style=\"border: 0px; text-align: center;\"><strong><span style=\"color: #ff0000;\">* Plundor<\/span><\/strong><\/td>\n<td style=\"border: 0px; text-align: center;\"><\/td>\n<\/tr>\n<tr>\n<td style=\"border: 0px; text-align: center;\"><\/td>\n<td style=\"border: 0px;\"><\/td>\n<td style=\"border: 0px;\"><\/td>\n<\/tr>\n<tr>\n<td style=\"border: 0px; text-align: center;\"><\/td>\n<td style=\"border: 0px; text-align: center;\"><\/td>\n<td style=\"border: 0px; text-align: center;\"><\/td>\n<\/tr>\n<\/tbody>\n<\/table>\n<h3><strong>Bonus- ja spesiaalihahmot<\/strong><\/h3>\n<table style=\"border: 0px;\">\n<tbody>\n<tr>\n<td style=\"border: 0px;\"><a href=\"https:\/\/www.eurokolikonmaailma.fi\/?page_id=3078\"><img loading=\"lazy\" decoding=\"async\" class=\"aligncenter\" src=\"http:\/\/motu.eurokolikonmaailma.fi\/kuvat\/Spirit_Hordak\/soh_main.jpg\" alt=\"\" width=\"102\" height=\"150\" \/><\/a><\/td>\n<td style=\"border: 0px;\"><a href=\"https:\/\/www.eurokolikonmaailma.fi\/?page_id=5484\"><img loading=\"lazy\" decoding=\"async\" class=\"aligncenter\" src=\"http:\/\/motu.eurokolikonmaailma.fi\/kuvat\/CometWarriors\/Y3215_fullsizeimage04.jpg\" alt=\"\" width=\"125\" height=\"145\" \/><\/a><\/td>\n<td style=\"border: 0px;\"><a href=\"https:\/\/www.eurokolikonmaailma.fi\/?page_id=5496\"><img loading=\"lazy\" decoding=\"async\" class=\"aligncenter\" src=\"http:\/\/motu.eurokolikonmaailma.fi\/kuvat\/NA_hm\/NA_HeMan_fullsizeimage4.jpg\" alt=\"\" width=\"77\" height=\"150\" \/><\/a><\/td>\n<\/tr>\n<tr>\n<td style=\"border: 0px; text-align: center;\"><strong><span style=\"color: #ff0000;\">Spirit of Hordak<\/span><\/strong><\/td>\n<td style=\"border: 0px; text-align: center;\"><strong><span style=\"color: #008000;\">* Rokkon &amp; Stonedar 2-pack<\/span><\/strong><\/td>\n<td style=\"border: 0px; text-align: center;\"><strong style=\"line-height: 24px;\"><span style=\"color: #008000;\">* NA He-Man<\/span><\/strong><\/td>\n<\/tr>\n<tr>\n<td style=\"border: 0px; text-align: center;\"><strong><span style=\"color: #ff0000;\">Salainen hahmo<\/span><\/strong><\/td>\n<td style=\"border: 0px; text-align: center;\"><strong><span style=\"color: #008000;\">SDCC-spesiaalihahmo<\/span><\/strong><\/td>\n<td style=\"border: 0px; text-align: center;\"><strong><span style=\"color: #008000;\">3. vuosinelj\u00e4nnestuote<\/span><\/strong><\/td>\n<\/tr>\n<tr>\n<td style=\"border: 0px; text-align: center;\"><\/td>\n<td style=\"border: 0px; text-align: center;\"><strong><span style=\"color: #008000;\">\u00a0<\/span><\/strong><\/td>\n<td style=\"border: 0px; text-align: center;\"><\/td>\n<\/tr>\n<tr>\n<td style=\"border: 0px;\"><\/td>\n<td style=\"border: 0px; text-align: center;\"><\/td>\n<td style=\"border: 0px;\"><\/td>\n<\/tr>\n<tr>\n<td style=\"border-width: 0px; text-align: center;\"><a href=\"https:\/\/www.eurokolikonmaailma.fi\/?page_id=5501\"><img loading=\"lazy\" decoding=\"async\" class=\"aligncenter\" src=\"http:\/\/motu.eurokolikonmaailma.fi\/kuvat\/Icer\/Icer.jpg\" alt=\"\" width=\"114\" height=\"150\" \/><\/a><\/td>\n<td style=\"border-width: 0px; text-align: center;\"><a href=\"https:\/\/www.eurokolikonmaailma.fi\/?page_id=5507\"><img loading=\"lazy\" decoding=\"async\" class=\"aligncenter\" src=\"http:\/\/motu.eurokolikonmaailma.fi\/kuvat\/Batros\/Batros.jpg\" alt=\"\" width=\"142\" height=\"150\" \/><\/a><\/td>\n<td style=\"border: 0px; text-align: center;\"><a href=\"https:\/\/www.eurokolikonmaailma.fi\/?page_id=5514\"><img loading=\"lazy\" decoding=\"async\" class=\"aligncenter\" src=\"http:\/\/motu.eurokolikonmaailma.fi\/kuvat\/Nepthu\/nepthu.jpg\" alt=\"\" width=\"165\" height=\"150\" \/><\/a><\/td>\n<\/tr>\n<tr>\n<td style=\"border: 0px; text-align: center;\"><strong style=\"line-height: 24px;\"><span style=\"color: #ff0000;\">* Icer<\/span><\/strong><\/td>\n<td style=\"border: 0px; text-align: center;\"><strong><span style=\"color: #ff0000;\">* Batros<\/span><\/strong><\/td>\n<td style=\"border: 0px; text-align: center;\"><strong><span style=\"color: #ff0000;\">* Nepthu<\/span><\/strong><\/td>\n<\/tr>\n<tr>\n<td style=\"border: 0px; text-align: center;\"><strong style=\"line-height: 24px; text-align: center;\"><span style=\"color: #ff0000;\">Club Filmation<\/span><\/strong><\/td>\n<td style=\"border: 0px; text-align: center;\"><strong style=\"line-height: 24px; text-align: center;\"><span style=\"color: #ff0000;\">Club Filmation<\/span><\/strong><\/td>\n<td style=\"border: 0px; text-align: center;\"><strong><span style=\"color: #ff0000;\">Club Filmation<\/span><\/strong><\/td>\n<\/tr>\n<tr>\n<td style=\"border: 0px;\"><\/td>\n<td style=\"border: 0px;\"><\/td>\n<td style=\"border: 0px;\"><\/td>\n<\/tr>\n<tr>\n<td style=\"border: 0px; text-align: center;\"><\/td>\n<td style=\"border: 0px; text-align: center;\"><\/td>\n<td style=\"border: 0px; text-align: center;\"><\/td>\n<\/tr>\n<tr>\n<td style=\"border: 0px; text-align: center;\"><a href=\"https:\/\/www.eurokolikonmaailma.fi\/?page_id=5524\"><img loading=\"lazy\" decoding=\"async\" class=\"aligncenter\" style=\"line-height: 24px;\" src=\"http:\/\/motu.eurokolikonmaailma.fi\/kuvat\/Sea_Hawk\/seahawk.jpg\" alt=\"\" width=\"106\" height=\"150\" \/><\/a><\/td>\n<td style=\"border: 0px; text-align: center;\"><a href=\"https:\/\/www.eurokolikonmaailma.fi\/?page_id=5533\"><img loading=\"lazy\" decoding=\"async\" src=\"http:\/\/motu.eurokolikonmaailma.fi\/kuvat\/Strongor\/strongor.jpg\" alt=\"\" width=\"107\" height=\"150\" \/><\/a><\/td>\n<td style=\"border: 0px; text-align: center;\"><a href=\"https:\/\/www.eurokolikonmaailma.fi\/?page_id=5538\"><img loading=\"lazy\" decoding=\"async\" src=\"http:\/\/motu.eurokolikonmaailma.fi\/kuvat\/Standor\/standor.jpg\" alt=\"\" width=\"107\" height=\"150\" \/><\/a><\/td>\n<\/tr>\n<tr>\n<td style=\"border: 0px; text-align: center;\"><strong><span style=\"color: #008000;\">* Sea Hawk<\/span><\/strong><\/td>\n<td style=\"border: 0px; text-align: center;\"><strong><span style=\"color: #ff0000;\">* Strong-or<\/span><\/strong><\/td>\n<td style=\"border: 0px; text-align: center;\"><strong><span style=\"color: #008000;\">* Standor<\/span><\/strong><\/td>\n<\/tr>\n<tr>\n<td style=\"border: 0px;\"><strong style=\"text-align: center;\"><span style=\"color: #008000;\">Club Filmation<\/span><\/strong><\/td>\n<td style=\"border: 0px; text-align: center;\"><strong><span style=\"color: #ff0000;\">Club Filmation<\/span><\/strong><\/td>\n<td style=\"border: 0px; text-align: center;\"><strong><span style=\"color: #008000;\">Comikaze-spesiaalituote<\/span><\/strong><\/td>\n<\/tr>\n<tr>\n<td style=\"border: 0px; text-align: center;\"><\/td>\n<td style=\"border: 0px; text-align: center;\"><\/td>\n<td style=\"border: 0px; text-align: center;\"><\/td>\n<\/tr>\n<tr>\n<td style=\"border: 0px; text-align: center;\"><\/td>\n<td style=\"border: 0px; text-align: center;\"><\/td>\n<td style=\"border: 0px; text-align: center;\"><\/td>\n<\/tr>\n<\/tbody>\n<\/table>\n","protected":false},"excerpt":{"rendered":"<p>Itselt\u00e4ni l\u00f6ytyv\u00e4t vuonna 2013 julkaistut Masters of the universe Classics hahmot\/tuotteet Perushahmot * Jitsu * Fang Man * Snake Face * Castaspella * Plundor Bonus- ja spesiaalihahmot Spirit of Hordak * Rokkon &amp; Stonedar 2-pack * NA He-Man Salainen hahmo &hellip; <a href=\"https:\/\/www.eurokolikonmaailma.fi\/?page_id=2119\">Lue loppuun <span class=\"meta-nav\">&rarr;<\/span><\/a><\/p>\n","protected":false},"author":1,"featured_media":0,"parent":24,"menu_order":0,"comment_status":"open","ping_status":"open","template":"","meta":{"footnotes":""},"class_list":["post-2119","page","type-page","status-publish","hentry"],"_links":{"self":[{"href":"https:\/\/www.eurokolikonmaailma.fi\/index.php?rest_route=\/wp\/v2\/pages\/2119","targetHints":{"allow":["GET"]}}],"collection":[{"href":"https:\/\/www.eurokolikonmaailma.fi\/index.php?rest_route=\/wp\/v2\/pages"}],"about":[{"href":"https:\/\/www.eurokolikonmaailma.fi\/index.php?rest_route=\/wp\/v2\/types\/page"}],"author":[{"embeddable":true,"href":"https:\/\/www.eurokolikonmaailma.fi\/index.php?rest_route=\/wp\/v2\/users\/1"}],"replies":[{"embeddable":true,"href":"https:\/\/www.eurokolikonmaailma.fi\/index.php?rest_route=%2Fwp%2Fv2%2Fcomments&post=2119"}],"version-history":[{"count":43,"href":"https:\/\/www.eurokolikonmaailma.fi\/index.php?rest_route=\/wp\/v2\/pages\/2119\/revisions"}],"predecessor-version":[{"id":5584,"href":"https:\/\/www.eurokolikonmaailma.fi\/index.php?rest_route=\/wp\/v2\/pages\/2119\/revisions\/5584"}],"up":[{"embeddable":true,"href":"https:\/\/www.eurokolikonmaailma.fi\/index.php?rest_route=\/wp\/v2\/pages\/24"}],"wp:attachment":[{"href":"https:\/\/www.eurokolikonmaailma.fi\/index.php?rest_route=%2Fwp%2Fv2%2Fmedia&parent=2119"}],"curies":[{"name":"wp","href":"https:\/\/api.w.org\/{rel}","templated":true}]}}