{"id":2101,"date":"2012-07-11T15:30:38","date_gmt":"2012-07-11T12:30:38","guid":{"rendered":"http:\/\/www.eurokolikonmaailma.fi\/blogi\/?page_id=2101"},"modified":"2023-07-30T00:08:59","modified_gmt":"2023-07-29T21:08:59","slug":"he-man-and-the-masters-of-the-universe-1","status":"publish","type":"page","link":"https:\/\/www.eurokolikonmaailma.fi\/?page_id=2101","title":{"rendered":"He-Man and the Masters of the Universe #1"},"content":{"rendered":"<h1>He-Man and the Masters of the Universe #1<br \/>\n&#8211; The Seeker ($2,99)<\/h1>\n<p><a href=\"http:\/\/motu.eurokolikonmaailma.fi\/kuvat\/sarjis\/hmotu01.jpg\" target=\"_blank\" rel=\"noopener\"><img loading=\"lazy\" decoding=\"async\" title=\"He-Man and the Masters of the Universe #1 kansi\" src=\"http:\/\/motu.eurokolikonmaailma.fi\/kuvat\/sarjis\/hmotu01.jpg\" alt=\"\" width=\"330\" height=\"514\" \/><\/a><\/p>\n<p>T\u00e4m\u00e4 on ensimm\u00e4inen osa 6 osaisesta minisarjasta.<\/p>\n<p>Julkaisuaika:\u00a04. hein\u00e4kuuta 2012<\/p>\n<p><strong>Tekij\u00e4t<\/strong><\/p>\n<p><strong>Tarina:<\/strong>\u00a0James Robinson<br \/>\n<strong>Kuvitus:<\/strong>\u00a0Philip Tan<br \/>\n<strong>Tussaus:<\/strong>\u00a0Ruy Jose (1, 4-15, 17-19), LaBeu Underwood (2-3, 16, 20)<br \/>\n<strong>V\u00e4rit:<\/strong>\u00a0Richard &amp; Tanya Horie (1-12, 14-15, 17-18, 20), Carrie Strachan (13, 16, 19)<br \/>\n<strong>Tekstitt\u00e4j\u00e4:<\/strong>\u00a0Carlos M. Mangual<br \/>\n<strong>Toimittaja:<\/strong>\u00a0Kwanza Johnson<br \/>\n<strong>Aputoimittaja:<\/strong>\u00a0Sarah Litt<br \/>\n<strong>Kansi:<\/strong> Philip Tan &amp; Dave Wilkins<\/p>\n","protected":false},"excerpt":{"rendered":"<p>He-Man and the Masters of the Universe #1 &#8211; The Seeker ($2,99) T\u00e4m\u00e4 on ensimm\u00e4inen osa 6 osaisesta minisarjasta. Julkaisuaika:\u00a04. hein\u00e4kuuta 2012 Tekij\u00e4t Tarina:\u00a0James Robinson Kuvitus:\u00a0Philip Tan Tussaus:\u00a0Ruy Jose (1, 4-15, 17-19), LaBeu Underwood (2-3, 16, 20) V\u00e4rit:\u00a0Richard &amp; Tanya &hellip; <a href=\"https:\/\/www.eurokolikonmaailma.fi\/?page_id=2101\">Lue loppuun <span class=\"meta-nav\">&rarr;<\/span><\/a><\/p>\n","protected":false},"author":1,"featured_media":0,"parent":5000,"menu_order":0,"comment_status":"open","ping_status":"closed","template":"","meta":{"footnotes":""},"class_list":["post-2101","page","type-page","status-publish","hentry"],"_links":{"self":[{"href":"https:\/\/www.eurokolikonmaailma.fi\/index.php?rest_route=\/wp\/v2\/pages\/2101","targetHints":{"allow":["GET"]}}],"collection":[{"href":"https:\/\/www.eurokolikonmaailma.fi\/index.php?rest_route=\/wp\/v2\/pages"}],"about":[{"href":"https:\/\/www.eurokolikonmaailma.fi\/index.php?rest_route=\/wp\/v2\/types\/page"}],"author":[{"embeddable":true,"href":"https:\/\/www.eurokolikonmaailma.fi\/index.php?rest_route=\/wp\/v2\/users\/1"}],"replies":[{"embeddable":true,"href":"https:\/\/www.eurokolikonmaailma.fi\/index.php?rest_route=%2Fwp%2Fv2%2Fcomments&post=2101"}],"version-history":[{"count":8,"href":"https:\/\/www.eurokolikonmaailma.fi\/index.php?rest_route=\/wp\/v2\/pages\/2101\/revisions"}],"predecessor-version":[{"id":5126,"href":"https:\/\/www.eurokolikonmaailma.fi\/index.php?rest_route=\/wp\/v2\/pages\/2101\/revisions\/5126"}],"up":[{"embeddable":true,"href":"https:\/\/www.eurokolikonmaailma.fi\/index.php?rest_route=\/wp\/v2\/pages\/5000"}],"wp:attachment":[{"href":"https:\/\/www.eurokolikonmaailma.fi\/index.php?rest_route=%2Fwp%2Fv2%2Fmedia&parent=2101"}],"curies":[{"name":"wp","href":"https:\/\/api.w.org\/{rel}","templated":true}]}}