{"id":2088,"date":"2012-06-25T19:41:56","date_gmt":"2012-06-25T16:41:56","guid":{"rendered":"http:\/\/www.eurokolikonmaailma.fi\/blogi\/?page_id=2088"},"modified":"2025-05-30T14:45:11","modified_gmt":"2025-05-30T11:45:11","slug":"whiplash","status":"publish","type":"page","link":"https:\/\/www.eurokolikonmaailma.fi\/?page_id=2088","title":{"rendered":"Whiplash"},"content":{"rendered":"<p><img loading=\"lazy\" decoding=\"async\" src=\"http:\/\/motu.eurokolikonmaailma.fi\/kuvat\/Whiplash\/motuc.1.jpg\" alt=\"\" width=\"118\" height=\"47\" border=\"0\" \/><img loading=\"lazy\" decoding=\"async\" src=\"http:\/\/motu.eurokolikonmaailma.fi\/kuvat\/Whiplash\/clubeternia_burst.gif\" alt=\"\" width=\"46\" height=\"47\" border=\"0\" \/><br \/>\nTuotekoodi: R6263<\/p>\n<h1>Whiplash<br \/>\n&#8211; Evil Tail-Thrashing Warrior<\/h1>\n<p><a href=\"http:\/\/motu.eurokolikonmaailma.fi\/kuvat\/Whiplash\/whiplash_box_front.jpg\" target=\"_blank\" rel=\"noopener\"><img loading=\"lazy\" decoding=\"async\" style=\"border: 0px;\" title=\"Whiplash pakkaus edest\u00e4\" src=\"http:\/\/motu.eurokolikonmaailma.fi\/kuvat\/Whiplash\/whiplash_box_front.jpg\" alt=\"\" width=\"231\" height=\"350\" border=\"0\" \/><\/a>\u00a0 \u00a0 \u00a0<a href=\"http:\/\/motu.eurokolikonmaailma.fi\/kuvat\/Whiplash\/whiplash_cardback.jpg\" target=\"_blank\" rel=\"noopener\"><img loading=\"lazy\" decoding=\"async\" style=\"border: 0px;\" title=\"Whiplash pakkaus takaa\" src=\"http:\/\/motu.eurokolikonmaailma.fi\/kuvat\/Whiplash\/whiplash_cardback.jpg\" alt=\"\" width=\"250\" height=\"350\" border=\"0\" \/><\/a><a href=\"http:\/\/motu.eurokolikonmaailma.fi\/kuvat\/Whiplash\/whiplash_white_box.jpg\" target=\"_blank\" rel=\"noopener\"><img loading=\"lazy\" decoding=\"async\" style=\"border: 0px;\" title=\"Whiplash postituslaatikko\" src=\"http:\/\/motu.eurokolikonmaailma.fi\/kuvat\/Whiplash\/whiplash_white_box.jpg\" alt=\"\" width=\"236\" height=\"350\" border=\"0\" \/><\/a><\/p>\n<p><strong>Oikea nimi:\u00a0<\/strong>Torrant Krazut\u2122<\/p>\n<p>Following their father\u2019s untimely death, Torrant grew up bitter under the rule of his older brother Ceratus\u2122. After years of brooding in Sub-Ternia\u2122, he struck a deal with a surface dweller named Keldor\u2122 and helped lead his forces in a raid against Randor\u2019s army during the Great Unrest. Although Keldor\u2019s plan failed, Torrant was banished from Sub-Ternia\u2122 for betraying his people. He was taken in by his former employer and quickly rose up through the ranks, staying with Keldor\u2122 even after his transformation into Skeletor\u00ae, serving as his chief brute squad enforcer. His thick hide and stubborn intellect have made him more than a match for the Masters of the Universe\u00ae, often leaving only He-Man\u00ae to defeat him. Whiplash\u2122 uses his thrashing tail for doom and destruction.<\/p>\n<p><em>Heid\u00e4n is\u00e4ns\u00e4 ennenaikaisen kuoleman j\u00e4lkeen Torrantista tuli katkeroitunut veljens\u00e4 Ceratuksen vallan alaisena. M\u00f6k\u00f6tetty\u00e4\u00e4n vuosia Sub-Terniassa, h\u00e4n teki sopimuksen Keldor-nimisen pinta-asukkaan kanssa ja johtamaan h\u00e4nen joukkonsa Randorin armeijaa vastaan Suuren Levottomuuden aikana. Vaikka Keldorin suunnitelma ep\u00e4onnistui, Torrant karkoitettiin Sub-Terniasta kansansa pett\u00e4misen vuoksi. H\u00e4n p\u00e4\u00e4si takaisin entisen ty\u00f6nantajansa suojiin ja nousi nopeasti arvoasteikossa ja pysyi Keldorin luona, jopa Keldorin Skeletoriksi muuttumisen j\u00e4lkeen, palvellakseen Skeletorin p\u00e4\u00e4\u00f6ykk\u00e4rin\u00e4. H\u00e4nen paksu nahkansa ja j\u00e4\u00e4r\u00e4p\u00e4inen \u00e4lyns\u00e4 ovat tehneet h\u00e4net enemm\u00e4n kuin Masters of the Universe -ryhm\u00e4n veroiseksi, ja usein h\u00e4nen peittoamisekseen tarvitaan He-Mania. Whiplash k\u00e4ytt\u00e4\u00e4 h\u00e4nt\u00e4\u00e4ns\u00e4 tuomaan tuhoa.<\/em><\/p>\n<p><span style=\"text-decoration: underline;\"><strong>Mukana tulevat varusteet:<\/strong><\/span><br \/>\n* keih\u00e4s<br \/>\n* 200x ter\u00e4ase<br \/>\n* extrap\u00e4\u00e4<br \/>\n* irrotettava h\u00e4nt\u00e4<\/p>\n<p><strong>Loppuunmyynti aika:<\/strong>\u00a043 min<br \/>\n<strong>Loppuunmyynti aika (uudelleen julkaisu):<\/strong>\u00a0n. 3 mim<\/p>\n<p><strong>Oman hahmon saapumiseen kulunut aika:\u00a0<\/strong>14 p\u00e4iv\u00e4\u00e4 (10 arkip\u00e4iv\u00e4\u00e4)<\/p>\n<h2>L\u00e4hikuvat<\/h2>\n<p><a href=\"http:\/\/motu.eurokolikonmaailma.fi\/kuvat\/Whiplash\/whiplash_close_vintage.jpg\" target=\"_blank\" rel=\"noopener\"><img loading=\"lazy\" decoding=\"async\" style=\"border: 0px;\" title=\"Whiplash l\u00e4hikuva 1\" src=\"http:\/\/motu.eurokolikonmaailma.fi\/kuvat\/Whiplash\/whiplash_close_vintage.jpg\" alt=\"\" width=\"315\" height=\"350\" border=\"0\" \/><\/a><a href=\"http:\/\/motu.eurokolikonmaailma.fi\/kuvat\/Whiplash\/whiplash_close_200x.jpg\" target=\"_blank\" rel=\"noopener\"><img loading=\"lazy\" decoding=\"async\" style=\"border: 0px;\" title=\"Whiplash l\u00e4hikuva 2\" src=\"http:\/\/motu.eurokolikonmaailma.fi\/kuvat\/Whiplash\/whiplash_close_200x.jpg\" alt=\"\" width=\"321\" height=\"350\" border=\"0\" \/><\/a><\/p>\n<h2>kokovartalokuvat<\/h2>\n<p><a href=\"http:\/\/motu.eurokolikonmaailma.fi\/kuvat\/Whiplash\/whiplash_main.jpg\" target=\"_blank\" rel=\"noopener\"><img loading=\"lazy\" decoding=\"async\" style=\"border: 0px;\" title=\"Whiplash aseistettuna\" src=\"http:\/\/motu.eurokolikonmaailma.fi\/kuvat\/Whiplash\/whiplash_main.jpg\" alt=\"\" width=\"409\" height=\"500\" border=\"0\" \/><\/a><a href=\"http:\/\/motu.eurokolikonmaailma.fi\/kuvat\/Whiplash\/whiplash_front.jpg\" target=\"_blank\" rel=\"noopener\"><img loading=\"lazy\" decoding=\"async\" style=\"border: 0px;\" title=\"Whiplash edest\u00e4\" src=\"http:\/\/motu.eurokolikonmaailma.fi\/kuvat\/Whiplash\/whiplash_front.jpg\" alt=\"\" width=\"268\" height=\"500\" border=\"0\" \/><\/a><a href=\"http:\/\/motu.eurokolikonmaailma.fi\/kuvat\/Whiplash\/whiplash_back_with_tail.jpg\" target=\"_blank\" rel=\"noopener\"><img loading=\"lazy\" decoding=\"async\" style=\"border: 0px;\" title=\"Whiplash takaa\" src=\"http:\/\/motu.eurokolikonmaailma.fi\/kuvat\/Whiplash\/whiplash_back_with_tail.jpg\" alt=\"\" width=\"258\" height=\"500\" border=\"0\" \/><\/a><a href=\"http:\/\/motu.eurokolikonmaailma.fi\/kuvat\/Whiplash\/whiplash_back_no_tail.jpg\" target=\"_blank\" rel=\"noopener\"><img loading=\"lazy\" decoding=\"async\" style=\"border: 0px;\" title=\"Whiplash takaa ilman h\u00e4nt\u00e4\u00e4\" src=\"http:\/\/motu.eurokolikonmaailma.fi\/kuvat\/Whiplash\/whiplash_back_no_tail.jpg\" alt=\"\" width=\"270\" height=\"500\" border=\"0\" \/><\/a><\/p>\n<h2>Varusteet<\/h2>\n<p><a href=\"http:\/\/motu.eurokolikonmaailma.fi\/kuvat\/Whiplash\/whiplash_tail.jpg\" target=\"_blank\" rel=\"noopener\"><img loading=\"lazy\" decoding=\"async\" style=\"border: 0px;\" title=\"Whiplash h\u00e4nt\u00e4 takaa\" src=\"http:\/\/motu.eurokolikonmaailma.fi\/kuvat\/Whiplash\/whiplash_tail.jpg\" alt=\"\" width=\"500\" height=\"210\" border=\"0\" \/><\/a><a href=\"http:\/\/motu.eurokolikonmaailma.fi\/kuvat\/Whiplash\/whiplash_tail2.jpg\" target=\"_blank\" rel=\"noopener\"><img loading=\"lazy\" decoding=\"async\" style=\"border: 0px;\" title=\"Whiplash h\u00e4nt\u00e4 edest\u00e4\" src=\"http:\/\/motu.eurokolikonmaailma.fi\/kuvat\/Whiplash\/whiplash_tail2.jpg\" alt=\"\" width=\"500\" height=\"186\" border=\"0\" \/><\/a><a href=\"http:\/\/motu.eurokolikonmaailma.fi\/kuvat\/Whiplash\/whiplash_spear.jpg\" target=\"_blank\" rel=\"noopener\"><img loading=\"lazy\" decoding=\"async\" style=\"border: 0px;\" title=\"Whiplash keih\u00e4s\" src=\"http:\/\/motu.eurokolikonmaailma.fi\/kuvat\/Whiplash\/whiplash_spear.jpg\" alt=\"\" width=\"500\" height=\"50\" border=\"0\" \/><\/a><a href=\"http:\/\/motu.eurokolikonmaailma.fi\/kuvat\/Whiplash\/whiplash_weird_weapon.jpg\" target=\"_blank\" rel=\"noopener\"><img loading=\"lazy\" decoding=\"async\" style=\"border: 0px;\" title=\"Whiplash ihmease\" src=\"http:\/\/motu.eurokolikonmaailma.fi\/kuvat\/Whiplash\/whiplash_weird_weapon.jpg\" alt=\"\" width=\"500\" height=\"75\" border=\"0\" \/><\/a><\/p>\n<p>&nbsp;<\/p>\n<h2>Videoesittelyni hahmosta:<\/h2>\n<p><strong>Suomi<\/strong><\/p>\n<p><em>Osa 1<\/em><\/p>\n<p><iframe loading=\"lazy\" title=\"Masters of the Universe Classics Whiplash 1\/2 (Finnish)\" width=\"640\" height=\"360\" src=\"https:\/\/www.youtube.com\/embed\/Ewef1Gf_bao?feature=oembed\" frameborder=\"0\" allow=\"accelerometer; autoplay; clipboard-write; encrypted-media; gyroscope; picture-in-picture; web-share\" referrerpolicy=\"strict-origin-when-cross-origin\" allowfullscreen><\/iframe><\/p>\n<p><em>Osa 2<\/em><\/p>\n<p><iframe loading=\"lazy\" title=\"Masters of the Universe Classics Whiplash 2\/2 (Finnish)\" width=\"640\" height=\"360\" src=\"https:\/\/www.youtube.com\/embed\/U-1CI0POQio?feature=oembed\" frameborder=\"0\" allow=\"accelerometer; autoplay; clipboard-write; encrypted-media; gyroscope; picture-in-picture; web-share\" referrerpolicy=\"strict-origin-when-cross-origin\" allowfullscreen><\/iframe><\/p>\n<p><strong>In English<\/strong><\/p>\n<p><em>Part 1<\/em><\/p>\n<p><iframe loading=\"lazy\" title=\"Masters of the Universe Classics Whiplash 1\/2 (English)\" width=\"640\" height=\"360\" src=\"https:\/\/www.youtube.com\/embed\/FefdEI2jMmI?feature=oembed\" frameborder=\"0\" allow=\"accelerometer; autoplay; clipboard-write; encrypted-media; gyroscope; picture-in-picture; web-share\" referrerpolicy=\"strict-origin-when-cross-origin\" allowfullscreen><\/iframe><\/p>\n<p><em>Part 2<\/em><\/p>\n<p><iframe loading=\"lazy\" title=\"Masters of the Universe Classics Whiplash 2\/2 (English)\" width=\"640\" height=\"360\" src=\"https:\/\/www.youtube.com\/embed\/HaIp5g9vCAI?feature=oembed\" frameborder=\"0\" allow=\"accelerometer; autoplay; clipboard-write; encrypted-media; gyroscope; picture-in-picture; web-share\" referrerpolicy=\"strict-origin-when-cross-origin\" allowfullscreen><\/iframe><\/p>\n","protected":false},"excerpt":{"rendered":"<p>Tuotekoodi: R6263 Whiplash &#8211; Evil Tail-Thrashing Warrior \u00a0 \u00a0 \u00a0 Oikea nimi:\u00a0Torrant Krazut\u2122 Following their father\u2019s untimely death, Torrant grew up bitter under the rule of his older brother Ceratus\u2122. After years of brooding in Sub-Ternia\u2122, he struck a deal &hellip; <a href=\"https:\/\/www.eurokolikonmaailma.fi\/?page_id=2088\">Lue loppuun <span class=\"meta-nav\">&rarr;<\/span><\/a><\/p>\n","protected":false},"author":1,"featured_media":0,"parent":292,"menu_order":0,"comment_status":"open","ping_status":"open","template":"","meta":{"footnotes":""},"class_list":["post-2088","page","type-page","status-publish","hentry"],"_links":{"self":[{"href":"https:\/\/www.eurokolikonmaailma.fi\/index.php?rest_route=\/wp\/v2\/pages\/2088","targetHints":{"allow":["GET"]}}],"collection":[{"href":"https:\/\/www.eurokolikonmaailma.fi\/index.php?rest_route=\/wp\/v2\/pages"}],"about":[{"href":"https:\/\/www.eurokolikonmaailma.fi\/index.php?rest_route=\/wp\/v2\/types\/page"}],"author":[{"embeddable":true,"href":"https:\/\/www.eurokolikonmaailma.fi\/index.php?rest_route=\/wp\/v2\/users\/1"}],"replies":[{"embeddable":true,"href":"https:\/\/www.eurokolikonmaailma.fi\/index.php?rest_route=%2Fwp%2Fv2%2Fcomments&post=2088"}],"version-history":[{"count":5,"href":"https:\/\/www.eurokolikonmaailma.fi\/index.php?rest_route=\/wp\/v2\/pages\/2088\/revisions"}],"predecessor-version":[{"id":5662,"href":"https:\/\/www.eurokolikonmaailma.fi\/index.php?rest_route=\/wp\/v2\/pages\/2088\/revisions\/5662"}],"up":[{"embeddable":true,"href":"https:\/\/www.eurokolikonmaailma.fi\/index.php?rest_route=\/wp\/v2\/pages\/292"}],"wp:attachment":[{"href":"https:\/\/www.eurokolikonmaailma.fi\/index.php?rest_route=%2Fwp%2Fv2%2Fmedia&parent=2088"}],"curies":[{"name":"wp","href":"https:\/\/api.w.org\/{rel}","templated":true}]}}