{"id":2082,"date":"2012-06-25T19:22:24","date_gmt":"2012-06-25T16:22:24","guid":{"rendered":"http:\/\/www.eurokolikonmaailma.fi\/blogi\/?page_id=2082"},"modified":"2025-05-30T14:15:22","modified_gmt":"2025-05-30T11:15:22","slug":"count-marzo","status":"publish","type":"page","link":"https:\/\/www.eurokolikonmaailma.fi\/?page_id=2082","title":{"rendered":"Count Marzo"},"content":{"rendered":"<p><img loading=\"lazy\" decoding=\"async\" src=\"http:\/\/motu.eurokolikonmaailma.fi\/kuvat\/Count_Marzo\/motuc.1.jpg\" alt=\"\" width=\"118\" height=\"47\" border=\"0\" \/><img loading=\"lazy\" decoding=\"async\" src=\"http:\/\/motu.eurokolikonmaailma.fi\/kuvat\/Count_Marzo\/clubeternia_burst.gif\" alt=\"\" width=\"46\" height=\"47\" border=\"0\" \/><br \/>\nTuotekoodi: R6269<\/p>\n<h1>Count Marzo<br \/>\n&#8211; Evil Master of Magic<\/h1>\n<p><a href=\"http:\/\/motu.eurokolikonmaailma.fi\/kuvat\/Count_Marzo\/marzo_package_front_alternate.jpg\" target=\"_blank\" rel=\"noopener\"><img loading=\"lazy\" decoding=\"async\" style=\"border: 0px;\" title=\"Count Marzo pakkaus edest\u00e4\" src=\"http:\/\/motu.eurokolikonmaailma.fi\/kuvat\/Count_Marzo\/marzo_package_front_alternate.jpg\" alt=\"\" width=\"239\" height=\"350\" border=\"0\" \/><\/a>\u00a0 \u00a0 \u00a0<a href=\"http:\/\/motu.eurokolikonmaailma.fi\/kuvat\/Count_Marzo\/marzo_cardback.jpg\" target=\"_blank\" rel=\"noopener\"><img loading=\"lazy\" decoding=\"async\" style=\"border: 0px;\" title=\"Count Marzo pakkaus takaa\" src=\"http:\/\/motu.eurokolikonmaailma.fi\/kuvat\/Count_Marzo\/marzo_cardback.jpg\" alt=\"\" width=\"250\" height=\"350\" border=\"0\" \/><\/a><a href=\"http:\/\/motu.eurokolikonmaailma.fi\/kuvat\/Count_Marzo\/marzo_white_box.jpg\" target=\"_blank\" rel=\"noopener\"><img loading=\"lazy\" decoding=\"async\" style=\"border: 0px;\" title=\"Count Marzo postituslaatikko\" src=\"http:\/\/motu.eurokolikonmaailma.fi\/kuvat\/Count_Marzo\/marzo_white_box.jpg\" alt=\"\" width=\"249\" height=\"350\" border=\"0\" \/><\/a><\/p>\n<p><strong>Oikea nimi:<\/strong>\u00a0Marzo Kalif<\/p>\n<p>A fifth degree wizard raised by evil mystics in the Dunes of Doom, Marzo spent most of his early life learning of the many advantages of magic over technology. Seeing the suffering of warriors in the Dark Hemisphere, Marzo become convinced that Eternia\u2122 would be better off with him as its leader. He staged a series of strategic uprisings across the planet and challenged King Miro\u2122 for his crown. Unable to defeat the King\u2019s army, Marzo used his magical amulet to banish Miro into another dimension. In their father\u2019s absence, Miro\u2019s royal sons heroically joined together and defeated the wizard, trapping him in the form of a powerless old man.<\/p>\n<p><em>Viidennen asteen, Tuomion Dyyneill\u00e4 pahojen mystikkojen kasvattama velho, Marzo, vietti aikaisen el\u00e4m\u00e4ns\u00e4 opiskelemalla monia vahvuuksia, joita taikuudella oli teknologiaan n\u00e4hden. N\u00e4hty\u00e4\u00e4n Eternian pime\u00e4n puolen taistelijoiden k\u00e4rsimykset, Marzo vakuuttui siit\u00e4, ett\u00e4 Eternia olisi parempi paikka, jos h\u00e4n johtaisi sit\u00e4. H\u00e4n j\u00e4rjesti sarjan strategisia kapinoita ymp\u00e4ri planeettaa ja haastoi Kuningas Miron Eternian valtiuden. Ep\u00e4onnistuttuaan peittoamaan kuninkaan armeijan, Marzo k\u00e4ytti maagista amulettiaan karkottaakseen Miron toiseen ulottuvuuteen. Is\u00e4ns\u00e4 poissa ollessa, Miron kuninkaalliset pojat sankarillisesti liittoutuivat kesken\u00e4\u00e4n ja peittosivat velhon, vangiten h\u00e4net voimattoman, vanhan miehen hahmoon.<\/em><\/p>\n<p><span style=\"text-decoration: underline;\"><strong>Mukana tulevat varusteet:<\/strong><\/span><br \/>\n*\u00a0amuletti<br \/>\n*\u00a0miekka<br \/>\n* irrotettava viitta + haarniska<\/p>\n<p><strong>Loppuunmyynti aika:<\/strong>\u00a053 min<br \/>\n<strong>Loppuunmyynti aika (uudelleen julkaisu):<\/strong>\u00a0n. 20 p\u00e4iv\u00e4\u00e4<br \/>\n<strong>Oman hahmon saapumiseen kulunut aika:\u00a0<\/strong>13 p\u00e4iv\u00e4\u00e4 (9 arkip\u00e4iv\u00e4\u00e4)<\/p>\n<h2>L\u00e4hikuva<\/h2>\n<p><a href=\"http:\/\/motu.eurokolikonmaailma.fi\/kuvat\/Count_Marzo\/marzo_close_up.jpg\" target=\"_blank\" rel=\"noopener\"><img loading=\"lazy\" decoding=\"async\" style=\"border: 0px;\" title=\"Count Marzo l\u00e4hikuva\" src=\"http:\/\/motu.eurokolikonmaailma.fi\/kuvat\/Count_Marzo\/marzo_close_up.jpg\" alt=\"\" width=\"350\" height=\"324\" border=\"0\" \/><\/a><\/p>\n<h2>Kokovartalokuvat<\/h2>\n<p><a href=\"http:\/\/motu.eurokolikonmaailma.fi\/kuvat\/Count_Marzo\/marzo_main.jpg\" target=\"_blank\" rel=\"noopener\"><img loading=\"lazy\" decoding=\"async\" style=\"border: 0px;\" title=\"Count Marzo aseistettuna\" src=\"http:\/\/motu.eurokolikonmaailma.fi\/kuvat\/Count_Marzo\/marzo_main.jpg\" alt=\"\" width=\"380\" height=\"500\" border=\"0\" \/><\/a><a href=\"http:\/\/motu.eurokolikonmaailma.fi\/kuvat\/Count_Marzo\/marzo_front_armor.jpg\" target=\"_blank\" rel=\"noopener\"><img loading=\"lazy\" decoding=\"async\" style=\"border: 0px;\" title=\"Count Marzo edest\u00e4\" src=\"http:\/\/motu.eurokolikonmaailma.fi\/kuvat\/Count_Marzo\/marzo_front_armor.jpg\" alt=\"\" width=\"373\" height=\"500\" border=\"0\" \/><\/a><a href=\"http:\/\/motu.eurokolikonmaailma.fi\/kuvat\/Count_Marzo\/marzo_back_armor.jpg\" target=\"_blank\" rel=\"noopener\"><img loading=\"lazy\" decoding=\"async\" style=\"border: 0px;\" title=\"Count Marzo takaa\" src=\"http:\/\/motu.eurokolikonmaailma.fi\/kuvat\/Count_Marzo\/marzo_back_armor.jpg\" alt=\"\" width=\"410\" height=\"500\" border=\"0\" \/><\/a><a href=\"http:\/\/motu.eurokolikonmaailma.fi\/kuvat\/Count_Marzo\/marzo_pose.JPG\" target=\"_blank\" rel=\"noopener\"><img loading=\"lazy\" decoding=\"async\" style=\"border: 0px;\" title=\"Count Marzo poseerattuna\" src=\"http:\/\/motu.eurokolikonmaailma.fi\/kuvat\/Count_Marzo\/marzo_pose.JPG\" alt=\"\" width=\"286\" height=\"500\" border=\"0\" \/><\/a><\/p>\n<p><a href=\"http:\/\/motu.eurokolikonmaailma.fi\/kuvat\/Count_Marzo\/marzo_front_no_armor.jpg\" target=\"_blank\" rel=\"noopener\"><img loading=\"lazy\" decoding=\"async\" style=\"border: 0px;\" title=\"Count Marzo edest\u00e4 ilman haarniskaa\" src=\"http:\/\/motu.eurokolikonmaailma.fi\/kuvat\/Count_Marzo\/marzo_front_no_armor.jpg\" alt=\"\" width=\"255\" height=\"500\" border=\"0\" \/><\/a><a href=\"http:\/\/motu.eurokolikonmaailma.fi\/kuvat\/Count_Marzo\/marzo_back_no_armor.jpg\" target=\"_blank\" rel=\"noopener\"><img loading=\"lazy\" decoding=\"async\" style=\"border: 0px;\" title=\"Count Marzo takaa ilman haarniskaa\" src=\"http:\/\/motu.eurokolikonmaailma.fi\/kuvat\/Count_Marzo\/marzo_back_no_armor.jpg\" alt=\"\" width=\"252\" height=\"500\" border=\"0\" \/><\/a><\/p>\n<h2>Varusteet<\/h2>\n<p><a href=\"http:\/\/motu.eurokolikonmaailma.fi\/kuvat\/Count_Marzo\/marzo_cape.jpg\" target=\"_blank\" rel=\"noopener\"><img loading=\"lazy\" decoding=\"async\" style=\"border: 0px;\" title=\"Count Marzo viitta edest\u00e4\" src=\"http:\/\/motu.eurokolikonmaailma.fi\/kuvat\/Count_Marzo\/marzo_cape.jpg\" alt=\"\" width=\"520\" height=\"500\" border=\"0\" \/><\/a><a href=\"http:\/\/motu.eurokolikonmaailma.fi\/kuvat\/Count_Marzo\/marzo_cape_back.jpg\" target=\"_blank\" rel=\"noopener\"><img loading=\"lazy\" decoding=\"async\" style=\"border: 0px;\" title=\"Count Marzo haarniska takaa\" src=\"http:\/\/motu.eurokolikonmaailma.fi\/kuvat\/Count_Marzo\/marzo_cape_back.jpg\" alt=\"\" width=\"455\" height=\"500\" border=\"0\" \/><\/a><a href=\"http:\/\/motu.eurokolikonmaailma.fi\/kuvat\/Count_Marzo\/marzo_sword.jpg\" target=\"_blank\" rel=\"noopener\"><img loading=\"lazy\" decoding=\"async\" style=\"border: 0px;\" title=\"Count Marzo miekka\" src=\"http:\/\/motu.eurokolikonmaailma.fi\/kuvat\/Count_Marzo\/marzo_sword.jpg\" alt=\"\" width=\"500\" height=\"125\" border=\"0\" \/><\/a><a href=\"http:\/\/motu.eurokolikonmaailma.fi\/kuvat\/Count_Marzo\/marzo_amulet.jpg\" target=\"_blank\" rel=\"noopener\"><img loading=\"lazy\" decoding=\"async\" style=\"border: 0px;\" title=\"Count Marzo amuletti\" src=\"http:\/\/motu.eurokolikonmaailma.fi\/kuvat\/Count_Marzo\/marzo_amulet.jpg\" alt=\"\" width=\"100\" height=\"126\" border=\"0\" \/><\/a><\/p>\n<h2>Videoesittelyni hahmosta:<\/h2>\n<p><strong>Suomi<\/strong><\/p>\n<p><em>Osa 1<\/em><\/p>\n<p><iframe loading=\"lazy\" title=\"Masters of the Universe Classics Count Marzo 1\/2 (Finnish)\" width=\"640\" height=\"360\" src=\"https:\/\/www.youtube.com\/embed\/ElFGaatPtDk?feature=oembed\" frameborder=\"0\" allow=\"accelerometer; autoplay; clipboard-write; encrypted-media; gyroscope; picture-in-picture; web-share\" referrerpolicy=\"strict-origin-when-cross-origin\" allowfullscreen><\/iframe><\/p>\n<p><em>Osa 2<\/em><\/p>\n<p><iframe loading=\"lazy\" title=\"Masters of the Universe Classics Count Marzo 2\/2 (Finnish)\" width=\"640\" height=\"360\" src=\"https:\/\/www.youtube.com\/embed\/As97PhP_AmM?feature=oembed\" frameborder=\"0\" allow=\"accelerometer; autoplay; clipboard-write; encrypted-media; gyroscope; picture-in-picture; web-share\" referrerpolicy=\"strict-origin-when-cross-origin\" allowfullscreen><\/iframe><\/p>\n<p><strong>In English<\/strong><\/p>\n<p><em>Part 1<\/em><\/p>\n<p><iframe loading=\"lazy\" title=\"Masters of the Universe Classics Count Marzo 1\/2 (English)\" width=\"640\" height=\"360\" src=\"https:\/\/www.youtube.com\/embed\/T21y-lIBfvA?feature=oembed\" frameborder=\"0\" allow=\"accelerometer; autoplay; clipboard-write; encrypted-media; gyroscope; picture-in-picture; web-share\" referrerpolicy=\"strict-origin-when-cross-origin\" allowfullscreen><\/iframe><\/p>\n<p><em>Part 2<\/em><\/p>\n<p><iframe loading=\"lazy\" title=\"Masters of the Universe Classics Count Marzo 2\/2 (English)\" width=\"640\" height=\"360\" src=\"https:\/\/www.youtube.com\/embed\/gGIVfiZPIxw?feature=oembed\" frameborder=\"0\" allow=\"accelerometer; autoplay; clipboard-write; encrypted-media; gyroscope; picture-in-picture; web-share\" referrerpolicy=\"strict-origin-when-cross-origin\" allowfullscreen><\/iframe><\/p>\n","protected":false},"excerpt":{"rendered":"<p>Tuotekoodi: R6269 Count Marzo &#8211; Evil Master of Magic \u00a0 \u00a0 \u00a0 Oikea nimi:\u00a0Marzo Kalif A fifth degree wizard raised by evil mystics in the Dunes of Doom, Marzo spent most of his early life learning of the many advantages &hellip; <a href=\"https:\/\/www.eurokolikonmaailma.fi\/?page_id=2082\">Lue loppuun <span class=\"meta-nav\">&rarr;<\/span><\/a><\/p>\n","protected":false},"author":1,"featured_media":0,"parent":292,"menu_order":0,"comment_status":"open","ping_status":"open","template":"","meta":{"footnotes":""},"class_list":["post-2082","page","type-page","status-publish","hentry"],"_links":{"self":[{"href":"https:\/\/www.eurokolikonmaailma.fi\/index.php?rest_route=\/wp\/v2\/pages\/2082","targetHints":{"allow":["GET"]}}],"collection":[{"href":"https:\/\/www.eurokolikonmaailma.fi\/index.php?rest_route=\/wp\/v2\/pages"}],"about":[{"href":"https:\/\/www.eurokolikonmaailma.fi\/index.php?rest_route=\/wp\/v2\/types\/page"}],"author":[{"embeddable":true,"href":"https:\/\/www.eurokolikonmaailma.fi\/index.php?rest_route=\/wp\/v2\/users\/1"}],"replies":[{"embeddable":true,"href":"https:\/\/www.eurokolikonmaailma.fi\/index.php?rest_route=%2Fwp%2Fv2%2Fcomments&post=2082"}],"version-history":[{"count":5,"href":"https:\/\/www.eurokolikonmaailma.fi\/index.php?rest_route=\/wp\/v2\/pages\/2082\/revisions"}],"predecessor-version":[{"id":5634,"href":"https:\/\/www.eurokolikonmaailma.fi\/index.php?rest_route=\/wp\/v2\/pages\/2082\/revisions\/5634"}],"up":[{"embeddable":true,"href":"https:\/\/www.eurokolikonmaailma.fi\/index.php?rest_route=\/wp\/v2\/pages\/292"}],"wp:attachment":[{"href":"https:\/\/www.eurokolikonmaailma.fi\/index.php?rest_route=%2Fwp%2Fv2%2Fmedia&parent=2082"}],"curies":[{"name":"wp","href":"https:\/\/api.w.org\/{rel}","templated":true}]}}