{"id":2,"date":"2011-05-12T20:47:04","date_gmt":"2011-05-12T17:47:04","guid":{"rendered":"http:\/\/www.eurokolikonmaailma.fi\/blogi\/?page_id=2"},"modified":"2025-05-20T00:34:45","modified_gmt":"2025-05-19T21:34:45","slug":"esimerkkisivu","status":"publish","type":"page","link":"https:\/\/www.eurokolikonmaailma.fi\/","title":{"rendered":"Info"},"content":{"rendered":"<p>Heip\u00e4 hei! Olen Joni, joka my\u00f6s nimill\u00e4 Eurokolikko ja Eurocoin tunnetaan. T\u00e4m\u00e4 on l\u00e4hinn\u00e4 ker\u00e4ilyharrastuksiini liittyv\u00e4 sivusto ja toivotan sinut vieraani eritt\u00e4in tervetulleeksi!<\/p>\n<p>Yhteydenottoja varten voi k\u00e4ytt\u00e4\u00e4\u00a0s\u00e4hk\u00f6postiosoitetta <em><strong>eurokolikko (at) eurokolikonmaailma (piste) fi<\/strong><\/em> . Palveluntarjoajan s\u00e4hk\u00f6postissa on aika tiukat spammisuodattimet, mik\u00e4 kannattaa huomioida. Kaikilla sivuilla on omat palautteen anto-osionsa, joihin sivukohtaiset palautteet voi j\u00e4tt\u00e4\u00e4. Kaikki palautteet\/viestit luetaan ja niihin vastataan tai annetaan kommenttia tarvittaessa. Asiattomat kommentit poistetaan! Kommentteja voidaan my\u00f6s muokata tarvittaessa, muun muassa kaikki voima-\/kirosanat poistetaan kommenteista. T\u00e4m\u00e4 sivusto on tarkoitettu kaiken ik\u00e4isille ja t\u00e4st\u00e4 syyst\u00e4 viestien editointia voidaan k\u00e4ytt\u00e4\u00e4 rankallakin k\u00e4dell\u00e4. Joissain tapauksissa kommentit eiv\u00e4t tule n\u00e4kyviin ennen hyv\u00e4ksymist\u00e4, joten jos et heti n\u00e4e antamaasi kommenttia, saattaa se olla yll\u00e4pit\u00e4j\u00e4n hyv\u00e4ksymisjonossa.<\/p>\n<p><em><strong>P\u00e4ivitys 11\/2022:<\/strong><\/em><br \/>\nSivustolta toistaiseksi poistettu kaikki muu sis\u00e4lt\u00f6 Masters of the Universea lukuun ottamatta.<\/p>\n","protected":false},"excerpt":{"rendered":"<p>Heip\u00e4 hei! Olen Joni, joka my\u00f6s nimill\u00e4 Eurokolikko ja Eurocoin tunnetaan. T\u00e4m\u00e4 on l\u00e4hinn\u00e4 ker\u00e4ilyharrastuksiini liittyv\u00e4 sivusto ja toivotan sinut vieraani eritt\u00e4in tervetulleeksi! Yhteydenottoja varten voi k\u00e4ytt\u00e4\u00e4\u00a0s\u00e4hk\u00f6postiosoitetta eurokolikko (at) eurokolikonmaailma (piste) fi . Palveluntarjoajan s\u00e4hk\u00f6postissa on aika tiukat spammisuodattimet, mik\u00e4 &hellip; <a href=\"https:\/\/www.eurokolikonmaailma.fi\/\">Lue loppuun <span class=\"meta-nav\">&rarr;<\/span><\/a><\/p>\n","protected":false},"author":1,"featured_media":0,"parent":0,"menu_order":1,"comment_status":"open","ping_status":"closed","template":"onecolumn-page.php","meta":{"footnotes":""},"class_list":["post-2","page","type-page","status-publish","hentry"],"_links":{"self":[{"href":"https:\/\/www.eurokolikonmaailma.fi\/index.php?rest_route=\/wp\/v2\/pages\/2","targetHints":{"allow":["GET"]}}],"collection":[{"href":"https:\/\/www.eurokolikonmaailma.fi\/index.php?rest_route=\/wp\/v2\/pages"}],"about":[{"href":"https:\/\/www.eurokolikonmaailma.fi\/index.php?rest_route=\/wp\/v2\/types\/page"}],"author":[{"embeddable":true,"href":"https:\/\/www.eurokolikonmaailma.fi\/index.php?rest_route=\/wp\/v2\/users\/1"}],"replies":[{"embeddable":true,"href":"https:\/\/www.eurokolikonmaailma.fi\/index.php?rest_route=%2Fwp%2Fv2%2Fcomments&post=2"}],"version-history":[{"count":21,"href":"https:\/\/www.eurokolikonmaailma.fi\/index.php?rest_route=\/wp\/v2\/pages\/2\/revisions"}],"predecessor-version":[{"id":5347,"href":"https:\/\/www.eurokolikonmaailma.fi\/index.php?rest_route=\/wp\/v2\/pages\/2\/revisions\/5347"}],"wp:attachment":[{"href":"https:\/\/www.eurokolikonmaailma.fi\/index.php?rest_route=%2Fwp%2Fv2%2Fmedia&parent=2"}],"curies":[{"name":"wp","href":"https:\/\/api.w.org\/{rel}","templated":true}]}}