{"id":1982,"date":"2012-05-15T13:56:55","date_gmt":"2012-05-15T10:56:55","guid":{"rendered":"http:\/\/www.eurokolikonmaailma.fi\/blogi\/?page_id=1982"},"modified":"2025-05-30T16:23:04","modified_gmt":"2025-05-30T13:23:04","slug":"shadow-weaver","status":"publish","type":"page","link":"https:\/\/www.eurokolikonmaailma.fi\/?page_id=1982","title":{"rendered":"Shadow Weaver"},"content":{"rendered":"<p><img loading=\"lazy\" decoding=\"async\" src=\"http:\/\/motu.eurokolikonmaailma.fi\/kuvat\/Shadow_Weaver\/motuc.1.jpg\" alt=\"\" width=\"125\" height=\"48\" \/><img loading=\"lazy\" decoding=\"async\" class=\"alignnone size-full\" src=\"http:\/\/motu.eurokolikonmaailma.fi\/kuvat\/Shadow_Weaver\/horde_logo.png\" width=\"105\" height=\"47\" \/><img loading=\"lazy\" decoding=\"async\" src=\"http:\/\/motu.eurokolikonmaailma.fi\/kuvat\/Shadow_Weaver\/clubeternia_burst.gif\" alt=\"\" width=\"47\" height=\"48\" \/><img loading=\"lazy\" decoding=\"async\" src=\"http:\/\/motu.eurokolikonmaailma.fi\/kuvat\/Shadow_Weaver\/30th_MOTUClogo.jpg\" alt=\"\" width=\"58\" height=\"48\" \/><br \/>\nTuotekoodi: W8907<\/p>\n<h1>Shadow Weaver<br \/>\n&#8211; Evil Mistress of Dark Magic<\/h1>\n<p><a href=\"http:\/\/motu.eurokolikonmaailma.fi\/kuvat\/Shadow_Weaver\/sw_package_front.jpg\" target=\"_blank\" rel=\"noopener\"><img loading=\"lazy\" decoding=\"async\" title=\"Shadow Weaver pakkaus edest\u00e4\" src=\"http:\/\/motu.eurokolikonmaailma.fi\/kuvat\/Shadow_Weaver\/sw_package_front.jpg\" alt=\"\" width=\"231\" height=\"336\" \/><\/a>\u00a0 \u00a0 \u00a0<a href=\"http:\/\/motu.eurokolikonmaailma.fi\/kuvat\/Shadow_Weaver\/sw_cardback.jpg\" target=\"_blank\" rel=\"noopener\"><img loading=\"lazy\" decoding=\"async\" title=\"Shadow Weaver pakkaus takaa\" src=\"http:\/\/motu.eurokolikonmaailma.fi\/kuvat\/Shadow_Weaver\/sw_cardback.jpg\" alt=\"\" width=\"238\" height=\"336\" \/><\/a><\/p>\n<p>Shadow Weaver on extrahahmo vain Club Eternia 2012 tilauspalvelun j\u00e4senille, eik\u00e4 se ole koskaan ollut myynniss\u00e4 Mattycollector.com:ssa.<\/p>\n<p><strong>Oikea nimi:<\/strong>\u00a0Beatrix<\/p>\n<p>Born in the Etherian Kingdom of Mystacor, Beatrix was once known as Light Spinner and served as an apprentice to the great mage, Norwyn. When Hordak\u00ae arrived on Etheria, during his exile in Despondos\u2122, he promised her great power in return for information and help in overthrowing Bright Moon and the surrounding kingdoms. Her powers were greatly enhanced through a magical gem whose power also induced an irreversible change in her appearance and mental state. She betrayed Norwyn and her fellow magical student Castaspella\u2122, leading Horde Troopers to their hidden magic archives. In Horror Hall, Beatrix took the name Shadow Weaver, using her black magic to fight the Great Rebellion all the while secretly plotting to overthrow Hordak\u00ae and claim his power for her own!<\/p>\n<p><em>Etherian Mystacorin valtakunnassa syntynyt Beatrix, tunnettiin aikoinaan Light Spinner -nimell\u00e4 ja h\u00e4n oli mahtavan maagin Norwynin oppilas. Hordakin saavuttua Etherialle Despnsiin karkoituksesnsa aikana, h\u00e4n lupasi Beatrixille mahtavia voimia vastapalveluksena tiedoista ja avusta, joilla Hordak saisi nujerrettua Bright Moonin ja muut ymp\u00e4rist\u00f6n valtakunnat. Beatrixin voimat kasvoivat rajusti maagisen jalokiven avulla, joka my\u00f6s muutti h\u00e4nen ulkon\u00e4k\u00f6ns\u00e4 ja mielentilansa peruuttamattomasti. H\u00e4n petti Norwynin ja kanssaoppilaan Castaspellan, johtaen Horde Trooperit piilotettuihin maagisiin arkistoihin. Horror Hall -p\u00e4\u00e4majassaan Beatrix otti nimekseen Shadow Weaver ja k\u00e4ytt\u00e4\u00e4 mustaa magiaansa taistellakseen Suurta Kapinaa vastaan, samalla salaa suunnitellen Hordakin nujertamista ja Hordakin mahdin itselleen kaappaamista!<\/em><\/p>\n<p><strong><span style=\"text-decoration: underline;\">Mukana tulevat varusteet:<\/span><\/strong><br \/>\n* taikasauva<br \/>\n* loitsukirja<br \/>\n* leijuntajalusta<\/p>\n<h2>L\u00e4hikuva<\/h2>\n<p><a href=\"http:\/\/motu.eurokolikonmaailma.fi\/kuvat\/Shadow_Weaver\/sw_closeup.jpg\" target=\"_blank\" rel=\"noopener\"><img loading=\"lazy\" decoding=\"async\" title=\"Shadow Weaver l\u00e4hikuva\" src=\"http:\/\/motu.eurokolikonmaailma.fi\/kuvat\/Shadow_Weaver\/sw_closeup.jpg\" alt=\"\" width=\"288\" height=\"343\" \/><\/a><\/p>\n<h2>Kokovartalokuvat<\/h2>\n<p><a href=\"http:\/\/motu.eurokolikonmaailma.fi\/kuvat\/Shadow_Weaver\/sw_main.jpg\" target=\"_blank\" rel=\"noopener\"><img loading=\"lazy\" decoding=\"async\" style=\"-webkit-user-select: none;\" title=\"Shadow Weaver varustettuna\" src=\"http:\/\/motu.eurokolikonmaailma.fi\/kuvat\/Shadow_Weaver\/sw_main.jpg\" alt=\"\" width=\"227\" height=\"490\" \/><\/a>\u00a0<a href=\"http:\/\/motu.eurokolikonmaailma.fi\/kuvat\/Shadow_Weaver\/sw_front.jpg\" target=\"_blank\" rel=\"noopener\"><img loading=\"lazy\" decoding=\"async\" title=\"Shadow Weaver edest\u00e4\" src=\"http:\/\/motu.eurokolikonmaailma.fi\/kuvat\/Shadow_Weaver\/sw_front.jpg\" alt=\"\" width=\"239\" height=\"490\" \/><\/a><a href=\"http:\/\/motu.eurokolikonmaailma.fi\/kuvat\/Shadow_Weaver\/sw_angle1.jpg\" target=\"_blank\" rel=\"noopener\"><img loading=\"lazy\" decoding=\"async\" title=\"Shadow Weaver etuviistosta 1\" src=\"http:\/\/motu.eurokolikonmaailma.fi\/kuvat\/Shadow_Weaver\/sw_angle1.jpg\" alt=\"\" width=\"289\" height=\"490\" \/><\/a><a href=\"http:\/\/motu.eurokolikonmaailma.fi\/kuvat\/Shadow_Weaver\/sw_side1.jpg\" target=\"_blank\" rel=\"noopener\"><img loading=\"lazy\" decoding=\"async\" title=\"Shadow Weaver sivukuva 1\" src=\"http:\/\/motu.eurokolikonmaailma.fi\/kuvat\/Shadow_Weaver\/sw_side1.jpg\" alt=\"\" width=\"250\" height=\"490\" \/><\/a><a href=\"http:\/\/motu.eurokolikonmaailma.fi\/kuvat\/Shadow_Weaver\/sw_angle2.jpg\" target=\"_blank\" rel=\"noopener\"><img loading=\"lazy\" decoding=\"async\" title=\"Shadow Weaver takaviistosta 1\" src=\"http:\/\/motu.eurokolikonmaailma.fi\/kuvat\/Shadow_Weaver\/sw_angle2.jpg\" alt=\"\" width=\"245\" height=\"490\" \/><\/a><a href=\"http:\/\/motu.eurokolikonmaailma.fi\/kuvat\/Shadow_Weaver\/sw_back.jpg\" target=\"_blank\" rel=\"noopener\"><img loading=\"lazy\" decoding=\"async\" title=\"Shadow Weaver takaa\" src=\"http:\/\/motu.eurokolikonmaailma.fi\/kuvat\/Shadow_Weaver\/sw_back.jpg\" alt=\"\" width=\"299\" height=\"490\" \/><\/a><a href=\"http:\/\/motu.eurokolikonmaailma.fi\/kuvat\/Shadow_Weaver\/sw_angle3.jpg\" target=\"_blank\" rel=\"noopener\"><img loading=\"lazy\" decoding=\"async\" title=\"Shadow Weaver takaviistosta 2\" src=\"http:\/\/motu.eurokolikonmaailma.fi\/kuvat\/Shadow_Weaver\/sw_angle3.jpg\" alt=\"\" width=\"248\" height=\"490\" \/><\/a><a href=\"http:\/\/motu.eurokolikonmaailma.fi\/kuvat\/Shadow_Weaver\/sw_side2.jpg\" target=\"_blank\" rel=\"noopener\"><img loading=\"lazy\" decoding=\"async\" title=\"Shadow Weaver sivukuva 2\" src=\"http:\/\/motu.eurokolikonmaailma.fi\/kuvat\/Shadow_Weaver\/sw_side2.jpg\" alt=\"\" width=\"209\" height=\"490\" \/><\/a><a href=\"http:\/\/motu.eurokolikonmaailma.fi\/kuvat\/Shadow_Weaver\/sw_angle4.jpg\" target=\"_blank\" rel=\"noopener\"><img loading=\"lazy\" decoding=\"async\" title=\"Shadow Weaver etuviistosta 2\" src=\"http:\/\/motu.eurokolikonmaailma.fi\/kuvat\/Shadow_Weaver\/sw_angle4.jpg\" alt=\"\" width=\"239\" height=\"491\" \/><\/a><\/p>\n<h2>Varusteet<\/h2>\n<p><a href=\"http:\/\/motu.eurokolikonmaailma.fi\/kuvat\/Shadow_Weaver\/sw_book.jpg\" target=\"_blank\" rel=\"noopener\"><img loading=\"lazy\" decoding=\"async\" title=\"Shadow Weaver kirja\" src=\"http:\/\/motu.eurokolikonmaailma.fi\/kuvat\/Shadow_Weaver\/sw_book.jpg\" alt=\"\" width=\"176\" height=\"202\" \/><\/a>\u00a0 \u00a0 \u00a0<a href=\"http:\/\/motu.eurokolikonmaailma.fi\/kuvat\/Shadow_Weaver\/sw_wand.jpg\" target=\"_blank\" rel=\"noopener\"><img loading=\"lazy\" decoding=\"async\" title=\"Shadow Weaver taikasauva\" src=\"http:\/\/motu.eurokolikonmaailma.fi\/kuvat\/Shadow_Weaver\/sw_wand.jpg\" alt=\"\" width=\"49\" height=\"295\" \/><\/a>\u00a0 \u00a0 \u00a0<a href=\"http:\/\/motu.eurokolikonmaailma.fi\/kuvat\/Shadow_Weaver\/sw_stand.jpg\" target=\"_blank\" rel=\"noopener\"><img loading=\"lazy\" decoding=\"async\" title=\"Shadow Weaver jalusta\" src=\"http:\/\/motu.eurokolikonmaailma.fi\/kuvat\/Shadow_Weaver\/sw_stand.jpg\" alt=\"\" width=\"252\" height=\"208\" \/><\/a><\/p>\n<p>&nbsp;<\/p>\n","protected":false},"excerpt":{"rendered":"<p>Tuotekoodi: W8907 Shadow Weaver &#8211; Evil Mistress of Dark Magic \u00a0 \u00a0 \u00a0 Shadow Weaver on extrahahmo vain Club Eternia 2012 tilauspalvelun j\u00e4senille, eik\u00e4 se ole koskaan ollut myynniss\u00e4 Mattycollector.com:ssa. Oikea nimi:\u00a0Beatrix Born in the Etherian Kingdom of Mystacor, Beatrix &hellip; <a href=\"https:\/\/www.eurokolikonmaailma.fi\/?page_id=1982\">Lue loppuun <span class=\"meta-nav\">&rarr;<\/span><\/a><\/p>\n","protected":false},"author":1,"featured_media":0,"parent":1478,"menu_order":0,"comment_status":"open","ping_status":"open","template":"","meta":{"footnotes":""},"class_list":["post-1982","page","type-page","status-publish","hentry"],"_links":{"self":[{"href":"https:\/\/www.eurokolikonmaailma.fi\/index.php?rest_route=\/wp\/v2\/pages\/1982","targetHints":{"allow":["GET"]}}],"collection":[{"href":"https:\/\/www.eurokolikonmaailma.fi\/index.php?rest_route=\/wp\/v2\/pages"}],"about":[{"href":"https:\/\/www.eurokolikonmaailma.fi\/index.php?rest_route=\/wp\/v2\/types\/page"}],"author":[{"embeddable":true,"href":"https:\/\/www.eurokolikonmaailma.fi\/index.php?rest_route=\/wp\/v2\/users\/1"}],"replies":[{"embeddable":true,"href":"https:\/\/www.eurokolikonmaailma.fi\/index.php?rest_route=%2Fwp%2Fv2%2Fcomments&post=1982"}],"version-history":[{"count":5,"href":"https:\/\/www.eurokolikonmaailma.fi\/index.php?rest_route=\/wp\/v2\/pages\/1982\/revisions"}],"predecessor-version":[{"id":5729,"href":"https:\/\/www.eurokolikonmaailma.fi\/index.php?rest_route=\/wp\/v2\/pages\/1982\/revisions\/5729"}],"up":[{"embeddable":true,"href":"https:\/\/www.eurokolikonmaailma.fi\/index.php?rest_route=\/wp\/v2\/pages\/1478"}],"wp:attachment":[{"href":"https:\/\/www.eurokolikonmaailma.fi\/index.php?rest_route=%2Fwp%2Fv2%2Fmedia&parent=1982"}],"curies":[{"name":"wp","href":"https:\/\/api.w.org\/{rel}","templated":true}]}}