{"id":1976,"date":"2012-05-07T18:56:03","date_gmt":"2012-05-07T15:56:03","guid":{"rendered":"http:\/\/www.eurokolikonmaailma.fi\/blogi\/?page_id=1976"},"modified":"2025-05-30T13:33:15","modified_gmt":"2025-05-30T10:33:15","slug":"the-goddess","status":"publish","type":"page","link":"https:\/\/www.eurokolikonmaailma.fi\/?page_id=1976","title":{"rendered":"The Goddess"},"content":{"rendered":"<p><img loading=\"lazy\" decoding=\"async\" src=\"http:\/\/motu.eurokolikonmaailma.fi\/kuvat\/Goddess\/motuc.1.jpg\" alt=\"\" width=\"118\" height=\"47\" border=\"0\" \/><br \/>\nTuotekoodi: P4031<\/p>\n<h1>The Goddess<br \/>\n&#8211; Trainer of He-Man<\/h1>\n<p><a href=\"http:\/\/motu.eurokolikonmaailma.fi\/kuvat\/Goddess\/goddess_blister_front.jpg\" target=\"_blank\" rel=\"noopener\"><img loading=\"lazy\" decoding=\"async\" style=\"border-image: initial; border: 0px initial initial;\" title=\"Goddess pakkaus edest\u00e4\" src=\"http:\/\/motu.eurokolikonmaailma.fi\/kuvat\/Goddess\/goddess_blister_front.jpg\" alt=\"\" width=\"239\" height=\"350\" border=\"0\" \/><\/a>\u00a0 \u00a0 \u00a0<a href=\"http:\/\/motu.eurokolikonmaailma.fi\/kuvat\/Goddess\/goddess_blister_back.jpg\" target=\"_blank\" rel=\"noopener\"><img loading=\"lazy\" decoding=\"async\" style=\"border-image: initial; border: 0px initial initial;\" title=\"Goddess pakkaus takaa\" src=\"http:\/\/motu.eurokolikonmaailma.fi\/kuvat\/Goddess\/goddess_blister_back.jpg\" alt=\"\" width=\"248\" height=\"350\" border=\"0\" \/><\/a><\/p>\n<p>Kun Goddess julkaistiin uudelleen (18.1.2011), se ei ollut varsinainen uudelleen julkaisu, vaan Mattel myi ylim\u00e4\u00e4r\u00e4iseksi j\u00e4\u00e4neit\u00e4 asiakaspalvelutarkoituksiin tarkoitettuja kappaleita.<\/p>\n<p><strong>Oikea nimi:<\/strong>\u00a0Sharella<\/p>\n<p>After the death of King Grayskull\u2122, the Power of the Universe was transferred from the Sword of He to the Council of Elders, who hid it deep within his castle. Knowing the full sword was the key to channeling the power again, they split it in two to prevent it from falling into the hands of evil. For five centuries, they waited for a worthy heir to be born. During this time their spirit guide, the creature known as The Goddess of Eternia\u00ae, trained secret heroic guardians to keep the two halves of the sword separated. Many of these brave warriors took the name &#8221;He-Man\u00ae&#8221; in honor of the sword they protected \u00a0 giving birth to many different legends of the protector of Eternia\u00ae.<\/p>\n<p><em>Kuningas Grayskullin kuoleman j\u00e4lkeen universumin voima siirrettiin Voimamiekasta vanhimpien neuvostolle, jotka piilottivat sen h\u00e4nen linnansa sy\u00f6vereihin. Tiet\u00e4en, ett\u00e4 kokonainen miekka on avain voiman kanavoimiseksi, he jakoivat miekan kahtia, jottei se joutuisi pahuuden voimien k\u00e4siin. Viiden vuosisadan ajan, he odottivat voiman arvoisen perillisen syntymist\u00e4. T\u00e4ll\u00e4 valin heid\u00e4n henkioppaansa, Eternian jumalattarena tunnettu olento, valmensi salaisia sankarillisia vartioita pit\u00e4m\u00e4\u00e4n miekan puolikkaita erill\u00e4\u00e4n. Monet n\u00e4ist\u00e4 urheista taistelijoista ottivat nimen &#8221;He-Man&#8221; suojelemaansa miekkaa kunnioittaakseen, synnytt\u00e4m\u00e4ll\u00e4 samalla useita legendoja Eternian suojeliasta.<\/em><\/p>\n<p><strong><span style=\"text-decoration: underline;\">Mukana tulevat varusteet:<\/span><\/strong><br \/>\n* keih\u00e4ssauva<br \/>\n* kilpi<br \/>\n* irrotettava haarniska<br \/>\n* He-Manin haarniska<br \/>\n* He-Manin kirves<br \/>\n* He-Manin kilpi<\/p>\n<p><strong>Loppuunmyynti aika:<\/strong>\u00a013 p\u00e4iv\u00e4\u00e4 21 min<\/p>\n<p><strong>Loppuunmyynti aika (ylij\u00e4\u00e4m\u00e4varasto):\u00a0<\/strong>7 p\u00e4iv\u00e4\u00e4 1 tunti 35 min<\/p>\n<p><strong>Oman hahmon saapumiseen kulunut aika (1. tilattu hahmo):\u00a0<\/strong>26 p\u00e4iv\u00e4\u00e4 (16 arkip\u00e4iv\u00e4\u00e4)<br \/>\n<strong>Oman hahmon saapumiseen kulunut aika (2. tilattu hahmo):\u00a0<\/strong>31 p\u00e4iv\u00e4\u00e4 (19 arkip\u00e4iv\u00e4\u00e4)<\/p>\n<h2><span style=\"text-decoration: underline;\"><span style=\"font-size: x-large;\">L\u00e4hikuvat<\/span><\/span><\/h2>\n<p><a href=\"http:\/\/motu.eurokolikonmaailma.fi\/kuvat\/Goddess\/goddess_closeup_armor.jpg\" target=\"_blank\" rel=\"noopener\"><img loading=\"lazy\" decoding=\"async\" style=\"border-image: initial; border: 0px initial initial;\" title=\"Goddess l\u00e4hikuva\" src=\"http:\/\/motu.eurokolikonmaailma.fi\/kuvat\/Goddess\/goddess_closeup_armor.jpg\" alt=\"\" width=\"321\" height=\"350\" border=\"0\" \/><\/a><a href=\"http:\/\/motu.eurokolikonmaailma.fi\/kuvat\/Goddess\/goddess_closeup_no_armor.jpg\" target=\"_blank\" rel=\"noopener\"><img loading=\"lazy\" decoding=\"async\" style=\"border-image: initial; border: 0px initial initial;\" title=\"Goddess l\u00e4hikuva ilman haarniskaa\" src=\"http:\/\/motu.eurokolikonmaailma.fi\/kuvat\/Goddess\/goddess_closeup_no_armor.jpg\" alt=\"\" width=\"305\" height=\"350\" border=\"0\" \/><\/a><\/p>\n<h2><span style=\"font-size: x-large;\">Kokovartalokuvat<\/span><\/h2>\n<p><a href=\"http:\/\/motu.eurokolikonmaailma.fi\/kuvat\/Goddess\/goddess_with_accs.jpg\" target=\"_blank\" rel=\"noopener\"><img loading=\"lazy\" decoding=\"async\" style=\"border-image: initial; border: 0px initial initial;\" title=\"Goddess varustettuna\" src=\"http:\/\/motu.eurokolikonmaailma.fi\/kuvat\/Goddess\/goddess_with_accs.jpg\" alt=\"\" width=\"200\" height=\"500\" border=\"0\" \/><\/a><a href=\"http:\/\/motu.eurokolikonmaailma.fi\/kuvat\/Goddess\/goddess_front_armor.jpg\" target=\"_blank\" rel=\"noopener\"><img loading=\"lazy\" decoding=\"async\" style=\"border-image: initial; border: 0px initial initial;\" title=\"Goddess edest\u00e4\" src=\"http:\/\/motu.eurokolikonmaailma.fi\/kuvat\/Goddess\/goddess_front_armor.jpg\" alt=\"\" width=\"186\" height=\"500\" border=\"0\" \/><\/a><a href=\"http:\/\/motu.eurokolikonmaailma.fi\/kuvat\/Goddess\/goddess_back_armor.jpg\" target=\"_blank\" rel=\"noopener\"><img loading=\"lazy\" decoding=\"async\" style=\"border-image: initial; border: 0px initial initial;\" title=\"Goddess takaa\" src=\"http:\/\/motu.eurokolikonmaailma.fi\/kuvat\/Goddess\/goddess_back_armor.jpg\" alt=\"\" width=\"179\" height=\"500\" border=\"0\" \/><\/a><\/p>\n<p><a href=\"http:\/\/motu.eurokolikonmaailma.fi\/kuvat\/Goddess\/goddess_front_no_armor.jpg\" target=\"_blank\" rel=\"noopener\"><img loading=\"lazy\" decoding=\"async\" style=\"border-image: initial; border: 0px initial initial;\" title=\"Goddess edest\u00e4 ilman haarniskaa\" src=\"http:\/\/motu.eurokolikonmaailma.fi\/kuvat\/Goddess\/goddess_front_no_armor.jpg\" alt=\"\" width=\"205\" height=\"500\" border=\"0\" \/><\/a><a href=\"http:\/\/motu.eurokolikonmaailma.fi\/kuvat\/Goddess\/goddess_back_no_armor.jpg\" target=\"_blank\" rel=\"noopener\"><img loading=\"lazy\" decoding=\"async\" style=\"border-image: initial; border: 0px initial initial;\" title=\"Goddess takaa ilman haarniskaa\" src=\"http:\/\/motu.eurokolikonmaailma.fi\/kuvat\/Goddess\/goddess_back_no_armor.jpg\" alt=\"\" width=\"203\" height=\"500\" border=\"0\" \/><\/a><\/p>\n<h2><span style=\"font-size: x-large;\">Varusteet<\/span><\/h2>\n<p><a href=\"http:\/\/motu.eurokolikonmaailma.fi\/kuvat\/Goddess\/goddess_armor_front.jpg\" target=\"_blank\" rel=\"noopener\"><img loading=\"lazy\" decoding=\"async\" style=\"border-image: initial; border: 0px initial initial;\" title=\"Goddess haarniska edest\u00e4\" src=\"http:\/\/motu.eurokolikonmaailma.fi\/kuvat\/Goddess\/goddess_armor_front.jpg\" alt=\"\" width=\"263\" height=\"350\" border=\"0\" \/><\/a><a href=\"http:\/\/motu.eurokolikonmaailma.fi\/kuvat\/Goddess\/goddess_armor_back.jpg\" target=\"_blank\" rel=\"noopener\"><img loading=\"lazy\" decoding=\"async\" style=\"border-image: initial; border: 0px initial initial;\" title=\"Goddess haarniska takaa\" src=\"http:\/\/motu.eurokolikonmaailma.fi\/kuvat\/Goddess\/goddess_armor_back.jpg\" alt=\"\" width=\"262\" height=\"350\" border=\"0\" \/><\/a><a href=\"http:\/\/motu.eurokolikonmaailma.fi\/kuvat\/Goddess\/goddess_shield.jpg\" target=\"_blank\" rel=\"noopener\"><img loading=\"lazy\" decoding=\"async\" style=\"border-image: initial; border: 0px initial initial;\" title=\"Goddess kilpi\" src=\"http:\/\/motu.eurokolikonmaailma.fi\/kuvat\/Goddess\/goddess_shield.jpg\" alt=\"\" width=\"201\" height=\"175\" border=\"0\" \/><\/a><a href=\"http:\/\/motu.eurokolikonmaailma.fi\/kuvat\/Goddess\/goddess_staff.jpg\" target=\"_blank\" rel=\"noopener\"><img loading=\"lazy\" decoding=\"async\" style=\"border-image: initial; border: 0px initial initial;\" title=\"Goddess sauva\" src=\"http:\/\/motu.eurokolikonmaailma.fi\/kuvat\/Goddess\/goddess_staff.jpg\" alt=\"\" width=\"500\" height=\"72\" border=\"0\" \/><\/a><a href=\"http:\/\/motu.eurokolikonmaailma.fi\/kuvat\/Goddess\/goddess_hm_armor.jpg\" target=\"_blank\" rel=\"noopener\"><img loading=\"lazy\" decoding=\"async\" style=\"border-image: initial; border: 0px initial initial;\" title=\"He-Man haarniska\" src=\"http:\/\/motu.eurokolikonmaailma.fi\/kuvat\/Goddess\/goddess_hm_armor.jpg\" alt=\"\" width=\"250\" height=\"213\" border=\"0\" \/><\/a><a href=\"http:\/\/motu.eurokolikonmaailma.fi\/kuvat\/Goddess\/goddess_hm_axe.jpg\" target=\"_blank\" rel=\"noopener\"><img loading=\"lazy\" decoding=\"async\" style=\"border-image: initial; border: 0px initial initial;\" title=\"He-Man kirves\" src=\"http:\/\/motu.eurokolikonmaailma.fi\/kuvat\/Goddess\/goddess_hm_axe.jpg\" alt=\"\" width=\"350\" height=\"190\" border=\"0\" \/><\/a><a href=\"http:\/\/motu.eurokolikonmaailma.fi\/kuvat\/Goddess\/goddess_hm_shield.jpg\" target=\"_blank\" rel=\"noopener\"><img loading=\"lazy\" decoding=\"async\" style=\"border-image: initial; border: 0px initial initial;\" title=\"He-Man kilpi\" src=\"http:\/\/motu.eurokolikonmaailma.fi\/kuvat\/Goddess\/goddess_hm_shield.jpg\" alt=\"\" width=\"250\" height=\"215\" border=\"0\" \/><\/a><\/p>\n<h2>Videoesittelyni hahmosta:<\/h2>\n<p><strong>Suomi<\/strong><\/p>\n<p><em>Osa 1<\/em><\/p>\n<p><iframe loading=\"lazy\" title=\"Masters of the Universe Classics Goddess 1\/4 (Finnish)\" width=\"640\" height=\"360\" src=\"https:\/\/www.youtube.com\/embed\/EvMex6CtZWg?feature=oembed\" frameborder=\"0\" allow=\"accelerometer; autoplay; clipboard-write; encrypted-media; gyroscope; picture-in-picture; web-share\" referrerpolicy=\"strict-origin-when-cross-origin\" allowfullscreen><\/iframe><\/p>\n<p><em>Osa 2<\/em><\/p>\n<p><iframe loading=\"lazy\" title=\"Masters of the Universe Classics Goddess 2\/4 (Finnish)\" width=\"640\" height=\"360\" src=\"https:\/\/www.youtube.com\/embed\/6cLE16ne5Xw?feature=oembed\" frameborder=\"0\" allow=\"accelerometer; autoplay; clipboard-write; encrypted-media; gyroscope; picture-in-picture; web-share\" referrerpolicy=\"strict-origin-when-cross-origin\" allowfullscreen><\/iframe><\/p>\n<p><em>Osa 3<\/em><\/p>\n<p><iframe loading=\"lazy\" title=\"Masters of the Universe Classics Goddess 3\/4 (Finnish)\" width=\"640\" height=\"360\" src=\"https:\/\/www.youtube.com\/embed\/MV_7TYFxyts?feature=oembed\" frameborder=\"0\" allow=\"accelerometer; autoplay; clipboard-write; encrypted-media; gyroscope; picture-in-picture; web-share\" referrerpolicy=\"strict-origin-when-cross-origin\" allowfullscreen><\/iframe><\/p>\n<p><em>Osa 4<\/em><\/p>\n<p><iframe loading=\"lazy\" title=\"Masters of the Universe Classics Goddess 4\/4 (Finnish)\" width=\"640\" height=\"360\" src=\"https:\/\/www.youtube.com\/embed\/6dQKrXXoUQU?feature=oembed\" frameborder=\"0\" allow=\"accelerometer; autoplay; clipboard-write; encrypted-media; gyroscope; picture-in-picture; web-share\" referrerpolicy=\"strict-origin-when-cross-origin\" allowfullscreen><\/iframe><\/p>\n<p><strong>In English<\/strong><\/p>\n<p><em>Part 1<\/em><\/p>\n<p><iframe loading=\"lazy\" title=\"Masters of the Universe Classics The Goddess 1\/2 (English)\" width=\"640\" height=\"360\" src=\"https:\/\/www.youtube.com\/embed\/c48GyVUhTFk?feature=oembed\" frameborder=\"0\" allow=\"accelerometer; autoplay; clipboard-write; encrypted-media; gyroscope; picture-in-picture; web-share\" referrerpolicy=\"strict-origin-when-cross-origin\" allowfullscreen><\/iframe><\/p>\n<p><em>Part 2<\/em><\/p>\n<p><iframe loading=\"lazy\" title=\"Masters of the Universe Classics The Goddess 2\/2 (English)\" width=\"640\" height=\"360\" src=\"https:\/\/www.youtube.com\/embed\/NfKiK8Zv_KE?feature=oembed\" frameborder=\"0\" allow=\"accelerometer; autoplay; clipboard-write; encrypted-media; gyroscope; picture-in-picture; web-share\" referrerpolicy=\"strict-origin-when-cross-origin\" allowfullscreen><\/iframe><\/p>\n","protected":false},"excerpt":{"rendered":"<p>Tuotekoodi: P4031 The Goddess &#8211; Trainer of He-Man \u00a0 \u00a0 \u00a0 Kun Goddess julkaistiin uudelleen (18.1.2011), se ei ollut varsinainen uudelleen julkaisu, vaan Mattel myi ylim\u00e4\u00e4r\u00e4iseksi j\u00e4\u00e4neit\u00e4 asiakaspalvelutarkoituksiin tarkoitettuja kappaleita. Oikea nimi:\u00a0Sharella After the death of King Grayskull\u2122, the Power &hellip; <a href=\"https:\/\/www.eurokolikonmaailma.fi\/?page_id=1976\">Lue loppuun <span class=\"meta-nav\">&rarr;<\/span><\/a><\/p>\n","protected":false},"author":1,"featured_media":0,"parent":290,"menu_order":0,"comment_status":"open","ping_status":"open","template":"","meta":{"footnotes":""},"class_list":["post-1976","page","type-page","status-publish","hentry"],"_links":{"self":[{"href":"https:\/\/www.eurokolikonmaailma.fi\/index.php?rest_route=\/wp\/v2\/pages\/1976","targetHints":{"allow":["GET"]}}],"collection":[{"href":"https:\/\/www.eurokolikonmaailma.fi\/index.php?rest_route=\/wp\/v2\/pages"}],"about":[{"href":"https:\/\/www.eurokolikonmaailma.fi\/index.php?rest_route=\/wp\/v2\/types\/page"}],"author":[{"embeddable":true,"href":"https:\/\/www.eurokolikonmaailma.fi\/index.php?rest_route=\/wp\/v2\/users\/1"}],"replies":[{"embeddable":true,"href":"https:\/\/www.eurokolikonmaailma.fi\/index.php?rest_route=%2Fwp%2Fv2%2Fcomments&post=1976"}],"version-history":[{"count":4,"href":"https:\/\/www.eurokolikonmaailma.fi\/index.php?rest_route=\/wp\/v2\/pages\/1976\/revisions"}],"predecessor-version":[{"id":5616,"href":"https:\/\/www.eurokolikonmaailma.fi\/index.php?rest_route=\/wp\/v2\/pages\/1976\/revisions\/5616"}],"up":[{"embeddable":true,"href":"https:\/\/www.eurokolikonmaailma.fi\/index.php?rest_route=\/wp\/v2\/pages\/290"}],"wp:attachment":[{"href":"https:\/\/www.eurokolikonmaailma.fi\/index.php?rest_route=%2Fwp%2Fv2%2Fmedia&parent=1976"}],"curies":[{"name":"wp","href":"https:\/\/api.w.org\/{rel}","templated":true}]}}