{"id":1970,"date":"2012-05-07T18:30:25","date_gmt":"2012-05-07T15:30:25","guid":{"rendered":"http:\/\/www.eurokolikonmaailma.fi\/blogi\/?page_id=1970"},"modified":"2025-05-30T13:16:40","modified_gmt":"2025-05-30T10:16:40","slug":"king-randor","status":"publish","type":"page","link":"https:\/\/www.eurokolikonmaailma.fi\/?page_id=1970","title":{"rendered":"King Randor"},"content":{"rendered":"<p><img loading=\"lazy\" decoding=\"async\" src=\"http:\/\/motu.eurokolikonmaailma.fi\/kuvat\/King_Randor\/motuc.1.jpg\" alt=\"\" width=\"118\" height=\"47\" border=\"0\" \/><img loading=\"lazy\" decoding=\"async\" src=\"http:\/\/motu.eurokolikonmaailma.fi\/kuvat\/King_Randor\/clubeternia_burst.gif\" alt=\"\" width=\"46\" height=\"47\" border=\"0\" \/><br \/>\nTuotekoodi: P4030<\/p>\n<h1>King Randor<br \/>\n&#8211; Heroic Ruler of Eternia<\/h1>\n<p><a href=\"http:\/\/motu.eurokolikonmaailma.fi\/kuvat\/King_Randor\/randor_blister_front.jpg\" target=\"_blank\" rel=\"noopener\"><img loading=\"lazy\" decoding=\"async\" style=\"border-image: initial; border: 0px initial initial;\" title=\"King Randor pakkaus edest\u00e4\" src=\"http:\/\/motu.eurokolikonmaailma.fi\/kuvat\/King_Randor\/randor_blister_front.jpg\" alt=\"\" width=\"241\" height=\"350\" border=\"0\" \/><\/a><a href=\"http:\/\/motu.eurokolikonmaailma.fi\/kuvat\/King_Randor\/randor_blister_back.jpg\" target=\"_blank\" rel=\"noopener\"><img loading=\"lazy\" decoding=\"async\" style=\"border-image: initial; border: 0px initial initial;\" title=\"King Randor pakkaus takaa\" src=\"http:\/\/motu.eurokolikonmaailma.fi\/kuvat\/King_Randor\/randor_blister_back.jpg\" alt=\"\" width=\"248\" height=\"350\" border=\"0\" \/><\/a><\/p>\n<p><strong>Oikea nimi:<\/strong>\u00a0Randor of the House of Miro<\/p>\n<p>King Miro&#8217;s second-born son, Randor, came of age during the Great Unrest, a time when conflict returned to Eternia\u00ae following the Count Marzo Uprisings and the subsequent betrayal of his half-brother, Keldor\u2122. After the disappearance of his father, Randor was appointed Captain of the Guard and lead Miro&#8217;s troops in battle against Keldor&#8217;s growing rebellion. Randor eventually ended the battles by fatally wounding Keldor\u2122, and locking him and his evil warriors behind the Mystic Wall. For this act, he was appointed King by the Council of Elders. King Randor\u2122 raises his staff, exulting in his rule over all Eternia\u00ae!<\/p>\n<p><em>Kuningas Miron toiseksi vanhin poika Randor uli t\u00e4ysi-ik\u00e4iseksi Suuren Levottomuuden aikaan, jolloin levottomuus palasi Eterniaan, johtaen kreivi Marzon kapinointiin ja jatkui Randorin velipuolen Keldorin petoksen my\u00f6t\u00e4. Is\u00e4ns\u00e4 katoamisen j\u00e4lkeen, Randor nimitettiin kuninkaallisen kaartin kapteeniksi ja Miron joukkojen johtajaksi taisteluissa Keldorin kasvavaa kapinaa vastaan. Lopulta Randor p\u00e4\u00e4tti taistelut haavoittaen Keldoria hengenvarallisesti ja lukiten h\u00e4net sek\u00e4 h\u00e4nen pahuuden taistelijansa Mystisen Muurin taakse. T\u00e4m\u00e4n teon ansioista, h\u00e4net nimitettiin kuninkaaksi vanhimpien neuvoston puolesta. Kuningas Randor\u00a0 nostaa sauvansa ilmaan, juhlistaakseen koko Eternian kattavaa valtakuntaansa!<\/em><\/p>\n<p><strong><span style=\"text-decoration: underline;\">Mukana tulevat varusteet:<\/span><\/strong><br \/>\n* miekka<br \/>\n* valtikka<br \/>\n* irrotettava viitallinen haarniska<\/p>\n<p><strong>Loppuunmyynti aika:<\/strong>\u00a02 p\u00e4iv\u00e4\u00e4 3 tuntia 38 min<\/p>\n<p><strong>Oman hahmon saapumiseen kulunut aika (tilauspalvelu):\u00a0<\/strong>28 p\u00e4iv\u00e4\u00e4 (17 arkip\u00e4iv\u00e4\u00e4)<strong><br \/>\nOman hahmon saapumiseen kulunut aika (ei-tilauspalvelu):\u00a0<\/strong>26 p\u00e4iv\u00e4\u00e4 (16 arkip\u00e4iv\u00e4\u00e4)<\/p>\n<h2><span style=\"font-size: x-large;\">L\u00e4hikuva<\/span><\/h2>\n<p><a href=\"http:\/\/motu.eurokolikonmaailma.fi\/kuvat\/King_Randor\/randor_closeup.jpg\" target=\"_blank\" rel=\"noopener\"><img loading=\"lazy\" decoding=\"async\" style=\"border-image: initial; border: 0px initial initial;\" title=\"King Randor l\u00e4hikuva\" src=\"http:\/\/motu.eurokolikonmaailma.fi\/kuvat\/King_Randor\/randor_closeup.jpg\" alt=\"\" width=\"295\" height=\"350\" border=\"0\" \/><\/a><\/p>\n<h2><span style=\"font-size: x-large;\">Kokovartalokuvat<\/span><\/h2>\n<p><a href=\"http:\/\/motu.eurokolikonmaailma.fi\/kuvat\/King_Randor\/randor_with_accs.jpg\" target=\"_blank\" rel=\"noopener\"><img loading=\"lazy\" decoding=\"async\" style=\"border-image: initial; border: 0px initial initial;\" title=\"King Randor varustettuna\" src=\"http:\/\/motu.eurokolikonmaailma.fi\/kuvat\/King_Randor\/randor_with_accs.jpg\" alt=\"\" width=\"307\" height=\"500\" border=\"0\" \/><\/a><\/p>\n<p><a href=\"http:\/\/motu.eurokolikonmaailma.fi\/kuvat\/King_Randor\/randor_front_armor.jpg\" target=\"_blank\" rel=\"noopener\"><img loading=\"lazy\" decoding=\"async\" style=\"border-image: initial; border: 0px initial initial;\" title=\"King Randor edest\u00e4\" src=\"http:\/\/motu.eurokolikonmaailma.fi\/kuvat\/King_Randor\/randor_front_armor.jpg\" alt=\"\" width=\"311\" height=\"500\" border=\"0\" \/><\/a><a href=\"http:\/\/motu.eurokolikonmaailma.fi\/kuvat\/King_Randor\/randor_back_armor.jpg\" target=\"_blank\" rel=\"noopener\"><img loading=\"lazy\" decoding=\"async\" style=\"border-image: initial; border: 0px initial initial;\" title=\"King Randor takaa\" src=\"http:\/\/motu.eurokolikonmaailma.fi\/kuvat\/King_Randor\/randor_back_armor.jpg\" alt=\"\" width=\"382\" height=\"500\" border=\"0\" \/><\/a><\/p>\n<p><a href=\"http:\/\/motu.eurokolikonmaailma.fi\/kuvat\/King_Randor\/randor_front_no_armor.jpg\" target=\"_blank\" rel=\"noopener\"><img loading=\"lazy\" decoding=\"async\" style=\"border-image: initial; border: 0px initial initial;\" title=\"King Randor edest\u00e4 ilman viittaa &amp; haarniskaa\" src=\"http:\/\/motu.eurokolikonmaailma.fi\/kuvat\/King_Randor\/randor_front_no_armor.jpg\" alt=\"\" width=\"240\" height=\"500\" border=\"0\" \/><\/a><a href=\"http:\/\/motu.eurokolikonmaailma.fi\/kuvat\/King_Randor\/randor_back_no_armor.jpg\" target=\"_blank\" rel=\"noopener\"><img loading=\"lazy\" decoding=\"async\" style=\"border-image: initial; border: 0px initial initial;\" title=\"King Randor takaa ilman viittaa &amp; haarniskaa\" src=\"http:\/\/motu.eurokolikonmaailma.fi\/kuvat\/King_Randor\/randor_back_no_armor.jpg\" alt=\"\" width=\"242\" height=\"500\" border=\"0\" \/><\/a><\/p>\n<h2><span style=\"font-size: x-large;\">Varusteet<\/span><\/h2>\n<p><a href=\"http:\/\/motu.eurokolikonmaailma.fi\/kuvat\/King_Randor\/randor_armor.jpg\" target=\"_blank\" rel=\"noopener\"><img loading=\"lazy\" decoding=\"async\" style=\"border-image: initial; border: 0px initial initial;\" title=\"King Randor haarniska &amp; viitta\" src=\"http:\/\/motu.eurokolikonmaailma.fi\/kuvat\/King_Randor\/randor_armor.jpg\" alt=\"\" width=\"442\" height=\"500\" border=\"0\" \/><\/a><a href=\"http:\/\/motu.eurokolikonmaailma.fi\/kuvat\/King_Randor\/randor_staff.jpg\" target=\"_blank\" rel=\"noopener\"><img loading=\"lazy\" decoding=\"async\" style=\"border-image: initial; border: 0px initial initial;\" title=\"King Randor valtikka\" src=\"http:\/\/motu.eurokolikonmaailma.fi\/kuvat\/King_Randor\/randor_staff.jpg\" alt=\"\" width=\"600\" height=\"130\" border=\"0\" \/><\/a><a href=\"http:\/\/motu.eurokolikonmaailma.fi\/kuvat\/King_Randor\/randor_sword.jpg\" target=\"_blank\" rel=\"noopener\"><img loading=\"lazy\" decoding=\"async\" style=\"border-image: initial; border: 0px initial initial;\" title=\"King Randor miekka\" src=\"http:\/\/motu.eurokolikonmaailma.fi\/kuvat\/King_Randor\/randor_sword.jpg\" alt=\"\" width=\"500\" height=\"170\" border=\"0\" \/><\/a><\/p>\n<h2>Videoesittelyni hahmosta:<\/h2>\n<p><strong>Suomi<\/strong><\/p>\n<p><em>Osa 1<\/em><\/p>\n<p><iframe loading=\"lazy\" title=\"Masters of the Universe Classics King Randor 1\/3 (Finnish)\" width=\"640\" height=\"360\" src=\"https:\/\/www.youtube.com\/embed\/nnZ9bqa-pEw?feature=oembed\" frameborder=\"0\" allow=\"accelerometer; autoplay; clipboard-write; encrypted-media; gyroscope; picture-in-picture; web-share\" referrerpolicy=\"strict-origin-when-cross-origin\" allowfullscreen><\/iframe><\/p>\n<p><em>Osa 2<\/em><\/p>\n<p><iframe loading=\"lazy\" title=\"Masters of the Universe Classics King Randor 2\/3 (Finnish)\" width=\"640\" height=\"360\" src=\"https:\/\/www.youtube.com\/embed\/o2RI8RLcstA?feature=oembed\" frameborder=\"0\" allow=\"accelerometer; autoplay; clipboard-write; encrypted-media; gyroscope; picture-in-picture; web-share\" referrerpolicy=\"strict-origin-when-cross-origin\" allowfullscreen><\/iframe><\/p>\n<p><em>Osa 3<\/em><\/p>\n<p><iframe loading=\"lazy\" title=\"Masters of the Universe Classics King Randor 3\/3 (Finnish)\" width=\"640\" height=\"360\" src=\"https:\/\/www.youtube.com\/embed\/abJsglmBMSM?feature=oembed\" frameborder=\"0\" allow=\"accelerometer; autoplay; clipboard-write; encrypted-media; gyroscope; picture-in-picture; web-share\" referrerpolicy=\"strict-origin-when-cross-origin\" allowfullscreen><\/iframe><\/p>\n<p><strong>In English<\/strong><\/p>\n<p><em>Part 1<\/em><\/p>\n<p><iframe loading=\"lazy\" title=\"Masters of the Universe Classics King Randor 1\/2 (English)\" width=\"640\" height=\"360\" src=\"https:\/\/www.youtube.com\/embed\/tHDNPVoHdwg?feature=oembed\" frameborder=\"0\" allow=\"accelerometer; autoplay; clipboard-write; encrypted-media; gyroscope; picture-in-picture; web-share\" referrerpolicy=\"strict-origin-when-cross-origin\" allowfullscreen><\/iframe><\/p>\n<p><em>Part 2<\/em><\/p>\n<p><iframe loading=\"lazy\" title=\"Masters of the Universe Classics King Randor 2\/2 (English)\" width=\"640\" height=\"360\" src=\"https:\/\/www.youtube.com\/embed\/h_7tX6s6jPw?feature=oembed\" frameborder=\"0\" allow=\"accelerometer; autoplay; clipboard-write; encrypted-media; gyroscope; picture-in-picture; web-share\" referrerpolicy=\"strict-origin-when-cross-origin\" allowfullscreen><\/iframe><\/p>\n","protected":false},"excerpt":{"rendered":"<p>Tuotekoodi: P4030 King Randor &#8211; Heroic Ruler of Eternia Oikea nimi:\u00a0Randor of the House of Miro King Miro&#8217;s second-born son, Randor, came of age during the Great Unrest, a time when conflict returned to Eternia\u00ae following the Count Marzo Uprisings &hellip; <a href=\"https:\/\/www.eurokolikonmaailma.fi\/?page_id=1970\">Lue loppuun <span class=\"meta-nav\">&rarr;<\/span><\/a><\/p>\n","protected":false},"author":1,"featured_media":0,"parent":290,"menu_order":0,"comment_status":"open","ping_status":"open","template":"","meta":{"footnotes":""},"class_list":["post-1970","page","type-page","status-publish","hentry"],"_links":{"self":[{"href":"https:\/\/www.eurokolikonmaailma.fi\/index.php?rest_route=\/wp\/v2\/pages\/1970","targetHints":{"allow":["GET"]}}],"collection":[{"href":"https:\/\/www.eurokolikonmaailma.fi\/index.php?rest_route=\/wp\/v2\/pages"}],"about":[{"href":"https:\/\/www.eurokolikonmaailma.fi\/index.php?rest_route=\/wp\/v2\/types\/page"}],"author":[{"embeddable":true,"href":"https:\/\/www.eurokolikonmaailma.fi\/index.php?rest_route=\/wp\/v2\/users\/1"}],"replies":[{"embeddable":true,"href":"https:\/\/www.eurokolikonmaailma.fi\/index.php?rest_route=%2Fwp%2Fv2%2Fcomments&post=1970"}],"version-history":[{"count":5,"href":"https:\/\/www.eurokolikonmaailma.fi\/index.php?rest_route=\/wp\/v2\/pages\/1970\/revisions"}],"predecessor-version":[{"id":5601,"href":"https:\/\/www.eurokolikonmaailma.fi\/index.php?rest_route=\/wp\/v2\/pages\/1970\/revisions\/5601"}],"up":[{"embeddable":true,"href":"https:\/\/www.eurokolikonmaailma.fi\/index.php?rest_route=\/wp\/v2\/pages\/290"}],"wp:attachment":[{"href":"https:\/\/www.eurokolikonmaailma.fi\/index.php?rest_route=%2Fwp%2Fv2%2Fmedia&parent=1970"}],"curies":[{"name":"wp","href":"https:\/\/api.w.org\/{rel}","templated":true}]}}