{"id":1965,"date":"2012-05-07T18:28:27","date_gmt":"2012-05-07T15:28:27","guid":{"rendered":"http:\/\/www.eurokolikonmaailma.fi\/blogi\/?page_id=1965"},"modified":"2025-05-30T13:24:52","modified_gmt":"2025-05-30T10:24:52","slug":"scareglow","status":"publish","type":"page","link":"https:\/\/www.eurokolikonmaailma.fi\/?page_id=1965","title":{"rendered":"Scareglow"},"content":{"rendered":"<p><img loading=\"lazy\" decoding=\"async\" src=\"http:\/\/motu.eurokolikonmaailma.fi\/kuvat\/Scareglow\/motuc.1.jpg\" alt=\"\" width=\"118\" height=\"47\" border=\"0\" \/><img loading=\"lazy\" decoding=\"async\" src=\"http:\/\/motu.eurokolikonmaailma.fi\/kuvat\/Scareglow\/clubeternia_burst.gif\" alt=\"\" width=\"46\" height=\"47\" border=\"0\" \/><br \/>\nTuotekoodi: P4027<\/p>\n<h1>Scareglow<br \/>\n&#8211; Evil Ghost Serving Skeletor<\/h1>\n<p><a href=\"http:\/\/motu.eurokolikonmaailma.fi\/kuvat\/Scareglow\/scareglow_front.jpg\" target=\"_blank\" rel=\"noopener\"><img loading=\"lazy\" decoding=\"async\" style=\"border-image: initial; border: 0px initial initial;\" title=\"Scareglow pakkaus edest\u00e4\" src=\"http:\/\/motu.eurokolikonmaailma.fi\/kuvat\/Scareglow\/scareglow_front.jpg\" alt=\"\" width=\"235\" height=\"350\" border=\"0\" \/><\/a>\u00a0 \u00a0 \u00a0<a href=\"http:\/\/motu.eurokolikonmaailma.fi\/kuvat\/Scareglow\/scareglow_back.jpg\" target=\"_blank\" rel=\"noopener\"><img loading=\"lazy\" decoding=\"async\" style=\"border-image: initial; border: 0px initial initial;\" title=\"Scareglow pakkaus takaa\" src=\"http:\/\/motu.eurokolikonmaailma.fi\/kuvat\/Scareglow\/scareglow_back.jpg\" alt=\"\" width=\"249\" height=\"350\" border=\"0\" \/><\/a>\u00a0 \u00a0 \u00a0<a href=\"http:\/\/motu.eurokolikonmaailma.fi\/kuvat\/Scareglow\/Scareglow_box_notification.jpg\" target=\"_blank\" rel=\"noopener\"><img loading=\"lazy\" decoding=\"async\" style=\"border-image: initial; border: 0px initial initial;\" title=\"Scareglow pakkaus lis\u00e4selitys\" src=\"http:\/\/motu.eurokolikonmaailma.fi\/kuvat\/Scareglow\/Scareglow_box_notification.jpg\" alt=\"\" width=\"245\" height=\"250\" border=\"0\" \/><\/a><\/p>\n<p><strong>Oikea nimi:<\/strong>\u00a0Karak Nul\u2122<\/p>\n<p>In life, Nul was a shifty bounty hunter who spent years attempting to break into Castle Grayskull\u00ae, obsessed with the countless legends that it contained the power to be Master of the Universe. In death, he was cursed and banished into the dimension of Infinita, forever chained to his past crimes. He was brought back to Eternia\u00ae by a magical spell of light cast by Skeletor\u00ae to locate the most evil warriors in the five dimensions. Provided with a Scythe of Doom, Nul agreed to join forces with Skeletor\u00ae and quickly became known as Scareglow\u2122, thanks to his ability to burst forth and freeze his enemies with fright.<\/p>\n<p><em>El\u00e4ess\u00e4\u00e4n Nul oli viekas palkkionmets\u00e4st\u00e4j\u00e4, joka yritti vuosien ajan murtautua sis\u00e4\u00e4n P\u00e4\u00e4kallolinnaan, jonka sis\u00e4lt\u00e4mist\u00e4 legendaarisista voimista oli tullut h\u00e4nelle pakkomielle. Kuollessaan h\u00e4net kirottiin ja karkoitettin Infinita-ulottuvuuteen, ikuisesti menneisyytens\u00e4 rikoksiin kahlittuna. H\u00e4net toi takaisin Eterniaan Skeletorin maaginen valon loitsu, jonka tarkoituksena oli paikallistaa kaikkein pahimmat pahuuden soturit viiden ulottuvuuden alueella. Saadessaan tuomion viikatteen, Nul suostui liittym\u00e4\u00e4n Skeletorin joukkoihin ja pian h\u00e4net alettiin tuntea Scareglowna, johtuen h\u00e4nen taidostaan\u00a0 leimahtaa pelottavaan viholliset j\u00e4hmett\u00e4v\u00e4\u00e4n hehkuun.<\/em><\/p>\n<p><strong><span style=\"text-decoration: underline;\">Mukana tulevat varusteet:<\/span><\/strong><br \/>\n* tuhon viikate (pie\u00e4ss\u00e4 hohtava ter\u00e4)<br \/>\n* irrotettava viitta<br \/>\n* Grayskull pyh\u00e4nj\u00e4\u00e4nn\u00f6s<\/p>\n<p><span style=\"text-decoration: underline;\"><strong>Erityisominaisuus:<\/strong><br \/>\n<\/span>* hahmo hohtaa pime\u00e4ss\u00e4<\/p>\n<p><strong>Loppuunmyynti aika:<\/strong>\u00a01 p\u00e4iv\u00e4 3 tuntia 7 min<\/p>\n<p><strong>Oman hahmon saapumiseen kulunut aika (tilauspalvelu):\u00a0<\/strong>29 p\u00e4iv\u00e4\u00e4 (21 arkip\u00e4iv\u00e4\u00e4)<br \/>\n<strong>Oman hahmon saapumiseen kulunut aika (ei-tilauspalvelu):\u00a0<\/strong>37 p\u00e4iv\u00e4\u00e4 (24 arkip\u00e4iv\u00e4\u00e4)<\/p>\n<p><strong><span style=\"font-size: x-large;\">L\u00e4hikuva<\/span><\/strong><\/p>\n<p><a href=\"http:\/\/motu.eurokolikonmaailma.fi\/kuvat\/Scareglow\/sg_closeup.jpg\" target=\"_blank\" rel=\"noopener\"><img loading=\"lazy\" decoding=\"async\" style=\"border-image: initial; border: 0px initial initial;\" title=\"Scareglow l\u00e4hikuva\" src=\"http:\/\/motu.eurokolikonmaailma.fi\/kuvat\/Scareglow\/sg_closeup.jpg\" alt=\"\" width=\"340\" height=\"350\" border=\"0\" \/><\/a><\/p>\n<h2><span style=\"font-size: x-large;\">Kokovartalokuvat<\/span><\/h2>\n<p><a href=\"http:\/\/motu.eurokolikonmaailma.fi\/kuvat\/Scareglow\/sg_with_accessories.jpg\" target=\"_blank\" rel=\"noopener\"><img loading=\"lazy\" decoding=\"async\" style=\"border-image: initial; border: 0px initial initial;\" title=\"Scareglow varustettuna\" src=\"http:\/\/motu.eurokolikonmaailma.fi\/kuvat\/Scareglow\/sg_with_accessories.jpg\" alt=\"\" width=\"434\" height=\"500\" border=\"0\" \/><\/a><a href=\"http:\/\/motu.eurokolikonmaailma.fi\/kuvat\/Scareglow\/sg_front_cape.jpg\" target=\"_blank\" rel=\"noopener\"><img loading=\"lazy\" decoding=\"async\" style=\"border-image: initial; border: 0px initial initial;\" title=\"Scareglow edest\u00e4\" src=\"http:\/\/motu.eurokolikonmaailma.fi\/kuvat\/Scareglow\/sg_front_cape.jpg\" alt=\"\" width=\"343\" height=\"500\" border=\"0\" \/><\/a><a href=\"http:\/\/motu.eurokolikonmaailma.fi\/kuvat\/Scareglow\/sg_cape_back.jpg\" target=\"_blank\" rel=\"noopener\"><img loading=\"lazy\" decoding=\"async\" style=\"border-image: initial; border: 0px initial initial;\" title=\"Scareglow takaa\" src=\"http:\/\/motu.eurokolikonmaailma.fi\/kuvat\/Scareglow\/sg_cape_back.jpg\" alt=\"\" width=\"438\" height=\"500\" border=\"0\" \/><\/a><\/p>\n<p><a href=\"http:\/\/motu.eurokolikonmaailma.fi\/kuvat\/Scareglow\/sg_front.jpg\" target=\"_blank\" rel=\"noopener\"><img loading=\"lazy\" decoding=\"async\" style=\"border-image: initial; border: 0px initial initial;\" title=\"Scareglow edest\u00e4 ilman viittaa\" src=\"http:\/\/motu.eurokolikonmaailma.fi\/kuvat\/Scareglow\/sg_front.jpg\" alt=\"\" width=\"285\" height=\"500\" border=\"0\" \/><\/a><a href=\"http:\/\/motu.eurokolikonmaailma.fi\/kuvat\/Scareglow\/sg_back.jpg\" target=\"_blank\" rel=\"noopener\"><img loading=\"lazy\" decoding=\"async\" style=\"border-image: initial; border: 0px initial initial;\" title=\"Scareglow takaa ilman viittaa\" src=\"http:\/\/motu.eurokolikonmaailma.fi\/kuvat\/Scareglow\/sg_back.jpg\" alt=\"\" width=\"275\" height=\"500\" border=\"0\" \/><\/a><\/p>\n<p><a href=\"http:\/\/motu.eurokolikonmaailma.fi\/kuvat\/Scareglow\/Scareglow_glow_loaded.jpg\" target=\"_blank\" rel=\"noopener\"><img loading=\"lazy\" decoding=\"async\" style=\"border-image: initial; border: 0px initial initial;\" title=\"Scareglow hehkuvana edest\u00e4\" src=\"http:\/\/motu.eurokolikonmaailma.fi\/kuvat\/Scareglow\/Scareglow_glow_loaded.jpg\" alt=\"\" width=\"375\" height=\"500\" border=\"0\" \/><\/a><a href=\"http:\/\/motu.eurokolikonmaailma.fi\/kuvat\/Scareglow\/sg_glow_back.jpg\" target=\"_blank\" rel=\"noopener\"><img loading=\"lazy\" decoding=\"async\" style=\"border-image: initial; border: 0px initial initial;\" title=\"Scareglow hehkuvana takaa\" src=\"http:\/\/motu.eurokolikonmaailma.fi\/kuvat\/Scareglow\/sg_glow_back.jpg\" alt=\"\" width=\"276\" height=\"500\" border=\"0\" \/><\/a><\/p>\n<h2><span style=\"font-size: x-large;\">Varusteet<\/span><\/h2>\n<p><a href=\"http:\/\/motu.eurokolikonmaailma.fi\/kuvat\/Scareglow\/sg_cape_back.jpg\" target=\"_blank\" rel=\"noopener\"><img loading=\"lazy\" decoding=\"async\" style=\"border-image: initial; border: 0px initial initial;\" title=\"Scareglow viitta\" src=\"http:\/\/motu.eurokolikonmaailma.fi\/kuvat\/Scareglow\/sg_cape_back.jpg\" alt=\"\" width=\"394\" height=\"450\" border=\"0\" \/><\/a><a href=\"http:\/\/motu.eurokolikonmaailma.fi\/kuvat\/Scareglow\/sg_reliquary.jpg\" target=\"_blank\" rel=\"noopener\"><img loading=\"lazy\" decoding=\"async\" style=\"border-image: initial; border: 0px initial initial;\" title=\"Scareglow Grayskull avain ja s\u00e4ili\u00f6\" src=\"http:\/\/motu.eurokolikonmaailma.fi\/kuvat\/Scareglow\/sg_reliquary.jpg\" alt=\"\" width=\"280\" height=\"326\" border=\"0\" \/><\/a><a href=\"http:\/\/motu.eurokolikonmaailma.fi\/kuvat\/Scareglow\/sg_scythe.jpg\" target=\"_blank\" rel=\"noopener\"><img loading=\"lazy\" decoding=\"async\" style=\"border-image: initial; border: 0px initial initial;\" title=\"Scareglow &quot;viikate&quot;\" src=\"http:\/\/motu.eurokolikonmaailma.fi\/kuvat\/Scareglow\/sg_scythe.jpg\" alt=\"\" width=\"600\" height=\"86\" border=\"0\" \/><\/a><\/p>\n<h2>Videoesittelyni hahmosta:<\/h2>\n<p><strong>Suomi<\/strong><\/p>\n<p><em>Osa 1<\/em><\/p>\n<p><iframe loading=\"lazy\" title=\"Masters of the Universe Classics Scareglow 1\/3 (Finnish)\" width=\"640\" height=\"360\" src=\"https:\/\/www.youtube.com\/embed\/djIl4P1-n3U?feature=oembed\" frameborder=\"0\" allow=\"accelerometer; autoplay; clipboard-write; encrypted-media; gyroscope; picture-in-picture; web-share\" referrerpolicy=\"strict-origin-when-cross-origin\" allowfullscreen><\/iframe><\/p>\n<p><em>Osa 2<\/em><\/p>\n<p><iframe loading=\"lazy\" title=\"Masters of the Universe Classics Scareglow 2\/3 (Finnish)\" width=\"640\" height=\"360\" src=\"https:\/\/www.youtube.com\/embed\/P35kiiMnz94?feature=oembed\" frameborder=\"0\" allow=\"accelerometer; autoplay; clipboard-write; encrypted-media; gyroscope; picture-in-picture; web-share\" referrerpolicy=\"strict-origin-when-cross-origin\" allowfullscreen><\/iframe><\/p>\n<p><em>Osa 3<\/em><\/p>\n<p><iframe loading=\"lazy\" title=\"Masters of the Universe Classics Scareglow 3\/3 (Finnish)\" width=\"640\" height=\"360\" src=\"https:\/\/www.youtube.com\/embed\/xd493_bVDf4?feature=oembed\" frameborder=\"0\" allow=\"accelerometer; autoplay; clipboard-write; encrypted-media; gyroscope; picture-in-picture; web-share\" referrerpolicy=\"strict-origin-when-cross-origin\" allowfullscreen><\/iframe><\/p>\n<p><strong>In English<\/strong><\/p>\n<p><em>Part 1<\/em><\/p>\n<p><iframe loading=\"lazy\" title=\"Masters of the Universe Classics Scareglow 1\/2 (English)\" width=\"640\" height=\"360\" src=\"https:\/\/www.youtube.com\/embed\/NmVGiTnelFU?feature=oembed\" frameborder=\"0\" allow=\"accelerometer; autoplay; clipboard-write; encrypted-media; gyroscope; picture-in-picture; web-share\" referrerpolicy=\"strict-origin-when-cross-origin\" allowfullscreen><\/iframe><\/p>\n<p><em>Part 2<\/em><\/p>\n<p><iframe loading=\"lazy\" title=\"Masters of the Universe Classics Scareglow 2\/2 (English)\" width=\"640\" height=\"360\" src=\"https:\/\/www.youtube.com\/embed\/66fseaP6Neg?feature=oembed\" frameborder=\"0\" allow=\"accelerometer; autoplay; clipboard-write; encrypted-media; gyroscope; picture-in-picture; web-share\" referrerpolicy=\"strict-origin-when-cross-origin\" allowfullscreen><\/iframe><\/p>\n","protected":false},"excerpt":{"rendered":"<p>Tuotekoodi: P4027 Scareglow &#8211; Evil Ghost Serving Skeletor \u00a0 \u00a0 \u00a0\u00a0 \u00a0 \u00a0 Oikea nimi:\u00a0Karak Nul\u2122 In life, Nul was a shifty bounty hunter who spent years attempting to break into Castle Grayskull\u00ae, obsessed with the countless legends that it &hellip; <a href=\"https:\/\/www.eurokolikonmaailma.fi\/?page_id=1965\">Lue loppuun <span class=\"meta-nav\">&rarr;<\/span><\/a><\/p>\n","protected":false},"author":1,"featured_media":0,"parent":290,"menu_order":0,"comment_status":"open","ping_status":"open","template":"","meta":{"footnotes":""},"class_list":["post-1965","page","type-page","status-publish","hentry"],"_links":{"self":[{"href":"https:\/\/www.eurokolikonmaailma.fi\/index.php?rest_route=\/wp\/v2\/pages\/1965","targetHints":{"allow":["GET"]}}],"collection":[{"href":"https:\/\/www.eurokolikonmaailma.fi\/index.php?rest_route=\/wp\/v2\/pages"}],"about":[{"href":"https:\/\/www.eurokolikonmaailma.fi\/index.php?rest_route=\/wp\/v2\/types\/page"}],"author":[{"embeddable":true,"href":"https:\/\/www.eurokolikonmaailma.fi\/index.php?rest_route=\/wp\/v2\/users\/1"}],"replies":[{"embeddable":true,"href":"https:\/\/www.eurokolikonmaailma.fi\/index.php?rest_route=%2Fwp%2Fv2%2Fcomments&post=1965"}],"version-history":[{"count":4,"href":"https:\/\/www.eurokolikonmaailma.fi\/index.php?rest_route=\/wp\/v2\/pages\/1965\/revisions"}],"predecessor-version":[{"id":5607,"href":"https:\/\/www.eurokolikonmaailma.fi\/index.php?rest_route=\/wp\/v2\/pages\/1965\/revisions\/5607"}],"up":[{"embeddable":true,"href":"https:\/\/www.eurokolikonmaailma.fi\/index.php?rest_route=\/wp\/v2\/pages\/290"}],"wp:attachment":[{"href":"https:\/\/www.eurokolikonmaailma.fi\/index.php?rest_route=%2Fwp%2Fv2%2Fmedia&parent=1965"}],"curies":[{"name":"wp","href":"https:\/\/api.w.org\/{rel}","templated":true}]}}