{"id":1959,"date":"2012-05-07T18:09:11","date_gmt":"2012-05-07T15:09:11","guid":{"rendered":"http:\/\/www.eurokolikonmaailma.fi\/blogi\/?page_id=1959"},"modified":"2012-05-07T18:09:11","modified_gmt":"2012-05-07T15:09:11","slug":"zodak","status":"publish","type":"page","link":"https:\/\/www.eurokolikonmaailma.fi\/?page_id=1959","title":{"rendered":"Zodak"},"content":{"rendered":"<p><img loading=\"lazy\" decoding=\"async\" src=\"http:\/\/motu.eurokolikonmaailma.fi\/kuvat\/motuc.1.jpg\" alt=\"\" width=\"118\" height=\"47\" border=\"0\" \/><br \/>\nTuotekoodi: P4028<\/p>\n<h1>Zodak<br \/>\n&#8211; Mystic Enforcer<\/h1>\n<p><a href=\"http:\/\/motu.eurokolikonmaailma.fi\/kuvat\/Zodak\/zk_box_front.jpg\" target=\"_blank\"><img loading=\"lazy\" decoding=\"async\" style=\"border-style: initial; border-color: initial; border-image: initial; border-width: 0px;\" title=\"Zodak pakkaus edest\u00e4\" src=\"http:\/\/motu.eurokolikonmaailma.fi\/kuvat\/Zodak\/zk_box_front.jpg\" alt=\"\" width=\"245\" height=\"350\" border=\"0\" \/><\/a>\u00a0 \u00a0 \u00a0<a href=\"http:\/\/motu.eurokolikonmaailma.fi\/kuvat\/Zodak\/zodak_cb.jpg\" target=\"_blank\"><img loading=\"lazy\" decoding=\"async\" style=\"border-style: initial; border-color: initial; border-image: initial; border-width: 0px;\" title=\"Zodak pakkaus takaa\" src=\"http:\/\/motu.eurokolikonmaailma.fi\/kuvat\/Zodak\/zodak_cb.jpg\" alt=\"\" width=\"249\" height=\"350\" border=\"0\" \/><\/a><\/p>\n<p><strong>Oikea nimi:\u00a0<\/strong>Kar-tor\u2122<\/p>\n<p>An ancient and powerful enforcer for the Council of Elders, Kar-tor\u2122 studied the teachings and mystic fighting techniques of the Cosmic Enforcers and knows how to instantly identify an opponent&#8217;s weakness. After his mentor, the original Zodac\u00ae, left Eternia\u00ae to fulfill the Elder&#8217;s bargain with Trolla, Kar-tor\u2122 took his place on the Council and helped lead them in battle against the Snake Men\u2122, eventually trapping King Hssss\u2122 in the Void with the power of his staff. Although he prefers a solitary life of meditation in the Mystic Mountains, when he is called to battle, Zodak\u2122 attacks his enemies using all the power at his command!<\/p>\n<p><em>Muinainen ja voimakas Vanhimpien Neuvoston lainvalvoja, Kar-Tor opiskeli Kosmisten Lainvalvojien opetuksia ja taistelutaitoja, sek\u00e4 tiet\u00e4\u00e4 kuinka v\u00e4litt\u00f6m\u00e4sti huomata vastustajan heikkoudet. Sen j\u00e4lkeen, kun h\u00e4nen mentorinsa, alkuper\u00e4inen Zodac l\u00e4hti Eternialta t\u00e4ytt\u00e4m\u00e4\u00e4n Vanhimpien Trollan kanssa tekem\u00e4\u00e4 sopimusta, Kar-Tor otti h\u00e4nen paikkansa Neuvostossa ja auttoi johtamaan heid\u00e4t taisteluun K\u00e4\u00e4rmemiehi\u00e4 vastaan, lopulta vangiten Kuningas Hssssin Tyhji\u00f6\u00f6n sauvansa voiman avulla. Vaikka h\u00e4n mieluiten viett\u00e4\u00e4 el\u00e4m\u00e4\u00e4ns\u00e4 Mystisill\u00e4 Vuorilla yksin\u00e4\u00e4n meditoiden, kutsuttaessa taisteluun, Zodak hy\u00f6kk\u00e4\u00e4 vastustajiensa kimppuun t\u00e4ydell\u00e4 voimalla.\u00a0<\/em><\/p>\n<p><strong><span style=\"text-decoration: underline;\">Mukana tulevat varusteet:<\/span><\/strong><br \/>\n* sauva<br \/>\n* irrotettava haarniska<\/p>\n<p><span style=\"text-decoration: underline;\"><strong>Erityisominaisuus:<\/strong><\/span><br \/>\n* pime\u00e4ss\u00e4 hohtavat tatuoinnit<\/p>\n<p><strong>Loppuunmyynti aika:<\/strong>\u00a012 p\u00e4iv\u00e4\u00e4 3 tuntia 7 minuuttia<\/p>\n<p><strong>Oman hahmon saapumiseen kulunut aika:\u00a0<\/strong>14 p\u00e4iv\u00e4\u00e4 (10 arkip\u00e4iv\u00e4\u00e4)<\/p>\n","protected":false},"excerpt":{"rendered":"<p>Tuotekoodi: P4028 Zodak &#8211; Mystic Enforcer \u00a0 \u00a0 \u00a0 Oikea nimi:\u00a0Kar-tor\u2122 An ancient and powerful enforcer for the Council of Elders, Kar-tor\u2122 studied the teachings and mystic fighting techniques of the Cosmic Enforcers and knows how to instantly identify an &hellip; <a href=\"https:\/\/www.eurokolikonmaailma.fi\/?page_id=1959\">Lue loppuun <span class=\"meta-nav\">&rarr;<\/span><\/a><\/p>\n","protected":false},"author":1,"featured_media":0,"parent":290,"menu_order":0,"comment_status":"open","ping_status":"open","template":"","meta":{"footnotes":""},"class_list":["post-1959","page","type-page","status-publish","hentry"],"_links":{"self":[{"href":"https:\/\/www.eurokolikonmaailma.fi\/index.php?rest_route=\/wp\/v2\/pages\/1959","targetHints":{"allow":["GET"]}}],"collection":[{"href":"https:\/\/www.eurokolikonmaailma.fi\/index.php?rest_route=\/wp\/v2\/pages"}],"about":[{"href":"https:\/\/www.eurokolikonmaailma.fi\/index.php?rest_route=\/wp\/v2\/types\/page"}],"author":[{"embeddable":true,"href":"https:\/\/www.eurokolikonmaailma.fi\/index.php?rest_route=\/wp\/v2\/users\/1"}],"replies":[{"embeddable":true,"href":"https:\/\/www.eurokolikonmaailma.fi\/index.php?rest_route=%2Fwp%2Fv2%2Fcomments&post=1959"}],"version-history":[{"count":2,"href":"https:\/\/www.eurokolikonmaailma.fi\/index.php?rest_route=\/wp\/v2\/pages\/1959\/revisions"}],"predecessor-version":[{"id":1962,"href":"https:\/\/www.eurokolikonmaailma.fi\/index.php?rest_route=\/wp\/v2\/pages\/1959\/revisions\/1962"}],"up":[{"embeddable":true,"href":"https:\/\/www.eurokolikonmaailma.fi\/index.php?rest_route=\/wp\/v2\/pages\/290"}],"wp:attachment":[{"href":"https:\/\/www.eurokolikonmaailma.fi\/index.php?rest_route=%2Fwp%2Fv2%2Fmedia&parent=1959"}],"curies":[{"name":"wp","href":"https:\/\/api.w.org\/{rel}","templated":true}]}}