{"id":1953,"date":"2012-05-07T18:03:10","date_gmt":"2012-05-07T15:03:10","guid":{"rendered":"http:\/\/www.eurokolikonmaailma.fi\/blogi\/?page_id=1953"},"modified":"2025-05-30T13:30:35","modified_gmt":"2025-05-30T10:30:35","slug":"teela","status":"publish","type":"page","link":"https:\/\/www.eurokolikonmaailma.fi\/?page_id=1953","title":{"rendered":"Teela"},"content":{"rendered":"<p><img loading=\"lazy\" decoding=\"async\" src=\"http:\/\/motu.eurokolikonmaailma.fi\/kuvat\/Teela\/motuc.1.jpg\" alt=\"\" width=\"118\" height=\"47\" border=\"0\" \/><img loading=\"lazy\" decoding=\"async\" src=\"http:\/\/motu.eurokolikonmaailma.fi\/kuvat\/Teela\/clubeternia_burst.gif\" alt=\"\" width=\"46\" height=\"47\" border=\"0\" \/><br \/>\nTuotekoodi: P4026<\/p>\n<h1><span style=\"font-size: xx-large;\">Teela<br \/>\n<\/span><span style=\"font-size: xx-large;\">&#8211; Warrior Goddess<\/span><\/h1>\n<p><a href=\"http:\/\/motu.eurokolikonmaailma.fi\/kuvat\/Teela\/teela_box_front.jpg\" target=\"_blank\" rel=\"noopener\"><img loading=\"lazy\" decoding=\"async\" style=\"border-image: initial; border: 0px initial initial;\" title=\"Teela pakkaus edest\u00e4\" src=\"http:\/\/motu.eurokolikonmaailma.fi\/kuvat\/Teela\/teela_box_front.jpg\" alt=\"\" width=\"234\" height=\"350\" border=\"0\" \/><\/a>\u00a0 \u00a0 \u00a0<a href=\"http:\/\/motu.eurokolikonmaailma.fi\/kuvat\/Teela\/teela_cb.jpg\" target=\"_blank\" rel=\"noopener\"><img loading=\"lazy\" decoding=\"async\" style=\"border-image: initial; border: 0px initial initial;\" title=\"Teela pakkaus takaa\" src=\"http:\/\/motu.eurokolikonmaailma.fi\/kuvat\/Teela\/teela_cb.jpg\" alt=\"\" width=\"249\" height=\"350\" border=\"0\" \/><\/a><\/p>\n<p><strong>Oikea nimi:\u00a0<\/strong>Teela\u00ae<\/p>\n<p>The adoptive daughter of Duncan\u2122, the current Man-At-Arms\u00ae, Teela\u00ae grew up in the palace of King Randor\u2122. Trained from an early age in the ways of battle, at age 18 she became Captain of the Guard, leading the troops of King Randor\u2122 and acting as a defacto member of the Masters of the Universe\u00ae. She is yet to become aware of her true heritage as the magically cloned daughter of, and heir to, the Sorceress of Castle Grayskull\u00ae. She carries the Staff of Ka, which was once used by the Snake Men\u2122 in their epic battles against the Horde and King Grayskull\u2122 during the Great Wars. Teela\u00ae uses her magical staff to track her foes&#8217; every move!<\/p>\n<p><em>Nykyisen Asemiehen Duncanin adoptiotyt\u00e4r Teela varttui kuningas Randorin palatsissa. Varhaisesta i\u00e4st\u00e4 l\u00e4htien h\u00e4net valmennettiin taistelujen maailmaan. 18-vuotiaana h\u00e4nest\u00e4 tuli kuninkaallisen kaartin kapteeni, kuningas Randorin joukkojen johtaja, h\u00e4n toimii my\u00f6s Masters of the Universe -ryhm\u00e4n oikeana j\u00e4senen\u00e4. H\u00e4n ei ole viel\u00e4 selvill\u00e4 todellisesta alkuper\u00e4st\u00e4\u00e4n maagisesti kloonattuna P\u00e4\u00e4kallolinnan Velhottaren tytt\u00e4ren\u00e4. Aseena h\u00e4n k\u00e4ytt\u00e4\u00e4 Ka-sauvaa, jota aikoinaan k\u00e4yttiv\u00e4t K\u00e4\u00e4rmemiehet eeppisiss\u00e4 taisteluissaan Mahtavien Sotien aikaan Hordeja sek\u00e4 kuningas Grayskullia vastaan. Teela k\u00e4ytt\u00e4\u00e4 maagista sauvaansa j\u00e4ljitt\u00e4\u00e4kseen vihollistensa liikkeit\u00e4.<\/em><\/p>\n<p><strong><span style=\"text-decoration: underline;\">Mukana tulevat varusteet:<\/span><\/strong><br \/>\n* miekka<br \/>\n* k\u00e4\u00e4rmesauva<br \/>\n* irrotettava haarniska<br \/>\n* extrap\u00e4\u00e4<br \/>\n* Zoar-haukka<\/p>\n<p><strong>Loppuunmyynti aika:<\/strong>\u00a03 p\u00e4iv\u00e4\u00e4 22 tuntia 30 min<\/p>\n<p><strong>Oman hahmon saapumiseen kulunut aika (tilauspalvelu):\u00a0<\/strong>25 p\u00e4iv\u00e4\u00e4 (17 arkip\u00e4iv\u00e4\u00e4)<br \/>\n<strong>Oman hahmon saapumiseen kulunut aika (ei-tilauspalvelu):\u00a0<\/strong>18 p\u00e4iv\u00e4\u00e4 (12 arkip\u00e4iv\u00e4\u00e4)<\/p>\n<h2><span style=\"font-size: x-large;\">L\u00e4hikuvat<\/span><\/h2>\n<p><a href=\"http:\/\/motu.eurokolikonmaailma.fi\/kuvat\/Teela\/teela_close_up_armor.jpg\" target=\"_blank\" rel=\"noopener\"><img loading=\"lazy\" decoding=\"async\" style=\"border-image: initial; border: 0px initial initial;\" title=\"Teela l\u00e4hikuva haarniskan kanssa\" src=\"http:\/\/motu.eurokolikonmaailma.fi\/kuvat\/Teela\/teela_close_up_armor.jpg\" alt=\"\" width=\"243\" height=\"350\" border=\"0\" \/><\/a><a href=\"http:\/\/motu.eurokolikonmaailma.fi\/kuvat\/Teela\/teela_close_up_helmet.jpg\" target=\"_blank\" rel=\"noopener\"><img loading=\"lazy\" decoding=\"async\" style=\"border-image: initial; border: 0px initial initial;\" title=\"Teela l\u00e4hikuva ilman haarniskaa\" src=\"http:\/\/motu.eurokolikonmaailma.fi\/kuvat\/Teela\/teela_close_up_helmet.jpg\" alt=\"\" width=\"227\" height=\"350\" border=\"0\" \/><\/a><a href=\"http:\/\/motu.eurokolikonmaailma.fi\/kuvat\/Teela\/teela_close_up_normal.jpg\" target=\"_blank\" rel=\"noopener\"><img loading=\"lazy\" decoding=\"async\" style=\"border-image: initial; border: 0px initial initial;\" title=\"Teela l\u00e4hikuva vaihtoehtoisella p\u00e4\u00e4ll\u00e4\" src=\"http:\/\/motu.eurokolikonmaailma.fi\/kuvat\/Teela\/teela_close_up_normal.jpg\" alt=\"\" width=\"222\" height=\"350\" border=\"0\" \/><\/a><\/p>\n<h2><span style=\"font-size: x-large;\">Kokovartalokuvat<\/span><\/h2>\n<p><a href=\"http:\/\/motu.eurokolikonmaailma.fi\/kuvat\/Teela\/teela_main.jpg\" target=\"_blank\" rel=\"noopener\"><img loading=\"lazy\" decoding=\"async\" style=\"border-image: initial; border: 0px initial initial;\" title=\"Teela aseistettuna\" src=\"http:\/\/motu.eurokolikonmaailma.fi\/kuvat\/Teela\/teela_main.jpg\" alt=\"\" width=\"250\" height=\"500\" border=\"0\" \/><\/a><a href=\"http:\/\/motu.eurokolikonmaailma.fi\/kuvat\/Teela\/teela_front_normal.jpg\" target=\"_blank\" rel=\"noopener\"><img loading=\"lazy\" decoding=\"async\" style=\"border-image: initial; border: 0px initial initial;\" title=\"Teela edest\u00e4\" src=\"http:\/\/motu.eurokolikonmaailma.fi\/kuvat\/Teela\/teela_front_normal.jpg\" alt=\"\" width=\"182\" height=\"500\" border=\"0\" \/><\/a><a href=\"http:\/\/motu.eurokolikonmaailma.fi\/kuvat\/Teela\/teela_back.jpg\" target=\"_blank\" rel=\"noopener\"><img loading=\"lazy\" decoding=\"async\" style=\"border-image: initial; border: 0px initial initial;\" title=\"Teela takaa\" src=\"http:\/\/motu.eurokolikonmaailma.fi\/kuvat\/Teela\/teela_back.jpg\" alt=\"\" width=\"198\" height=\"500\" border=\"0\" \/><\/a><\/p>\n<h2><span style=\"font-size: x-large;\">Varusteet<\/span><\/h2>\n<p><a href=\"http:\/\/motu.eurokolikonmaailma.fi\/kuvat\/Teela\/Zoar_front.JPG\" target=\"_blank\" rel=\"noopener\"><img loading=\"lazy\" decoding=\"async\" style=\"border-image: initial; border: 0px initial initial;\" title=\"Zoar edest\u00e4\" src=\"http:\/\/motu.eurokolikonmaailma.fi\/kuvat\/Teela\/Zoar_front.JPG\" alt=\"\" width=\"350\" height=\"147\" border=\"0\" \/><\/a><a href=\"http:\/\/motu.eurokolikonmaailma.fi\/kuvat\/Teela\/Zoar_back.JPG\" target=\"_blank\" rel=\"noopener\"><img loading=\"lazy\" decoding=\"async\" style=\"border-image: initial; border: 0px initial initial;\" title=\"Zoar takaa\" src=\"http:\/\/motu.eurokolikonmaailma.fi\/kuvat\/Teela\/Zoar_back.JPG\" alt=\"\" width=\"350\" height=\"163\" border=\"0\" \/><\/a><\/p>\n<p><a href=\"http:\/\/motu.eurokolikonmaailma.fi\/kuvat\/Teela\/teela_armor_front.jpg\" target=\"_blank\" rel=\"noopener\"><img loading=\"lazy\" decoding=\"async\" style=\"border-image: initial; border: 0px initial initial;\" title=\"Teela haarniska edest\u00e4\" src=\"http:\/\/motu.eurokolikonmaailma.fi\/kuvat\/Teela\/teela_armor_front.jpg\" alt=\"\" width=\"224\" height=\"280\" border=\"0\" \/><\/a><a href=\"http:\/\/motu.eurokolikonmaailma.fi\/kuvat\/Teela\/teela_armor_back.jpg\" target=\"_blank\" rel=\"noopener\"><img loading=\"lazy\" decoding=\"async\" style=\"border-image: initial; border: 0px initial initial;\" title=\"Teela haarniska takaa\" src=\"http:\/\/motu.eurokolikonmaailma.fi\/kuvat\/Teela\/teela_armor_back.jpg\" alt=\"\" width=\"222\" height=\"280\" border=\"0\" \/><\/a><a href=\"http:\/\/motu.eurokolikonmaailma.fi\/kuvat\/Teela\/teela_shield.jpg\" target=\"_blank\" rel=\"noopener\"><img loading=\"lazy\" decoding=\"async\" style=\"border-image: initial; border: 0px initial initial;\" title=\"Teela kilpi\" src=\"http:\/\/motu.eurokolikonmaailma.fi\/kuvat\/Teela\/teela_shield.jpg\" alt=\"\" width=\"175\" height=\"174\" border=\"0\" \/><\/a><a href=\"http:\/\/motu.eurokolikonmaailma.fi\/kuvat\/Teela\/teela_sword.jpg\" target=\"_blank\" rel=\"noopener\"><img loading=\"lazy\" decoding=\"async\" title=\"Teela miekka\" src=\"http:\/\/motu.eurokolikonmaailma.fi\/kuvat\/Teela\/teela_sword.jpg\" alt=\"\" width=\"432\" height=\"76\" border=\"0\" \/><\/a><a href=\"http:\/\/motu.eurokolikonmaailma.fi\/kuvat\/Teela\/teela_staff.jpg\" target=\"_blank\" rel=\"noopener\"><img loading=\"lazy\" decoding=\"async\" style=\"line-height: 24px; border-image: initial; border: 0px initial initial;\" title=\"Teela sauva\" src=\"http:\/\/motu.eurokolikonmaailma.fi\/kuvat\/Teela\/teela_staff.jpg\" alt=\"\" width=\"560\" height=\"99\" border=\"0\" \/><\/a><\/p>\n<h2>Videoesittelyni hahmosta:<\/h2>\n<p><strong>Suomi<\/strong><\/p>\n<p><em>Osa 1<\/em><\/p>\n<p><iframe loading=\"lazy\" title=\"Masters of the Universe Classics Teela 1\/3 (Finnish)\" width=\"640\" height=\"360\" src=\"https:\/\/www.youtube.com\/embed\/xrBkR4JCPfg?feature=oembed\" frameborder=\"0\" allow=\"accelerometer; autoplay; clipboard-write; encrypted-media; gyroscope; picture-in-picture; web-share\" referrerpolicy=\"strict-origin-when-cross-origin\" allowfullscreen><\/iframe><\/p>\n<p><em>Osa 2<\/em><\/p>\n<p><iframe loading=\"lazy\" title=\"Masters of the Universe Classics Teela 2\/3 (Finnish)\" width=\"640\" height=\"360\" src=\"https:\/\/www.youtube.com\/embed\/Ber-EgHpxtU?feature=oembed\" frameborder=\"0\" allow=\"accelerometer; autoplay; clipboard-write; encrypted-media; gyroscope; picture-in-picture; web-share\" referrerpolicy=\"strict-origin-when-cross-origin\" allowfullscreen><\/iframe><\/p>\n<p><em>Osa 3<\/em><\/p>\n<p><iframe loading=\"lazy\" title=\"Masters of the Universe Classics Teela 3\/3 (Finnish)\" width=\"640\" height=\"360\" src=\"https:\/\/www.youtube.com\/embed\/OmE46F3Ult0?feature=oembed\" frameborder=\"0\" allow=\"accelerometer; autoplay; clipboard-write; encrypted-media; gyroscope; picture-in-picture; web-share\" referrerpolicy=\"strict-origin-when-cross-origin\" allowfullscreen><\/iframe><\/p>\n<p><strong>In English<\/strong><\/p>\n<p><em>Part 1<\/em><\/p>\n<p><iframe loading=\"lazy\" title=\"Masters of the Universe Classics Teela 1\/2 (English)\" width=\"640\" height=\"360\" src=\"https:\/\/www.youtube.com\/embed\/D-MiIollsyY?feature=oembed\" frameborder=\"0\" allow=\"accelerometer; autoplay; clipboard-write; encrypted-media; gyroscope; picture-in-picture; web-share\" referrerpolicy=\"strict-origin-when-cross-origin\" allowfullscreen><\/iframe><\/p>\n<p><em>Part 2<\/em><\/p>\n<p><iframe loading=\"lazy\" title=\"Masters of the Universe Classics Teela 2\/2 (English)\" width=\"640\" height=\"360\" src=\"https:\/\/www.youtube.com\/embed\/WL2NKvRYyQQ?feature=oembed\" frameborder=\"0\" allow=\"accelerometer; autoplay; clipboard-write; encrypted-media; gyroscope; picture-in-picture; web-share\" referrerpolicy=\"strict-origin-when-cross-origin\" allowfullscreen><\/iframe><\/p>\n","protected":false},"excerpt":{"rendered":"<p>Tuotekoodi: P4026 Teela &#8211; Warrior Goddess \u00a0 \u00a0 \u00a0 Oikea nimi:\u00a0Teela\u00ae The adoptive daughter of Duncan\u2122, the current Man-At-Arms\u00ae, Teela\u00ae grew up in the palace of King Randor\u2122. Trained from an early age in the ways of battle, at age &hellip; <a href=\"https:\/\/www.eurokolikonmaailma.fi\/?page_id=1953\">Lue loppuun <span class=\"meta-nav\">&rarr;<\/span><\/a><\/p>\n","protected":false},"author":1,"featured_media":0,"parent":290,"menu_order":0,"comment_status":"open","ping_status":"open","template":"","meta":{"footnotes":""},"class_list":["post-1953","page","type-page","status-publish","hentry"],"_links":{"self":[{"href":"https:\/\/www.eurokolikonmaailma.fi\/index.php?rest_route=\/wp\/v2\/pages\/1953","targetHints":{"allow":["GET"]}}],"collection":[{"href":"https:\/\/www.eurokolikonmaailma.fi\/index.php?rest_route=\/wp\/v2\/pages"}],"about":[{"href":"https:\/\/www.eurokolikonmaailma.fi\/index.php?rest_route=\/wp\/v2\/types\/page"}],"author":[{"embeddable":true,"href":"https:\/\/www.eurokolikonmaailma.fi\/index.php?rest_route=\/wp\/v2\/users\/1"}],"replies":[{"embeddable":true,"href":"https:\/\/www.eurokolikonmaailma.fi\/index.php?rest_route=%2Fwp%2Fv2%2Fcomments&post=1953"}],"version-history":[{"count":6,"href":"https:\/\/www.eurokolikonmaailma.fi\/index.php?rest_route=\/wp\/v2\/pages\/1953\/revisions"}],"predecessor-version":[{"id":5614,"href":"https:\/\/www.eurokolikonmaailma.fi\/index.php?rest_route=\/wp\/v2\/pages\/1953\/revisions\/5614"}],"up":[{"embeddable":true,"href":"https:\/\/www.eurokolikonmaailma.fi\/index.php?rest_route=\/wp\/v2\/pages\/290"}],"wp:attachment":[{"href":"https:\/\/www.eurokolikonmaailma.fi\/index.php?rest_route=%2Fwp%2Fv2%2Fmedia&parent=1953"}],"curies":[{"name":"wp","href":"https:\/\/api.w.org\/{rel}","templated":true}]}}