{"id":1903,"date":"2012-04-28T23:53:30","date_gmt":"2012-04-28T20:53:30","guid":{"rendered":"http:\/\/www.eurokolikonmaailma.fi\/blogi\/?page_id=1903"},"modified":"2012-04-28T23:58:10","modified_gmt":"2012-04-28T20:58:10","slug":"webstor","status":"publish","type":"page","link":"https:\/\/www.eurokolikonmaailma.fi\/?page_id=1903","title":{"rendered":"Webstor"},"content":{"rendered":"<p><img loading=\"lazy\" decoding=\"async\" src=\"http:\/\/motu.eurokolikonmaailma.fi\/kuvat\/Webstor\/motuc.1.jpg\" alt=\"\" width=\"118\" height=\"47\" border=\"0\" \/><img loading=\"lazy\" decoding=\"async\" src=\"http:\/\/motu.eurokolikonmaailma.fi\/kuvat\/Webstor\/clubeternia_burst.gif\" alt=\"\" width=\"46\" height=\"47\" border=\"0\" \/><br \/>\nTuotekoodi: P4024<\/p>\n<h1>Webstor<br \/>\n&#8211; Evil Master of Escape<\/h1>\n<p><a href=\"http:\/\/motu.eurokolikonmaailma.fi\/kuvat\/Webstor\/100_3344.JPG\" target=\"_blank\"><img loading=\"lazy\" decoding=\"async\" style=\"border-style: initial; border-color: initial; border-image: initial; border-width: 0px;\" title=\"Webstor pakkaus edest\u00e4\" src=\"http:\/\/motu.eurokolikonmaailma.fi\/kuvat\/Webstor\/100_3344.JPG\" alt=\"\" width=\"236\" height=\"350\" border=\"0\" \/><\/a>\u00a0 \u00a0 \u00a0<a href=\"http:\/\/motu.eurokolikonmaailma.fi\/kuvat\/Webstor\/img059.jpg\" target=\"_blank\"><img loading=\"lazy\" decoding=\"async\" style=\"border-style: initial; border-color: initial; border-image: initial; border-width: 0px;\" title=\"Webstor pakkaus takaa\" src=\"http:\/\/motu.eurokolikonmaailma.fi\/kuvat\/Webstor\/img059.jpg\" alt=\"\" width=\"249\" height=\"350\" border=\"0\" \/><\/a><\/p>\n<p><strong>Oikea nimi:<\/strong>\u00a0Araneus, son of Raknus<\/p>\n<p>One of the last remaining members of an ancient Eternian race of Spider Warriors called the Arachna, Webstor\u2122 was awoken from hibernation beneath Snake Mountain and occasionally allies himself with Skeletor\u00ae. In ancient times, the Arachna were an advanced dominant race until driven underground by the Snake Men\u2122. Araneus retains much of the knowledge of his people and while seemingly savage, is an expert mathematician and strategist, as well as an accomplished escape artist. He often arms himself with a grappling hook Fast Pack and uses his climbing power to escape capture!<\/p>\n<p><em>Yksi viimeisist\u00e4 muinaisen h\u00e4m\u00e4h\u00e4kkitaistelijoiden rodun Arachnan j\u00e4senist\u00e4, Webstor her\u00e4si horroksestaan K\u00e4\u00e4rmevuoren alla ja liittoutuu toisinaan Skletorin kanssa. Muinaisina aikoina Arachnat olivat kehittynyt vallassa oleva rotu, kunnes K\u00e4\u00e4rmemiehet ajoivat heid\u00e4t maan alle. Araneuksella on suuri osa kansansa tiet\u00e4myksest\u00e4 ja vaikka h\u00e4n n\u00e4ytt\u00e4\u00e4 raakalaiselta, on h\u00e4n huippuluokan matemaatikko ja strategikko, kuin my\u00f6s taitava pakenija. H\u00e4n usein varustaa itsens\u00e4 kiipeilykoukulla ja k\u00e4ytt\u00e4\u00e4 kiipeilyvoimiaan v\u00e4ltt\u00e4\u00e4kseen kiinnij\u00e4\u00e4misen!<\/em><\/p>\n<p><strong><span style=\"text-decoration: underline;\">Mukana tulevat varusteet:<\/span><\/strong><br \/>\n* s\u00e4depistooli<br \/>\n* irrotettava haarniska<br \/>\n* harniskaan kiinnittyv\u00e4 selk\u00e4reppu, jossa nelj\u00e4 h\u00e4m\u00e4h\u00e4kkiraajaa, sek\u00e4 narussa oleva kiipeilykoukku<\/p>\n<p><strong>Loppuunmyynti aika:<\/strong>\u00a06 p\u00e4iv\u00e4\u00e4 1 tunti 29 min<\/p>\n<p><strong>Oman hahmon saapumiseen kulunut aika (tilauspalvelu):\u00a0<\/strong>20 p\u00e4iv\u00e4\u00e4 (14 arkip\u00e4iv\u00e4\u00e4)<br \/>\n<strong>Oman hahmon saapumiseen kulunut aika (ei-tilauspalvelu):\u00a0<\/strong>20 p\u00e4iv\u00e4\u00e4 (14 arkip\u00e4iv\u00e4\u00e4)<\/p>\n<h2>L\u00e4hikuva<\/h2>\n<p><a href=\"http:\/\/motu.eurokolikonmaailma.fi\/kuvat\/Webstor\/100_3350.JPG\" target=\"_blank\"><img loading=\"lazy\" decoding=\"async\" style=\"border-style: initial; border-color: initial; border-image: initial; border-width: 0px;\" title=\"Webstor l\u00e4hikuva\" src=\"http:\/\/motu.eurokolikonmaailma.fi\/kuvat\/Webstor\/100_3350.JPG\" alt=\"\" width=\"356\" height=\"350\" border=\"0\" \/><\/a><\/p>\n<h2><span style=\"font-size: x-large;\">Kokovartalokuvat<\/span><\/h2>\n<p><a href=\"http:\/\/motu.eurokolikonmaailma.fi\/kuvat\/Webstor\/100_3345.JPG\" target=\"_blank\"><img loading=\"lazy\" decoding=\"async\" style=\"border-style: initial; border-color: initial; border-image: initial; border-width: 0px;\" title=\"Webstor varustettuna\" src=\"http:\/\/motu.eurokolikonmaailma.fi\/kuvat\/Webstor\/100_3345.JPG\" alt=\"\" width=\"363\" height=\"500\" border=\"0\" \/><\/a><\/p>\n<p><a href=\"http:\/\/motu.eurokolikonmaailma.fi\/kuvat\/Webstor\/100_3356.JPG\" target=\"_blank\"><img loading=\"lazy\" decoding=\"async\" style=\"border-style: initial; border-color: initial; border-image: initial; border-width: 0px;\" title=\"Webstor edest\u00e4 jalat ulkona\" src=\"http:\/\/motu.eurokolikonmaailma.fi\/kuvat\/Webstor\/100_3356.JPG\" alt=\"\" width=\"410\" height=\"500\" border=\"0\" \/><\/a><a href=\"http:\/\/motu.eurokolikonmaailma.fi\/kuvat\/Webstor\/100_3352.JPG\" target=\"_blank\"><img loading=\"lazy\" decoding=\"async\" style=\"border-style: initial; border-color: initial; border-image: initial; border-width: 0px;\" title=\"Webstor takaa jalat ulkona\" src=\"http:\/\/motu.eurokolikonmaailma.fi\/kuvat\/Webstor\/100_3352.JPG\" alt=\"\" width=\"296\" height=\"500\" border=\"0\" \/><\/a><\/p>\n<p><a href=\"http:\/\/motu.eurokolikonmaailma.fi\/kuvat\/Webstor\/100_3354.JPG\" target=\"_blank\"><img loading=\"lazy\" decoding=\"async\" style=\"border-style: initial; border-color: initial; border-image: initial; border-width: 0px;\" title=\"Webstor edest\u00e4 jalat taitettuna\" src=\"http:\/\/motu.eurokolikonmaailma.fi\/kuvat\/Webstor\/100_3354.JPG\" alt=\"\" width=\"293\" height=\"500\" border=\"0\" \/><\/a><a href=\"http:\/\/motu.eurokolikonmaailma.fi\/kuvat\/Webstor\/100_3353.JPG\" target=\"_blank\"><img loading=\"lazy\" decoding=\"async\" style=\"border-style: initial; border-color: initial; border-image: initial; border-width: 0px;\" title=\"Webstor takaa jalat taiteltuna\" src=\"http:\/\/motu.eurokolikonmaailma.fi\/kuvat\/Webstor\/100_3353.JPG\" alt=\"\" width=\"283\" height=\"500\" border=\"0\" \/><\/a><\/p>\n<p><a href=\"http:\/\/motu.eurokolikonmaailma.fi\/kuvat\/Webstor\/100_3357.JPG\" target=\"_blank\"><img loading=\"lazy\" decoding=\"async\" style=\"border-style: initial; border-color: initial; border-image: initial; border-width: 0px;\" title=\"Webstor edest\u00e4 vintage tyyliin\" src=\"http:\/\/motu.eurokolikonmaailma.fi\/kuvat\/Webstor\/100_3357.JPG\" alt=\"\" width=\"294\" height=\"500\" border=\"0\" \/><\/a><a href=\"http:\/\/motu.eurokolikonmaailma.fi\/kuvat\/Webstor\/100_3358.JPG\" target=\"_blank\"><img loading=\"lazy\" decoding=\"async\" style=\"border-style: initial; border-color: initial; border-image: initial; border-width: 0px;\" title=\"Webstor takaa vintage-tyyliin\" src=\"http:\/\/motu.eurokolikonmaailma.fi\/kuvat\/Webstor\/100_3358.JPG\" alt=\"\" width=\"296\" height=\"500\" border=\"0\" \/><\/a><\/p>\n<p><a href=\"http:\/\/motu.eurokolikonmaailma.fi\/kuvat\/Webstor\/100_3359.JPG\" target=\"_blank\"><img loading=\"lazy\" decoding=\"async\" style=\"border-style: initial; border-color: initial; border-image: initial; border-width: 0px;\" title=\"Webstor edest\u00e4 ilman haarniskaa\" src=\"http:\/\/motu.eurokolikonmaailma.fi\/kuvat\/Webstor\/100_3359.JPG\" alt=\"\" width=\"268\" height=\"500\" border=\"0\" \/><\/a><a href=\"http:\/\/motu.eurokolikonmaailma.fi\/kuvat\/Webstor\/100_3360.JPG\" target=\"_blank\"><img loading=\"lazy\" decoding=\"async\" style=\"border-style: initial; border-color: initial; border-image: initial; border-width: 0px;\" title=\"Webstor takaa ilman haarniskaa\" src=\"http:\/\/motu.eurokolikonmaailma.fi\/kuvat\/Webstor\/100_3360.JPG\" alt=\"\" width=\"260\" height=\"500\" border=\"0\" \/><\/a><\/p>\n<h1><span style=\"font-size: x-large;\">Varusteet<\/span><\/h1>\n<p><a href=\"http:\/\/motu.eurokolikonmaailma.fi\/kuvat\/Webstor\/100_3361.JPG\" target=\"_blank\"><img loading=\"lazy\" decoding=\"async\" style=\"border-style: initial; border-color: initial; border-image: initial; border-width: 0px;\" title=\"Webstor haarniska\" src=\"http:\/\/motu.eurokolikonmaailma.fi\/kuvat\/Webstor\/100_3361.JPG\" alt=\"\" width=\"250\" height=\"215\" border=\"0\" \/><\/a><a href=\"http:\/\/motu.eurokolikonmaailma.fi\/kuvat\/Webstor\/100_3362.JPG\" target=\"_blank\"><img loading=\"lazy\" decoding=\"async\" style=\"border-style: initial; border-color: initial; border-image: initial; border-width: 0px;\" title=\"Webstor laserpistooli\" src=\"http:\/\/motu.eurokolikonmaailma.fi\/kuvat\/Webstor\/100_3362.JPG\" alt=\"\" width=\"350\" height=\"177\" border=\"0\" \/><\/a><a href=\"http:\/\/motu.eurokolikonmaailma.fi\/kuvat\/Webstor\/100_3363.JPG\" target=\"_blank\"><img loading=\"lazy\" decoding=\"async\" style=\"border-style: initial; border-color: initial; border-image: initial; border-width: 0px;\" title=\"Webstor kiipeilykoukku\" src=\"http:\/\/motu.eurokolikonmaailma.fi\/kuvat\/Webstor\/100_3363.JPG\" alt=\"\" width=\"400\" height=\"266\" border=\"0\" \/><\/a><a href=\"http:\/\/motu.eurokolikonmaailma.fi\/kuvat\/Webstor\/100_3367.JPG\" target=\"_blank\"><img loading=\"lazy\" decoding=\"async\" style=\"border-style: initial; border-color: initial; border-image: initial; border-width: 0px;\" title=\"Webstor &quot;selk\u00e4reppu&quot;\" src=\"http:\/\/motu.eurokolikonmaailma.fi\/kuvat\/Webstor\/100_3367.JPG\" alt=\"\" width=\"250\" height=\"299\" border=\"0\" \/><\/a><\/p>\n","protected":false},"excerpt":{"rendered":"<p>Tuotekoodi: P4024 Webstor &#8211; Evil Master of Escape \u00a0 \u00a0 \u00a0 Oikea nimi:\u00a0Araneus, son of Raknus One of the last remaining members of an ancient Eternian race of Spider Warriors called the Arachna, Webstor\u2122 was awoken from hibernation beneath Snake &hellip; <a href=\"https:\/\/www.eurokolikonmaailma.fi\/?page_id=1903\">Lue loppuun <span class=\"meta-nav\">&rarr;<\/span><\/a><\/p>\n","protected":false},"author":1,"featured_media":0,"parent":290,"menu_order":0,"comment_status":"open","ping_status":"open","template":"","meta":{"footnotes":""},"class_list":["post-1903","page","type-page","status-publish","hentry"],"_links":{"self":[{"href":"https:\/\/www.eurokolikonmaailma.fi\/index.php?rest_route=\/wp\/v2\/pages\/1903","targetHints":{"allow":["GET"]}}],"collection":[{"href":"https:\/\/www.eurokolikonmaailma.fi\/index.php?rest_route=\/wp\/v2\/pages"}],"about":[{"href":"https:\/\/www.eurokolikonmaailma.fi\/index.php?rest_route=\/wp\/v2\/types\/page"}],"author":[{"embeddable":true,"href":"https:\/\/www.eurokolikonmaailma.fi\/index.php?rest_route=\/wp\/v2\/users\/1"}],"replies":[{"embeddable":true,"href":"https:\/\/www.eurokolikonmaailma.fi\/index.php?rest_route=%2Fwp%2Fv2%2Fcomments&post=1903"}],"version-history":[{"count":4,"href":"https:\/\/www.eurokolikonmaailma.fi\/index.php?rest_route=\/wp\/v2\/pages\/1903\/revisions"}],"predecessor-version":[{"id":5618,"href":"https:\/\/www.eurokolikonmaailma.fi\/index.php?rest_route=\/wp\/v2\/pages\/1903\/revisions\/5618"}],"up":[{"embeddable":true,"href":"https:\/\/www.eurokolikonmaailma.fi\/index.php?rest_route=\/wp\/v2\/pages\/290"}],"wp:attachment":[{"href":"https:\/\/www.eurokolikonmaailma.fi\/index.php?rest_route=%2Fwp%2Fv2%2Fmedia&parent=1903"}],"curies":[{"name":"wp","href":"https:\/\/api.w.org\/{rel}","templated":true}]}}