{"id":1899,"date":"2012-04-28T23:36:22","date_gmt":"2012-04-28T20:36:22","guid":{"rendered":"http:\/\/www.eurokolikonmaailma.fi\/blogi\/?page_id=1899"},"modified":"2012-04-28T23:37:36","modified_gmt":"2012-04-28T20:37:36","slug":"1899-2","status":"publish","type":"page","link":"https:\/\/www.eurokolikonmaailma.fi\/?page_id=1899","title":{"rendered":"Tri-Klops"},"content":{"rendered":"<p><img loading=\"lazy\" decoding=\"async\" src=\"http:\/\/motu.eurokolikonmaailma.fi\/kuvat\/TriKlops\/motuc.1.jpg\" alt=\"\" width=\"118\" height=\"47\" border=\"0\" \/><br \/>\nTuotekoodi: P4017<\/p>\n<h1>Tri-Klops<br \/>\n&#8211; Evil and Sees Everything<\/h1>\n<p><a href=\"http:\/\/motu.eurokolikonmaailma.fi\/kuvat\/TriKlops\/tk_box_front.jpg\" target=\"_blank\"><img loading=\"lazy\" decoding=\"async\" style=\"border-style: initial; border-color: initial; border-image: initial; border-width: 0px;\" title=\"Tri-Klops pakkaus edest\u00e4\" src=\"http:\/\/motu.eurokolikonmaailma.fi\/kuvat\/TriKlops\/tk_box_front.jpg\" alt=\"\" width=\"242\" height=\"350\" border=\"0\" \/><\/a>\u00a0 \u00a0 \u00a0<a href=\"http:\/\/motu.eurokolikonmaailma.fi\/kuvat\/TriKlops\/tri_klops_cb.jpg\" target=\"_blank\"><img loading=\"lazy\" decoding=\"async\" style=\"border-style: initial; border-color: initial; border-image: initial; border-width: 0px;\" title=\"Tri-Klops pakkaus takaa\" src=\"http:\/\/motu.eurokolikonmaailma.fi\/kuvat\/TriKlops\/tri_klops_cb.jpg\" alt=\"\" width=\"249\" height=\"350\" border=\"0\" \/><\/a><\/p>\n<p><strong>Oikea nimi:<\/strong> Trydor Esooniux Scope\u2122<\/p>\n<p>Originally an inter-dimensional bounty hunter and tracker, Scope was recruited by Skeletor\u00ae during one of the final battles of the Great Unrest to bolster his weakened forces. As good with a blade as he is crafty, Scope took the name Tri-Klops\u00ae after an accident left him blind and he was forced to wear a tri-optic visor which granted him expanded tracking abilities including Gammavision, the ability to see around objects, Distavision, a form of Far Vision, Night Vision, and the ability to generate optic blasts. Tri-Klops\u00ae uses his three different eyes to spy for Skeletor\u00ae!<\/p>\n<p><em>Alunperin ulottuvuuksien v\u00e4linen palkkionmets\u00e4st\u00e4j\u00e4 ja j\u00e4ljitt\u00e4j\u00e4, Scope v\u00e4rv\u00e4ttiin Skeletorin toimesta er\u00e4\u00e4n Suuren Levottomuuden lopulla tapahtuneen taistelun aikana vahvistaakseen heikenneit\u00e4 joukkojaan. Yht\u00e4 hyv\u00e4 kuin miekan kanssa, h\u00e4n on my\u00f6s ovela. Scope otti k\u00e4ytt\u00f6\u00f6ns\u00e4 nimen Tri-Klops h\u00e4net sokaisseen onnettomuuden j\u00e4lkeen, joka pakotti h\u00e4net k\u00e4ytt\u00e4m\u00e4\u00e4n tri-optista visiiri\u00e4, joka antoi h\u00e4nelle paremmat j\u00e4ljityskyvyt, mukaan lukien Gamman\u00e4k\u00f6, kyky n\u00e4hd\u00e4 esineiden ymp\u00e4ri, Kaukon\u00e4k\u00f6, Pime\u00e4n\u00e4k\u00f6 ja kyky luoda optisia s\u00e4teit\u00e4. Tri-Klops k\u00e4ytt\u00e4\u00e4 kaikkia kolmea silm\u00e4\u00e4ns\u00e4 vakoillessaan Skeletorin puolesta!<\/em><\/p>\n<p><strong><span style=\"text-decoration: underline;\">Mukana tulevat varusteet:<\/span><\/strong><br \/>\n* miekka<br \/>\n* Doom Seeker<br \/>\n* irrotettava haarniska<br \/>\n* pime\u00e4ss\u00e4 hohtava ihmiskokoa oleva muovisormus<\/p>\n<p><strong>Loppuunmyynti aika:<\/strong>\u00a02 p\u00e4iv\u00e4\u00e4 6 tuntia 14 min<\/p>\n<p><strong>Oman hahmon saapumiseen kulunut aika:\u00a0<\/strong>21 p\u00e4iv\u00e4\u00e4 (15 arkip\u00e4iv\u00e4\u00e4)<\/p>\n","protected":false},"excerpt":{"rendered":"<p>Tuotekoodi: P4017 Tri-Klops &#8211; Evil and Sees Everything \u00a0 \u00a0 \u00a0 Oikea nimi: Trydor Esooniux Scope\u2122 Originally an inter-dimensional bounty hunter and tracker, Scope was recruited by Skeletor\u00ae during one of the final battles of the Great Unrest to bolster &hellip; <a href=\"https:\/\/www.eurokolikonmaailma.fi\/?page_id=1899\">Lue loppuun <span class=\"meta-nav\">&rarr;<\/span><\/a><\/p>\n","protected":false},"author":1,"featured_media":0,"parent":290,"menu_order":0,"comment_status":"open","ping_status":"open","template":"","meta":{"footnotes":""},"class_list":["post-1899","page","type-page","status-publish","hentry"],"_links":{"self":[{"href":"https:\/\/www.eurokolikonmaailma.fi\/index.php?rest_route=\/wp\/v2\/pages\/1899","targetHints":{"allow":["GET"]}}],"collection":[{"href":"https:\/\/www.eurokolikonmaailma.fi\/index.php?rest_route=\/wp\/v2\/pages"}],"about":[{"href":"https:\/\/www.eurokolikonmaailma.fi\/index.php?rest_route=\/wp\/v2\/types\/page"}],"author":[{"embeddable":true,"href":"https:\/\/www.eurokolikonmaailma.fi\/index.php?rest_route=\/wp\/v2\/users\/1"}],"replies":[{"embeddable":true,"href":"https:\/\/www.eurokolikonmaailma.fi\/index.php?rest_route=%2Fwp%2Fv2%2Fcomments&post=1899"}],"version-history":[{"count":4,"href":"https:\/\/www.eurokolikonmaailma.fi\/index.php?rest_route=\/wp\/v2\/pages\/1899\/revisions"}],"predecessor-version":[{"id":5617,"href":"https:\/\/www.eurokolikonmaailma.fi\/index.php?rest_route=\/wp\/v2\/pages\/1899\/revisions\/5617"}],"up":[{"embeddable":true,"href":"https:\/\/www.eurokolikonmaailma.fi\/index.php?rest_route=\/wp\/v2\/pages\/290"}],"wp:attachment":[{"href":"https:\/\/www.eurokolikonmaailma.fi\/index.php?rest_route=%2Fwp%2Fv2%2Fmedia&parent=1899"}],"curies":[{"name":"wp","href":"https:\/\/api.w.org\/{rel}","templated":true}]}}