{"id":1896,"date":"2012-04-28T23:31:36","date_gmt":"2012-04-28T20:31:36","guid":{"rendered":"http:\/\/www.eurokolikonmaailma.fi\/blogi\/?page_id=1896"},"modified":"2025-05-30T13:12:45","modified_gmt":"2025-05-30T10:12:45","slug":"he-ro","status":"publish","type":"page","link":"https:\/\/www.eurokolikonmaailma.fi\/?page_id=1896","title":{"rendered":"He-Ro"},"content":{"rendered":"<p><img loading=\"lazy\" decoding=\"async\" src=\"http:\/\/motu.eurokolikonmaailma.fi\/kuvat\/He-Ro\/motuc.1.jpg\" alt=\"\" width=\"118\" height=\"47\" border=\"0\" \/><img loading=\"lazy\" decoding=\"async\" src=\"http:\/\/motu.eurokolikonmaailma.fi\/kuvat\/He-Ro\/comic_con_logo.jpg\" alt=\"\" width=\"39\" height=\"47\" border=\"0\" \/><br \/>\nTuotekoodi: N8523<\/p>\n<h1><span style=\"font-size: xx-large;\">He-Ro<br \/>\n&#8211; Heroic Cosmic Warrior<\/span><\/h1>\n<p><a href=\"http:\/\/motu.eurokolikonmaailma.fi\/kuvat\/He-Ro\/He-Ro.JPG\" target=\"_blank\" rel=\"noopener\"><img loading=\"lazy\" decoding=\"async\" style=\"border-image: initial; border: 0px initial initial;\" title=\"He-Ro pakkaus edest\u00e4\" src=\"http:\/\/motu.eurokolikonmaailma.fi\/kuvat\/He-Ro\/He-Ro.JPG\" alt=\"\" width=\"216\" height=\"320\" border=\"0\" \/><\/a>\u00a0 \u00a0 \u00a0<a href=\"http:\/\/motu.eurokolikonmaailma.fi\/kuvat\/He-Ro\/img006.jpg\" target=\"_blank\" rel=\"noopener\"><img loading=\"lazy\" decoding=\"async\" style=\"border-image: initial; border: 0px initial initial;\" title=\"He-Ro pakkaus takaa\" src=\"http:\/\/motu.eurokolikonmaailma.fi\/kuvat\/He-Ro\/img006.jpg\" alt=\"\" width=\"228\" height=\"320\" border=\"0\" \/><\/a><\/p>\n<p>He-Roa myytiin ensin SDCC-messuilla (San Diego Comic Con) hein\u00e4kuussa 2009, jonka j\u00e4lkeen hahmoa myytiin my\u00f6s Mattelin Mattycollector.com-verkkokaupassa. Erona messuilla myydyn ja verkkokaupassa myydyn hahmoversion v\u00e4lill\u00e4 oli He-Ron rinnassa haarniskan alla oleva SDCC-logo, jota ei luonnollisesti ollut verkkokauppaversiolla. Lis\u00e4ksi hahmon sauvan sis\u00e4ll\u00e4 oli yksi 3:sta eri v\u00e4risest\u00e4 (vihre\u00e4, punainen, violetti) loitsukivest\u00e4. Loisikivist\u00e4 vihre\u00e4 on yleisin (suurin valmistum\u00e4\u00e4r\u00e4) ja violetti harvinaisin (pienin valmistusm\u00e4\u00e4r\u00e4). He-Rolla oli 6 kappaleen osto-\/tilausraja.<\/p>\n<p>T\u00e4m\u00e4 versio hahmosta on Mattycollector-versio, jolla oli violetti loitsukivi sauvan sis\u00e4ll\u00e4. My\u00f6s oma pakkauksessa oleva hahmo on Mattycollector-versio ja my\u00f6s sen sauvan sis\u00e4ll\u00e4 on violetti loitsukivi.<\/p>\n<p><strong>Oikea nimi:\u00a0<\/strong>Ro<\/p>\n<p>Given the sword of He by the Overlords of the Timeless Dimension on Trolla, Ro was told to \u201cgo forth and combat evil.&#8221; During one such epic battle, he was infected by a techno-organic virus by Horde Supreme and sent through a vortex to the magic planet of Eternia\u00ae. Once there, he was healed by Eldor in a mystical pool which absorbed his virus. In gratitude, He-Ro\u2122 swore to help free Eternia\u00ae from the Snake Men\u2122 and Horde Invaders. He defended the free people alongside the great King Grayskull\u2122, eventually bequeathing his sword to the King upon his noble death.<\/p>\n<p><em>Trollan Ajattoman Ulottuvuuden Yliherrat antoivat Ro:lle He-miekan ja k\u00e4skiv\u00e4t h\u00e4nen &#8221;menn\u00e4 taistelemaan pahaa vastaan&#8221;. Er\u00e4\u00e4n eeppisen taistelun aikana, h\u00e4n sai tartunnan Horde Supremen tekno-orgaanisesta viruksesta ja h\u00e4net l\u00e4hetettiin py\u00f6rteen l\u00e4pi maagiselle Eternia-planeetalle. Siell\u00e4 h\u00e4net paransi Eldor mystisess\u00e4 altaassa, joka absorboi viruksen. Kiitoksena He-Ro vannoi auttavansa vapauttamaan Eternian K\u00e4\u00e4rmemiesten vallasta ja Hordeista. H\u00e4n puolusti vapaata kansaa Kuningas Grayskullin rinnalla, lopulta luovuttaen miekkansa kuninkaalle ylv\u00e4\u00e4n kuolemansa hetkell\u00e4.<\/em><\/p>\n<p><strong><span style=\"text-decoration: underline;\">Mukana tulevat varusteet:<\/span><\/strong><br \/>\n* voimamiekka<br \/>\n* taikasauva<br \/>\n* irrotettava viitallinen haarniska<\/p>\n<p><strong>Loppuunmyynti aika:<\/strong>\u00a02 tuntia 40 min<\/p>\n<p><strong>Oman hahmon saapumiseen kulunut aika:\u00a0<\/strong>19 p\u00e4iv\u00e4\u00e4 (13 arkip\u00e4iv\u00e4\u00e4<\/p>\n<h2><span style=\"font-size: x-large;\">L\u00e4hikuva<\/span><\/h2>\n<p><a href=\"http:\/\/motu.eurokolikonmaailma.fi\/kuvat\/He-Ro\/he-ro_close.jpg\" target=\"_blank\" rel=\"noopener\"><img loading=\"lazy\" decoding=\"async\" title=\"He-Ro l\u00e4hikuva\" src=\"http:\/\/motu.eurokolikonmaailma.fi\/kuvat\/He-Ro\/he-ro_close.jpg\" alt=\"\" width=\"293\" height=\"350\" border=\"0\" \/><\/a><\/p>\n<h2><span style=\"font-size: x-large;\">Kokovartalokuvat<\/span><\/h2>\n<p><a href=\"http:\/\/motu.eurokolikonmaailma.fi\/kuvat\/He-Ro\/He-Ro%20%282%29.jpg\" target=\"_blank\" rel=\"noopener\"><img loading=\"lazy\" decoding=\"async\" title=\"He-Ro varustettuna\" src=\"http:\/\/motu.eurokolikonmaailma.fi\/kuvat\/He-Ro\/He-Ro%20%282%29.jpg\" alt=\"\" width=\"299\" height=\"500\" border=\"0\" \/><\/a><\/p>\n<p><a href=\"http:\/\/motu.eurokolikonmaailma.fi\/kuvat\/He-Ro\/hero_armor_front.jpg\" target=\"_blank\" rel=\"noopener\"><img loading=\"lazy\" decoding=\"async\" title=\"He-Ro edest\u00e4\" src=\"http:\/\/motu.eurokolikonmaailma.fi\/kuvat\/He-Ro\/hero_armor_front.jpg\" alt=\"\" width=\"290\" height=\"500\" border=\"0\" \/><\/a><a href=\"http:\/\/motu.eurokolikonmaailma.fi\/kuvat\/He-Ro\/He-Ro_behind.jpg\" target=\"_blank\" rel=\"noopener\"><img loading=\"lazy\" decoding=\"async\" title=\"He-Ro takaa\" src=\"http:\/\/motu.eurokolikonmaailma.fi\/kuvat\/He-Ro\/He-Ro_behind.jpg\" alt=\"\" width=\"368\" height=\"500\" border=\"0\" \/><\/a><\/p>\n<p><a href=\"http:\/\/motu.eurokolikonmaailma.fi\/kuvat\/He-Ro\/hero_no_armor_front.jpg\" target=\"_blank\" rel=\"noopener\"><img loading=\"lazy\" decoding=\"async\" title=\"He-Ro edest\u00e4 ilman haarniskaa\" src=\"http:\/\/motu.eurokolikonmaailma.fi\/kuvat\/He-Ro\/hero_no_armor_front.jpg\" alt=\"\" width=\"258\" height=\"500\" border=\"0\" \/><\/a><a href=\"http:\/\/motu.eurokolikonmaailma.fi\/kuvat\/He-Ro\/hero_no_armor_back.jpg\" target=\"_blank\" rel=\"noopener\"><img loading=\"lazy\" decoding=\"async\" title=\"He-Ro takaa ilman haarniskaa\" src=\"http:\/\/motu.eurokolikonmaailma.fi\/kuvat\/He-Ro\/hero_no_armor_back.jpg\" alt=\"\" width=\"262\" height=\"500\" border=\"0\" \/><\/a><\/p>\n<h2><span style=\"font-size: x-large;\">Varusteet<\/span><\/h2>\n<p><a href=\"http:\/\/motu.eurokolikonmaailma.fi\/kuvat\/He-Ro\/hero_armor.jpg\" target=\"_blank\" rel=\"noopener\"><img loading=\"lazy\" decoding=\"async\" title=\"He-Ro haarniska edest\u00e4\" src=\"http:\/\/motu.eurokolikonmaailma.fi\/kuvat\/He-Ro\/hero_armor.jpg\" alt=\"\" width=\"344\" height=\"450\" border=\"0\" \/><\/a><a href=\"http:\/\/motu.eurokolikonmaailma.fi\/kuvat\/He-Ro\/hero_cape.jpg\" target=\"_blank\" rel=\"noopener\"><img loading=\"lazy\" decoding=\"async\" title=\"He-Ro haarniska takaa\" src=\"http:\/\/motu.eurokolikonmaailma.fi\/kuvat\/He-Ro\/hero_cape.jpg\" alt=\"\" width=\"380\" height=\"450\" border=\"0\" \/><\/a><\/p>\n<p><a href=\"http:\/\/motu.eurokolikonmaailma.fi\/kuvat\/He-Ro\/He-Ro_staff_closed.jpg\" target=\"_blank\" rel=\"noopener\"><img loading=\"lazy\" decoding=\"async\" title=\"He-Ro sauva kiinni\" src=\"http:\/\/motu.eurokolikonmaailma.fi\/kuvat\/He-Ro\/He-Ro_staff_closed.jpg\" alt=\"\" width=\"125\" height=\"500\" border=\"0\" \/><\/a><a href=\"http:\/\/motu.eurokolikonmaailma.fi\/kuvat\/He-Ro\/He-Ro_staff_open_purple.jpg\" target=\"_blank\" rel=\"noopener\"><img loading=\"lazy\" decoding=\"async\" title=\"He-Ro sauva osittain auki\" src=\"http:\/\/motu.eurokolikonmaailma.fi\/kuvat\/He-Ro\/He-Ro_staff_open_purple.jpg\" alt=\"\" width=\"203\" height=\"500\" border=\"0\" \/><\/a><a href=\"http:\/\/motu.eurokolikonmaailma.fi\/kuvat\/He-Ro\/hero_staff.jpg\" target=\"_blank\" rel=\"noopener\"><img loading=\"lazy\" decoding=\"async\" title=\"He-Ro sauva kokonaan auki\" src=\"http:\/\/motu.eurokolikonmaailma.fi\/kuvat\/He-Ro\/hero_staff.jpg\" alt=\"\" width=\"209\" height=\"500\" border=\"0\" \/><\/a><\/p>\n<p><a href=\"http:\/\/motu.eurokolikonmaailma.fi\/kuvat\/He-Ro\/swordofhe.jpg\" target=\"_blank\" rel=\"noopener\"><img loading=\"lazy\" decoding=\"async\" title=\"He-Ro miekka\" src=\"http:\/\/motu.eurokolikonmaailma.fi\/kuvat\/He-Ro\/swordofhe.jpg\" alt=\"\" width=\"450\" height=\"137\" border=\"0\" \/><\/a><\/p>\n<h2>Videoesittelyni hahmosta:<\/h2>\n<p><strong>Suomi<\/strong><\/p>\n<p><em>Osa 1<br \/>\n<\/em><\/p>\n<p><iframe loading=\"lazy\" title=\"Masters of the Universe Classics He-Ro 1\/3 (Finnish)\" width=\"640\" height=\"480\" src=\"https:\/\/www.youtube.com\/embed\/bsB-tAnS4ZY?feature=oembed\" frameborder=\"0\" allow=\"accelerometer; autoplay; clipboard-write; encrypted-media; gyroscope; picture-in-picture; web-share\" referrerpolicy=\"strict-origin-when-cross-origin\" allowfullscreen><\/iframe><\/p>\n<p><em>Osa 2<br \/>\n<\/em><\/p>\n<p><iframe loading=\"lazy\" title=\"Masters of the Universe Classics He-Ro 2\/3 (Finnish)\" width=\"640\" height=\"480\" src=\"https:\/\/www.youtube.com\/embed\/uPwfLVli9a4?feature=oembed\" frameborder=\"0\" allow=\"accelerometer; autoplay; clipboard-write; encrypted-media; gyroscope; picture-in-picture; web-share\" referrerpolicy=\"strict-origin-when-cross-origin\" allowfullscreen><\/iframe><\/p>\n<p><em>Osa 3<br \/>\n<\/em><\/p>\n<p><iframe loading=\"lazy\" title=\"Masters of the Universe Classics He-Ro 3\/3 (Finnish)\" width=\"640\" height=\"480\" src=\"https:\/\/www.youtube.com\/embed\/UEvS77fsRlw?feature=oembed\" frameborder=\"0\" allow=\"accelerometer; autoplay; clipboard-write; encrypted-media; gyroscope; picture-in-picture; web-share\" referrerpolicy=\"strict-origin-when-cross-origin\" allowfullscreen><\/iframe><\/p>\n<p><strong>In English<\/strong><\/p>\n<p><em>Part 1<\/em><\/p>\n<p><iframe loading=\"lazy\" title=\"Masters of the Universe Classics He-Ro 1\/2 (English)\" width=\"640\" height=\"360\" src=\"https:\/\/www.youtube.com\/embed\/zkxqLniIemI?feature=oembed\" frameborder=\"0\" allow=\"accelerometer; autoplay; clipboard-write; encrypted-media; gyroscope; picture-in-picture; web-share\" referrerpolicy=\"strict-origin-when-cross-origin\" allowfullscreen><\/iframe><\/p>\n<p><em>Part 2<\/em><\/p>\n<p><iframe loading=\"lazy\" title=\"Masters of the Universe Classics He-Ro 2\/2 (English)\" width=\"640\" height=\"360\" src=\"https:\/\/www.youtube.com\/embed\/Gh6DwdipX7E?feature=oembed\" frameborder=\"0\" allow=\"accelerometer; autoplay; clipboard-write; encrypted-media; gyroscope; picture-in-picture; web-share\" referrerpolicy=\"strict-origin-when-cross-origin\" allowfullscreen><\/iframe><\/p>\n","protected":false},"excerpt":{"rendered":"<p>Tuotekoodi: N8523 He-Ro &#8211; Heroic Cosmic Warrior \u00a0 \u00a0 \u00a0 He-Roa myytiin ensin SDCC-messuilla (San Diego Comic Con) hein\u00e4kuussa 2009, jonka j\u00e4lkeen hahmoa myytiin my\u00f6s Mattelin Mattycollector.com-verkkokaupassa. Erona messuilla myydyn ja verkkokaupassa myydyn hahmoversion v\u00e4lill\u00e4 oli He-Ron rinnassa haarniskan alla &hellip; <a href=\"https:\/\/www.eurokolikonmaailma.fi\/?page_id=1896\">Lue loppuun <span class=\"meta-nav\">&rarr;<\/span><\/a><\/p>\n","protected":false},"author":1,"featured_media":0,"parent":290,"menu_order":0,"comment_status":"open","ping_status":"open","template":"","meta":{"footnotes":""},"class_list":["post-1896","page","type-page","status-publish","hentry"],"_links":{"self":[{"href":"https:\/\/www.eurokolikonmaailma.fi\/index.php?rest_route=\/wp\/v2\/pages\/1896","targetHints":{"allow":["GET"]}}],"collection":[{"href":"https:\/\/www.eurokolikonmaailma.fi\/index.php?rest_route=\/wp\/v2\/pages"}],"about":[{"href":"https:\/\/www.eurokolikonmaailma.fi\/index.php?rest_route=\/wp\/v2\/types\/page"}],"author":[{"embeddable":true,"href":"https:\/\/www.eurokolikonmaailma.fi\/index.php?rest_route=\/wp\/v2\/users\/1"}],"replies":[{"embeddable":true,"href":"https:\/\/www.eurokolikonmaailma.fi\/index.php?rest_route=%2Fwp%2Fv2%2Fcomments&post=1896"}],"version-history":[{"count":3,"href":"https:\/\/www.eurokolikonmaailma.fi\/index.php?rest_route=\/wp\/v2\/pages\/1896\/revisions"}],"predecessor-version":[{"id":5597,"href":"https:\/\/www.eurokolikonmaailma.fi\/index.php?rest_route=\/wp\/v2\/pages\/1896\/revisions\/5597"}],"up":[{"embeddable":true,"href":"https:\/\/www.eurokolikonmaailma.fi\/index.php?rest_route=\/wp\/v2\/pages\/290"}],"wp:attachment":[{"href":"https:\/\/www.eurokolikonmaailma.fi\/index.php?rest_route=%2Fwp%2Fv2%2Fmedia&parent=1896"}],"curies":[{"name":"wp","href":"https:\/\/api.w.org\/{rel}","templated":true}]}}