{"id":1858,"date":"2012-04-19T23:54:43","date_gmt":"2012-04-19T20:54:43","guid":{"rendered":"http:\/\/www.eurokolikonmaailma.fi\/blogi\/?page_id=1858"},"modified":"2025-05-30T13:14:35","modified_gmt":"2025-05-30T10:14:35","slug":"hordak","status":"publish","type":"page","link":"https:\/\/www.eurokolikonmaailma.fi\/?page_id=1858","title":{"rendered":"Hordak"},"content":{"rendered":"<p><img loading=\"lazy\" decoding=\"async\" src=\"http:\/\/motu.eurokolikonmaailma.fi\/kuvat\/Hordak\/motuc.1.jpg\" alt=\"\" width=\"118\" height=\"47\" border=\"0\" \/><img loading=\"lazy\" decoding=\"async\" src=\"http:\/\/motu.eurokolikonmaailma.fi\/kuvat\/Hordak\/horde_logo.png\" alt=\"\" width=\"104\" height=\"47\" border=\"0\" \/><br \/>\nTuotekoodi: P4013<\/p>\n<h1><span style=\"font-size: xx-large;\">Hordak<br \/>\n&#8211; Ruthless Leader of the Evil Horde<\/span><\/h1>\n<p><a href=\"http:\/\/motu.eurokolikonmaailma.fi\/kuvat\/Hordak\/100_2934.JPG\" target=\"_blank\" rel=\"noopener\"><img loading=\"lazy\" decoding=\"async\" style=\"border-image: initial; border: 0px initial initial;\" title=\"Hordak pakkaus edest\u00e4\" src=\"http:\/\/motu.eurokolikonmaailma.fi\/kuvat\/Hordak\/100_2934.JPG\" alt=\"\" width=\"240\" height=\"354\" border=\"0\" \/><\/a>\u00a0 \u00a0 \u00a0<a href=\"http:\/\/motu.eurokolikonmaailma.fi\/kuvat\/Hordak\/img042.jpg\" target=\"_blank\" rel=\"noopener\"><img loading=\"lazy\" decoding=\"async\" style=\"border-image: initial; border: 0px initial initial;\" title=\"Hordak pakkaus takaa\" src=\"http:\/\/motu.eurokolikonmaailma.fi\/kuvat\/Hordak\/img042.jpg\" alt=\"\" width=\"250\" height=\"354\" border=\"0\" \/><\/a><\/p>\n<p>1. julkaisussa Hordakin tittelin\u00e4 pakkauksessa luki &#8221;Evil Leader of the Evil Horde&#8221;, mutta uudelleen julkaisuissa t\u00e4m\u00e4 on korjattu siihen muotoon kuin sen olisi alunpit\u00e4en pit\u00e4nytkin olla eli &#8221;Ruthless Leader of the Evil Horde&#8221;.<\/p>\n<p>Oikea nimi:\u00a0Hec-Tor Kur\u2122<\/p>\n<p>Second born heir to the Horde Empire, Hec-Tor Kur\u2122 arrived on the planet Eternia\u00ae while battling the cosmic warrior He-Ro\u2122. Taking the name Hordak\u2122, he raised an army and challenged the Snake Men\u2122 for rule over the planet. Although he defeated King Hssss\u2122, Grayskull, leader of the free people of Eternia\u00ae succeeded in banishing him to the dimension of Despondos\u2122. It was here that centuries later Hordak\u2122 contacted a young alchemist named Keldor\u2122 and began teaching him the ways of the dark arts in exchange for freedom from his extra dimensional prison.<\/p>\n<p><em>Toiseksi vanhin Hordi Imperiumin perillinen Hec-Tor Kur saapui Eternia-planeetalle taistellessaan kosmista soturia He-Roa vastaan. Nimeten itsens\u00e4 Hordakiksi ,h\u00e4n ker\u00e4si itselleen armeijan ja haastoi K\u00e4\u00e4rmemiesten planeetan valtiuden. Vaikka h\u00e4n p\u00e4ihitti kuningas Hssssin, Grayskull, Eternian vapaan kansan johtaja onnistui karkottamaan h\u00e4net Despondos-ulottuvuuteen. Sielt\u00e4 k\u00e4sin Hordak vuosisatoja my\u00f6hemmin otti yhteytt\u00e4 nuoreen alkemistiin nimelt\u00e4 Keldor ja alkoi opettamaan t\u00e4lle pimeyden voimia vastineeksi, siit\u00e4 ett\u00e4 jonain p\u00e4iv\u00e4n\u00e4 Keldor vapauttaisi h\u00e4net toisulottuvuuksellisesta vankilastaan.<\/em><\/p>\n<p><strong><span style=\"text-decoration: underline;\">Mukana tulevat varusteet:<\/span><\/strong><br \/>\n* sauva<br \/>\n* varsijousi<br \/>\n* lemmikkilepakko<br \/>\n* irrotettava viitallinen kaulus<br \/>\n* irrotettava haarniska<\/p>\n<p><strong>Loppuunmyynti aika:<\/strong>\u00a01 tunti 10 min<br \/>\n<strong>Loppuunmyynti aika (uudelleen julkaisu):\u00a0<\/strong>1 p\u00e4iv\u00e4 22 tuntia 52 min<\/p>\n<p><strong>Oman hahmon saapumiseen kulunut aika:\u00a0<\/strong>25 p\u00e4iv\u00e4\u00e4 (17 arkip\u00e4iv\u00e4\u00e4)<\/p>\n<h2><span style=\"font-size: x-large;\">L\u00e4hikuva<\/span><\/h2>\n<p><a href=\"http:\/\/motu.eurokolikonmaailma.fi\/kuvat\/Hordak\/hordak_clodeup.jpg\" target=\"_blank\" rel=\"noopener\"><img loading=\"lazy\" decoding=\"async\" style=\"border-image: initial; border: 0px initial initial;\" title=\"Hordak l\u00e4hikuva\" src=\"http:\/\/motu.eurokolikonmaailma.fi\/kuvat\/Hordak\/hordak_clodeup.jpg\" alt=\"\" width=\"289\" height=\"336\" border=\"0\" \/><\/a><\/p>\n<h2><span style=\"font-size: x-large;\">Kokovartalokuvat<\/span><\/h2>\n<p><a href=\"http:\/\/motu.eurokolikonmaailma.fi\/kuvat\/Hordak\/hordak_with_accs.jpg\" target=\"_blank\" rel=\"noopener\"><img loading=\"lazy\" decoding=\"async\" title=\"Hordak varustettuna\" src=\"http:\/\/motu.eurokolikonmaailma.fi\/kuvat\/Hordak\/hordak_with_accs.jpg\" alt=\"\" width=\"267\" height=\"490\" border=\"0\" \/><\/a><\/p>\n<p><a href=\"http:\/\/motu.eurokolikonmaailma.fi\/kuvat\/Hordak\/Hordak_cape_front.jpg\" target=\"_blank\" rel=\"noopener\"><img loading=\"lazy\" decoding=\"async\" title=\"Hordak edest\u00e4\" src=\"http:\/\/motu.eurokolikonmaailma.fi\/kuvat\/Hordak\/Hordak_cape_front.jpg\" alt=\"\" width=\"263\" height=\"490\" border=\"0\" \/><\/a><a href=\"http:\/\/motu.eurokolikonmaailma.fi\/kuvat\/Hordak\/hordak_cape_back.jpg\" target=\"_blank\" rel=\"noopener\"><img loading=\"lazy\" decoding=\"async\" title=\"Hordak takaa\" src=\"http:\/\/motu.eurokolikonmaailma.fi\/kuvat\/Hordak\/hordak_cape_back.jpg\" alt=\"\" width=\"321\" height=\"490\" border=\"0\" \/><\/a><\/p>\n<p><a href=\"http:\/\/motu.eurokolikonmaailma.fi\/kuvat\/Hordak\/hordak_armor_front.jpg\" target=\"_blank\" rel=\"noopener\"><img loading=\"lazy\" decoding=\"async\" title=\"Hordak edst\u00e4 ilman viittaa\" src=\"http:\/\/motu.eurokolikonmaailma.fi\/kuvat\/Hordak\/hordak_armor_front.jpg\" alt=\"\" width=\"256\" height=\"490\" border=\"0\" \/><\/a><a href=\"http:\/\/motu.eurokolikonmaailma.fi\/kuvat\/Hordak\/hordak_armor_behind.jpg\" target=\"_blank\" rel=\"noopener\"><img loading=\"lazy\" decoding=\"async\" title=\"Hordak takaa ilman viittaa\" src=\"http:\/\/motu.eurokolikonmaailma.fi\/kuvat\/Hordak\/hordak_armor_behind.jpg\" alt=\"\" width=\"266\" height=\"490\" border=\"0\" \/><\/a><\/p>\n<p><a href=\"http:\/\/motu.eurokolikonmaailma.fi\/kuvat\/Hordak\/hordak_no_armor_front.jpg\" target=\"_blank\" rel=\"noopener\"><img loading=\"lazy\" decoding=\"async\" title=\"Hordak edest\u00e4 ilman haarniskaa\" src=\"http:\/\/motu.eurokolikonmaailma.fi\/kuvat\/Hordak\/hordak_no_armor_front.jpg\" alt=\"\" width=\"249\" height=\"490\" border=\"0\" \/><\/a><a href=\"http:\/\/motu.eurokolikonmaailma.fi\/kuvat\/Hordak\/hordak_no_armor_behind.jpg\" target=\"_blank\" rel=\"noopener\"><img loading=\"lazy\" decoding=\"async\" title=\"Hordak takaa ilman haarniskaa\" src=\"http:\/\/motu.eurokolikonmaailma.fi\/kuvat\/Hordak\/hordak_no_armor_behind.jpg\" alt=\"\" width=\"264\" height=\"490\" border=\"0\" \/><\/a><\/p>\n<h2><span style=\"font-size: x-large;\">Varusteet<\/span><\/h2>\n<p><a href=\"http:\/\/motu.eurokolikonmaailma.fi\/kuvat\/Hordak\/hordak_viitta.jpg\" target=\"_blank\" rel=\"noopener\"><img loading=\"lazy\" decoding=\"async\" title=\"Hordak viitta\" src=\"http:\/\/motu.eurokolikonmaailma.fi\/kuvat\/Hordak\/hordak_viitta.jpg\" alt=\"\" width=\"250\" height=\"420\" border=\"0\" \/><\/a><a href=\"http:\/\/motu.eurokolikonmaailma.fi\/kuvat\/Hordak\/hordak_bow.jpg\" target=\"_blank\" rel=\"noopener\"><img loading=\"lazy\" decoding=\"async\" style=\"border-image: initial; border: 0px initial initial;\" title=\"Hordak varsijousi\" src=\"http:\/\/motu.eurokolikonmaailma.fi\/kuvat\/Hordak\/hordak_bow.jpg\" alt=\"\" width=\"288\" height=\"294\" border=\"0\" \/><\/a><a href=\"http:\/\/motu.eurokolikonmaailma.fi\/kuvat\/Hordak\/hordak_armband.jpg\" target=\"_blank\" rel=\"noopener\"><img loading=\"lazy\" decoding=\"async\" style=\"border-image: initial; border: 0px initial initial;\" title=\"Hordak k\u00e4sinauha\" src=\"http:\/\/motu.eurokolikonmaailma.fi\/kuvat\/Hordak\/hordak_armband.jpg\" alt=\"\" width=\"137\" height=\"145\" border=\"0\" \/><\/a><a href=\"http:\/\/motu.eurokolikonmaailma.fi\/kuvat\/Hordak\/hordak_armor.jpg\" target=\"_blank\" rel=\"noopener\"><img loading=\"lazy\" decoding=\"async\" title=\"Hordak haarniska\" src=\"http:\/\/motu.eurokolikonmaailma.fi\/kuvat\/Hordak\/hordak_armor.jpg\" alt=\"\" width=\"230\" height=\"227\" border=\"0\" \/><\/a><a href=\"http:\/\/motu.eurokolikonmaailma.fi\/kuvat\/Hordak\/hordak_bat.jpg\" target=\"_blank\" rel=\"noopener\"><img loading=\"lazy\" decoding=\"async\" style=\"border-image: initial; border: 0px initial initial;\" title=\"Hordak lepakko\" src=\"http:\/\/motu.eurokolikonmaailma.fi\/kuvat\/Hordak\/hordak_bat.jpg\" alt=\"\" width=\"139\" height=\"202\" border=\"0\" \/><\/a><a href=\"http:\/\/motu.eurokolikonmaailma.fi\/kuvat\/Hordak\/hordak_staff.jpg\" target=\"_blank\" rel=\"noopener\"><img loading=\"lazy\" decoding=\"async\" title=\"Hordak sauva\" src=\"http:\/\/motu.eurokolikonmaailma.fi\/kuvat\/Hordak\/hordak_staff.jpg\" alt=\"\" width=\"181\" height=\"560\" border=\"0\" \/><\/a><\/p>\n<p>&nbsp;<\/p>\n<h2>Videoesittelyni hahmosta:<\/h2>\n<p><strong>Suomi<\/strong><\/p>\n<p><em>Osa 1<\/em><\/p>\n<p><iframe loading=\"lazy\" title=\"Masters of the Universe Classics Hordak 1\/2 (Finnish)\" width=\"640\" height=\"480\" src=\"https:\/\/www.youtube.com\/embed\/BGV7eAjoMVY?feature=oembed\" frameborder=\"0\" allow=\"accelerometer; autoplay; clipboard-write; encrypted-media; gyroscope; picture-in-picture; web-share\" referrerpolicy=\"strict-origin-when-cross-origin\" allowfullscreen><\/iframe><\/p>\n<p><em>Osa 2<br \/>\n<\/em><\/p>\n<p><iframe loading=\"lazy\" title=\"Masters of the Universe Classics Hordak 2\/2 (Finnish)\" width=\"640\" height=\"480\" src=\"https:\/\/www.youtube.com\/embed\/ma4aoPC2d9g?feature=oembed\" frameborder=\"0\" allow=\"accelerometer; autoplay; clipboard-write; encrypted-media; gyroscope; picture-in-picture; web-share\" referrerpolicy=\"strict-origin-when-cross-origin\" allowfullscreen><\/iframe><\/p>\n<p><strong>In English<\/strong><\/p>\n<p><em>Part 1<\/em><\/p>\n<p><iframe loading=\"lazy\" title=\"Masters of the Universe Classics Hordak 1\/2 (English)\" width=\"640\" height=\"360\" src=\"https:\/\/www.youtube.com\/embed\/335eBKQ85Wk?feature=oembed\" frameborder=\"0\" allow=\"accelerometer; autoplay; clipboard-write; encrypted-media; gyroscope; picture-in-picture; web-share\" referrerpolicy=\"strict-origin-when-cross-origin\" allowfullscreen><\/iframe><\/p>\n<p><em>Part 2<\/em><\/p>\n<p><iframe loading=\"lazy\" title=\"Masters of the Universe Classics Hordak 2\/2 (English)\" width=\"640\" height=\"360\" src=\"https:\/\/www.youtube.com\/embed\/gVcFuu0ssuk?feature=oembed\" frameborder=\"0\" allow=\"accelerometer; autoplay; clipboard-write; encrypted-media; gyroscope; picture-in-picture; web-share\" referrerpolicy=\"strict-origin-when-cross-origin\" allowfullscreen><\/iframe><\/p>\n","protected":false},"excerpt":{"rendered":"<p>Tuotekoodi: P4013 Hordak &#8211; Ruthless Leader of the Evil Horde \u00a0 \u00a0 \u00a0 1. julkaisussa Hordakin tittelin\u00e4 pakkauksessa luki &#8221;Evil Leader of the Evil Horde&#8221;, mutta uudelleen julkaisuissa t\u00e4m\u00e4 on korjattu siihen muotoon kuin sen olisi alunpit\u00e4en pit\u00e4nytkin olla eli &hellip; <a href=\"https:\/\/www.eurokolikonmaailma.fi\/?page_id=1858\">Lue loppuun <span class=\"meta-nav\">&rarr;<\/span><\/a><\/p>\n","protected":false},"author":1,"featured_media":0,"parent":290,"menu_order":0,"comment_status":"open","ping_status":"open","template":"","meta":{"footnotes":""},"class_list":["post-1858","page","type-page","status-publish","hentry"],"_links":{"self":[{"href":"https:\/\/www.eurokolikonmaailma.fi\/index.php?rest_route=\/wp\/v2\/pages\/1858","targetHints":{"allow":["GET"]}}],"collection":[{"href":"https:\/\/www.eurokolikonmaailma.fi\/index.php?rest_route=\/wp\/v2\/pages"}],"about":[{"href":"https:\/\/www.eurokolikonmaailma.fi\/index.php?rest_route=\/wp\/v2\/types\/page"}],"author":[{"embeddable":true,"href":"https:\/\/www.eurokolikonmaailma.fi\/index.php?rest_route=\/wp\/v2\/users\/1"}],"replies":[{"embeddable":true,"href":"https:\/\/www.eurokolikonmaailma.fi\/index.php?rest_route=%2Fwp%2Fv2%2Fcomments&post=1858"}],"version-history":[{"count":7,"href":"https:\/\/www.eurokolikonmaailma.fi\/index.php?rest_route=\/wp\/v2\/pages\/1858\/revisions"}],"predecessor-version":[{"id":5599,"href":"https:\/\/www.eurokolikonmaailma.fi\/index.php?rest_route=\/wp\/v2\/pages\/1858\/revisions\/5599"}],"up":[{"embeddable":true,"href":"https:\/\/www.eurokolikonmaailma.fi\/index.php?rest_route=\/wp\/v2\/pages\/290"}],"wp:attachment":[{"href":"https:\/\/www.eurokolikonmaailma.fi\/index.php?rest_route=%2Fwp%2Fv2%2Fmedia&parent=1858"}],"curies":[{"name":"wp","href":"https:\/\/api.w.org\/{rel}","templated":true}]}}