{"id":1857,"date":"2012-04-20T00:09:25","date_gmt":"2012-04-19T21:09:25","guid":{"rendered":"http:\/\/www.eurokolikonmaailma.fi\/blogi\/?page_id=1857"},"modified":"2025-05-30T13:19:05","modified_gmt":"2025-05-30T10:19:05","slug":"man-at-arms","status":"publish","type":"page","link":"https:\/\/www.eurokolikonmaailma.fi\/?page_id=1857","title":{"rendered":"Man-At-Arms (Asemies)"},"content":{"rendered":"<p><img loading=\"lazy\" decoding=\"async\" src=\"http:\/\/motu.eurokolikonmaailma.fi\/kuvat\/Man_at_arms\/motuc.1.jpg\" alt=\"\" width=\"118\" height=\"47\" border=\"0\" \/><br \/>\nTuotekoodi: P4015<\/p>\n<h1><span style=\"font-size: xx-large;\">Man-At-Arms<br \/>\n&#8211; Heroic Master of Weapons<\/span><\/h1>\n<p><a href=\"http:\/\/motu.eurokolikonmaailma.fi\/kuvat\/Man_at_arms\/MAA.jpg\" target=\"_blank\" rel=\"noopener\"><img loading=\"lazy\" decoding=\"async\" style=\"border-image: initial; border: 0px initial initial;\" title=\"Asemies 1. julkaisu pakkaus edest\u00e4\" src=\"http:\/\/motu.eurokolikonmaailma.fi\/kuvat\/Man_at_arms\/MAA.jpg\" alt=\"\" width=\"240\" height=\"342\" border=\"0\" \/><\/a>\u00a0 \u00a0 \u00a0<a href=\"http:\/\/motu.eurokolikonmaailma.fi\/kuvat\/Man_at_arms\/MAA_bio.jpg\" target=\"_blank\" rel=\"noopener\"><img loading=\"lazy\" decoding=\"async\" title=\"Asemies 1. julkaisu pakkaus takaa\" src=\"http:\/\/motu.eurokolikonmaailma.fi\/kuvat\/Man_at_arms\/MAA_bio.jpg\" alt=\"\" width=\"244\" height=\"342\" border=\"0\" \/><\/a><\/p>\n<p><strong>1. julkaisuversio<\/strong><\/p>\n<p><a href=\"http:\/\/motu.eurokolikonmaailma.fi\/kuvat\/Man_at_arms\/maa_box_front.jpg\" target=\"_blank\" rel=\"noopener\"><img loading=\"lazy\" decoding=\"async\" style=\"border-image: initial; border: 0px initial initial;\" title=\"Asemies uudelleen julkaisu pakkaus edest\u00e4\" src=\"http:\/\/motu.eurokolikonmaailma.fi\/kuvat\/Man_at_arms\/maa_box_front.jpg\" alt=\"\" width=\"242\" height=\"352\" border=\"0\" \/><\/a>\u00a0 \u00a0 \u00a0<a href=\"http:\/\/motu.eurokolikonmaailma.fi\/kuvat\/Man_at_arms\/MAA_bio.jpg\"><img loading=\"lazy\" decoding=\"async\" title=\"Asemies uudelleen julkaisu pakkaus takaa\" src=\"http:\/\/motu.eurokolikonmaailma.fi\/kuvat\/Man_at_arms\/MAA_bio.jpg\" alt=\"\" width=\"249\" height=\"350\" border=\"0\" \/><\/a><\/p>\n<p><strong>Uudelleen julkaisu<\/strong><\/p>\n<p><strong>Oikea nimi:<\/strong>\u00a0Duncan\u2122<\/p>\n<p>For two centuries, the Eternian weapons master and combat instructor to the royal family has been called the &#8221;Man-At-Arms\u00ae.&#8221; Trained by the renowned tactician Dekker\u2122 and a veteran of the Great Unrest, Duncan\u2122 was asked by King Randor\u2122 to step into this position and fortify his guard with an elite strike force, which he named The Masters of the Universe\u00ae. In addition to his skills in combat, Duncan\u2122 is also a great inventor and helped construct an electronic version of the Power Sword\u00ae for Adam to use until he could unite both halves of the sword of King Grayskull\u2122. Man-At-Arms\u00ae and his adopted daughter Teela\u00ae often scout the borders of Eternia\u00ae for signs of lurking evil.<\/p>\n<p><em>Kahden vuosisadan ajan, Eternian kuninkaallisen perheen asemestaria ja taisteluvalmentajaaon kutsuttu &#8221;Asemieheksi&#8221;. Dekkerin, tunnetun taktikon ja Suuren Levottomuuden veteraanin kouluttamaa Duncania pyydettiin kuningas Randorin toimesta t\u00e4h\u00e4n virkaan vahvistamaan kuninkaallisen kaartin erikoisjoukkoa, jolle h\u00e4n antoi nimen Masters of the Universe. Taistelutaitojensa lis\u00e4ksi, Duncan on my\u00f6s suuri keksij\u00e4 ja auttoi eletronisen Voimamiekan rakentamisessa Adamille, kunnes h\u00e4n pystyisi yhdist\u00e4m\u00e4\u00e4n molemmat kuningas Grayskullin miekan puolikkaat. Asemies ja h\u00e4nen adoptiotytt\u00e4rens\u00e4 Teela usein partioivat Eternian rajamailla etsien merkkej\u00e4 v\u00e4ijyv\u00e4st\u00e4 pahuudesta.<\/em><\/p>\n<p><strong><span style=\"text-decoration: underline;\">Mukana tulevat varusteet:<\/span><\/strong><br \/>\n* nuija<br \/>\n* miekka<br \/>\n* s\u00e4depistooli<br \/>\n* 200x voimamiekka<br \/>\n* irrotettava haarniska<br \/>\n* extrap\u00e4\u00e4<\/p>\n<p><strong>Loppuunmyynti aika:<\/strong>\u00a041 min<br \/>\n<strong>Loppuunmyynti aika (uudelleen julkaisu):<\/strong>\u00a03 p\u00e4iv\u00e4\u00e4 5 tuntia<\/p>\n<p><strong>Oman hahmon saapumiseen kulunut aika (1. julkaisuversio):\u00a0<\/strong>11 p\u00e4iv\u00e4\u00e4 (7 arkip\u00e4iv\u00e4\u00e4)<br \/>\n<strong>Oman hahmon saapumiseen kulunut aika (uudelleen julkaisu):\u00a0<\/strong>20 p\u00e4iv\u00e4\u00e4 (14 arkip\u00e4iv\u00e4\u00e4)<\/p>\n<p><em><strong>Hahmokuvat on otettu uudelleen julkaisuversiosta.<\/strong><\/em><\/p>\n<h1>L\u00e4hikuvat<\/h1>\n<p><a href=\"http:\/\/motu.eurokolikonmaailma.fi\/kuvat\/Man_at_arms\/maa_closeup_clean.jpg\" target=\"_blank\" rel=\"noopener\"><img loading=\"lazy\" decoding=\"async\" title=\"Asemies l\u00e4hikuva 1\" src=\"http:\/\/motu.eurokolikonmaailma.fi\/kuvat\/Man_at_arms\/maa_closeup_clean.jpg\" alt=\"\" width=\"284\" height=\"350\" border=\"0\" \/><\/a><a href=\"http:\/\/motu.eurokolikonmaailma.fi\/kuvat\/Man_at_arms\/maa_closeup_moustache.jpg\" target=\"_blank\" rel=\"noopener\"><img loading=\"lazy\" decoding=\"async\" title=\"Asemies l\u00e4hikuva 2\" src=\"http:\/\/motu.eurokolikonmaailma.fi\/kuvat\/Man_at_arms\/maa_closeup_moustache.jpg\" alt=\"\" width=\"290\" height=\"350\" border=\"0\" \/><\/a><\/p>\n<h2><span style=\"font-size: x-large;\">Kokovartalokuvat<\/span><\/h2>\n<p><a href=\"http:\/\/motu.eurokolikonmaailma.fi\/kuvat\/Man_at_arms\/maa_main.jpg\" target=\"_blank\" rel=\"noopener\"><img loading=\"lazy\" decoding=\"async\" title=\"Asemies aseistettuna\" src=\"http:\/\/motu.eurokolikonmaailma.fi\/kuvat\/Man_at_arms\/maa_main.jpg\" alt=\"\" width=\"284\" height=\"490\" border=\"0\" \/><\/a><\/p>\n<p><a href=\"http:\/\/motu.eurokolikonmaailma.fi\/kuvat\/Man_at_arms\/maa_armor_front.jpg\"><img loading=\"lazy\" decoding=\"async\" title=\"Asemies edest\u00e4\" src=\"http:\/\/motu.eurokolikonmaailma.fi\/kuvat\/Man_at_arms\/maa_armor_front.jpg\" alt=\"\" width=\"304\" height=\"490\" border=\"0\" \/><\/a><a href=\"http:\/\/motu.eurokolikonmaailma.fi\/kuvat\/Man_at_arms\/maa_armor_back.jpg\" target=\"_blank\" rel=\"noopener\"><img loading=\"lazy\" decoding=\"async\" title=\"Asemies takaa\" src=\"http:\/\/motu.eurokolikonmaailma.fi\/kuvat\/Man_at_arms\/maa_armor_back.jpg\" alt=\"\" width=\"279\" height=\"490\" border=\"0\" \/><\/a><\/p>\n<p><a href=\"http:\/\/motu.eurokolikonmaailma.fi\/kuvat\/Man_at_arms\/maa_no_armor_front.jpg\" target=\"_blank\" rel=\"noopener\"><img loading=\"lazy\" decoding=\"async\" title=\"Asemies edest\u00e4 ilman haarniskaa\" src=\"http:\/\/motu.eurokolikonmaailma.fi\/kuvat\/Man_at_arms\/maa_no_armor_front.jpg\" alt=\"\" width=\"244\" height=\"490\" border=\"0\" \/><\/a><a href=\"http:\/\/motu.eurokolikonmaailma.fi\/kuvat\/Man_at_arms\/maa_no_armor_back.jpg\" target=\"_blank\" rel=\"noopener\"><img loading=\"lazy\" decoding=\"async\" title=\"asemies takaa ilman haarniskaa\" src=\"http:\/\/motu.eurokolikonmaailma.fi\/kuvat\/Man_at_arms\/maa_no_armor_back.jpg\" alt=\"\" width=\"253\" height=\"490\" border=\"0\" \/><\/a><\/p>\n<h2><span style=\"font-size: x-large;\">Lis\u00e4varusteet<\/span><\/h2>\n<p><a href=\"http:\/\/motu.eurokolikonmaailma.fi\/kuvat\/Man_at_arms\/maa_armor.jpg\" target=\"_blank\" rel=\"noopener\"><img loading=\"lazy\" decoding=\"async\" title=\"Asemies haarniska\" src=\"http:\/\/motu.eurokolikonmaailma.fi\/kuvat\/Man_at_arms\/maa_armor.jpg\" alt=\"\" width=\"480\" height=\"211\" border=\"0\" \/><\/a><a href=\"http:\/\/motu.eurokolikonmaailma.fi\/kuvat\/Man_at_arms\/maa_backpack_empty.jpg\" target=\"_blank\" rel=\"noopener\"><img loading=\"lazy\" decoding=\"async\" style=\"border-image: initial; border: 0px initial initial;\" title=\"Asemies haarniska takaosa\" src=\"http:\/\/motu.eurokolikonmaailma.fi\/kuvat\/Man_at_arms\/maa_backpack_empty.jpg\" alt=\"\" width=\"203\" height=\"192\" border=\"0\" \/><\/a><a href=\"http:\/\/motu.eurokolikonmaailma.fi\/kuvat\/Man_at_arms\/maa_200x_sword.jpg\" target=\"_blank\" rel=\"noopener\"><img loading=\"lazy\" decoding=\"async\" title=\"Asemies miekka\" src=\"http:\/\/motu.eurokolikonmaailma.fi\/kuvat\/Man_at_arms\/maa_200x_sword.jpg\" alt=\"\" width=\"350\" height=\"131\" border=\"0\" \/><\/a><a href=\"http:\/\/motu.eurokolikonmaailma.fi\/kuvat\/Man_at_arms\/maa_blaster.jpg\" target=\"_blank\" rel=\"noopener\"><img loading=\"lazy\" decoding=\"async\" style=\"border-image: initial; border: 0px initial initial;\" title=\"Asemies s\u00e4depistooli\" src=\"http:\/\/motu.eurokolikonmaailma.fi\/kuvat\/Man_at_arms\/maa_blaster.jpg\" alt=\"\" width=\"144\" height=\"80\" border=\"0\" \/><\/a>\u00a0<a href=\"http:\/\/motu.eurokolikonmaailma.fi\/kuvat\/Man_at_arms\/maa_mace.jpg\" target=\"_blank\" rel=\"noopener\"><img loading=\"lazy\" decoding=\"async\" style=\"border-image: initial; border: 0px initial initial;\" title=\"Asemies nuija\" src=\"http:\/\/motu.eurokolikonmaailma.fi\/kuvat\/Man_at_arms\/maa_mace.jpg\" alt=\"\" width=\"210\" height=\"125\" border=\"0\" \/><\/a><a href=\"http:\/\/motu.eurokolikonmaailma.fi\/kuvat\/Man_at_arms\/maa_short_sword.jpg\" target=\"_blank\" rel=\"noopener\"><img loading=\"lazy\" decoding=\"async\" style=\"border-image: initial; border: 0px initial initial;\" title=\"Asemies veitsi\" src=\"http:\/\/motu.eurokolikonmaailma.fi\/kuvat\/Man_at_arms\/maa_short_sword.jpg\" alt=\"\" width=\"271\" height=\"69\" border=\"0\" \/><\/a><\/p>\n<h2>Videoesittelyni hahmosta:<\/h2>\n<p><strong>Suomi<\/strong><\/p>\n<p><em>Osa 1<\/em><\/p>\n<p><iframe loading=\"lazy\" title=\"Masters of the Universe Classics Man-At-Arms 1\/3 (Finnish)\" width=\"640\" height=\"360\" src=\"https:\/\/www.youtube.com\/embed\/J3zlet9y6iI?feature=oembed\" frameborder=\"0\" allow=\"accelerometer; autoplay; clipboard-write; encrypted-media; gyroscope; picture-in-picture; web-share\" referrerpolicy=\"strict-origin-when-cross-origin\" allowfullscreen><\/iframe><\/p>\n<p><em>Osa 2<\/em><\/p>\n<p><iframe loading=\"lazy\" title=\"Masters of the Universe Classics Man-At-Arms 2\/3 (Finnish)\" width=\"640\" height=\"360\" src=\"https:\/\/www.youtube.com\/embed\/5iIzCLFcN8U?feature=oembed\" frameborder=\"0\" allow=\"accelerometer; autoplay; clipboard-write; encrypted-media; gyroscope; picture-in-picture; web-share\" referrerpolicy=\"strict-origin-when-cross-origin\" allowfullscreen><\/iframe><\/p>\n<p><em>Osa 3<\/em><\/p>\n<p><iframe loading=\"lazy\" title=\"Masters of the Universe Classics Man-At-Arms 3\/3 (Finnish)\" width=\"640\" height=\"360\" src=\"https:\/\/www.youtube.com\/embed\/PWBH8luB70U?feature=oembed\" frameborder=\"0\" allow=\"accelerometer; autoplay; clipboard-write; encrypted-media; gyroscope; picture-in-picture; web-share\" referrerpolicy=\"strict-origin-when-cross-origin\" allowfullscreen><\/iframe><\/p>\n<p><strong>In English<\/strong><\/p>\n<p><em>Part 1<\/em><\/p>\n<p><iframe loading=\"lazy\" title=\"Masters of the Universe Classics Man-at-Arms 1\/2 (English)\" width=\"640\" height=\"360\" src=\"https:\/\/www.youtube.com\/embed\/UW1kI3IWi7A?feature=oembed\" frameborder=\"0\" allow=\"accelerometer; autoplay; clipboard-write; encrypted-media; gyroscope; picture-in-picture; web-share\" referrerpolicy=\"strict-origin-when-cross-origin\" allowfullscreen><\/iframe><\/p>\n<p><em>Part 2<\/em><\/p>\n<p><iframe loading=\"lazy\" title=\"Masters of the Universe Classics Man-at-Arms 2\/2 (English)\" width=\"640\" height=\"360\" src=\"https:\/\/www.youtube.com\/embed\/vMYJg5_2Ovc?feature=oembed\" frameborder=\"0\" allow=\"accelerometer; autoplay; clipboard-write; encrypted-media; gyroscope; picture-in-picture; web-share\" referrerpolicy=\"strict-origin-when-cross-origin\" allowfullscreen><\/iframe><\/p>\n","protected":false},"excerpt":{"rendered":"<p>Tuotekoodi: P4015 Man-At-Arms &#8211; Heroic Master of Weapons \u00a0 \u00a0 \u00a0 1. julkaisuversio \u00a0 \u00a0 \u00a0 Uudelleen julkaisu Oikea nimi:\u00a0Duncan\u2122 For two centuries, the Eternian weapons master and combat instructor to the royal family has been called the &#8221;Man-At-Arms\u00ae.&#8221; Trained &hellip; <a href=\"https:\/\/www.eurokolikonmaailma.fi\/?page_id=1857\">Lue loppuun <span class=\"meta-nav\">&rarr;<\/span><\/a><\/p>\n","protected":false},"author":1,"featured_media":0,"parent":290,"menu_order":0,"comment_status":"open","ping_status":"open","template":"","meta":{"footnotes":""},"class_list":["post-1857","page","type-page","status-publish","hentry"],"_links":{"self":[{"href":"https:\/\/www.eurokolikonmaailma.fi\/index.php?rest_route=\/wp\/v2\/pages\/1857","targetHints":{"allow":["GET"]}}],"collection":[{"href":"https:\/\/www.eurokolikonmaailma.fi\/index.php?rest_route=\/wp\/v2\/pages"}],"about":[{"href":"https:\/\/www.eurokolikonmaailma.fi\/index.php?rest_route=\/wp\/v2\/types\/page"}],"author":[{"embeddable":true,"href":"https:\/\/www.eurokolikonmaailma.fi\/index.php?rest_route=\/wp\/v2\/users\/1"}],"replies":[{"embeddable":true,"href":"https:\/\/www.eurokolikonmaailma.fi\/index.php?rest_route=%2Fwp%2Fv2%2Fcomments&post=1857"}],"version-history":[{"count":6,"href":"https:\/\/www.eurokolikonmaailma.fi\/index.php?rest_route=\/wp\/v2\/pages\/1857\/revisions"}],"predecessor-version":[{"id":5603,"href":"https:\/\/www.eurokolikonmaailma.fi\/index.php?rest_route=\/wp\/v2\/pages\/1857\/revisions\/5603"}],"up":[{"embeddable":true,"href":"https:\/\/www.eurokolikonmaailma.fi\/index.php?rest_route=\/wp\/v2\/pages\/290"}],"wp:attachment":[{"href":"https:\/\/www.eurokolikonmaailma.fi\/index.php?rest_route=%2Fwp%2Fv2%2Fmedia&parent=1857"}],"curies":[{"name":"wp","href":"https:\/\/api.w.org\/{rel}","templated":true}]}}