{"id":1852,"date":"2012-04-19T23:31:39","date_gmt":"2012-04-19T20:31:39","guid":{"rendered":"http:\/\/www.eurokolikonmaailma.fi\/blogi\/?page_id=1852"},"modified":"2025-05-30T13:35:26","modified_gmt":"2025-05-30T10:35:26","slug":"zodac","status":"publish","type":"page","link":"https:\/\/www.eurokolikonmaailma.fi\/?page_id=1852","title":{"rendered":"Zodac"},"content":{"rendered":"<p><img loading=\"lazy\" decoding=\"async\" src=\"http:\/\/motu.eurokolikonmaailma.fi\/kuvat\/Zodac\/motuc.1.jpg\" alt=\"\" width=\"118\" height=\"47\" border=\"0\" \/><br \/>\nTuotekoodi: P4012<\/p>\n<h1><span style=\"font-size: xx-large;\">Zodac<br \/>\n&#8211; Cosmic Enforcer<\/span><\/h1>\n<p><a href=\"http:\/\/motu.eurokolikonmaailma.fi\/kuvat\/Zodac\/zc_box_front.jpg\" target=\"_blank\" rel=\"noopener\"><img loading=\"lazy\" decoding=\"async\" style=\"border-image: initial; border: 0px initial initial;\" title=\"Zodac pakkaus edest\u00e4\" src=\"http:\/\/motu.eurokolikonmaailma.fi\/kuvat\/Zodac\/zc_box_front.jpg\" alt=\"\" width=\"230\" height=\"336\" border=\"0\" \/><\/a>\u00a0 \u00a0 \u00a0<a href=\"http:\/\/motu.eurokolikonmaailma.fi\/kuvat\/Zodac\/zodac_cb.jpg\" target=\"_blank\" rel=\"noopener\"><img loading=\"lazy\" decoding=\"async\" style=\"border-image: initial; border: 0px initial initial;\" title=\"Zodac pakkaus takaa\" src=\"http:\/\/motu.eurokolikonmaailma.fi\/kuvat\/Zodac\/zodac_cb.jpg\" alt=\"\" width=\"239\" height=\"336\" border=\"0\" \/><\/a><\/p>\n<p>Zodac on ainoa MOTUC-sarjan hahmo, jolla ei ole omaa valkoista postituslaatikkoa. Kaikki muut hahmot, jolla sit\u00e4 ei 1. julkaisukerralla ollut, on sittemmin uudelleen julkaistu valkoisen laatikon kanssa, mutta Zodac ei ole koskaan saanut omaa varsinaista &#8221;uudelleen julkaisua&#8221;.<\/p>\n<p><strong>Oikea nimi:<\/strong>\u00a0Zodac Zur\u2122<\/p>\n<p>Once a member of Eternia\u2019s Council of Elders, Zodac\u00ae chose to retain his human form and left Eternia\u00ae after Grayskull\u2019s demise. Finding peace among the stars, Zodac\u00ae was recruited by the Overlords of Trolla to become a Cosmic Enforcer\u2122, beings tasked with maintaining neutrality throughout the universe. Although he no longer calls Eternia\u00ae home, the constant struggle over the Power Sword\u00ae has often called him back to his native planet to maintain the eternal balance between good and evil.<\/p>\n<p><em>Aikoinaan Eternian vanhimpien neuvoston j\u00e4sen, Zodac p\u00e4\u00e4tti s\u00e4ilytt\u00e4\u00e4 ihmismuotonsa ja l\u00e4hte\u00e4 Eternialta Grayskullin kuoleman j\u00e4lkeen. L\u00f6yt\u00e4\u00e4kseen rauhan t\u00e4htien joukossa, Zodac v\u00e4rv\u00e4ttiin Kosmiseksi Lainvalvojaksi Trollan Ylilordien toimesta ja h\u00e4nelle annettiin teht\u00e4v\u00e4 yll\u00e4pit\u00e4\u00e4 maailmankaikkeuden neutrauliutta. Vaikka h\u00e4n ei en\u00e4\u00e4 kutsu Eterniaa kodikseen, jatkuva kamppailu Voimamiekasta on usein tuonut h\u00e4net takaisin entiselle kotiplaneetalleen pit\u00e4m\u00e4\u00e4n yll\u00e4 hyv\u00e4n ja pahan v\u00e4list\u00e4 tasapainoa.<\/em><\/p>\n<p><strong><span style=\"text-decoration: underline;\">Mukana tulevat varusteet:<\/span><\/strong><br \/>\n* s\u00e4depistooli<br \/>\n* irrotettava haarniska<\/p>\n<p><strong>Loppuunmyynti aika:<\/strong>\u00a03 p\u00e4iv\u00e4\u00e4 21 tuntia<br \/>\n<strong>Loppuunmyynti aika (&#8221;uudelleen julkaisu&#8221;):\u00a0<\/strong>38 min<\/p>\n<p><strong>Oman hahmon saapumiseen kulunut aika:\u00a0<\/strong>20 p\u00e4iv\u00e4\u00e4 (14 arkip\u00e4iv\u00e4\u00e4)<\/p>\n<h2>Videoesittelyni hahmosta:<\/h2>\n<p><strong>Suomi<\/strong><\/p>\n<p><iframe loading=\"lazy\" title=\"Masters of the Universe Classics Zodac (Finnish)\" width=\"640\" height=\"360\" src=\"https:\/\/www.youtube.com\/embed\/ccM2jXVhlEc?feature=oembed\" frameborder=\"0\" allow=\"accelerometer; autoplay; clipboard-write; encrypted-media; gyroscope; picture-in-picture; web-share\" referrerpolicy=\"strict-origin-when-cross-origin\" allowfullscreen><\/iframe><\/p>\n<p><strong>In English<\/strong><\/p>\n<p><iframe loading=\"lazy\" title=\"Masters of the Universe Classics Zodac (English)\" width=\"640\" height=\"360\" src=\"https:\/\/www.youtube.com\/embed\/ixHAIjMa_JA?feature=oembed\" frameborder=\"0\" allow=\"accelerometer; autoplay; clipboard-write; encrypted-media; gyroscope; picture-in-picture; web-share\" referrerpolicy=\"strict-origin-when-cross-origin\" allowfullscreen><\/iframe><\/p>\n","protected":false},"excerpt":{"rendered":"<p>Tuotekoodi: P4012 Zodac &#8211; Cosmic Enforcer \u00a0 \u00a0 \u00a0 Zodac on ainoa MOTUC-sarjan hahmo, jolla ei ole omaa valkoista postituslaatikkoa. Kaikki muut hahmot, jolla sit\u00e4 ei 1. julkaisukerralla ollut, on sittemmin uudelleen julkaistu valkoisen laatikon kanssa, mutta Zodac ei ole &hellip; <a href=\"https:\/\/www.eurokolikonmaailma.fi\/?page_id=1852\">Lue loppuun <span class=\"meta-nav\">&rarr;<\/span><\/a><\/p>\n","protected":false},"author":1,"featured_media":0,"parent":290,"menu_order":0,"comment_status":"open","ping_status":"open","template":"","meta":{"footnotes":""},"class_list":["post-1852","page","type-page","status-publish","hentry"],"_links":{"self":[{"href":"https:\/\/www.eurokolikonmaailma.fi\/index.php?rest_route=\/wp\/v2\/pages\/1852","targetHints":{"allow":["GET"]}}],"collection":[{"href":"https:\/\/www.eurokolikonmaailma.fi\/index.php?rest_route=\/wp\/v2\/pages"}],"about":[{"href":"https:\/\/www.eurokolikonmaailma.fi\/index.php?rest_route=\/wp\/v2\/types\/page"}],"author":[{"embeddable":true,"href":"https:\/\/www.eurokolikonmaailma.fi\/index.php?rest_route=\/wp\/v2\/users\/1"}],"replies":[{"embeddable":true,"href":"https:\/\/www.eurokolikonmaailma.fi\/index.php?rest_route=%2Fwp%2Fv2%2Fcomments&post=1852"}],"version-history":[{"count":5,"href":"https:\/\/www.eurokolikonmaailma.fi\/index.php?rest_route=\/wp\/v2\/pages\/1852\/revisions"}],"predecessor-version":[{"id":5620,"href":"https:\/\/www.eurokolikonmaailma.fi\/index.php?rest_route=\/wp\/v2\/pages\/1852\/revisions\/5620"}],"up":[{"embeddable":true,"href":"https:\/\/www.eurokolikonmaailma.fi\/index.php?rest_route=\/wp\/v2\/pages\/290"}],"wp:attachment":[{"href":"https:\/\/www.eurokolikonmaailma.fi\/index.php?rest_route=%2Fwp%2Fv2%2Fmedia&parent=1852"}],"curies":[{"name":"wp","href":"https:\/\/api.w.org\/{rel}","templated":true}]}}