{"id":184,"date":"2011-05-21T16:22:01","date_gmt":"2011-05-21T13:22:01","guid":{"rendered":"http:\/\/www.eurokolikonmaailma.fi\/blogi\/?page_id=184"},"modified":"2025-05-30T15:22:57","modified_gmt":"2025-05-30T12:22:57","slug":"sy-klone","status":"publish","type":"page","link":"https:\/\/www.eurokolikonmaailma.fi\/?page_id=184","title":{"rendered":"Sy-Klone"},"content":{"rendered":"<div id=\"column-center\"><img loading=\"lazy\" decoding=\"async\" class=\"alignnone size-medium wp-image-209\" title=\"Masters of the Universe Classics logo\" src=\"http:\/\/motu.eurokolikonmaailma.fi\/kuvat\/Sy-Klone\/motuc.1.jpg\" alt=\"\" width=\"123\" height=\"47\" \/><img loading=\"lazy\" decoding=\"async\" class=\"alignnone size-full wp-image-208\" title=\"Club Eternia merkki\" src=\"http:\/\/motu.eurokolikonmaailma.fi\/kuvat\/Sy-Klone\/clubeternia_burst.gif\" alt=\"\" width=\"47\" height=\"47\" \/><\/div>\n<div>Tuotekoodi: T5795<\/div>\n<div id=\"column-center\">\n<h1><span style=\"font-size: xx-large;\">Sy-Klone<br \/>\n&#8211; Heroic Fist-Flinging Tornado<\/span><\/h1>\n<p>&nbsp;<\/p>\n<p><a href=\"http:\/\/motu.eurokolikonmaailma.fi\/kuvat\/Sy-Klone\/sk_package_front.jpg\" target=\"_blank\" rel=\"noopener\"><img loading=\"lazy\" decoding=\"async\" class=\"alignnone size-full wp-image-201\" title=\"Sy-Klone pakkaus edest\u00e4\" src=\"http:\/\/motu.eurokolikonmaailma.fi\/kuvat\/Sy-Klone\/sk_package_front.jpg\" alt=\"\" width=\"242\" height=\"350\" \/><\/a><span style=\"color: #ffffff;\">aaaaa <\/span> <a href=\"http:\/\/motu.eurokolikonmaailma.fi\/kuvat\/Sy-Klone\/sk_cardback.jpg\"><img loading=\"lazy\" decoding=\"async\" class=\"alignnone size-full wp-image-196\" title=\"Sy-Klone pakkaus takaa\" src=\"http:\/\/motu.eurokolikonmaailma.fi\/kuvat\/Sy-Klone\/sk_cardback.jpg\" alt=\"\" width=\"246\" height=\"350\" \/><\/a><\/p>\n<p><strong>Oikea nimi:<\/strong> Sy-Klone Son of Dy-Lex\u2122<\/p>\n<p>Protector of the Legacy Stones and the Last Defender of Anwat Gar, Sy-Klone\u2122 joined the Masters of the Universe\u00ae after the stones were destroyed and his mission completed. He wears the last remaining TECH vest armor created by his Gar ancestors to terrorize Eternia\u00ae after the Great Wars. Its built-in wind rockets allow the user to create powerful vortexes of spinning energy as a defensive weapon or to fly through the air. Sy-Klone\u2122 has upgraded his armor to also include a cosmic radar which lets him sense the physical presence of evil long before others. Sy-Klone\u2019s wind powers and radar chest make him combat ready!<\/p>\n<p><em>Legacy-kivien suojelija ja Anwat Garin viimeinen puolustaja, Sy-Klone liittyi Masters of the Universe -ryhm\u00e4\u00e4n sen j\u00e4lkeen kun kivet olivat tuhottu ja h\u00e4nen teht\u00e4v\u00e4ns\u00e4 oli saatu p\u00e4\u00e4t\u00f6kseen. H\u00e4n kantaa yll\u00e4\u00e4n viimeist\u00e4 j\u00e4ljell\u00e4 olevaa TECH haarniskaa, jotka h\u00e4nen Gar-esi-is\u00e4ns\u00e4 olivat luoneet terrorisoidakseen Eterniaan Suurten Sotien j\u00e4lkeen. Sen sis\u00e4\u00e4nrakennetut tuuliraketit mahdollistavat k\u00e4ytt\u00e4j\u00e4ns\u00e4 luoda voimakkaita energiapy\u00f6rteit\u00e4 puolustautumiseen tai ilman halki lent\u00e4miseen. Sy-Klone on p\u00e4ivitt\u00e4nyt haarniskansa sis\u00e4lt\u00e4m\u00e4\u00e4n my\u00f6s kosmisen tutkan, joka mahdollistaa h\u00e4nen aistia pahuuden fyysinen l\u00e4sn\u00e4olo ennen muita. Sy-Klonen tuulivoimat ja tutkarinta tekev\u00e4t h\u00e4nest\u00e4 tasitelvalmiin!<\/em><\/p>\n<p><span style=\"text-decoration: underline;\"><strong>Mukana tulevat varusteet:<\/strong><\/span><br \/>\n* irrotettava 200x py\u00f6ryl\u00e4<br \/>\n* kilpi<\/p>\n<p><strong> Loppuunmyynti aika:<\/strong> 3 p\u00e4iv\u00e4\u00e4 2 tuntia<\/p>\n<p><strong>Hahmon saapumiseen kulunut aika (ei oma): <\/strong>9 p\u00e4iv\u00e4\u00e4 (7 arkip\u00e4iv\u00e4\u00e4)<strong><br \/>\n<\/strong><strong>Oman hahmon saapumiseen kulunut aika: <\/strong>25 p\u00e4iv\u00e4\u00e4 (15 arkip\u00e4iv\u00e4\u00e4)<\/p>\n<h2><strong><span style=\"text-decoration: underline;\"><br \/>\n<\/span><\/strong>L\u00e4hikuva<\/h2>\n<p><span style=\"font-size: 20px; font-weight: bold;\"><span style=\"text-decoration: underline;\"><strong><span style=\"font-size: 13px; font-weight: normal;\"><a href=\"http:\/\/motu.eurokolikonmaailma.fi\/kuvat\/Sy-Klone\/sk_closeup.jpg\"><img loading=\"lazy\" decoding=\"async\" class=\"alignnone size-full wp-image-197\" title=\"Sy-Klone l\u00e4hikuva\" src=\"http:\/\/motu.eurokolikonmaailma.fi\/kuvat\/Sy-Klone\/sk_closeup.jpg\" alt=\"\" width=\"311\" height=\"336\" \/><\/a><\/span><\/strong><\/span><\/span><\/p>\n<p>&nbsp;<\/p>\n<h2><strong><span style=\"text-decoration: underline;\"><br \/>\n<\/span><\/strong>Kokovartalokuvat<\/h2>\n<p><span style=\"font-size: 13px; font-weight: normal;\"><a href=\"http:\/\/motu.eurokolikonmaailma.fi\/kuvat\/Sy-Klone\/sk_main.jpg\"><img loading=\"lazy\" decoding=\"async\" class=\"alignnone size-full wp-image-200\" title=\"Sy-Klone t\u00e4ydess\u00e4 varustuksessa\" src=\"http:\/\/motu.eurokolikonmaailma.fi\/kuvat\/Sy-Klone\/sk_main.jpg\" alt=\"\" width=\"306\" height=\"490\" \/><\/a><\/span><\/p>\n<p>&nbsp;<\/p>\n<p><a href=\"http:\/\/motu.eurokolikonmaailma.fi\/kuvat\/Sy-Klone\/sk_front_ring.jpg\"><img loading=\"lazy\" decoding=\"async\" class=\"alignnone size-full wp-image-199\" title=\"Sy-Klone edest\u00e4 punaisen rinkulan kanssa\" src=\"http:\/\/motu.eurokolikonmaailma.fi\/kuvat\/Sy-Klone\/sk_front_ring.jpg\" alt=\"\" width=\"258\" height=\"490\" \/><\/a><a href=\"http:\/\/motu.eurokolikonmaailma.fi\/kuvat\/Sy-Klone\/sk_front.jpg\"><img loading=\"lazy\" decoding=\"async\" class=\"alignnone size-full wp-image-198\" title=\"Sy-Klone edest\u00e4 ilman punaista rinkulaa\" src=\"http:\/\/motu.eurokolikonmaailma.fi\/kuvat\/Sy-Klone\/sk_front.jpg\" alt=\"\" width=\"263\" height=\"490\" \/><\/a><\/p>\n<p><a href=\"http:\/\/motu.eurokolikonmaailma.fi\/kuvat\/Sy-Klone\/sk_angle1_ring.jpg\"><img loading=\"lazy\" decoding=\"async\" class=\"alignnone size-full wp-image-187\" title=\"Sy-Klone sivukuva 1 punaisen rinkulan kanssa\" src=\"http:\/\/motu.eurokolikonmaailma.fi\/kuvat\/Sy-Klone\/sk_angle1_ring.jpg\" alt=\"\" width=\"253\" height=\"490\" \/><\/a><a href=\"http:\/\/motu.eurokolikonmaailma.fi\/kuvat\/Sy-Klone\/sk_angle1.jpg\"><img loading=\"lazy\" decoding=\"async\" class=\"alignnone size-full wp-image-186\" title=\"Sy-Klone sivukuva 1 ilman punaista rinkulaa\" src=\"http:\/\/motu.eurokolikonmaailma.fi\/kuvat\/Sy-Klone\/sk_angle1.jpg\" alt=\"\" width=\"242\" height=\"490\" \/><\/a><\/p>\n<p><a href=\"http:\/\/motu.eurokolikonmaailma.fi\/kuvat\/Sy-Klone\/sk_angle2_ring.jpg\"><img loading=\"lazy\" decoding=\"async\" class=\"alignnone size-full wp-image-189\" title=\"Sy-Klone sivukuva 2 punaisen rinkulan kanssa\" src=\"http:\/\/motu.eurokolikonmaailma.fi\/kuvat\/Sy-Klone\/sk_angle2_ring.jpg\" alt=\"\" width=\"246\" height=\"490\" \/><\/a><a href=\"http:\/\/motu.eurokolikonmaailma.fi\/kuvat\/Sy-Klone\/sk_angle2.jpg\"><img loading=\"lazy\" decoding=\"async\" class=\"alignnone size-full wp-image-188\" title=\"Sy-Klone sivukuva 2 ilman punaista rinkulaa\" src=\"http:\/\/motu.eurokolikonmaailma.fi\/kuvat\/Sy-Klone\/sk_angle2.jpg\" alt=\"\" width=\"232\" height=\"490\" \/><\/a><\/p>\n<p><a href=\"http:\/\/motu.eurokolikonmaailma.fi\/kuvat\/Sy-Klone\/sk_angle3_ring.jpg\"><img loading=\"lazy\" decoding=\"async\" class=\"alignnone size-full wp-image-191\" title=\"Sy-Klone sivukuva 3 punaisen rinkulan kanssa\" src=\"http:\/\/motu.eurokolikonmaailma.fi\/kuvat\/Sy-Klone\/sk_angle3_ring.jpg\" alt=\"\" width=\"237\" height=\"490\" \/><\/a><a href=\"http:\/\/motu.eurokolikonmaailma.fi\/kuvat\/Sy-Klone\/sk_angle3.jpg\"><img loading=\"lazy\" decoding=\"async\" class=\"alignnone size-full wp-image-190\" title=\"Sy-Klone sivukuva 3 ilman punaista rinkulaa\" src=\"http:\/\/motu.eurokolikonmaailma.fi\/kuvat\/Sy-Klone\/sk_angle3.jpg\" alt=\"\" width=\"218\" height=\"490\" \/><\/a><\/p>\n<p><a href=\"http:\/\/motu.eurokolikonmaailma.fi\/kuvat\/Sy-Klone\/sk_back_ring.jpg\"><img loading=\"lazy\" decoding=\"async\" class=\"alignnone size-full wp-image-195\" title=\"Sy-Klone takaa punaisen rinkulan kanssa\" src=\"http:\/\/motu.eurokolikonmaailma.fi\/kuvat\/Sy-Klone\/sk_back_ring.jpg\" alt=\"\" width=\"266\" height=\"441\" \/><\/a><a href=\"http:\/\/motu.eurokolikonmaailma.fi\/kuvat\/Sy-Klone\/sk_back.jpg\"><img loading=\"lazy\" decoding=\"async\" class=\"alignnone size-full wp-image-194\" title=\"Sy-Klone takaa ilman punaista rinkulaa\" src=\"http:\/\/motu.eurokolikonmaailma.fi\/kuvat\/Sy-Klone\/sk_back.jpg\" alt=\"\" width=\"240\" height=\"441\" \/><\/a><\/p>\n<p><a href=\"http:\/\/motu.eurokolikonmaailma.fi\/kuvat\/Sy-Klone\/sk_angle4_ring.jpg\"><img loading=\"lazy\" decoding=\"async\" class=\"alignnone size-full wp-image-193\" title=\"Sy-Klone sivukuva 4 punaisen rinkulan kanssa\" src=\"http:\/\/motu.eurokolikonmaailma.fi\/kuvat\/Sy-Klone\/sk_angle4_ring.jpg\" alt=\"\" width=\"221\" height=\"490\" \/><\/a><a href=\"http:\/\/motu.eurokolikonmaailma.fi\/kuvat\/Sy-Klone\/sk_angle4.jpg\"><img loading=\"lazy\" decoding=\"async\" class=\"alignnone size-full wp-image-192\" title=\"Sy-Klone sivukuva 4 ilman punaista rinkulaa\" src=\"http:\/\/motu.eurokolikonmaailma.fi\/kuvat\/Sy-Klone\/sk_angle4.jpg\" alt=\"\" width=\"237\" height=\"490\" \/><\/a><\/p>\n<h2><strong><span style=\"text-decoration: underline;\"><br \/>\n<\/span><\/strong>Yksityiskohdat<\/h2>\n<p><span style=\"font-size: 13px; font-weight: normal;\"><a href=\"http:\/\/motu.eurokolikonmaailma.fi\/kuvat\/Sy-Klone\/sk_radar1.jpg\"><img loading=\"lazy\" decoding=\"async\" class=\"alignnone size-full wp-image-202\" title=\"Sy-Klone tutkan tila 1\" src=\"http:\/\/motu.eurokolikonmaailma.fi\/kuvat\/Sy-Klone\/sk_radar1.jpg\" alt=\"\" width=\"206\" height=\"200\" \/><\/a><a href=\"http:\/\/motu.eurokolikonmaailma.fi\/kuvat\/Sy-Klone\/sk_radar2.jpg\"><img loading=\"lazy\" decoding=\"async\" class=\"alignnone size-full wp-image-203\" title=\"Sy-Klone tutkan tila 2\" src=\"http:\/\/motu.eurokolikonmaailma.fi\/kuvat\/Sy-Klone\/sk_radar2.jpg\" alt=\"\" width=\"210\" height=\"200\" \/><\/a><a href=\"http:\/\/motu.eurokolikonmaailma.fi\/kuvat\/Sy-Klone\/sk_radar3.jpg\"><img loading=\"lazy\" decoding=\"async\" class=\"alignnone size-full wp-image-204\" title=\"Sy-Klone tutkan tila 3\" src=\"http:\/\/motu.eurokolikonmaailma.fi\/kuvat\/Sy-Klone\/sk_radar3.jpg\" alt=\"\" width=\"205\" height=\"200\" \/><\/a><a href=\"http:\/\/motu.eurokolikonmaailma.fi\/kuvat\/Sy-Klone\/sk_radar4.jpg\"><img loading=\"lazy\" decoding=\"async\" class=\"alignnone size-full wp-image-205\" title=\"Sy-Klone tutkan tila 4\" src=\"http:\/\/motu.eurokolikonmaailma.fi\/kuvat\/Sy-Klone\/sk_radar4.jpg\" alt=\"\" width=\"266\" height=\"200\" \/><\/a><\/span><\/p>\n<p>&nbsp;<\/p>\n<h2><strong><span style=\"text-decoration: underline;\"><br \/>\n<\/span><\/strong>Varusteet<\/h2>\n<p><a href=\"http:\/\/motu.eurokolikonmaailma.fi\/kuvat\/Sy-Klone\/sk_redring.jpg\"><img loading=\"lazy\" decoding=\"async\" class=\"alignnone size-full wp-image-206\" title=\"Sy-Klonen punainen rinkula\" src=\"http:\/\/motu.eurokolikonmaailma.fi\/kuvat\/Sy-Klone\/sk_redring.jpg\" alt=\"\" width=\"336\" height=\"258\" \/><\/a><a href=\"http:\/\/motu.eurokolikonmaailma.fi\/kuvat\/Sy-Klone\/sk_shield.jpg\"><img loading=\"lazy\" decoding=\"async\" class=\"alignnone size-full wp-image-207\" title=\"Sy-Klonen kilpi\" src=\"http:\/\/motu.eurokolikonmaailma.fi\/kuvat\/Sy-Klone\/sk_shield.jpg\" alt=\"\" width=\"200\" height=\"196\" \/><\/a><\/p>\n<p>&nbsp;<\/p>\n<h2>Videoesittelyni hahmosta:<\/h2>\n<p><strong><span style=\"text-decoration: underline;\">Suomi:<\/span><\/strong><\/p>\n<p><iframe loading=\"lazy\" title=\"Masters of the Universe Classics Sy-Klone (Finnish)\" width=\"640\" height=\"360\" src=\"https:\/\/www.youtube.com\/embed\/s0HQww0I-JA?feature=oembed\" frameborder=\"0\" allow=\"accelerometer; autoplay; clipboard-write; encrypted-media; gyroscope; picture-in-picture; web-share\" referrerpolicy=\"strict-origin-when-cross-origin\" allowfullscreen><\/iframe><\/p>\n<p><strong><span style=\"text-decoration: underline;\">In English:<\/span><\/strong><\/p>\n<p><iframe loading=\"lazy\" title=\"Masters of the Universe Classics Sy-Klone (English)\" width=\"640\" height=\"360\" src=\"https:\/\/www.youtube.com\/embed\/_dOmVi2iwOM?feature=oembed\" frameborder=\"0\" allow=\"accelerometer; autoplay; clipboard-write; encrypted-media; gyroscope; picture-in-picture; web-share\" referrerpolicy=\"strict-origin-when-cross-origin\" allowfullscreen><\/iframe><\/p>\n<p><strong><span style=\"text-decoration: underline;\">\u00a0<\/span><\/strong><\/p>\n<\/div>\n","protected":false},"excerpt":{"rendered":"<p>Tuotekoodi: T5795 Sy-Klone &#8211; Heroic Fist-Flinging Tornado &nbsp; aaaaa Oikea nimi: Sy-Klone Son of Dy-Lex\u2122 Protector of the Legacy Stones and the Last Defender of Anwat Gar, Sy-Klone\u2122 joined the Masters of the Universe\u00ae after the stones were destroyed and &hellip; <a href=\"https:\/\/www.eurokolikonmaailma.fi\/?page_id=184\">Lue loppuun <span class=\"meta-nav\">&rarr;<\/span><\/a><\/p>\n","protected":false},"author":1,"featured_media":0,"parent":294,"menu_order":0,"comment_status":"open","ping_status":"closed","template":"","meta":{"footnotes":""},"class_list":["post-184","page","type-page","status-publish","hentry"],"_links":{"self":[{"href":"https:\/\/www.eurokolikonmaailma.fi\/index.php?rest_route=\/wp\/v2\/pages\/184","targetHints":{"allow":["GET"]}}],"collection":[{"href":"https:\/\/www.eurokolikonmaailma.fi\/index.php?rest_route=\/wp\/v2\/pages"}],"about":[{"href":"https:\/\/www.eurokolikonmaailma.fi\/index.php?rest_route=\/wp\/v2\/types\/page"}],"author":[{"embeddable":true,"href":"https:\/\/www.eurokolikonmaailma.fi\/index.php?rest_route=\/wp\/v2\/users\/1"}],"replies":[{"embeddable":true,"href":"https:\/\/www.eurokolikonmaailma.fi\/index.php?rest_route=%2Fwp%2Fv2%2Fcomments&post=184"}],"version-history":[{"count":46,"href":"https:\/\/www.eurokolikonmaailma.fi\/index.php?rest_route=\/wp\/v2\/pages\/184\/revisions"}],"predecessor-version":[{"id":5707,"href":"https:\/\/www.eurokolikonmaailma.fi\/index.php?rest_route=\/wp\/v2\/pages\/184\/revisions\/5707"}],"up":[{"embeddable":true,"href":"https:\/\/www.eurokolikonmaailma.fi\/index.php?rest_route=\/wp\/v2\/pages\/294"}],"wp:attachment":[{"href":"https:\/\/www.eurokolikonmaailma.fi\/index.php?rest_route=%2Fwp%2Fv2%2Fmedia&parent=184"}],"curies":[{"name":"wp","href":"https:\/\/api.w.org\/{rel}","templated":true}]}}