{"id":1829,"date":"2012-04-19T22:27:22","date_gmt":"2012-04-19T19:27:22","guid":{"rendered":"http:\/\/www.eurokolikonmaailma.fi\/blogi\/?page_id=1829"},"modified":"2025-05-30T13:26:42","modified_gmt":"2025-05-30T10:26:42","slug":"skeletor","status":"publish","type":"page","link":"https:\/\/www.eurokolikonmaailma.fi\/?page_id=1829","title":{"rendered":"Skeletor"},"content":{"rendered":"<p><img loading=\"lazy\" decoding=\"async\" src=\"http:\/\/motu.eurokolikonmaailma.fi\/kuvat\/Skeletor\/motuc.1.jpg\" alt=\"\" width=\"118\" height=\"47\" border=\"0\" \/><br \/>\nTuotekoodi: N6445<\/p>\n<h1>Skeletor<br \/>\n&#8211; Evil Lord of Destruction<\/h1>\n<p><a href=\"http:\/\/motu.eurokolikonmaailma.fi\/kuvat\/Skeletor\/1st_skeletor.jpg\" target=\"_blank\" rel=\"noopener\"><img loading=\"lazy\" decoding=\"async\" style=\"border-image: initial; border: 0px initial initial;\" title=\"1. julkaisuversio Skeletor pakkaus edest\u00e4\" src=\"http:\/\/motu.eurokolikonmaailma.fi\/kuvat\/Skeletor\/1st_skeletor.jpg\" alt=\"\" width=\"229\" height=\"336\" border=\"0\" \/><\/a>\u00a0 \u00a0 \u00a0<a href=\"http:\/\/motu.eurokolikonmaailma.fi\/kuvat\/Skeletor\/Skele_back.jpg\" target=\"_blank\" rel=\"noopener\"><img loading=\"lazy\" decoding=\"async\" style=\"border-image: initial; border: 0px initial initial;\" title=\"1. julkaisuversio Skeletor pakkaus takaa\" src=\"http:\/\/motu.eurokolikonmaailma.fi\/kuvat\/Skeletor\/Skele_back.jpg\" alt=\"\" width=\"240\" height=\"335\" border=\"0\" \/><\/a><\/p>\n<p><strong>Alkuper\u00e4inen 1. julkaisu<\/strong><\/p>\n<p><a href=\"http:\/\/motu.eurokolikonmaailma.fi\/kuvat\/Skeletor\/skeletor_re_blister_front.jpg\" target=\"_blank\" rel=\"noopener\"><img loading=\"lazy\" decoding=\"async\" style=\"border-image: initial; border: 0px initial initial;\" title=\"Skeletor uudelleenjulkaisu pakkaus edest\u00e4\" src=\"http:\/\/motu.eurokolikonmaailma.fi\/kuvat\/Skeletor\/skeletor_re_blister_front.jpg\" alt=\"\" width=\"217\" height=\"324\" border=\"0\" \/><\/a>\u00a0 \u00a0 \u00a0<a href=\"http:\/\/motu.eurokolikonmaailma.fi\/kuvat\/Skeletor\/skeletor_re_blister_back.jpg\" target=\"_blank\" rel=\"noopener\"><img loading=\"lazy\" decoding=\"async\" style=\"border-image: initial; border: 0px initial initial;\" title=\"Skeletor uudelleenjulkaisu pakkaus takaa\" src=\"http:\/\/motu.eurokolikonmaailma.fi\/kuvat\/Skeletor\/skeletor_re_blister_back.jpg\" alt=\"\" width=\"230\" height=\"324\" border=\"0\" \/><\/a><\/p>\n<p><strong>Uudelleenjulkaisu<\/strong><\/p>\n<p>&nbsp;<\/p>\n<p><strong>Oikea nimi:<\/strong>\u00a0Keldor\u2122<\/p>\n<p><span style=\"text-decoration: underline;\">Alkuper\u00e4inen (1. julkaisuversion) teksti:<\/span><\/p>\n<p><em>Mortally wounded in battle with his half-brother Captain Randor\u2122, Keldor\u2122 turned to his dark-arts master Hordak\u00ae to save his life. Hordak\u00ae merged Keldor\u2122 with an extra-dimensional being, \u00a0changing him forever into Skeletor\u00ae, Overlord of Evil\u2122! He gathered together many of Eternia&#8217;s greatest outcasts and evil \u00a0warriors in his quest to gain entry into Castle Grayskull\u00ae and obtain what he believes in the universe&#8217;s ultimate power source.<\/em><\/p>\n<p><span style=\"text-decoration: underline;\">Uudelleen. julkaisuversion teksti:<\/span><\/p>\n<p>Mortally wounded in battle with his half-brother Captain Randor\u2122, Keldor\u2122 turned to his dark-arts master Hordak\u2122 to save his life. Merging Keldor\u2122 with the extra-dimensional being Demo-Man\u2122 from Despondos\u2122, Keldor\u2122 was forever changed into Skeletor\u00ae, Overlord of Evil\u2122! He gathered together the greatest outcasts and evil warriors of Eternia\u00ae in his quest to gain entry into Castle Grayskull\u2122 and obtain what he believes is the universe&#8217;s ultimate power source.<\/p>\n<p><em>Kuolettavasti velipuolensa kapteeni Randorin kanssa taistellessaan haavoittunut Keldor k\u00e4\u00e4ntyi pimeydenvoimien mestarinsa Hordakin puoleen s\u00e4ilytt\u00e4\u00e4kseen henkens\u00e4. Hordak yhdisti Keldorin Despondosista olevan olennon Demo-Manin kanssa, jonka seurauksena Kelsor muuttui pysyv\u00e4sti Skeletoriksi. pahuuden yliherraksi. H\u00e4n ker\u00e4si yhteen mahtavimmat Eternian pahuuden taistelijat parantaakseen mahdollisuuksiaan P\u00e4\u00e4kallolinnan sis\u00e4\u00e4n p\u00e4\u00e4semiseksi ja saadakseen haltuunsa, sen mink\u00e4 h\u00e4n uskoo olevan maailmankaikkeuden ylivertaisimman voiman.<\/em><\/p>\n<p><strong><span style=\"text-decoration: underline;\">Mukana tulevat varusteet:<\/span><\/strong><br \/>\n* voimamiekka (kokonainen)<br \/>\n* voimamiekka (puolikas)<br \/>\n* tuhosauva<br \/>\n* irrotettava haarniska<\/p>\n<p><strong>Loppuunmyynti aika (alkuper\u00e4isjulkaisu):<\/strong>\u00a0~ 11 p\u00e4iv\u00e4\u00e4<br \/>\n<strong>Loppuunmyynti aika (1. uusintajulkaisu 1. myyntier\u00e4):<\/strong>\u00a038 min<br \/>\n<strong>Loppuunmyynti aika (1. uusintajulkaisu 2. myyntier\u00e4):<\/strong>\u00a01 p\u00e4iv\u00e4 15 min<br \/>\n<strong>&#8221;Loppuunmyynti&#8221; aika (2. uusintajulkaisu &#8221;Cyber Monday&#8221; -myynti):\u00a0<\/strong>7 p\u00e4iv\u00e4\u00e4 [ei varsinaisesti myyty loppuun Cyber Monday -myynti vain loppui ja Mattel veti hahmon pois myynnist\u00e4].<br \/>\n<strong><br \/>\nOman hahmon saapumiseen kulunut aika (1. julkaisuversio):\u00a0<\/strong>16 p\u00e4iv\u00e4\u00e4 (11 arkip\u00e4iv\u00e4\u00e4)<\/p>\n<p><strong>Oman hahmon saapumiseen kulunut aika (uudelleen julkaisu):\u00a0<\/strong>31 p\u00e4iv\u00e4\u00e4 (19 arkip\u00e4iv\u00e4\u00e4)<\/p>\n<p><em><strong>Hahmokuvat on otettu uudelleen julkaisuversiosta.<\/strong><\/em><\/p>\n<h2><span style=\"font-size: x-large;\">L\u00e4hikuva<\/span><\/h2>\n<p><a href=\"http:\/\/motu.eurokolikonmaailma.fi\/kuvat\/Skeletor\/skeletor_re_closeup.jpg\" target=\"_blank\" rel=\"noopener\"><img loading=\"lazy\" decoding=\"async\" title=\"Skeletor l\u00e4hikuva\" src=\"http:\/\/motu.eurokolikonmaailma.fi\/kuvat\/Skeletor\/skeletor_re_closeup.jpg\" alt=\"\" width=\"336\" height=\"349\" \/><\/a><\/p>\n<h2><span style=\"font-size: x-large;\">Kokovartalokuvat<\/span><\/h2>\n<p><a href=\"http:\/\/motu.eurokolikonmaailma.fi\/kuvat\/Skeletor\/skele_with_accs.jpg\" target=\"_blank\" rel=\"noopener\"><img loading=\"lazy\" decoding=\"async\" title=\"Skeletor varustettuna\" src=\"http:\/\/motu.eurokolikonmaailma.fi\/kuvat\/Skeletor\/skele_with_accs.jpg\" alt=\"\" width=\"326\" height=\"490\" border=\"0\" \/><\/a><\/p>\n<p><a href=\"http:\/\/motu.eurokolikonmaailma.fi\/kuvat\/Skeletor\/skele_armor_front.jpg\" target=\"_blank\" rel=\"noopener\"><img loading=\"lazy\" decoding=\"async\" title=\"Skeletor edest\u00e4\" src=\"http:\/\/motu.eurokolikonmaailma.fi\/kuvat\/Skeletor\/skele_armor_front.jpg\" alt=\"\" width=\"263\" height=\"490\" border=\"0\" \/><\/a><a href=\"http:\/\/motu.eurokolikonmaailma.fi\/kuvat\/Skeletor\/skele_armor_back.jpg\" target=\"_blank\" rel=\"noopener\"><img loading=\"lazy\" decoding=\"async\" title=\"Skeletor takaa\" src=\"http:\/\/motu.eurokolikonmaailma.fi\/kuvat\/Skeletor\/skele_armor_back.jpg\" alt=\"\" width=\"255\" height=\"490\" border=\"0\" \/><\/a><\/p>\n<p><a href=\"http:\/\/motu.eurokolikonmaailma.fi\/kuvat\/Skeletor\/skele_no_armor_front.jpg\" target=\"_blank\" rel=\"noopener\"><img loading=\"lazy\" decoding=\"async\" title=\"Skeletor edest\u00e4 ilman haarniskaa\" src=\"http:\/\/motu.eurokolikonmaailma.fi\/kuvat\/Skeletor\/skele_no_armor_front.jpg\" alt=\"\" width=\"255\" height=\"490\" border=\"0\" \/><\/a><a href=\"http:\/\/motu.eurokolikonmaailma.fi\/kuvat\/Skeletor\/skele_no_armor_back.jpg\" target=\"_blank\" rel=\"noopener\"><img loading=\"lazy\" decoding=\"async\" title=\"Skeletor takaa ilman haarniskaa\" src=\"http:\/\/motu.eurokolikonmaailma.fi\/kuvat\/Skeletor\/skele_no_armor_back.jpg\" alt=\"\" width=\"248\" height=\"490\" border=\"0\" \/><\/a><\/p>\n<h2><span style=\"font-size: x-large;\">Varusteet<\/span><\/h2>\n<p><a href=\"http:\/\/motu.eurokolikonmaailma.fi\/kuvat\/Skeletor\/skele_armor.jpg\" target=\"_blank\" rel=\"noopener\"><img loading=\"lazy\" decoding=\"async\" title=\"Skeletor haarniska\" src=\"http:\/\/motu.eurokolikonmaailma.fi\/kuvat\/Skeletor\/skele_armor.jpg\" alt=\"\" width=\"336\" height=\"218\" \/><\/a><a href=\"http:\/\/motu.eurokolikonmaailma.fi\/kuvat\/Skeletor\/skele_staff.jpg\" target=\"_blank\" rel=\"noopener\"><img loading=\"lazy\" decoding=\"async\" title=\"Skeletor sauva\" src=\"http:\/\/motu.eurokolikonmaailma.fi\/kuvat\/Skeletor\/skele_staff.jpg\" alt=\"\" width=\"560\" height=\"152\" \/><\/a><\/p>\n<p><a href=\"http:\/\/motu.eurokolikonmaailma.fi\/kuvat\/Skeletor\/skele_full_sword.jpg\" target=\"_blank\" rel=\"noopener\"><img loading=\"lazy\" decoding=\"async\" title=\"Skeletor miekka kokonainen\" src=\"http:\/\/motu.eurokolikonmaailma.fi\/kuvat\/Skeletor\/skele_full_sword.jpg\" alt=\"\" width=\"280\" height=\"78\" \/><\/a><\/p>\n<p><a href=\"http:\/\/motu.eurokolikonmaailma.fi\/kuvat\/Skeletor\/skele_haf_sword.jpg\" target=\"_blank\" rel=\"noopener\"><img loading=\"lazy\" decoding=\"async\" title=\"Skeletor miekka puolikas\" src=\"http:\/\/motu.eurokolikonmaailma.fi\/kuvat\/Skeletor\/skele_haf_sword.jpg\" alt=\"\" width=\"280\" height=\"80\" \/><\/a><\/p>\n<h2>Videoesittelyni hahmosta:<\/h2>\n<p><strong>Suomi<\/strong><\/p>\n<p><em>Osa 1<br \/>\n<\/em><\/p>\n<p><iframe loading=\"lazy\" title=\"Masters of the Universe Classics Skeletor 1\/2 (Finnish)\" width=\"640\" height=\"360\" src=\"https:\/\/www.youtube.com\/embed\/HdY0R1FXF-E?feature=oembed\" frameborder=\"0\" allow=\"accelerometer; autoplay; clipboard-write; encrypted-media; gyroscope; picture-in-picture; web-share\" referrerpolicy=\"strict-origin-when-cross-origin\" allowfullscreen><\/iframe><\/p>\n<p><em>Osa 2<br \/>\n<\/em><\/p>\n<p><iframe loading=\"lazy\" title=\"Masters of the Universe Classics Skeletor 2\/2 (Finnish)\" width=\"640\" height=\"360\" src=\"https:\/\/www.youtube.com\/embed\/yk3d3e5iKh8?feature=oembed\" frameborder=\"0\" allow=\"accelerometer; autoplay; clipboard-write; encrypted-media; gyroscope; picture-in-picture; web-share\" referrerpolicy=\"strict-origin-when-cross-origin\" allowfullscreen><\/iframe><\/p>\n<p><strong>In English<\/strong><\/p>\n<p><em>Part 1<\/em><\/p>\n<p><iframe loading=\"lazy\" title=\"Masters of the Universe Classics Skeletor 1\/2 (English)\" width=\"640\" height=\"360\" src=\"https:\/\/www.youtube.com\/embed\/uw09EOAk08Y?feature=oembed\" frameborder=\"0\" allow=\"accelerometer; autoplay; clipboard-write; encrypted-media; gyroscope; picture-in-picture; web-share\" referrerpolicy=\"strict-origin-when-cross-origin\" allowfullscreen><\/iframe><\/p>\n<p><em>Part 2<\/em><\/p>\n<p><iframe loading=\"lazy\" title=\"Masters of the Universe Classics Skeletor 2\/2 (English)\" width=\"640\" height=\"360\" src=\"https:\/\/www.youtube.com\/embed\/RoDFhG7-dHw?feature=oembed\" frameborder=\"0\" allow=\"accelerometer; autoplay; clipboard-write; encrypted-media; gyroscope; picture-in-picture; web-share\" referrerpolicy=\"strict-origin-when-cross-origin\" allowfullscreen><\/iframe><\/p>\n","protected":false},"excerpt":{"rendered":"<p>Tuotekoodi: N6445 Skeletor &#8211; Evil Lord of Destruction \u00a0 \u00a0 \u00a0 Alkuper\u00e4inen 1. julkaisu \u00a0 \u00a0 \u00a0 Uudelleenjulkaisu &nbsp; Oikea nimi:\u00a0Keldor\u2122 Alkuper\u00e4inen (1. julkaisuversion) teksti: Mortally wounded in battle with his half-brother Captain Randor\u2122, Keldor\u2122 turned to his dark-arts master &hellip; <a href=\"https:\/\/www.eurokolikonmaailma.fi\/?page_id=1829\">Lue loppuun <span class=\"meta-nav\">&rarr;<\/span><\/a><\/p>\n","protected":false},"author":1,"featured_media":0,"parent":290,"menu_order":0,"comment_status":"open","ping_status":"open","template":"","meta":{"footnotes":""},"class_list":["post-1829","page","type-page","status-publish","hentry"],"_links":{"self":[{"href":"https:\/\/www.eurokolikonmaailma.fi\/index.php?rest_route=\/wp\/v2\/pages\/1829","targetHints":{"allow":["GET"]}}],"collection":[{"href":"https:\/\/www.eurokolikonmaailma.fi\/index.php?rest_route=\/wp\/v2\/pages"}],"about":[{"href":"https:\/\/www.eurokolikonmaailma.fi\/index.php?rest_route=\/wp\/v2\/types\/page"}],"author":[{"embeddable":true,"href":"https:\/\/www.eurokolikonmaailma.fi\/index.php?rest_route=\/wp\/v2\/users\/1"}],"replies":[{"embeddable":true,"href":"https:\/\/www.eurokolikonmaailma.fi\/index.php?rest_route=%2Fwp%2Fv2%2Fcomments&post=1829"}],"version-history":[{"count":7,"href":"https:\/\/www.eurokolikonmaailma.fi\/index.php?rest_route=\/wp\/v2\/pages\/1829\/revisions"}],"predecessor-version":[{"id":5609,"href":"https:\/\/www.eurokolikonmaailma.fi\/index.php?rest_route=\/wp\/v2\/pages\/1829\/revisions\/5609"}],"up":[{"embeddable":true,"href":"https:\/\/www.eurokolikonmaailma.fi\/index.php?rest_route=\/wp\/v2\/pages\/290"}],"wp:attachment":[{"href":"https:\/\/www.eurokolikonmaailma.fi\/index.php?rest_route=%2Fwp%2Fv2%2Fmedia&parent=1829"}],"curies":[{"name":"wp","href":"https:\/\/api.w.org\/{rel}","templated":true}]}}