{"id":1824,"date":"2012-04-19T22:17:11","date_gmt":"2012-04-19T19:17:11","guid":{"rendered":"http:\/\/www.eurokolikonmaailma.fi\/blogi\/?page_id=1824"},"modified":"2025-05-30T14:22:08","modified_gmt":"2025-05-30T11:22:08","slug":"king-grayskull-2010","status":"publish","type":"page","link":"https:\/\/www.eurokolikonmaailma.fi\/?page_id=1824","title":{"rendered":"King Grayskull (2010)"},"content":{"rendered":"<p><img loading=\"lazy\" decoding=\"async\" src=\"http:\/\/motu.eurokolikonmaailma.fi\/kuvat\/King_Grayskull\/motuc.1.jpg\" alt=\"\" width=\"118\" height=\"47\" border=\"0\" \/><br \/>\nTuotekoodi: T5804<\/p>\n<h1><span style=\"font-size: xx-large;\">King Grayskull<br \/>\n&#8211; Heroic Ancestor of He-Man<\/span><\/h1>\n<p><img loading=\"lazy\" decoding=\"async\" style=\"border-image: initial; border: 0px initial initial;\" title=\"King Grayskull (2010) pakkaus edest\u00e4\" src=\"http:\/\/motu.eurokolikonmaailma.fi\/kuvat\/King_Grayskull\/T5804_fullsizeimage05%20%282%29.jpg\" alt=\"\" width=\"209\" height=\"293\" border=\"0\" \/>\u00a0 \u00a0 \u00a0<img loading=\"lazy\" decoding=\"async\" title=\"King Grayskull (2010) pakkaus takaa\" src=\"http:\/\/motu.eurokolikonmaailma.fi\/kuvat\/King_Grayskull\/T5804_fullsizeimage06.jpg\" alt=\"\" width=\"210\" height=\"293\" border=\"0\" \/><\/p>\n<p>Marraskuussa 2010 ilmestynyt versio King Grayskull -hahmosta tuli perus-MOTUC-pakkauksessa (ei-elektroniikkaa sis\u00e4lt\u00e4v\u00e4ss\u00e4 peruspakkauksessa) ja hahmosta julkaistiin vain perusversio (SDCC patsas- tai henkivariantteja). Hahmon ja aseiden ulkoasu (v\u00e4ritys) on my\u00f6s hieman erilainen, kuin SDCC-perusversiolla. Lis\u00e4ksi hahmon p\u00e4\u00e4, haarniska ja viitta ovat irrotettavat, sek\u00e4 lis\u00e4ksi hahmon viitan yl\u00e4osa on p\u00e4\u00e4llystetty.<\/p>\n<p><strong>Oikea nimi:\u00a0<\/strong>D&#8217;Vann Grayskull<\/p>\n<p>Growing up under the oppressive rule of the Snake Men\u2122, D\u2019vann was driven to rebel against injustice when his brother was captured and eaten. Others flocked to Grayskull\u2019s banner and his legend began to grow. Declared King for his courage, compassion, wisdom and strength, Grayskull\u2122 became a great leader, ruling along with his council of wise Elders. A destined guardian of the Sword of He, Grayskull\u2122 magically passed his essence into the blade with his last breath \u2014 ensuring that only his heirs would now wield it and tap into the great power it harmonized with. After his death, the sword was split in two and its power transmuted into a great orb inside his castle, protected by Grayskull\u2019s devoted and loving widow.<\/p>\n<p><em>Kasvettuaan K\u00e4\u00e4rmemiesten vallan alla, D&#8217;Vann alkoi kapinoimaan ep\u00e4oikeuden mukaisuutta vastaan K\u00e4\u00e4rmemiesten kaapattua ja sy\u00f6ty\u00e4 h\u00e4nen veljens\u00e4. Lis\u00e4\u00e4 ihmisi\u00e4 liittyi h\u00e4nen puolelleen ja h\u00e4nen legendansa alkoi kasvaa. Rohkeutensa, my\u00f6t\u00e4tuntonsa, viisautensa ja voimansa ansiosta h\u00e4net julistettiin kuninkaaksi ja Grayskullista tuli loistava johtaja, joka hallitsi yhdess\u00e4 viisaiden Vanhimpien kanssa. He-miekan vartijana, Grayskull maagisesti siirsi olemuksensa miekkaan viimeisell\u00e4 henk\u00e4yksell\u00e4\u00e4n &#8211; varmistaen, ett\u00e4 vain h\u00e4nen j\u00e4lkel\u00e4isens\u00e4 voisivat k\u00e4ytt\u00e4\u00e4 sit\u00e4. H\u00e4nen kuolemansa j\u00e4lkeen miekka jaettiin kahtia ja sen voima siirrettiin h\u00e4nen linnansa sis\u00e4ll\u00e4 olevaan mahtavaan palloon, jota vartio Grayskullin rakastava leski.<\/em><\/p>\n<p><span style=\"text-decoration: underline;\"><strong>Mukana tulevat varusteet (2010 versio):<\/strong><\/span><\/p>\n<p>* kokonainen miekka<br \/>\n* kaksi puolikasta miekkaa<br \/>\n* irrotettava haarniska\/viitta<br \/>\n* voimapallo<\/p>\n<p><strong>Loppuunmyynti aika (2010-versio):<\/strong>\u00a07 tuntia 45 min<\/p>\n<p><strong>Oman hahmon saapumiseen kulunut aika:\u00a0<\/strong>10 p\u00e4iv\u00e4\u00e4 (8 arkip\u00e4iv\u00e4\u00e4)<\/p>\n<h2>Videoesittelyni hahmosta:<\/h2>\n<p><strong>Suomi<\/strong><\/p>\n<p><iframe loading=\"lazy\" title=\"Masters of the Universe Classics King Grayskull (Finnish)\" width=\"640\" height=\"360\" src=\"https:\/\/www.youtube.com\/embed\/aLTYBqR8ZUo?feature=oembed\" frameborder=\"0\" allow=\"accelerometer; autoplay; clipboard-write; encrypted-media; gyroscope; picture-in-picture; web-share\" referrerpolicy=\"strict-origin-when-cross-origin\" allowfullscreen><\/iframe><\/p>\n<p><strong>In English<\/strong><\/p>\n<p><iframe loading=\"lazy\" title=\"Masters of the Universe Classics King Grayskull (English)\" width=\"640\" height=\"360\" src=\"https:\/\/www.youtube.com\/embed\/LONRI9w2Eqc?feature=oembed\" frameborder=\"0\" allow=\"accelerometer; autoplay; clipboard-write; encrypted-media; gyroscope; picture-in-picture; web-share\" referrerpolicy=\"strict-origin-when-cross-origin\" allowfullscreen><\/iframe><\/p>\n","protected":false},"excerpt":{"rendered":"<p>Tuotekoodi: T5804 King Grayskull &#8211; Heroic Ancestor of He-Man \u00a0 \u00a0 \u00a0 Marraskuussa 2010 ilmestynyt versio King Grayskull -hahmosta tuli perus-MOTUC-pakkauksessa (ei-elektroniikkaa sis\u00e4lt\u00e4v\u00e4ss\u00e4 peruspakkauksessa) ja hahmosta julkaistiin vain perusversio (SDCC patsas- tai henkivariantteja). Hahmon ja aseiden ulkoasu (v\u00e4ritys) on my\u00f6s &hellip; <a href=\"https:\/\/www.eurokolikonmaailma.fi\/?page_id=1824\">Lue loppuun <span class=\"meta-nav\">&rarr;<\/span><\/a><\/p>\n","protected":false},"author":1,"featured_media":0,"parent":292,"menu_order":0,"comment_status":"open","ping_status":"open","template":"","meta":{"footnotes":""},"class_list":["post-1824","page","type-page","status-publish","hentry"],"_links":{"self":[{"href":"https:\/\/www.eurokolikonmaailma.fi\/index.php?rest_route=\/wp\/v2\/pages\/1824","targetHints":{"allow":["GET"]}}],"collection":[{"href":"https:\/\/www.eurokolikonmaailma.fi\/index.php?rest_route=\/wp\/v2\/pages"}],"about":[{"href":"https:\/\/www.eurokolikonmaailma.fi\/index.php?rest_route=\/wp\/v2\/types\/page"}],"author":[{"embeddable":true,"href":"https:\/\/www.eurokolikonmaailma.fi\/index.php?rest_route=\/wp\/v2\/users\/1"}],"replies":[{"embeddable":true,"href":"https:\/\/www.eurokolikonmaailma.fi\/index.php?rest_route=%2Fwp%2Fv2%2Fcomments&post=1824"}],"version-history":[{"count":4,"href":"https:\/\/www.eurokolikonmaailma.fi\/index.php?rest_route=\/wp\/v2\/pages\/1824\/revisions"}],"predecessor-version":[{"id":5646,"href":"https:\/\/www.eurokolikonmaailma.fi\/index.php?rest_route=\/wp\/v2\/pages\/1824\/revisions\/5646"}],"up":[{"embeddable":true,"href":"https:\/\/www.eurokolikonmaailma.fi\/index.php?rest_route=\/wp\/v2\/pages\/292"}],"wp:attachment":[{"href":"https:\/\/www.eurokolikonmaailma.fi\/index.php?rest_route=%2Fwp%2Fv2%2Fmedia&parent=1824"}],"curies":[{"name":"wp","href":"https:\/\/api.w.org\/{rel}","templated":true}]}}