{"id":1807,"date":"2012-04-19T21:19:26","date_gmt":"2012-04-19T18:19:26","guid":{"rendered":"http:\/\/www.eurokolikonmaailma.fi\/blogi\/?page_id=1807"},"modified":"2025-05-30T13:03:58","modified_gmt":"2025-05-30T10:03:58","slug":"he-man","status":"publish","type":"page","link":"https:\/\/www.eurokolikonmaailma.fi\/?page_id=1807","title":{"rendered":"He-Man"},"content":{"rendered":"<p><img loading=\"lazy\" decoding=\"async\" src=\"http:\/\/motu.eurokolikonmaailma.fi\/kuvat\/He-Man\/motuc.1.jpg\" alt=\"\" width=\"118\" height=\"47\" border=\"0\" \/><br \/>\nTuotekoodi: N6444<\/p>\n<h1>He-Man<br \/>\n&#8211; The Most Powerful Man in the Universe<\/h1>\n<p><a href=\"http:\/\/motu.eurokolikonmaailma.fi\/kuvat\/He-Man\/100_2698.JPG\" target=\"_blank\" rel=\"noopener\"><img loading=\"lazy\" decoding=\"async\" style=\"border-image: initial; border: 0px initial initial;\" title=\"He-Man 1. julkaisuversio pakkaus edest\u00e4\" src=\"http:\/\/motu.eurokolikonmaailma.fi\/kuvat\/He-Man\/100_2698.JPG\" alt=\"\" width=\"240\" height=\"338\" border=\"0\" \/><\/a>\u00a0 \u00a0 \u00a0<a href=\"http:\/\/motu.eurokolikonmaailma.fi\/kuvat\/He-Man\/He-Man_back.jpg\" target=\"_blank\" rel=\"noopener\"><img loading=\"lazy\" decoding=\"async\" style=\"border-image: initial; border: 0px initial initial;\" title=\"He-Man 1. julkaisuversio pakkaus takaa\" src=\"http:\/\/motu.eurokolikonmaailma.fi\/kuvat\/He-Man\/He-Man_back.jpg\" alt=\"\" width=\"240\" height=\"336\" border=\"0\" \/><\/a><\/p>\n<p><strong>Alkuper\u00e4inen 1. julkaisu<\/strong><\/p>\n<p>He-Manin 1. julkaisun oli alunperin tarkoitus ilmesty\u00e4 lokakuun 2008 lopulla (31.10.2008), mutta Mattelilla oli hieman hankaluuksi irrotettavien haarniskojen toteuttamisen kanssa, joten kyseinen julkaisu siirtyi joulukuun 2008 alkuun (1.12.2008) yhdess\u00e4 Beast Manin kanssa.<\/p>\n<p>Osasta 1. julkaisun pakkauksista puuttui pakkauksen takapuolen muovinen ripustuskoukku (my\u00f6s itselt\u00e4ni).<\/p>\n<p><a href=\"http:\/\/motu.eurokolikonmaailma.fi\/kuvat\/He-Man\/he-man_front_v2.JPG\" target=\"_blank\" rel=\"noopener\"><img loading=\"lazy\" decoding=\"async\" style=\"border-image: initial; border: 0px initial initial;\" title=\"He-Man uudelleen julkaisu pakkaus edest\u00e4\" src=\"http:\/\/motu.eurokolikonmaailma.fi\/kuvat\/He-Man\/he-man_front_v2.JPG\" alt=\"\" width=\"226\" height=\"324\" border=\"0\" \/><\/a>\u00a0 \u00a0 \u00a0<a href=\"http:\/\/motu.eurokolikonmaailma.fi\/kuvat\/He-Man\/He-Man_back_v2.jpg\" target=\"_blank\" rel=\"noopener\"><img loading=\"lazy\" decoding=\"async\" style=\"border-image: initial; border: 0px initial initial;\" title=\"He-Man uudelleen julkaisu pakkaus takaa\" src=\"http:\/\/motu.eurokolikonmaailma.fi\/kuvat\/He-Man\/He-Man_back_v2.jpg\" alt=\"\" width=\"230\" height=\"324\" border=\"0\" \/><\/a><\/p>\n<p><strong>Uudelleenjulkaisu<\/strong><\/p>\n<p><strong>Oikea nimi:<\/strong>\u00a0Adam of the House Randor<\/p>\n<p><span style=\"text-decoration: underline;\">Alkuper\u00e4isversion (1. julkaisu) teksti:<\/span><br \/>\nA direct descendant of the legendary King Grayskull\u2122, Prince Adam\u00ae of Eternia\u00ae was chosen to protect his ancestor&#8217;s Power Sword\u00ae from evil. At first, he used a techno vest with a built-in force field to fight evil, but Adam has since learned to combine both halves of the Power Sword\u00ae, using it to channel the energy of the Elders and become He-Man\u00ae &#8211; The Most Powerful Man in the Universe\u2122! He guards the safety of all Eternia\u00ae alongside the heroic Masters of the Universe\u00ae.<\/p>\n<p>Uudelleen julkaisuversion teksti:<br \/>\nA direct descendant of the legendary King Grayskull\u2122, Prince Adam\u00ae of Eternia\u00ae was chosen to protect his ancestor&#8217;s Power Sword\u00ae from evil. At first, he used a techno vest with a built-in force field to fight evil, but Adam has since learned to combine both halves of the Power Sword\u00ae, using it to channel the energy of the Elders to become He-Man\u00ae &#8211; The Most Powerful Man in the Universe\u2122! He guards the safety of all Eternia\u00ae alongside the heroic Masters of the Universe\u00ae.<\/p>\n<p><em>Legendaarisen kuningas Grayskullin perillinen, Eternian Prinssi Adam valittiin suojelemaan esi-is\u00e4ns\u00e4 Voimamiekkaa pahuuden voimilta. Aluksi h\u00e4n k\u00e4ytti suojakent\u00e4ll\u00e4 varustettuja teknoliivej\u00e4 taistelussaan pahaa vastaan, mutta Adam on sittemmin oppinut yhdist\u00e4m\u00e4\u00e4n molemmat Voimamiekan puoliskot, k\u00e4ytt\u00e4en sit\u00e4 kanavoimaan Vanhimpien energian tullakseen He-Maniksi &#8211; Maailmankaikkeuden mahtavimmaksi mieheksi! H\u00e4n vartioi Eternian turvallisuutta sankarillisen Masters of the Universe -ryhm\u00e4n kanssa.<\/em><\/p>\n<p><strong><span style=\"text-decoration: underline;\">Mukana tulevat varusteet:<\/span><\/strong><br \/>\n* voimamiekka (kokonainen)<br \/>\n* voimamiekka (puolikas)<br \/>\n* kirves<br \/>\n* kilpi<br \/>\n* irrotettava haarniska<\/p>\n<p><strong>Loppuunmyynti aika:<\/strong>\u00a035 p\u00e4iv\u00e4\u00e4 1 tuntia 3 min<br \/>\n<strong>Loppuunmyynti aika (1. uudelleen julkaisu 16.11.2009):<\/strong>\u00a06 tuntia 18 min<br \/>\n<strong>Loppuunmyynti aika (2. uudelleen julkaisu 29.11.2010):<\/strong>\u00a02 p\u00e4iv\u00e4\u00e4 2 tuntia 23 min<\/p>\n<p><strong>Oman hahmon saapumiseen kulunut aika (1. julkaisuversio):\u00a0<\/strong>20 p\u00e4iv\u00e4\u00e4 (14 arkip\u00e4iv\u00e4\u00e4)<br \/>\n<strong>Oman hahmon saapumiseen kulunut aika (uudelleen julkaisu):\u00a0<\/strong>37 p\u00e4iv\u00e4\u00e4 (24 arkip\u00e4iv\u00e4\u00e4)<\/p>\n<p><em><strong>Hahmokuvat on otettu uudelleen julkaisuversiosta.<\/strong><\/em><\/p>\n<h2>L\u00e4hikuva<\/h2>\n<p><a href=\"http:\/\/motu.eurokolikonmaailma.fi\/kuvat\/He-Man\/reissue_hm_closeup.jpg\" target=\"_blank\" rel=\"noopener\"><img loading=\"lazy\" decoding=\"async\" title=\"He-Man l\u00e4hikuva\" src=\"http:\/\/motu.eurokolikonmaailma.fi\/kuvat\/He-Man\/reissue_hm_closeup.jpg\" alt=\"\" width=\"324\" height=\"340\" \/><\/a><\/p>\n<h2><span style=\"font-size: x-large;\">Kokovartalokuvat<\/span><\/h2>\n<p><a href=\"http:\/\/motu.eurokolikonmaailma.fi\/kuvat\/He-Man\/hm_with%20accs.jpg\" target=\"_blank\" rel=\"noopener\"><img loading=\"lazy\" decoding=\"async\" title=\"He-Man aseistettuna\" src=\"http:\/\/motu.eurokolikonmaailma.fi\/kuvat\/He-Man\/hm_with%20accs.jpg\" alt=\"\" width=\"296\" height=\"490\" border=\"0\" \/><\/a><\/p>\n<p><a href=\"http:\/\/motu.eurokolikonmaailma.fi\/kuvat\/He-Man\/hm_armor_front.jpg\" target=\"_blank\" rel=\"noopener\"><img loading=\"lazy\" decoding=\"async\" title=\"He-Man edest\u00e4\" src=\"http:\/\/motu.eurokolikonmaailma.fi\/kuvat\/He-Man\/hm_armor_front.jpg\" alt=\"\" width=\"257\" height=\"490\" border=\"0\" \/><\/a><a href=\"http:\/\/motu.eurokolikonmaailma.fi\/kuvat\/He-Man\/hm_armor_back.jpg\" target=\"_blank\" rel=\"noopener\"><img loading=\"lazy\" decoding=\"async\" title=\"He-Man takaa\" src=\"http:\/\/motu.eurokolikonmaailma.fi\/kuvat\/He-Man\/hm_armor_back.jpg\" alt=\"\" width=\"260\" height=\"490\" border=\"0\" \/><\/a><\/p>\n<p><a href=\"http:\/\/motu.eurokolikonmaailma.fi\/kuvat\/He-Man\/hm_no_armor_front.jpg\" target=\"_blank\" rel=\"noopener\"><img loading=\"lazy\" decoding=\"async\" title=\"He-Man edest\u00e4 ilman haarniskaa\" src=\"http:\/\/motu.eurokolikonmaailma.fi\/kuvat\/He-Man\/hm_no_armor_front.jpg\" alt=\"\" width=\"246\" height=\"490\" border=\"0\" \/><\/a><a href=\"http:\/\/motu.eurokolikonmaailma.fi\/kuvat\/He-Man\/hm_no_armor_back.jpg\" target=\"_blank\" rel=\"noopener\"><img loading=\"lazy\" decoding=\"async\" title=\"He-Man takaa ilman haarniskaa\" src=\"http:\/\/motu.eurokolikonmaailma.fi\/kuvat\/He-Man\/hm_no_armor_back.jpg\" alt=\"\" width=\"248\" height=\"490\" border=\"0\" \/><\/a><\/p>\n<h2><span style=\"font-size: x-large;\">Varusteet:<\/span><\/h2>\n<p><a href=\"http:\/\/motu.eurokolikonmaailma.fi\/kuvat\/He-Man\/hm_armor.jpg\" target=\"_blank\" rel=\"noopener\"><img loading=\"lazy\" decoding=\"async\" title=\"He-Man haarniska edest\u00e4\" src=\"http:\/\/motu.eurokolikonmaailma.fi\/kuvat\/He-Man\/hm_armor.jpg\" alt=\"\" width=\"258\" height=\"269\" \/><\/a><a href=\"http:\/\/motu.eurokolikonmaailma.fi\/kuvat\/He-Man\/goddess_hm_axe.jpg\" target=\"_blank\" rel=\"noopener\"><img loading=\"lazy\" decoding=\"async\" title=\"He-Man kirves\" src=\"http:\/\/motu.eurokolikonmaailma.fi\/kuvat\/He-Man\/goddess_hm_axe.jpg\" alt=\"\" width=\"350\" height=\"190\" \/><\/a><a href=\"http:\/\/motu.eurokolikonmaailma.fi\/kuvat\/He-Man\/goddess_hm_shield.jpg\" target=\"_blank\" rel=\"noopener\"><img loading=\"lazy\" decoding=\"async\" title=\"He-Man kilpi\" src=\"http:\/\/motu.eurokolikonmaailma.fi\/kuvat\/He-Man\/goddess_hm_shield.jpg\" alt=\"\" width=\"280\" height=\"241\" \/><\/a><a href=\"http:\/\/motu.eurokolikonmaailma.fi\/kuvat\/He-Man\/hm_full_sword.jpg\" target=\"_blank\" rel=\"noopener\"><img loading=\"lazy\" decoding=\"async\" title=\"He-Man miekka kokonainen\" src=\"http:\/\/motu.eurokolikonmaailma.fi\/kuvat\/He-Man\/hm_full_sword.jpg\" alt=\"\" width=\"360\" height=\"98\" \/><\/a><a href=\"http:\/\/motu.eurokolikonmaailma.fi\/kuvat\/He-Man\/hm_half_sword.jpg\" target=\"_blank\" rel=\"noopener\"><img loading=\"lazy\" decoding=\"async\" title=\"He-Man miekka puolikas\" src=\"http:\/\/motu.eurokolikonmaailma.fi\/kuvat\/He-Man\/hm_half_sword.jpg\" alt=\"\" width=\"360\" height=\"104\" \/><\/a><\/p>\n<h2>Videoesittelyni hahmosta:<\/h2>\n<p><strong>Suomi<\/strong><\/p>\n<p><em>Osa 1<br \/>\n<\/em><\/p>\n<p><iframe loading=\"lazy\" title=\"Masters of the Universe Classics He-Man 1\/3 (Finnish)\" width=\"640\" height=\"360\" src=\"https:\/\/www.youtube.com\/embed\/dJgtT72tKj0?feature=oembed\" frameborder=\"0\" allow=\"accelerometer; autoplay; clipboard-write; encrypted-media; gyroscope; picture-in-picture; web-share\" referrerpolicy=\"strict-origin-when-cross-origin\" allowfullscreen><\/iframe><\/p>\n<p><em>Osa 2<br \/>\n<\/em><\/p>\n<p><iframe loading=\"lazy\" title=\"Masters of the Universe Classics He-Man 2\/3 (Finnish)\" width=\"640\" height=\"360\" src=\"https:\/\/www.youtube.com\/embed\/HeDXnVcpS9o?feature=oembed\" frameborder=\"0\" allow=\"accelerometer; autoplay; clipboard-write; encrypted-media; gyroscope; picture-in-picture; web-share\" referrerpolicy=\"strict-origin-when-cross-origin\" allowfullscreen><\/iframe><\/p>\n<p><em>Osa 3<br \/>\n<\/em><\/p>\n<p><iframe loading=\"lazy\" title=\"Masters of the Universe Classics He-Man 3\/3 (Finnish)\" width=\"640\" height=\"360\" src=\"https:\/\/www.youtube.com\/embed\/Haa1pDcWlr8?feature=oembed\" frameborder=\"0\" allow=\"accelerometer; autoplay; clipboard-write; encrypted-media; gyroscope; picture-in-picture; web-share\" referrerpolicy=\"strict-origin-when-cross-origin\" allowfullscreen><\/iframe><\/p>\n<p><strong>In English<\/strong><\/p>\n<p><iframe loading=\"lazy\" title=\"Masters of the Universe Classics He-Man (English)\" width=\"640\" height=\"360\" src=\"https:\/\/www.youtube.com\/embed\/WgRNlloobVk?feature=oembed\" frameborder=\"0\" allow=\"accelerometer; autoplay; clipboard-write; encrypted-media; gyroscope; picture-in-picture; web-share\" referrerpolicy=\"strict-origin-when-cross-origin\" allowfullscreen><\/iframe><\/p>\n","protected":false},"excerpt":{"rendered":"<p>Tuotekoodi: N6444 He-Man &#8211; The Most Powerful Man in the Universe \u00a0 \u00a0 \u00a0 Alkuper\u00e4inen 1. julkaisu He-Manin 1. julkaisun oli alunperin tarkoitus ilmesty\u00e4 lokakuun 2008 lopulla (31.10.2008), mutta Mattelilla oli hieman hankaluuksi irrotettavien haarniskojen toteuttamisen kanssa, joten kyseinen julkaisu &hellip; <a href=\"https:\/\/www.eurokolikonmaailma.fi\/?page_id=1807\">Lue loppuun <span class=\"meta-nav\">&rarr;<\/span><\/a><\/p>\n","protected":false},"author":1,"featured_media":0,"parent":288,"menu_order":0,"comment_status":"open","ping_status":"open","template":"","meta":{"footnotes":""},"class_list":["post-1807","page","type-page","status-publish","hentry"],"_links":{"self":[{"href":"https:\/\/www.eurokolikonmaailma.fi\/index.php?rest_route=\/wp\/v2\/pages\/1807","targetHints":{"allow":["GET"]}}],"collection":[{"href":"https:\/\/www.eurokolikonmaailma.fi\/index.php?rest_route=\/wp\/v2\/pages"}],"about":[{"href":"https:\/\/www.eurokolikonmaailma.fi\/index.php?rest_route=\/wp\/v2\/types\/page"}],"author":[{"embeddable":true,"href":"https:\/\/www.eurokolikonmaailma.fi\/index.php?rest_route=\/wp\/v2\/users\/1"}],"replies":[{"embeddable":true,"href":"https:\/\/www.eurokolikonmaailma.fi\/index.php?rest_route=%2Fwp%2Fv2%2Fcomments&post=1807"}],"version-history":[{"count":8,"href":"https:\/\/www.eurokolikonmaailma.fi\/index.php?rest_route=\/wp\/v2\/pages\/1807\/revisions"}],"predecessor-version":[{"id":5591,"href":"https:\/\/www.eurokolikonmaailma.fi\/index.php?rest_route=\/wp\/v2\/pages\/1807\/revisions\/5591"}],"up":[{"embeddable":true,"href":"https:\/\/www.eurokolikonmaailma.fi\/index.php?rest_route=\/wp\/v2\/pages\/288"}],"wp:attachment":[{"href":"https:\/\/www.eurokolikonmaailma.fi\/index.php?rest_route=%2Fwp%2Fv2%2Fmedia&parent=1807"}],"curies":[{"name":"wp","href":"https:\/\/api.w.org\/{rel}","templated":true}]}}