{"id":1705,"date":"2012-03-29T13:21:18","date_gmt":"2012-03-29T10:21:18","guid":{"rendered":"http:\/\/www.eurokolikonmaailma.fi\/blogi\/?page_id=1705"},"modified":"2012-03-29T13:53:20","modified_gmt":"2012-03-29T10:53:20","slug":"he-man-and-the-masters-of-the-universe-osa-5-varjopetojen-yo","status":"publish","type":"page","link":"https:\/\/www.eurokolikonmaailma.fi\/?page_id=1705","title":{"rendered":"He-Man and the Masters of the Universe, Osa 5: Varjopetojen y\u00f6"},"content":{"rendered":"<p><img loading=\"lazy\" decoding=\"async\" src=\"http:\/\/motu.eurokolikonmaailma.fi\/kuvat\/video\/picture2.php.jpg\" alt=\"\" width=\"236\" height=\"48\" \/><img loading=\"lazy\" decoding=\"async\" src=\"http:\/\/motu.eurokolikonmaailma.fi\/kuvat\/video\/210px-Dvd-video-logo.svg.png\" alt=\"\" width=\"78\" height=\"48\" \/><img loading=\"lazy\" decoding=\"async\" src=\"http:\/\/motu.eurokolikonmaailma.fi\/kuvat\/video\/alue2.jpg\" alt=\"\" width=\"47\" height=\"48\" \/><img loading=\"lazy\" decoding=\"async\" src=\"http:\/\/motu.eurokolikonmaailma.fi\/kuvat\/video\/k7.jpg\" alt=\"\" width=\"48\" height=\"48\" \/><\/p>\n<h1>He-Man and the Masters of the Universe, Osa 5: Varjopetojen y\u00f6<\/h1>\n<p><a href=\"http:\/\/motu.eurokolikonmaailma.fi\/kuvat\/video\/hm200x_v5_back.jpg\" target=\"_blank\"><img loading=\"lazy\" decoding=\"async\" title=\"He-Man and the Masters of he Universe osa 5 Suomi DVD takakansi\" src=\"http:\/\/motu.eurokolikonmaailma.fi\/kuvat\/video\/hm200x_v5_back.jpg\" alt=\"\" width=\"219\" height=\"307\" \/><\/a><a href=\"http:\/\/motu.eurokolikonmaailma.fi\/kuvat\/video\/hm200x_v5_spine.jpg\" target=\"_blank\"><img loading=\"lazy\" decoding=\"async\" title=\"He-Man and the Masters of he Universe osa 5 Suomi DVD selk\u00e4mys\" src=\"http:\/\/motu.eurokolikonmaailma.fi\/kuvat\/video\/hm200x_v5_spine.jpg\" alt=\"\" width=\"22\" height=\"307\" \/><\/a><a href=\"http:\/\/motu.eurokolikonmaailma.fi\/kuvat\/video\/hm200x_v5_front.jpg\" target=\"_blank\"><img loading=\"lazy\" decoding=\"async\" title=\"He-Man and the Masters of he Universe osa 5 Suomi DVD etukansi\" src=\"http:\/\/motu.eurokolikonmaailma.fi\/kuvat\/video\/hm200x_v5_front.jpg\" alt=\"\" width=\"223\" height=\"307\" \/><\/a><\/p>\n<p><strong>Varjopetojen y\u00f6\u00a0<strong>(Night of the Shadowbeasts)<\/strong><\/strong><\/p>\n<p>Kun tulivuoret sy\u00f6ksev\u00e4t tuhkaa Eternian taivaalle, p\u00e4iv\u00e4 vaihtuu loputtomaksi y\u00f6ksi. Pimeyden turvin Skeletor l\u00e4hett\u00e4\u00e4 P\u00e4\u00e4kallolinnaan uudet taistelijansa: varjopedot jotka liikkuvat vain pime\u00e4ss\u00e4.<\/p>\n<p><strong>Maanalainen taistelu (Underworld)<\/strong><\/p>\n<p>Prinssi Adam ja kuningas Randor saavat kuulla, ett\u00e4 Skeletor aikoo hy\u00f6k\u00e4t\u00e4 P\u00e4\u00e4kallolinnaan k\u00e4ytt\u00e4m\u00e4ll\u00e4 hyv\u00e4ksi valtavaa maanalaista verkostoa linnan uumenissa. Pystyyk\u00f6 He-Man est\u00e4m\u00e4\u00e4n joukkojen tunkeutumisen?<\/p>\n<p><strong>Hirvi\u00f6 sis\u00e4ll\u00e4ni (The Monster Within)<\/strong><\/p>\n<p>Skeletor l\u00e4hett\u00e4\u00e4 kaksi palkkionmets\u00e4st\u00e4j\u00e4\u00e4 uhoamaan He-Manin. Konnat ep\u00e4onnistuvat teht\u00e4v\u00e4ss\u00e4\u00e4n ja kostoksi Skeletor muuttaa heid\u00e4t kaksip\u00e4iseksi hirvi\u00f6ksi jonka h\u00e4n liitt\u00e4\u00e4 armeijansa uudeksi soturiksi.<\/p>\n<p><strong>Tekniset tiedot:<br \/>\n<\/strong>* Kesto: n. 68 minuuttia<br \/>\n* Ik\u00e4raja: 7<br \/>\n&#8211; sopii yleisesti kaikenik\u00e4isille, mutta jotkin kohdat voivat olla sopimattomia \u00a0 \u00a0pienimmille lapsille<\/p>\n<p>* Valmistumisvuosi: 2005<br \/>\n* Aluekoodi: 2<br \/>\n* \u00c4\u00e4ni: Stereo<br \/>\n* Kieli: Puhuttu suomeksi<br \/>\n* Kuvakoko: 4:3<br \/>\n* DVD-formaatti: DVD5<br \/>\n* EAN: 6415018618675<br \/>\n* Keepcase 1 DVD<br \/>\n* Julkaisija: Finnkino Oy<\/p>\n<table>\n<tbody>\n<tr>\n<td><a href=\"http:\/\/motu.eurokolikonmaailma.fi\/kuvat\/video\/hm200x_v5_disc.jpg\" target=\"_blank\"><img loading=\"lazy\" decoding=\"async\" title=\"He-Man and the Masters of he Universe osa 5 Suomi DVD levy\" src=\"http:\/\/motu.eurokolikonmaailma.fi\/kuvat\/video\/hm200x_v5_disc.jpg\" alt=\"\" width=\"175\" height=\"175\" \/><\/a><\/td>\n<td><\/td>\n<td><\/td>\n<td><\/td>\n<\/tr>\n<\/tbody>\n<\/table>\n","protected":false},"excerpt":{"rendered":"<p>He-Man and the Masters of the Universe, Osa 5: Varjopetojen y\u00f6 Varjopetojen y\u00f6\u00a0(Night of the Shadowbeasts) Kun tulivuoret sy\u00f6ksev\u00e4t tuhkaa Eternian taivaalle, p\u00e4iv\u00e4 vaihtuu loputtomaksi y\u00f6ksi. Pimeyden turvin Skeletor l\u00e4hett\u00e4\u00e4 P\u00e4\u00e4kallolinnaan uudet taistelijansa: varjopedot jotka liikkuvat vain pime\u00e4ss\u00e4. Maanalainen taistelu &hellip; <a href=\"https:\/\/www.eurokolikonmaailma.fi\/?page_id=1705\">Lue loppuun <span class=\"meta-nav\">&rarr;<\/span><\/a><\/p>\n","protected":false},"author":1,"featured_media":0,"parent":1056,"menu_order":0,"comment_status":"open","ping_status":"open","template":"","meta":{"footnotes":""},"class_list":["post-1705","page","type-page","status-publish","hentry"],"_links":{"self":[{"href":"https:\/\/www.eurokolikonmaailma.fi\/index.php?rest_route=\/wp\/v2\/pages\/1705","targetHints":{"allow":["GET"]}}],"collection":[{"href":"https:\/\/www.eurokolikonmaailma.fi\/index.php?rest_route=\/wp\/v2\/pages"}],"about":[{"href":"https:\/\/www.eurokolikonmaailma.fi\/index.php?rest_route=\/wp\/v2\/types\/page"}],"author":[{"embeddable":true,"href":"https:\/\/www.eurokolikonmaailma.fi\/index.php?rest_route=\/wp\/v2\/users\/1"}],"replies":[{"embeddable":true,"href":"https:\/\/www.eurokolikonmaailma.fi\/index.php?rest_route=%2Fwp%2Fv2%2Fcomments&post=1705"}],"version-history":[{"count":6,"href":"https:\/\/www.eurokolikonmaailma.fi\/index.php?rest_route=\/wp\/v2\/pages\/1705\/revisions"}],"predecessor-version":[{"id":1709,"href":"https:\/\/www.eurokolikonmaailma.fi\/index.php?rest_route=\/wp\/v2\/pages\/1705\/revisions\/1709"}],"up":[{"embeddable":true,"href":"https:\/\/www.eurokolikonmaailma.fi\/index.php?rest_route=\/wp\/v2\/pages\/1056"}],"wp:attachment":[{"href":"https:\/\/www.eurokolikonmaailma.fi\/index.php?rest_route=%2Fwp%2Fv2%2Fmedia&parent=1705"}],"curies":[{"name":"wp","href":"https:\/\/api.w.org\/{rel}","templated":true}]}}