{"id":1490,"date":"2012-03-25T16:22:14","date_gmt":"2012-03-25T13:22:14","guid":{"rendered":"http:\/\/www.eurokolikonmaailma.fi\/blogi\/?page_id=1490"},"modified":"2025-05-24T22:39:17","modified_gmt":"2025-05-24T19:39:17","slug":"liejuhaudan-vanki","status":"publish","type":"page","link":"https:\/\/www.eurokolikonmaailma.fi\/?page_id=1490","title":{"rendered":"Liejuhaudan vanki"},"content":{"rendered":"<h1>Masters of the Universe &#8211; Liejuhaudan vanki<\/h1>\n<p><a href=\"https:\/\/motu.eurokolikonmaailma.fi\/kuvat\/audio\/hlhv_00.jpg\" target=\"_blank\" rel=\"noopener noreferrer\"><img loading=\"lazy\" decoding=\"async\" title=\"Liejuhaudan vanki kirjanen etukansi\" src=\"https:\/\/motu.eurokolikonmaailma.fi\/kuvat\/audio\/hlhv_00.jpg\" alt=\"\" width=\"287\" height=\"307\" \/><\/a>\u00a0 \u00a0 \u00a0<a href=\"https:\/\/motu.eurokolikonmaailma.fi\/kuvat\/audio\/hlhv_27.jpg\" target=\"_blank\" rel=\"noopener noreferrer\"><img loading=\"lazy\" decoding=\"async\" title=\"Liejuhaudan vanki kirjanen takakansi\" src=\"https:\/\/motu.eurokolikonmaailma.fi\/kuvat\/audio\/hlhv_27.jpg\" alt=\"\" width=\"289\" height=\"307\" \/><\/a><\/p>\n<p>T\u00e4m\u00e4 kirjanen kuuluu yhteen &#8221;Liejuhaudan vanki&#8221; satukasetin kanssa (puuttuu itselt\u00e4ni) ja kuuluu &#8221;KATSELE kuvia KUUNTELE satua LUE kirjaa&#8221; -sarjaan.<\/p>\n<p>He-Man ja komeettasoturit taistelussaan Hordakia vastaan.<\/p>\n<p>* Huikea seikkailu<br \/>\n* J\u00e4nnitt\u00e4v\u00e4t \u00e4\u00e4nitehosteet<br \/>\n* \u00c4\u00e4nityksess\u00e4 mukana monta esiintyj\u00e4\u00e4<\/p>\n<p><strong>Kesto<\/strong> 16:56 min<br \/>\n<strong>Ruotsinkielinen alkuper\u00e4isteos:<\/strong> F\u00e5nge i gyttjegraven<br \/>\n<strong>Tuotantovuosi:<\/strong> 1988<br \/>\n<strong>ISBN:<\/strong> 951-28-1776-4<br \/>\n<strong>EAN:<\/strong> 9789512817764<\/p>\n<h2>Tuotanto:<\/h2>\n<p><strong>Suomennos ja ohjaus:<\/strong> Matti Ranin<br \/>\n<strong>Kertoja:<\/strong> Matti Ranin<br \/>\n<strong>He-Man:<\/strong> Jukka Puotila<br \/>\n<strong>Hordak:<\/strong> Matti Olavi Ranin<br \/>\n<strong>Rokkon:<\/strong> Pekka Autiovuori<br \/>\n<strong>Stonedar:<\/strong> Timo Toikka<br \/>\n<strong>\u00c4\u00e4nitys:<\/strong> Matti Ylinen<\/p>\n<p>Suomeksi tuottanut: FINN-KASPER, MATTI RANIN ky<\/p>\n<p><strong>Lue &amp; katsele kirjasta:<br \/>\n<\/strong><div class=\"_3d-flip-book  fb3d-fullscreen-mode full-size\" data-id=\"4489\" data-mode=\"fullscreen\" data-title=\"false\" data-template=\"short-white-book-view\" data-lightbox=\"dark-shadow\" data-urlparam=\"fb3d-page\" data-page-n=\"0\" data-pdf=\"\" data-tax=\"null\" data-thumbnail=\"\" data-cols=\"3\" data-book-template=\"default\" data-trigger=\"\"><\/div><script type=\"text\/javascript\">window.FB3D_CLIENT_DATA = window.FB3D_CLIENT_DATA || [];FB3D_CLIENT_DATA.push('eyJwb3N0cyI6eyI0NDg5Ijp7IklEIjo0NDg5LCJ0aXRsZSI6IkxpZWp1aGF1ZGFuIHZhbmtpIiwidHlwZSI6InBkZiIsInJlYWR5X2Z1bmN0aW9uIjoiIiwiYm9va19zdHlsZSI6ImF1dG8iLCJib29rX3RlbXBsYXRlIjoibm9uZSIsIm91dGxpbmUiOltdLCJkYXRhIjp7InBvc3RfSUQiOiI1Mzk4IiwiZ3VpZCI6Imh0dHBzOlwvXC93d3cuZXVyb2tvbGlrb25tYWFpbG1hLmZpXC9ibG9naVwvd3AtY29udGVudFwvdXBsb2Fkc1wvMjAyNVwvMDVcL0xpZWp1aGF1ZGFudmFua2kucGRmIiwicGRmX3BhZ2VzIjoiMjgiLCJwYWdlc19jdXN0b21pemF0aW9uIjoibm9uZSJ9LCJ0aHVtYm5haWwiOnsiZGF0YSI6eyJwb3N0X0lEIjoiMCJ9LCJ0eXBlIjoiYXV0byJ9LCJwcm9wcyI6eyJiYWNrZ3JvdW5kQ29sb3IiOiJhdXRvIiwiYmFja2dyb3VuZEltYWdlIjoiYXV0byIsImJhY2tncm91bmRTdHlsZSI6ImF1dG8iLCJoaWdobGlnaHRMaW5rcyI6ImF1dG8iLCJsaWdodGluZyI6ImF1dG8iLCJzaW5nbGVQYWdlTW9kZSI6ImF1dG8iLCJjYWNoZWRQYWdlcyI6ImF1dG8iLCJyZW5kZXJJbmFjdGl2ZVBhZ2VzIjoiYXV0byIsInJlbmRlckluYWN0aXZlUGFnZXNPbk1vYmlsZSI6ImF1dG8iLCJyZW5kZXJXaGlsZUZsaXBwaW5nIjoiYXV0byIsInByZWxvYWRQYWdlcyI6ImF1dG8iLCJhdXRvUGxheUR1cmF0aW9uIjoiYXV0byIsInJ0bCI6ImF1dG8iLCJpbnRlcmFjdGl2ZUNvcm5lcnMiOiJhdXRvIiwibWF4RGVwdGgiOiJhdXRvIiwic2hlZXQiOnsic3RhcnRWZWxvY2l0eSI6ImF1dG8iLCJ3YXZlIjoiYXV0byIsInNoYXBlIjoiYXV0byIsIndpZHRoVGV4ZWxzIjoiYXV0byIsImNvbG9yIjoiYXV0byIsInNpZGUiOiJhdXRvIiwic3RyZXRjaEltYWdlcyI6ImF1dG8iLCJjb3JuZXJEZXZpYXRpb24iOiJhdXRvIiwiZmxleGliaWxpdHkiOiJhdXRvIiwiZmxleGlibGVDb3JuZXIiOiJhdXRvIiwiYmVuZGluZyI6ImF1dG8iLCJoZWlnaHRUZXhlbHMiOiJhdXRvIn0sImNvdmVyIjp7IndhdmUiOiJhdXRvIiwiY29sb3IiOiJhdXRvIiwic2lkZSI6ImF1dG8iLCJzdHJldGNoSW1hZ2VzIjoiYXV0byIsImJpbmRlclRleHR1cmUiOiJhdXRvIiwiZGVwdGgiOiJhdXRvIiwicGFkZGluZyI6ImF1dG8iLCJzdGFydFZlbG9jaXR5IjoiYXV0byIsImZsZXhpYmlsaXR5IjoiYXV0byIsImZsZXhpYmxlQ29ybmVyIjoiYXV0byIsImJlbmRpbmciOiJhdXRvIiwid2lkdGhUZXhlbHMiOiJhdXRvIiwiaGVpZ2h0VGV4ZWxzIjoiYXV0byIsIm1hc3MiOiJhdXRvIiwic2hhcGUiOiJhdXRvIn0sInBhZ2UiOnsid2F2ZSI6ImF1dG8iLCJjb2xvciI6ImF1dG8iLCJzaWRlIjoiYXV0byIsInN0cmV0Y2hJbWFnZXMiOiJhdXRvIiwiZGVwdGgiOiJhdXRvIiwic3RhcnRWZWxvY2l0eSI6ImF1dG8iLCJmbGV4aWJpbGl0eSI6ImF1dG8iLCJmbGV4aWJsZUNvcm5lciI6ImF1dG8iLCJiZW5kaW5nIjoiYXV0byIsIndpZHRoVGV4ZWxzIjoiYXV0byIsImhlaWdodFRleGVscyI6ImF1dG8iLCJtYXNzIjoiYXV0byIsInNoYXBlIjoiYXV0byJ9LCJoZWlnaHQiOiJhdXRvIiwid2lkdGgiOiJhdXRvIiwiZ3Jhdml0eSI6ImF1dG8iLCJwYWdlc0ZvclByZWRpY3RpbmciOiJhdXRvIn0sImNvbnRyb2xQcm9wcyI6eyJhY3Rpb25zIjp7ImNtZFRvYyI6eyJlbmFibGVkIjoiYXV0byIsImVuYWJsZWRJbk5hcnJvdyI6ImF1dG8iLCJhY3RpdmUiOiJhdXRvIiwiZGVmYXVsdFRhYiI6ImF1dG8ifSwiY21kQXV0b1BsYXkiOnsiZW5hYmxlZCI6ImF1dG8iLCJlbmFibGVkSW5OYXJyb3ciOiJhdXRvIiwiYWN0aXZlIjoiYXV0byJ9LCJjbWRTYXZlIjp7ImVuYWJsZWQiOiIwIiwiZW5hYmxlZEluTmFycm93IjoiMCJ9LCJjbWRQcmludCI6eyJlbmFibGVkIjoiMCIsImVuYWJsZWRJbk5hcnJvdyI6IjAifSwiY21kU2luZ2xlUGFnZSI6eyJlbmFibGVkIjoiYXV0byIsImVuYWJsZWRJbk5hcnJvdyI6ImF1dG8iLCJhY3RpdmUiOiJhdXRvIiwiYWN0aXZlRm9yTW9iaWxlIjoiYXV0byJ9LCJ3aWRUb29sYmFyIjp7ImVuYWJsZWQiOiJhdXRvIiwiZW5hYmxlZEluTmFycm93IjoiYXV0byJ9fX0sImF1dG9UaHVtYm5haWwiOiJodHRwczpcL1wvd3d3LmV1cm9rb2xpa29ubWFhaWxtYS5maVwvYmxvZ2lcL3dwLWNvbnRlbnRcL3VwbG9hZHNcLzNkLWZsaXAtYm9va1wvYXV0by10aHVtYm5haWxzXC80NDg5LnBuZyIsInBvc3RfbmFtZSI6ImxpZWp1aGF1ZGFuLXZhbmtpIiwicG9zdF90eXBlIjoiM2QtZmxpcC1ib29rIn19LCJwYWdlcyI6W10sImZpcnN0UGFnZXMiOltdfQ==');window.FB3D_CLIENT_LOCALE && FB3D_CLIENT_LOCALE.render && FB3D_CLIENT_LOCALE.render();<\/script><strong><br \/>\n<\/strong><\/p>\n<p><strong>Kuuntele tarina:<\/strong><\/p>\n<audio class=\"wp-audio-shortcode\" id=\"audio-1490-1\" preload=\"none\" style=\"width: 100%;\" controls=\"controls\"><source type=\"audio\/mpeg\" src=\"https:\/\/www.eurokolikonmaailma.fi\/blogi\/wp-content\/uploads\/2019\/06\/hm_liejuhaudan_vanki.mp3?_=1\" \/><a href=\"https:\/\/www.eurokolikonmaailma.fi\/blogi\/wp-content\/uploads\/2019\/06\/hm_liejuhaudan_vanki.mp3\">https:\/\/www.eurokolikonmaailma.fi\/blogi\/wp-content\/uploads\/2019\/06\/hm_liejuhaudan_vanki.mp3<\/a><\/audio>\n<p><span style=\"color: #ffffff;\">k<\/span><\/p>\n","protected":false},"excerpt":{"rendered":"<p>Masters of the Universe &#8211; Liejuhaudan vanki \u00a0 \u00a0 \u00a0 T\u00e4m\u00e4 kirjanen kuuluu yhteen &#8221;Liejuhaudan vanki&#8221; satukasetin kanssa (puuttuu itselt\u00e4ni) ja kuuluu &#8221;KATSELE kuvia KUUNTELE satua LUE kirjaa&#8221; -sarjaan. He-Man ja komeettasoturit taistelussaan Hordakia vastaan. * Huikea seikkailu * J\u00e4nnitt\u00e4v\u00e4t &hellip; <a href=\"https:\/\/www.eurokolikonmaailma.fi\/?page_id=1490\">Lue loppuun <span class=\"meta-nav\">&rarr;<\/span><\/a><\/p>\n","protected":false},"author":1,"featured_media":0,"parent":28,"menu_order":0,"comment_status":"open","ping_status":"closed","template":"","meta":{"footnotes":""},"class_list":["post-1490","page","type-page","status-publish","hentry"],"_links":{"self":[{"href":"https:\/\/www.eurokolikonmaailma.fi\/index.php?rest_route=\/wp\/v2\/pages\/1490","targetHints":{"allow":["GET"]}}],"collection":[{"href":"https:\/\/www.eurokolikonmaailma.fi\/index.php?rest_route=\/wp\/v2\/pages"}],"about":[{"href":"https:\/\/www.eurokolikonmaailma.fi\/index.php?rest_route=\/wp\/v2\/types\/page"}],"author":[{"embeddable":true,"href":"https:\/\/www.eurokolikonmaailma.fi\/index.php?rest_route=\/wp\/v2\/users\/1"}],"replies":[{"embeddable":true,"href":"https:\/\/www.eurokolikonmaailma.fi\/index.php?rest_route=%2Fwp%2Fv2%2Fcomments&post=1490"}],"version-history":[{"count":12,"href":"https:\/\/www.eurokolikonmaailma.fi\/index.php?rest_route=\/wp\/v2\/pages\/1490\/revisions"}],"predecessor-version":[{"id":5400,"href":"https:\/\/www.eurokolikonmaailma.fi\/index.php?rest_route=\/wp\/v2\/pages\/1490\/revisions\/5400"}],"up":[{"embeddable":true,"href":"https:\/\/www.eurokolikonmaailma.fi\/index.php?rest_route=\/wp\/v2\/pages\/28"}],"wp:attachment":[{"href":"https:\/\/www.eurokolikonmaailma.fi\/index.php?rest_route=%2Fwp%2Fv2%2Fmedia&parent=1490"}],"curies":[{"name":"wp","href":"https:\/\/api.w.org\/{rel}","templated":true}]}}