{"id":1480,"date":"2012-03-23T18:08:43","date_gmt":"2012-03-23T16:08:43","guid":{"rendered":"http:\/\/www.eurokolikonmaailma.fi\/blogi\/?page_id=1480"},"modified":"2025-05-30T16:01:54","modified_gmt":"2025-05-30T13:01:54","slug":"fearless-photog","status":"publish","type":"page","link":"https:\/\/www.eurokolikonmaailma.fi\/?page_id=1480","title":{"rendered":"Fearless Photog"},"content":{"rendered":"<p><img loading=\"lazy\" decoding=\"async\" src=\"http:\/\/motu.eurokolikonmaailma.fi\/kuvat\/fearless_photog\/motuc.1.jpg\" alt=\"\" width=\"125\" height=\"48\" \/><img loading=\"lazy\" decoding=\"async\" src=\"http:\/\/motu.eurokolikonmaailma.fi\/kuvat\/fearless_photog\/clubMOTU30th_fullsizeimage.jpg\" alt=\"\" width=\"43\" height=\"48\" \/><img loading=\"lazy\" decoding=\"async\" src=\"http:\/\/motu.eurokolikonmaailma.fi\/kuvat\/fearless_photog\/30th_MOTUClogo.jpg\" alt=\"\" width=\"58\" height=\"48\" \/><br \/>\nTuotekoodi: W8901<\/p>\n<h1>Fearless Photog<br \/>\n&#8211; Heroic Master of Cameras<\/h1>\n<p><a href=\"http:\/\/motu.eurokolikonmaailma.fi\/kuvat\/fearless_photog\/fp_package_front.jpg\" target=\"_blank\" rel=\"noopener\"><img loading=\"lazy\" decoding=\"async\" title=\"Fearless Photog pakkaus edest\u00e4\" src=\"http:\/\/motu.eurokolikonmaailma.fi\/kuvat\/fearless_photog\/fp_package_front.jpg\" alt=\"\" width=\"230\" height=\"336\" \/><\/a>\u00a0 \u00a0<a href=\"http:\/\/motu.eurokolikonmaailma.fi\/kuvat\/fearless_photog\/fp_cardback.jpg\" target=\"_blank\" rel=\"noopener\"><img loading=\"lazy\" decoding=\"async\" title=\"Fearless Photog takapahvi\" src=\"http:\/\/motu.eurokolikonmaailma.fi\/kuvat\/fearless_photog\/fp_cardback.jpg\" alt=\"\" width=\"238\" height=\"336\" \/><\/a>\u00a0 <a href=\"http:\/\/motu.eurokolikonmaailma.fi\/kuvat\/fearless_photog\/fp_created_burst.jpg\" target=\"_blank\" rel=\"noopener\"><img loading=\"lazy\" decoding=\"async\" title=\"&quot;Created by Nathan Bitner&quot; logo\" src=\"http:\/\/motu.eurokolikonmaailma.fi\/kuvat\/fearless_photog\/fp_created_burst.jpg\" alt=\"\" width=\"151\" height=\"83\" \/><\/a><\/p>\n<p><em>\u00a0Masters of The Universe 30-vuotta juhlahahmo 1\/6, jonka on luonut Nathan Bitner.<\/em><\/p>\n<p>Alkuper\u00e4isen 1980-luvulla pidetyn Masters of the Universe &#8221;Luo hahmo&#8221; kilpailun voittajahahmo. Masters of the Universe hahmosarja p\u00e4\u00e4ttyi aikoinaan ennen kuin Fearless Photog ehdittiin julkaista, mutta nyt Masters of the Universe:n 30-vuotis juhlavuonna, Fearless Photog sai lopultakin hahmojulkaisunsa Masters of the Universe Classics hahmosarjassa.<\/p>\n<p><strong>Oikea nimi:<\/strong>\u00a0Jey<\/p>\n<p>Apprentice to Gwildor, Jey often daydreamed of life as a member of the Masters\u00a0 of the Universe. His dreams became a reality when he was selected along with\u00a0 five other inventors by the Science Council to journey to Eternos to present his\u00a0 latest creation; the Photog Emulator. During the presentation, a slight\u00a0 miscalculation lead to a flux overload merging Jey with his invention. Finding\u00a0 he could drain his enemies&#8217; powers and display their defeat on his chest. Jey\u00a0 called himself the Fearless Photog and was offered membership with his idols in\u00a0 the Masters of the Universe. He heroically fought during the Second Ultimate\u00a0 Battleground helping to defeat several of Skeletor&#8217;s warriors including Clawful\u00a0 and Whiplash. Photog drains his enemies power, displaying their defeat for all\u00a0 to see!<\/p>\n<p><em>Gwildorin oppipoika, Jey usein haaveili el\u00e4m\u00e4st\u00e4 Masters of the Universe -ryhm\u00e4n\u00a0 j\u00e4senen\u00e4. H\u00e4nen unelmistaan tuli totta, kun h\u00e4net, Tiede neuvoston toimesta,\u00a0 valittiin yhdess\u00e4 viiden muun keksij\u00e4n kanssa matkaamaan Eternosiin esittelem\u00e4\u00e4n\u00a0 uusinta keksint\u00f6\u00e4\u00e4n: Photog emulaattoria. Esittelyn aikana sattuneen virhearvion\u00a0 seurauksena vuo ylikurmittui ja yhdisti Jeyn keksint\u00f6ns\u00e4 kanssa. H\u00e4n huomasi\u00a0 voivansa tyhjent\u00e4\u00e4 vihollisensa voimistaan ja n\u00e4ytt\u00e4\u00e4 heid\u00e4n h\u00e4vi\u00f6ns\u00e4\u00a0 rinnassaan. Jey kutsui itse\u00e4\u00e4n nimell\u00e4 Fearless Photog ja h\u00e4nelle tarjottiin\u00a0 j\u00e4senyytt\u00e4 idoliensa Masters of the Universe -ryhm\u00e4n joukossa. H\u00e4n\u00a0 sankarillisesti taisteli Toisen Ultimaalisen Taistelukent\u00e4n -taistelun aikana,\u00a0 auttaen peittoamaan useita Skeletorin k\u00e4tyreit\u00e4, mukaan luettuna Clawful ja\u00a0 Whiplash. Photog tyhjent\u00e4\u00e4 vihollisensa voimistaan ja n\u00e4ytt\u00e4\u00e4 heid\u00e4n tappionsa\u00a0 kaikkille!<\/em><\/p>\n<p><strong><span style=\"text-decoration: underline;\">Mukana tulevat varusteet:<\/span><\/strong><br \/>\n* kameran muotoinen \u00a0s\u00e4depistooli<br \/>\n* kilpi<\/p>\n<p>&nbsp;<\/p>\n<h2>L\u00e4hikuvat<\/h2>\n<p><a href=\"http:\/\/motu.eurokolikonmaailma.fi\/kuvat\/fearless_photog\/fp_closeup.jpg\" target=\"_blank\" rel=\"noopener\"><img loading=\"lazy\" decoding=\"async\" title=\"Fearless Photog l\u00e4hikuva 1\" src=\"http:\/\/motu.eurokolikonmaailma.fi\/kuvat\/fearless_photog\/fp_closeup.jpg\" alt=\"\" width=\"302\" height=\"287\" \/><\/a><a href=\"http:\/\/motu.eurokolikonmaailma.fi\/kuvat\/fearless_photog\/fp_closeup_2.jpg\" target=\"_blank\" rel=\"noopener\"><img loading=\"lazy\" decoding=\"async\" title=\"Fearless Photog l\u00e4hikuva 2\" src=\"http:\/\/motu.eurokolikonmaailma.fi\/kuvat\/fearless_photog\/fp_closeup_2.jpg\" alt=\"\" width=\"279\" height=\"302\" \/><\/a><\/p>\n<h2><\/h2>\n<h2>Kokovartalokuvat<\/h2>\n<p><a href=\"http:\/\/motu.eurokolikonmaailma.fi\/kuvat\/fearless_photog\/fp_main.jpg\" target=\"_blank\" rel=\"noopener\"><img loading=\"lazy\" decoding=\"async\" title=\"Fearless Photog aseistettuna\" src=\"http:\/\/motu.eurokolikonmaailma.fi\/kuvat\/fearless_photog\/fp_main.jpg\" alt=\"\" width=\"262\" height=\"490\" \/><\/a><\/p>\n<p><a href=\"http:\/\/motu.eurokolikonmaailma.fi\/kuvat\/fearless_photog\/fp_front.jpg\" target=\"_blank\" rel=\"noopener\"><img loading=\"lazy\" decoding=\"async\" title=\"Fearless Photog edest\u00e4\" src=\"http:\/\/motu.eurokolikonmaailma.fi\/kuvat\/fearless_photog\/fp_front.jpg\" alt=\"\" width=\"227\" height=\"490\" \/><\/a><a href=\"http:\/\/motu.eurokolikonmaailma.fi\/kuvat\/fearless_photog\/fp_angle1.jpg\" target=\"_blank\" rel=\"noopener\"><img loading=\"lazy\" decoding=\"async\" title=\"Fearless Photog etuviistosta 1\" src=\"http:\/\/motu.eurokolikonmaailma.fi\/kuvat\/fearless_photog\/fp_angle1.jpg\" alt=\"\" width=\"207\" height=\"490\" \/><\/a><a href=\"http:\/\/motu.eurokolikonmaailma.fi\/kuvat\/fearless_photog\/fp_side1.jpg\" target=\"_blank\" rel=\"noopener\"><img loading=\"lazy\" decoding=\"async\" title=\"Fearless Photog sivulta 1\" src=\"http:\/\/motu.eurokolikonmaailma.fi\/kuvat\/fearless_photog\/fp_side1.jpg\" alt=\"\" width=\"165\" height=\"490\" \/><\/a><a href=\"http:\/\/motu.eurokolikonmaailma.fi\/kuvat\/fearless_photog\/fp_angle2.jpg\" target=\"_blank\" rel=\"noopener\"><img loading=\"lazy\" decoding=\"async\" title=\"Fearless Photog takaviistosta 1\" src=\"http:\/\/motu.eurokolikonmaailma.fi\/kuvat\/fearless_photog\/fp_angle2.jpg\" alt=\"\" width=\"180\" height=\"490\" \/><\/a><a href=\"http:\/\/motu.eurokolikonmaailma.fi\/kuvat\/fearless_photog\/fp_back.jpg\" target=\"_blank\" rel=\"noopener\"><img loading=\"lazy\" decoding=\"async\" title=\"Fearless Photog takaa\" src=\"http:\/\/motu.eurokolikonmaailma.fi\/kuvat\/fearless_photog\/fp_back.jpg\" alt=\"\" width=\"228\" height=\"490\" \/><\/a><a href=\"http:\/\/motu.eurokolikonmaailma.fi\/kuvat\/fearless_photog\/fp_angle3.jpg\" target=\"_blank\" rel=\"noopener\"><img loading=\"lazy\" decoding=\"async\" title=\"Fearless Photog takaviistosta 2\" src=\"http:\/\/motu.eurokolikonmaailma.fi\/kuvat\/fearless_photog\/fp_angle3.jpg\" alt=\"\" width=\"216\" height=\"490\" \/><\/a><a href=\"http:\/\/motu.eurokolikonmaailma.fi\/kuvat\/fearless_photog\/fp_side2.jpg\" target=\"_blank\" rel=\"noopener\"><img loading=\"lazy\" decoding=\"async\" title=\"Fearless Photog sivulta 2\" src=\"http:\/\/motu.eurokolikonmaailma.fi\/kuvat\/fearless_photog\/fp_side2.jpg\" alt=\"\" width=\"177\" height=\"490\" \/><\/a><a href=\"http:\/\/motu.eurokolikonmaailma.fi\/kuvat\/fearless_photog\/fp_angle4.jpg\" target=\"_blank\" rel=\"noopener\"><img loading=\"lazy\" decoding=\"async\" title=\"Fearless Photog etuviistosta 2\" src=\"http:\/\/motu.eurokolikonmaailma.fi\/kuvat\/fearless_photog\/fp_angle4.jpg\" alt=\"\" width=\"197\" height=\"490\" \/><\/a><\/p>\n<p>&nbsp;<\/p>\n<h2>Yksityiskohtia<\/h2>\n<p><a href=\"http:\/\/motu.eurokolikonmaailma.fi\/kuvat\/fearless_photog\/fp_chest_state1.jpg\" target=\"_blank\" rel=\"noopener\"><img loading=\"lazy\" decoding=\"async\" title=\"Fearless Photog rintatarra 1\" src=\"http:\/\/motu.eurokolikonmaailma.fi\/kuvat\/fearless_photog\/fp_chest_state1.jpg\" alt=\"\" width=\"300\" height=\"182\" \/><\/a>\u00a0 \u00a0<a href=\"http:\/\/motu.eurokolikonmaailma.fi\/kuvat\/fearless_photog\/fp_chest_state2.jpg\" target=\"_blank\" rel=\"noopener\"><img loading=\"lazy\" decoding=\"async\" title=\"Fearless Photog rintatarra 2\" src=\"http:\/\/motu.eurokolikonmaailma.fi\/kuvat\/fearless_photog\/fp_chest_state2.jpg\" alt=\"\" width=\"300\" height=\"133\" \/><\/a><\/p>\n<h2><\/h2>\n<h2>Varusteet<\/h2>\n<p><img loading=\"lazy\" decoding=\"async\" title=\"Fearless Photog kilpi\" src=\"http:\/\/motu.eurokolikonmaailma.fi\/kuvat\/fearless_photog\/fp_shield.jpg\" alt=\"\" width=\"265\" height=\"264\" \/>\u00a0 \u00a0<a href=\"http:\/\/motu.eurokolikonmaailma.fi\/kuvat\/fearless_photog\/fp_gun.jpg\" target=\"_blank\" rel=\"noopener\"><img loading=\"lazy\" decoding=\"async\" title=\"Fearless Photog ase\" src=\"http:\/\/motu.eurokolikonmaailma.fi\/kuvat\/fearless_photog\/fp_gun.jpg\" alt=\"\" width=\"252\" height=\"170\" \/><\/a><\/p>\n<h2>Videoesittelyni hahmosta:<\/h2>\n<p><strong>Suomi<\/strong><\/p>\n<p><iframe loading=\"lazy\" title=\"Masters of the Universe Classics Fearless Photog (Finnish)\" width=\"640\" height=\"360\" src=\"https:\/\/www.youtube.com\/embed\/oALAKSOl_iY?feature=oembed\" frameborder=\"0\" allow=\"accelerometer; autoplay; clipboard-write; encrypted-media; gyroscope; picture-in-picture; web-share\" referrerpolicy=\"strict-origin-when-cross-origin\" allowfullscreen><\/iframe><\/p>\n<p><strong>In English<\/strong><\/p>\n<p><iframe loading=\"lazy\" title=\"Masters of the Universe Classics Fearless Photog (English)\" width=\"640\" height=\"360\" src=\"https:\/\/www.youtube.com\/embed\/KrvEmCM2Gjk?feature=oembed\" frameborder=\"0\" allow=\"accelerometer; autoplay; clipboard-write; encrypted-media; gyroscope; picture-in-picture; web-share\" referrerpolicy=\"strict-origin-when-cross-origin\" allowfullscreen><\/iframe><\/p>\n","protected":false},"excerpt":{"rendered":"<p>Tuotekoodi: W8901 Fearless Photog &#8211; Heroic Master of Cameras \u00a0 \u00a0\u00a0 \u00a0Masters of The Universe 30-vuotta juhlahahmo 1\/6, jonka on luonut Nathan Bitner. Alkuper\u00e4isen 1980-luvulla pidetyn Masters of the Universe &#8221;Luo hahmo&#8221; kilpailun voittajahahmo. Masters of the Universe hahmosarja p\u00e4\u00e4ttyi &hellip; <a href=\"https:\/\/www.eurokolikonmaailma.fi\/?page_id=1480\">Lue loppuun <span class=\"meta-nav\">&rarr;<\/span><\/a><\/p>\n","protected":false},"author":1,"featured_media":0,"parent":1478,"menu_order":0,"comment_status":"open","ping_status":"open","template":"","meta":{"footnotes":""},"class_list":["post-1480","page","type-page","status-publish","hentry"],"_links":{"self":[{"href":"https:\/\/www.eurokolikonmaailma.fi\/index.php?rest_route=\/wp\/v2\/pages\/1480","targetHints":{"allow":["GET"]}}],"collection":[{"href":"https:\/\/www.eurokolikonmaailma.fi\/index.php?rest_route=\/wp\/v2\/pages"}],"about":[{"href":"https:\/\/www.eurokolikonmaailma.fi\/index.php?rest_route=\/wp\/v2\/types\/page"}],"author":[{"embeddable":true,"href":"https:\/\/www.eurokolikonmaailma.fi\/index.php?rest_route=\/wp\/v2\/users\/1"}],"replies":[{"embeddable":true,"href":"https:\/\/www.eurokolikonmaailma.fi\/index.php?rest_route=%2Fwp%2Fv2%2Fcomments&post=1480"}],"version-history":[{"count":9,"href":"https:\/\/www.eurokolikonmaailma.fi\/index.php?rest_route=\/wp\/v2\/pages\/1480\/revisions"}],"predecessor-version":[{"id":5717,"href":"https:\/\/www.eurokolikonmaailma.fi\/index.php?rest_route=\/wp\/v2\/pages\/1480\/revisions\/5717"}],"up":[{"embeddable":true,"href":"https:\/\/www.eurokolikonmaailma.fi\/index.php?rest_route=\/wp\/v2\/pages\/1478"}],"wp:attachment":[{"href":"https:\/\/www.eurokolikonmaailma.fi\/index.php?rest_route=%2Fwp%2Fv2%2Fmedia&parent=1480"}],"curies":[{"name":"wp","href":"https:\/\/api.w.org\/{rel}","templated":true}]}}