{"id":1444,"date":"2012-03-06T12:53:18","date_gmt":"2012-03-06T10:53:18","guid":{"rendered":"http:\/\/www.eurokolikonmaailma.fi\/blogi\/?page_id=1444"},"modified":"2023-08-04T23:44:07","modified_gmt":"2023-08-04T20:44:07","slug":"vhs-he-man-ja-lohikaarmeet","status":"publish","type":"page","link":"https:\/\/www.eurokolikonmaailma.fi\/?page_id=1444","title":{"rendered":"VHS: He-Man ja Lohik\u00e4\u00e4rmeet"},"content":{"rendered":"<p><img loading=\"lazy\" decoding=\"async\" src=\"http:\/\/motu.eurokolikonmaailma.fi\/kuvat\/video\/hmatmotu_logo.jpg\" alt=\"\" width=\"76\" height=\"47\" \/><img loading=\"lazy\" decoding=\"async\" src=\"http:\/\/motu.eurokolikonmaailma.fi\/kuvat\/video\/vhs_logo.jpg\" alt=\"\" width=\"91\" height=\"46\" \/>\u00a0<img loading=\"lazy\" decoding=\"async\" src=\"http:\/\/motu.eurokolikonmaailma.fi\/kuvat\/video\/sallittu.jpg\" alt=\"\" width=\"56\" height=\"44\" \/><\/p>\n<h1>He-Man\u00a0and the Masters of the Universe \u00a0ja Lohik\u00e4\u00e4rmeet<\/h1>\n<p><a href=\"http:\/\/motu.eurokolikonmaailma.fi\/kuvat\/video\/hlk_takakansi.jpg\" target=\"_blank\" rel=\"noopener\"><img loading=\"lazy\" decoding=\"async\" title=\"Kasettikotelon takakansi\" src=\"http:\/\/motu.eurokolikonmaailma.fi\/kuvat\/video\/hlk_takakansi.jpg\" alt=\"\" width=\"213\" height=\"338\" \/><\/a><a href=\"http:\/\/motu.eurokolikonmaailma.fi\/kuvat\/video\/hlk_spine.jpg\" target=\"_blank\" rel=\"noopener\"><img loading=\"lazy\" decoding=\"async\" title=\"Kasettikotelon sivu\" src=\"http:\/\/motu.eurokolikonmaailma.fi\/kuvat\/video\/hlk_spine.jpg\" alt=\"\" width=\"50\" height=\"338\" \/><\/a><a href=\"http:\/\/motu.eurokolikonmaailma.fi\/kuvat\/video\/hlk_etukansi.jpg\" target=\"_blank\" rel=\"noopener\"><img loading=\"lazy\" decoding=\"async\" title=\"Kasettikotelon etukansi\" src=\"http:\/\/motu.eurokolikonmaailma.fi\/kuvat\/video\/hlk_etukansi.jpg\" alt=\"\" width=\"212\" height=\"338\" \/><\/a><\/p>\n<p>Takakannen perusteella t\u00e4m\u00e4 kasetti on alunperin ollut vuokrakasetti, mutta mik\u00e4 t\u00e4st\u00e4 tekee mielenkiintoisen on se seikka, ett\u00e4 varsinaisen kasetin p\u00e4\u00e4lle on liimattu &#8221;Vain yksityiseen kotik\u00e4ytt\u00f6\u00f6n tarra&#8221;, joka on voitu liimata kun kasetti on poistunut videovuokraamon valikoimista.<\/p>\n<blockquote><p>T\u00e4lt\u00e4 kasetilta l\u00f6ytyv\u00e4t seuraavat kolme seikkailua:<br \/>\nSKELETOR JA AIKAPOMMI (The Time Corridor), HE-MAN JA LOHIK\u00c4\u00c4RMEET (The Dragon Invasion), ja PIENENNYSKONE (A Friend in Need).<\/p>\n<p>SKELETOR matkaa &lt;&lt;aikatunnelin&gt;&gt; l\u00e4pi taaksep\u00e4in muinaiseen aikaan, ja h\u00e4n suunnittelee valloittavansa ETERNIAN nerokkaalla aikapommilla. Rajun kamppailun j\u00e4lkeen HE-MAN onnistuu est\u00e4m\u00e4\u00e4n h\u00e4nen hirvitt\u00e4v\u00e4t suunnitelmansa.<\/p>\n<p>HE-MAN JA LOHIK\u00c4\u00c4RMEET. SKELETOR ja h\u00e4nen pelottavat apurinsa l\u00e4hett\u00e4v\u00e4t kokonaisen lohik\u00e4\u00e4rmeeejan ETERNIAAN. Miten HE-MAN onnistuu torjumaan t\u00e4m\u00e4n uhkaavan vaaran?<\/p>\n<p>PIENENNYSKONE. Nerokas, mutta seniili, tutkija esittelee &lt;&lt;transmutaattorin&gt;&gt; ETERNIAN kuninkaalliselle hoville. T\u00e4m\u00e4n koneen s\u00e4teet voivat pienent\u00e4\u00e4 mit\u00e4 tahansa. Kun kostonhimoinen rangaistusvanki varastaa transmutaattorin, on HE-MANIN aika astua kuvaan mukaan&#8230;<\/p><\/blockquote>\n<h2>Tiedot:<\/h2>\n<p>* Kesto: n. 60 minuuttia<br \/>\n* Ik\u00e4raja: sallittu (S\/T) &#8211; I-00113<br \/>\n&#8211; sopii yleisesti kaikenik\u00e4isille<br \/>\n* Valmistumisvuosi: 1983 (VHS 1988)<br \/>\n* Tekstitys: Suomenkielinen teksti<br \/>\n* Kuvakoko: 4:3<br \/>\n*\u00a01 VHS<br \/>\n* Julkaisija: Oy Kirjalito ab, Select Video<\/p>\n","protected":false},"excerpt":{"rendered":"<p>\u00a0 He-Man\u00a0and the Masters of the Universe \u00a0ja Lohik\u00e4\u00e4rmeet Takakannen perusteella t\u00e4m\u00e4 kasetti on alunperin ollut vuokrakasetti, mutta mik\u00e4 t\u00e4st\u00e4 tekee mielenkiintoisen on se seikka, ett\u00e4 varsinaisen kasetin p\u00e4\u00e4lle on liimattu &#8221;Vain yksityiseen kotik\u00e4ytt\u00f6\u00f6n tarra&#8221;, joka on voitu liimata kun &hellip; <a href=\"https:\/\/www.eurokolikonmaailma.fi\/?page_id=1444\">Lue loppuun <span class=\"meta-nav\">&rarr;<\/span><\/a><\/p>\n","protected":false},"author":1,"featured_media":0,"parent":962,"menu_order":0,"comment_status":"open","ping_status":"open","template":"","meta":{"footnotes":""},"class_list":["post-1444","page","type-page","status-publish","hentry"],"_links":{"self":[{"href":"https:\/\/www.eurokolikonmaailma.fi\/index.php?rest_route=\/wp\/v2\/pages\/1444","targetHints":{"allow":["GET"]}}],"collection":[{"href":"https:\/\/www.eurokolikonmaailma.fi\/index.php?rest_route=\/wp\/v2\/pages"}],"about":[{"href":"https:\/\/www.eurokolikonmaailma.fi\/index.php?rest_route=\/wp\/v2\/types\/page"}],"author":[{"embeddable":true,"href":"https:\/\/www.eurokolikonmaailma.fi\/index.php?rest_route=\/wp\/v2\/users\/1"}],"replies":[{"embeddable":true,"href":"https:\/\/www.eurokolikonmaailma.fi\/index.php?rest_route=%2Fwp%2Fv2%2Fcomments&post=1444"}],"version-history":[{"count":12,"href":"https:\/\/www.eurokolikonmaailma.fi\/index.php?rest_route=\/wp\/v2\/pages\/1444\/revisions"}],"predecessor-version":[{"id":5179,"href":"https:\/\/www.eurokolikonmaailma.fi\/index.php?rest_route=\/wp\/v2\/pages\/1444\/revisions\/5179"}],"up":[{"embeddable":true,"href":"https:\/\/www.eurokolikonmaailma.fi\/index.php?rest_route=\/wp\/v2\/pages\/962"}],"wp:attachment":[{"href":"https:\/\/www.eurokolikonmaailma.fi\/index.php?rest_route=%2Fwp%2Fv2%2Fmedia&parent=1444"}],"curies":[{"name":"wp","href":"https:\/\/api.w.org\/{rel}","templated":true}]}}