{"id":1376,"date":"2012-02-12T21:45:55","date_gmt":"2012-02-12T19:45:55","guid":{"rendered":"http:\/\/www.eurokolikonmaailma.fi\/blogi\/?page_id=1376"},"modified":"2025-05-30T13:06:54","modified_gmt":"2025-05-30T10:06:54","slug":"faker","status":"publish","type":"page","link":"https:\/\/www.eurokolikonmaailma.fi\/?page_id=1376","title":{"rendered":"Faker"},"content":{"rendered":"<p><img loading=\"lazy\" decoding=\"async\" src=\"http:\/\/motu.eurokolikonmaailma.fi\/kuvat\/Faker\/motuc.1.jpg\" alt=\"\" width=\"118\" height=\"47\" border=\"0\" \/><br \/>\nTuotekoodi: P4009<\/p>\n<h1><span style=\"font-size: xx-large;\">Faker<br \/>\n&#8211; Evil Robot of Skeletor<\/span><\/h1>\n<p><a href=\"http:\/\/motu.eurokolikonmaailma.fi\/kuvat\/Faker\/faker_box_front.jpg\" target=\"_blank\" rel=\"noopener\"><img loading=\"lazy\" decoding=\"async\" title=\"Faker pakkaus edest\u00e4\" src=\"http:\/\/motu.eurokolikonmaailma.fi\/kuvat\/Faker\/faker_box_front.jpg\" alt=\"\" width=\"223\" height=\"337\" \/><\/a>\u00a0 \u00a0 \u00a0<a href=\"http:\/\/motu.eurokolikonmaailma.fi\/kuvat\/Faker\/faker_cardback.jpg\" target=\"_blank\" rel=\"noopener\"><img loading=\"lazy\" decoding=\"async\" title=\"Faker pakkaus takapahvi\" src=\"http:\/\/motu.eurokolikonmaailma.fi\/kuvat\/Faker\/faker_cardback.jpg\" alt=\"\" width=\"239\" height=\"337\" \/><\/a><\/p>\n<p>Hahmo oli alunperin tarkoitettu vain ja ainoastaan NYCC-messuja\u00a0 (6.-8.2.2009) varten valmistetuksi (ja siell\u00e4 myyt\u00e4v\u00e4ksi) spesiaalihahmoksi. Mutta, koska Mer-Manin maaliskuulle tarkoitettu myynti ei toteutunutkaan tuotannollisista syist\u00e4, Faker tuli Mer-Manin tilalle maaliskuun perushahmoksi. Normaalia pienemm\u00e4n valmistusm\u00e4\u00e4r\u00e4n vuoksi Fakerill\u00e4 oli 4 kappaleen osto-\/tilausraja. NYCC-messuilla ja verkkokaupassa myydyt hahmot ovat t\u00e4ysin identtisi\u00e4.<\/p>\n<p><strong>Oikea nimi:<\/strong>\u00a0N\/A<\/p>\n<p>Originally built by\u00a0Man-At-Arms\u00a0to cover for\u00a0He-Man\u00a0when\u00a0Prince Adam\u00a0is needed,\u00a0Faker\u00a0was abandoned after his first mission in the royal junk yard and salvaged by the evil warrior\u00a0Tri-Klops. At the request of\u00a0Skeletor,\u00a0Faker\u00a0was reprogrammed to replace\u00a0He-Manand convince the people of\u00a0Eternia\u00a0that\u00a0He-Man\u00a0had betrayed\u00a0King Randor\u00a0and turned to evil.<\/p>\n<p><em><span style=\"font-family: 'Times New Roman';\">Rakentanut alunperin Asemies korvaamaan He-Man, kun Prinssi Adamilla on muita kiireit\u00e4. Faker hyl\u00e4ttiin ensimm\u00e4isen teht\u00e4v\u00e4ns\u00e4 j\u00e4lkeen kuninkaalliselle kaatopaikalle ja sen sielt\u00e4 pelasti pahuuden taistelija Tri-Klops. Skeletorin pyynn\u00f6st\u00e4, Faker uudelleen ohjelmoitiin korvaamaan He-Man ja vakuuttamaan Eternian kansa siit\u00e4, ett\u00e4 He-Man pett\u00e4nyt kiuningas Randorin ja k\u00e4\u00e4ntynyt pahuuden puolelle.<\/span><\/em><\/p>\n<p><strong><span style=\"text-decoration: underline;\">Mukana tulevat varusteet:<\/span><\/strong><br \/>\n* voimamiekka (kokonainen)<br \/>\n* voimamiekka (puolikas)<br \/>\n* irrotettava haarniska<\/p>\n<p><strong>Loppuunmyynti aika (1. julkaisu, Mattycollector-myynti):<\/strong>\u00a03,5 &#8211; 4 tuntia<br \/>\n<strong>Loppuunmyynti aika (uudelleen julkaisu):<\/strong>\u00a02,5 vuorokautta<\/p>\n<p><strong>Oman hahmon saapumiseen kulunut aika (alkuper\u00e4isjulkaisu):\u00a0<\/strong>14 p\u00e4iv\u00e4\u00e4 (10 arkip\u00e4iv\u00e4\u00e4)<\/p>\n<h2><\/h2>\n<h2>L\u00e4hikuva<\/h2>\n<p><a href=\"http:\/\/motu.eurokolikonmaailma.fi\/kuvat\/Faker\/fr_closeup.jpg\" target=\"_blank\" rel=\"noopener\"><img loading=\"lazy\" decoding=\"async\" title=\"Faker l\u00e4hikuva\" src=\"http:\/\/motu.eurokolikonmaailma.fi\/kuvat\/Faker\/fr_closeup.jpg\" alt=\"\" width=\"328\" height=\"303\" \/><\/a><\/p>\n<h2><\/h2>\n<h2>Kokovartalokuvat<\/h2>\n<p><a href=\"http:\/\/motu.eurokolikonmaailma.fi\/kuvat\/Faker\/fr_main.jpg\" target=\"_blank\" rel=\"noopener\"><img loading=\"lazy\" decoding=\"async\" title=\"Faker varusteineen\" src=\"http:\/\/motu.eurokolikonmaailma.fi\/kuvat\/Faker\/fr_main.jpg\" alt=\"\" width=\"292\" height=\"499\" \/><\/a><\/p>\n<p><a href=\"http:\/\/motu.eurokolikonmaailma.fi\/kuvat\/Faker\/fr_front.jpg\" target=\"_blank\" rel=\"noopener\"><img loading=\"lazy\" decoding=\"async\" title=\"Faker edest\u00e4 haarniskassa\" src=\"http:\/\/motu.eurokolikonmaailma.fi\/kuvat\/Faker\/fr_front.jpg\" alt=\"\" width=\"241\" height=\"499\" \/><\/a><a href=\"http:\/\/motu.eurokolikonmaailma.fi\/kuvat\/Faker\/fr_front_no_armor.jpg\" target=\"_blank\" rel=\"noopener\"><img loading=\"lazy\" decoding=\"async\" title=\"Faker edest\u00e4 ilman haarniskaa\" src=\"http:\/\/motu.eurokolikonmaailma.fi\/kuvat\/Faker\/fr_front_no_armor.jpg\" alt=\"\" width=\"242\" height=\"499\" \/><\/a><\/p>\n<p><a href=\"http:\/\/motu.eurokolikonmaailma.fi\/kuvat\/Faker\/fr_angle1.jpg\" target=\"_blank\" rel=\"noopener\"><img loading=\"lazy\" decoding=\"async\" title=\"Faker etuviistosta haarniskassa 1\" src=\"http:\/\/motu.eurokolikonmaailma.fi\/kuvat\/Faker\/fr_angle1.jpg\" alt=\"\" width=\"207\" height=\"499\" \/><\/a><a href=\"http:\/\/motu.eurokolikonmaailma.fi\/kuvat\/Faker\/fr_angle1_no_armor.jpg\" target=\"_blank\" rel=\"noopener\"><img loading=\"lazy\" decoding=\"async\" title=\"Faker etuviistosta ilman haarniskaa 1\" src=\"http:\/\/motu.eurokolikonmaailma.fi\/kuvat\/Faker\/fr_angle1_no_armor.jpg\" alt=\"\" width=\"210\" height=\"499\" \/><\/a><\/p>\n<p><a href=\"http:\/\/motu.eurokolikonmaailma.fi\/kuvat\/Faker\/fr_side1.jpg\" target=\"_blank\" rel=\"noopener\"><img loading=\"lazy\" decoding=\"async\" title=\"Faker sivusta haarniskassa 1\" src=\"http:\/\/motu.eurokolikonmaailma.fi\/kuvat\/Faker\/fr_side1.jpg\" alt=\"\" width=\"145\" height=\"499\" \/><\/a><a href=\"http:\/\/motu.eurokolikonmaailma.fi\/kuvat\/Faker\/fr_side1_no_armor.jpg\" target=\"_blank\" rel=\"noopener\"><img loading=\"lazy\" decoding=\"async\" title=\"Faker sivusta ilman haarniskaa 1\" src=\"http:\/\/motu.eurokolikonmaailma.fi\/kuvat\/Faker\/fr_side1_no_armor.jpg\" alt=\"\" width=\"121\" height=\"499\" \/><\/a><\/p>\n<p><a href=\"http:\/\/motu.eurokolikonmaailma.fi\/kuvat\/Faker\/fr_angle2.jpg\" target=\"_blank\" rel=\"noopener\"><img loading=\"lazy\" decoding=\"async\" title=\"Faker takaviistosta haarniskassa 1\" src=\"http:\/\/motu.eurokolikonmaailma.fi\/kuvat\/Faker\/fr_angle2.jpg\" alt=\"\" width=\"214\" height=\"499\" \/><\/a><a href=\"http:\/\/motu.eurokolikonmaailma.fi\/kuvat\/Faker\/fr_angle2_no_armor.jpg\" target=\"_blank\" rel=\"noopener\"><img loading=\"lazy\" decoding=\"async\" title=\"Faker takaviistosta ilman haarniskaa 1\" src=\"http:\/\/motu.eurokolikonmaailma.fi\/kuvat\/Faker\/fr_angle2_no_armor.jpg\" alt=\"\" width=\"221\" height=\"499\" \/><\/a><\/p>\n<p><a href=\"http:\/\/motu.eurokolikonmaailma.fi\/kuvat\/Faker\/fr_back.jpg\" target=\"_blank\" rel=\"noopener\"><img loading=\"lazy\" decoding=\"async\" title=\"Faker takaa haarniskassa\" src=\"http:\/\/motu.eurokolikonmaailma.fi\/kuvat\/Faker\/fr_back.jpg\" alt=\"\" width=\"244\" height=\"499\" \/><\/a><a href=\"http:\/\/motu.eurokolikonmaailma.fi\/kuvat\/Faker\/fr_back_no_armor.jpg\" target=\"_blank\" rel=\"noopener\"><img loading=\"lazy\" decoding=\"async\" title=\"Faker takaa ilman haarniskaa\" src=\"http:\/\/motu.eurokolikonmaailma.fi\/kuvat\/Faker\/fr_back_no_armor.jpg\" alt=\"\" width=\"249\" height=\"499\" \/><\/a><\/p>\n<p><a href=\"http:\/\/motu.eurokolikonmaailma.fi\/kuvat\/Faker\/fr_angle3.jpg\" target=\"_blank\" rel=\"noopener\"><img loading=\"lazy\" decoding=\"async\" title=\"Faker takaviistosta haarniskassa 2\" src=\"http:\/\/motu.eurokolikonmaailma.fi\/kuvat\/Faker\/fr_angle3.jpg\" alt=\"\" width=\"199\" height=\"499\" \/><\/a><a href=\"http:\/\/motu.eurokolikonmaailma.fi\/kuvat\/Faker\/fr_angle3_no_armor.jpg\" target=\"_blank\" rel=\"noopener\"><img loading=\"lazy\" decoding=\"async\" title=\"Faker takaviistosta ilman haarniskaa 2\" src=\"http:\/\/motu.eurokolikonmaailma.fi\/kuvat\/Faker\/fr_angle3_no_armor.jpg\" alt=\"\" width=\"210\" height=\"499\" \/><\/a><\/p>\n<p><a href=\"http:\/\/motu.eurokolikonmaailma.fi\/kuvat\/Faker\/fr_side2.jpg\" target=\"_blank\" rel=\"noopener\"><img loading=\"lazy\" decoding=\"async\" title=\"Faker sivusta haarniskassa 2\" src=\"http:\/\/motu.eurokolikonmaailma.fi\/kuvat\/Faker\/fr_side2.jpg\" alt=\"\" width=\"124\" height=\"499\" \/><\/a><a href=\"http:\/\/motu.eurokolikonmaailma.fi\/kuvat\/Faker\/fr_side2_no_armor.jpg\" target=\"_blank\" rel=\"noopener\"><img loading=\"lazy\" decoding=\"async\" title=\"Faker sivusta ilman haarniskaa 2\" src=\"http:\/\/motu.eurokolikonmaailma.fi\/kuvat\/Faker\/fr_side2_no_armor.jpg\" alt=\"\" width=\"124\" height=\"499\" \/><\/a><\/p>\n<p><a href=\"http:\/\/motu.eurokolikonmaailma.fi\/kuvat\/Faker\/fr_angle4(0).jpg\" target=\"_blank\" rel=\"noopener\"><img loading=\"lazy\" decoding=\"async\" title=\"Faker etuviistosta haarniskassa 2\" src=\"http:\/\/motu.eurokolikonmaailma.fi\/kuvat\/Faker\/fr_angle4(0).jpg\" alt=\"\" width=\"214\" height=\"499\" \/><\/a><a href=\"http:\/\/motu.eurokolikonmaailma.fi\/kuvat\/Faker\/fr_angle4_no_armor.jpg\" target=\"_blank\" rel=\"noopener\"><img loading=\"lazy\" decoding=\"async\" title=\"Faker etuviistosta ilman haarniskaa 2\" src=\"http:\/\/motu.eurokolikonmaailma.fi\/kuvat\/Faker\/fr_angle4_no_armor.jpg\" alt=\"\" width=\"217\" height=\"499\" \/><\/a><\/p>\n<p>&nbsp;<\/p>\n<h2>Yksityiskohta<\/h2>\n<p><a href=\"http:\/\/motu.eurokolikonmaailma.fi\/kuvat\/Faker\/fr_panel.jpg\" target=\"_blank\" rel=\"noopener\"><img loading=\"lazy\" decoding=\"async\" title=\"Faker hallintapaneeli\" src=\"http:\/\/motu.eurokolikonmaailma.fi\/kuvat\/Faker\/fr_panel.jpg\" alt=\"\" width=\"151\" height=\"106\" \/><\/a><\/p>\n<p>&nbsp;<\/p>\n<h2>Varusteet<\/h2>\n<p><a href=\"http:\/\/motu.eurokolikonmaailma.fi\/kuvat\/Faker\/fr_armor.jpg\" target=\"_blank\" rel=\"noopener\"><img loading=\"lazy\" decoding=\"async\" title=\"Faker haarniska\" src=\"http:\/\/motu.eurokolikonmaailma.fi\/kuvat\/Faker\/fr_armor.jpg\" alt=\"\" width=\"294\" height=\"174\" \/><\/a><a href=\"http:\/\/motu.eurokolikonmaailma.fi\/kuvat\/Faker\/fr_swords.jpg\" target=\"_blank\" rel=\"noopener\"><img loading=\"lazy\" decoding=\"async\" title=\"Faker miekat\" src=\"http:\/\/motu.eurokolikonmaailma.fi\/kuvat\/Faker\/fr_swords.jpg\" alt=\"\" width=\"294\" height=\"161\" \/><\/a><\/p>\n<h2>Videoesittelyni hahmosta:<\/h2>\n<p><strong>Suomi<\/strong><\/p>\n<p><iframe loading=\"lazy\" title=\"Masters of the Universe Classics Faker (Finnish)\" width=\"640\" height=\"360\" src=\"https:\/\/www.youtube.com\/embed\/SkgOX2Itr2E?feature=oembed\" frameborder=\"0\" allow=\"accelerometer; autoplay; clipboard-write; encrypted-media; gyroscope; picture-in-picture; web-share\" referrerpolicy=\"strict-origin-when-cross-origin\" allowfullscreen><\/iframe><\/p>\n<p><strong>In English<\/strong><\/p>\n<p><iframe loading=\"lazy\" title=\"Masters of the Universe Classics Faker (English)\" width=\"640\" height=\"360\" src=\"https:\/\/www.youtube.com\/embed\/segiQDuEGws?feature=oembed\" frameborder=\"0\" allow=\"accelerometer; autoplay; clipboard-write; encrypted-media; gyroscope; picture-in-picture; web-share\" referrerpolicy=\"strict-origin-when-cross-origin\" allowfullscreen><\/iframe><\/p>\n","protected":false},"excerpt":{"rendered":"<p>Tuotekoodi: P4009 Faker &#8211; Evil Robot of Skeletor \u00a0 \u00a0 \u00a0 Hahmo oli alunperin tarkoitettu vain ja ainoastaan NYCC-messuja\u00a0 (6.-8.2.2009) varten valmistetuksi (ja siell\u00e4 myyt\u00e4v\u00e4ksi) spesiaalihahmoksi. Mutta, koska Mer-Manin maaliskuulle tarkoitettu myynti ei toteutunutkaan tuotannollisista syist\u00e4, Faker tuli Mer-Manin tilalle &hellip; <a href=\"https:\/\/www.eurokolikonmaailma.fi\/?page_id=1376\">Lue loppuun <span class=\"meta-nav\">&rarr;<\/span><\/a><\/p>\n","protected":false},"author":1,"featured_media":0,"parent":290,"menu_order":0,"comment_status":"open","ping_status":"open","template":"","meta":{"footnotes":""},"class_list":["post-1376","page","type-page","status-publish","hentry"],"_links":{"self":[{"href":"https:\/\/www.eurokolikonmaailma.fi\/index.php?rest_route=\/wp\/v2\/pages\/1376","targetHints":{"allow":["GET"]}}],"collection":[{"href":"https:\/\/www.eurokolikonmaailma.fi\/index.php?rest_route=\/wp\/v2\/pages"}],"about":[{"href":"https:\/\/www.eurokolikonmaailma.fi\/index.php?rest_route=\/wp\/v2\/types\/page"}],"author":[{"embeddable":true,"href":"https:\/\/www.eurokolikonmaailma.fi\/index.php?rest_route=\/wp\/v2\/users\/1"}],"replies":[{"embeddable":true,"href":"https:\/\/www.eurokolikonmaailma.fi\/index.php?rest_route=%2Fwp%2Fv2%2Fcomments&post=1376"}],"version-history":[{"count":5,"href":"https:\/\/www.eurokolikonmaailma.fi\/index.php?rest_route=\/wp\/v2\/pages\/1376\/revisions"}],"predecessor-version":[{"id":5595,"href":"https:\/\/www.eurokolikonmaailma.fi\/index.php?rest_route=\/wp\/v2\/pages\/1376\/revisions\/5595"}],"up":[{"embeddable":true,"href":"https:\/\/www.eurokolikonmaailma.fi\/index.php?rest_route=\/wp\/v2\/pages\/290"}],"wp:attachment":[{"href":"https:\/\/www.eurokolikonmaailma.fi\/index.php?rest_route=%2Fwp%2Fv2%2Fmedia&parent=1376"}],"curies":[{"name":"wp","href":"https:\/\/api.w.org\/{rel}","templated":true}]}}