{"id":1318,"date":"2012-01-25T21:55:00","date_gmt":"2012-01-25T19:55:00","guid":{"rendered":"http:\/\/www.eurokolikonmaailma.fi\/blogi\/?page_id=1318"},"modified":"2026-03-14T15:56:21","modified_gmt":"2026-03-14T13:56:21","slug":"masters-of-the-universe-purkkatarrat","status":"publish","type":"page","link":"https:\/\/www.eurokolikonmaailma.fi\/?page_id=1318","title":{"rendered":"Masters of the Universe -purkkatarrat (1989 sarja)"},"content":{"rendered":"<p><a href=\"http:\/\/motu.eurokolikonmaailma.fi\/kuvat\/kortti_tarra\/motupurkkaetiketti.png\" target=\"_blank\" rel=\"noopener\"><img decoding=\"async\" class=\"alignnone\" style=\"width: 180px;\" src=\"http:\/\/motu.eurokolikonmaailma.fi\/kuvat\/kortti_tarra\/motupurkkaetiketti.png\" alt=\"1980-luvun MOTU-purkkak\u00e4\u00e4re\" width=\"180\" \/><\/a><\/p>\n<p>N\u00e4m\u00e4 tarrat ovat vuodelta 1989 ja ne ovat tulleet Masters of the Universe purukumien mukana. Muistaakseni (30+ vuotta on pitk\u00e4 aika) purukumit olivat \u00e4kkimakeita (ja \u00e4kkimauttomia) salmiakkipurukumeja, jotka olivat pakattu violettiin k\u00e4\u00e4reeseen (kuva yll\u00e4). Yhdess\u00e4 pakkauksessa oli 1 purukumi + 1 tarra. N\u00e4it\u00e4 tarroja oli itsell\u00e4ni muistaakseni enemm\u00e4nkin, mutta n\u00e4m\u00e4 ovat ainoat s\u00e4\u00e4styneet.<\/p>\n<table id=\"AutoNumber2\" style=\"border-collapse: collapse; width: 620px;\" border=\"0\" cellspacing=\"0\" cellpadding=\"5\">\n<tbody>\n<tr>\n<td><img decoding=\"async\" style=\"border: 0px solid; width: 180px;\" src=\"http:\/\/motu.eurokolikonmaailma.fi\/kuvat\/kortti_tarra\/hm_pt05.jpg\" alt=\"\" \/><\/td>\n<td><img decoding=\"async\" style=\"border: 0px solid; width: 180px;\" src=\"http:\/\/motu.eurokolikonmaailma.fi\/kuvat\/kortti_tarra\/hm_pt08.jpg\" alt=\"\" \/><\/td>\n<td><img decoding=\"async\" style=\"border: 0px solid; width: 180px;\" src=\"http:\/\/motu.eurokolikonmaailma.fi\/kuvat\/kortti_tarra\/hm_pt11.jpg\" alt=\"\" \/><\/td>\n<\/tr>\n<tr>\n<td><img decoding=\"async\" style=\"border: 0px solid; width: 180px;\" src=\"http:\/\/motu.eurokolikonmaailma.fi\/kuvat\/kortti_tarra\/hm_pt07.jpg\" alt=\"\" \/><\/td>\n<td><img decoding=\"async\" style=\"border: 0px solid; width: 180px;\" src=\"http:\/\/motu.eurokolikonmaailma.fi\/kuvat\/kortti_tarra\/hm_pt12.jpg\" alt=\"\" \/><\/td>\n<td><img decoding=\"async\" style=\"border: 0px solid; width: 180px;\" src=\"http:\/\/motu.eurokolikonmaailma.fi\/kuvat\/kortti_tarra\/hm_pt04.jpg\" alt=\"\" \/><\/td>\n<\/tr>\n<tr>\n<td><img decoding=\"async\" style=\"border: 0px solid; width: 180px;\" src=\"http:\/\/motu.eurokolikonmaailma.fi\/kuvat\/kortti_tarra\/hm_pt01.jpg\" alt=\"\" \/><\/td>\n<td><img decoding=\"async\" style=\"border: 0px solid; width: 180px;\" src=\"http:\/\/motu.eurokolikonmaailma.fi\/kuvat\/kortti_tarra\/hm_pt03.jpg\" alt=\"\" \/><\/td>\n<td>\n<p align=\"left\"><img decoding=\"async\" style=\"border: 0px solid; width: 180px;\" src=\"http:\/\/motu.eurokolikonmaailma.fi\/kuvat\/kortti_tarra\/hm_pt06.jpg\" alt=\"\" \/><\/p>\n<\/td>\n<\/tr>\n<tr>\n<td align=\"left\"><img decoding=\"async\" src=\"http:\/\/motu.eurokolikonmaailma.fi\/kuvat\/kortti_tarra\/hm_pt09.jpg\" alt=\"\" width=\"150\" border=\"0\" \/><\/td>\n<td align=\"left\"><img decoding=\"async\" src=\"http:\/\/motu.eurokolikonmaailma.fi\/kuvat\/kortti_tarra\/hm_pt10.jpg\" alt=\"\" width=\"150\" border=\"0\" \/><\/td>\n<td align=\"left\"><img decoding=\"async\" src=\"http:\/\/motu.eurokolikonmaailma.fi\/kuvat\/kortti_tarra\/hm_pt02.jpg\" alt=\"\" width=\"150\" border=\"0\" \/><\/td>\n<\/tr>\n<\/tbody>\n<\/table>\n","protected":false},"excerpt":{"rendered":"<p>N\u00e4m\u00e4 tarrat ovat vuodelta 1989 ja ne ovat tulleet Masters of the Universe purukumien mukana. Muistaakseni (30+ vuotta on pitk\u00e4 aika) purukumit olivat \u00e4kkimakeita (ja \u00e4kkimauttomia) salmiakkipurukumeja, jotka olivat pakattu violettiin k\u00e4\u00e4reeseen (kuva yll\u00e4). Yhdess\u00e4 pakkauksessa oli 1 purukumi + &hellip; <a href=\"https:\/\/www.eurokolikonmaailma.fi\/?page_id=1318\">Lue loppuun <span class=\"meta-nav\">&rarr;<\/span><\/a><\/p>\n","protected":false},"author":1,"featured_media":0,"parent":164,"menu_order":0,"comment_status":"open","ping_status":"open","template":"","meta":{"footnotes":""},"class_list":["post-1318","page","type-page","status-publish","hentry"],"_links":{"self":[{"href":"https:\/\/www.eurokolikonmaailma.fi\/index.php?rest_route=\/wp\/v2\/pages\/1318","targetHints":{"allow":["GET"]}}],"collection":[{"href":"https:\/\/www.eurokolikonmaailma.fi\/index.php?rest_route=\/wp\/v2\/pages"}],"about":[{"href":"https:\/\/www.eurokolikonmaailma.fi\/index.php?rest_route=\/wp\/v2\/types\/page"}],"author":[{"embeddable":true,"href":"https:\/\/www.eurokolikonmaailma.fi\/index.php?rest_route=\/wp\/v2\/users\/1"}],"replies":[{"embeddable":true,"href":"https:\/\/www.eurokolikonmaailma.fi\/index.php?rest_route=%2Fwp%2Fv2%2Fcomments&post=1318"}],"version-history":[{"count":20,"href":"https:\/\/www.eurokolikonmaailma.fi\/index.php?rest_route=\/wp\/v2\/pages\/1318\/revisions"}],"predecessor-version":[{"id":6121,"href":"https:\/\/www.eurokolikonmaailma.fi\/index.php?rest_route=\/wp\/v2\/pages\/1318\/revisions\/6121"}],"up":[{"embeddable":true,"href":"https:\/\/www.eurokolikonmaailma.fi\/index.php?rest_route=\/wp\/v2\/pages\/164"}],"wp:attachment":[{"href":"https:\/\/www.eurokolikonmaailma.fi\/index.php?rest_route=%2Fwp%2Fv2%2Fmedia&parent=1318"}],"curies":[{"name":"wp","href":"https:\/\/api.w.org\/{rel}","templated":true}]}}